{"id":3361,"date":"2024-06-21T01:24:32","date_gmt":"2024-06-21T01:24:32","guid":{"rendered":"https:\/\/chicchem.com\/?post_type=product&#038;p=3361"},"modified":"2024-06-21T01:27:33","modified_gmt":"2024-06-21T01:27:33","slug":"chicslc-275","status":"publish","type":"product","link":"https:\/\/chicchem.com\/es\/producto\/chicslc-275\/","title":{"rendered":"ChicSLC 275"},"content":{"rendered":"<p><span style=\"color: #f2a516;\"><strong><b>Descripci\u00f3n del Producto<\/b><\/strong><\/span><\/p>\n<p><span style=\"color: #000000;\">Este producto no es inflamable, tiene una viscosidad moderada a temperatura ambiente y un vac\u00edo l\u00edmite inferior en comparaci\u00f3n con 274. Presenta una presi\u00f3n de vapor saturado muy baja a temperatura ambiente, con un vac\u00edo l\u00edmite que alcanza 10-8~10-9kpa.<\/span><\/p>\n<p><span style=\"color: #000000;\">Su excelente estabilidad t\u00e9rmica garantiza la resistencia a la oxidaci\u00f3n incluso a una temperatura de trabajo de 200\u00b0C y en presencia de catalizadores met\u00e1licos. Adem\u00e1s, demuestra un rendimiento encomiable en tasa de bombeo y tasa de flujo inverso.<\/span><\/p>\n<p><span style=\"color: #000000;\">ChicSLC 275 presenta una estabilidad a la oxidaci\u00f3n superior en comparaci\u00f3n con el aceite para bombas de difusi\u00f3n de aceite mineral, atribuida a las propiedades del aceite de fenilmetil silicona. Resiste la oxidaci\u00f3n cuando se expone a condiciones atmosf\u00e9ricas y puede soportar la radiaci\u00f3n del campo magn\u00e9tico.<\/span><\/p>\n<p><span style=\"color: #f2a516;\"><strong><b>Propiedades f\u00edsicas<\/b><\/strong><\/span><\/p>\n<table>\n<tbody>\n<tr>\n<td style=\"background-color: #ffecc9;\" width=\"467\"><span style=\"color: #000000;\">\u00a0Forma f\u00edsica<\/span><\/td>\n<td width=\"710\"><span style=\"color: #000000;\">L\u00edquido transparente de incoloro a amarillo claro.<\/span><\/td>\n<\/tr>\n<tr>\n<td style=\"background-color: #ffecc9;\" width=\"467\"><span style=\"color: #000000;\">Viscosidad (25 \u2103), mm2\/s<\/span><\/td>\n<td width=\"710\"><span style=\"color: #000000;\">160-190<\/span><\/td>\n<\/tr>\n<tr>\n<td style=\"background-color: #ffecc9;\" width=\"467\"><span style=\"color: #000000;\">Densidad (25 \u2103)<\/span><\/td>\n<td width=\"710\"><span style=\"color: #000000;\">1.060-1.100<\/span><\/td>\n<\/tr>\n<tr>\n<td style=\"background-color: #ffecc9;\" width=\"467\"><span style=\"color: #000000;\">\u00cdndice de refracci\u00f3n (25 \u2103)<\/span><\/td>\n<td width=\"710\"><span style=\"color: #000000;\">1.565-1.589<\/span><\/td>\n<\/tr>\n<tr>\n<td style=\"background-color: #ffecc9;\" width=\"467\"><span style=\"color: #000000;\">Punto de inflamaci\u00f3n (copa abierta) \u00b0C, \u2265<\/span><\/td>\n<td width=\"710\"><span style=\"color: #000000;\">240<\/span><\/td>\n<\/tr>\n<\/tbody>\n<\/table>\n<p><span style=\"color: #000000;\">Nota: Los datos representan resultados de pruebas de muestras representativas y el rendimiento del producto puede variar seg\u00fan las pruebas reales.<\/span><\/p>\n<p><span style=\"color: #f2a516;\"><strong><b>Caracter\u00edsticas y beneficios<\/b><\/strong><\/span><\/p>\n<p><span style=\"color: #000000;\">El aceite de silicona para bomba de difusi\u00f3n Chicslc 275 sirve como aceite para bombas de difusi\u00f3n de alto vac\u00edo en electr\u00f3nica, metalurgia, instrumentaci\u00f3n y otras industrias. Funciona como portador de calor de alta temperatura y fluido de transferencia dentro de los instrumentos.<\/span><\/p>\n<p><span style=\"color: #000000;\">Adem\u00e1s, Chicslc 275 act\u00faa como el fluido de trabajo preferido para bombas de difusi\u00f3n ultraalta, esenciales en industrias como la electr\u00f3nica, la aeroespacial y la nuclear.<\/span><\/p>\n<p><span style=\"color: #000000;\">Adem\u00e1s, se utiliza como aceite de llenado para la transmisi\u00f3n de se\u00f1ales de presi\u00f3n en diversos instrumentos transmisores de presi\u00f3n, particularmente en entornos propensos a fluctuaciones de temperatura.<\/span><\/p>\n<p><span style=\"color: #f2a516;\"><strong><b>Paquete<\/b><\/strong><\/span><\/p>\n<p><span style=\"color: #000000;\">Este producto se presenta en botellas de 1 kg cada una, con 12 botellas por caja.<\/span><\/p>\n<p><span style=\"color: #f2a516;\"><strong><b>Almacenamiento y transporte<\/b><\/strong><\/span><\/p>\n<p><span style=\"color: #000000;\">Este producto est\u00e1 clasificado como una sustancia qu\u00edmica no peligrosa. Debe almacenarse en un \u00e1rea fresca y bien ventilada y se deben tomar precauciones para evitar fugas durante el transporte. Siga las pr\u00e1cticas industriales adecuadas y manipule con cuidado para minimizar el riesgo de contaminaci\u00f3n ambiental.<\/span><\/p>\n<p>&nbsp;<\/p>","protected":false},"excerpt":{"rendered":"<p>Protege los materiales del da\u00f1o oxidativo, alargando su vida \u00fatil.<\/p>","protected":false},"featured_media":0,"template":"","meta":{"site-sidebar-layout":"default","site-content-layout":"","ast-site-content-layout":"default","site-content-style":"default","site-sidebar-style":"default","ast-global-header-display":"","ast-banner-title-visibility":"","ast-main-header-display":"","ast-hfb-above-header-display":"","ast-hfb-below-header-display":"","ast-hfb-mobile-header-display":"","site-post-title":"","ast-breadcrumbs-content":"","ast-featured-img":"","footer-sml-layout":"","theme-transparent-header-meta":"default","adv-header-id-meta":"","stick-header-meta":"","header-above-stick-meta":"","header-main-stick-meta":"","header-below-stick-meta":"","astra-migrate-meta-layouts":"set","ast-page-background-enabled":"default","ast-page-background-meta":{"desktop":{"background-color":"","background-image":"","background-repeat":"repeat","background-position":"center center","background-size":"auto","background-attachment":"scroll","background-type":"","background-media":"","overlay-type":"","overlay-color":"","overlay-opacity":"","overlay-gradient":""},"tablet":{"background-color":"","background-image":"","background-repeat":"repeat","background-position":"center center","background-size":"auto","background-attachment":"scroll","background-type":"","background-media":"","overlay-type":"","overlay-color":"","overlay-opacity":"","overlay-gradient":""},"mobile":{"background-color":"","background-image":"","background-repeat":"repeat","background-position":"center center","background-size":"auto","background-attachment":"scroll","background-type":"","background-media":"","overlay-type":"","overlay-color":"","overlay-opacity":"","overlay-gradient":""}},"ast-content-background-meta":{"desktop":{"background-color":"var(--ast-global-color-5)","background-image":"","background-repeat":"repeat","background-position":"center center","background-size":"auto","background-attachment":"scroll","background-type":"","background-media":"","overlay-type":"","overlay-color":"","overlay-opacity":"","overlay-gradient":""},"tablet":{"background-color":"var(--ast-global-color-5)","background-image":"","background-repeat":"repeat","background-position":"center center","background-size":"auto","background-attachment":"scroll","background-type":"","background-media":"","overlay-type":"","overlay-color":"","overlay-opacity":"","overlay-gradient":""},"mobile":{"background-color":"var(--ast-global-color-5)","background-image":"","background-repeat":"repeat","background-position":"center center","background-size":"auto","background-attachment":"scroll","background-type":"","background-media":"","overlay-type":"","overlay-color":"","overlay-opacity":"","overlay-gradient":""}}},"product_brand":[],"product_cat":[18,20],"product_tag":[],"class_list":{"0":"post-3361","1":"product","2":"type-product","3":"status-publish","5":"product_cat-products","6":"product_cat-antioxidant-for-lubricant","7":"desktop-align-left","8":"tablet-align-left","9":"mobile-align-left","11":"first","12":"instock","13":"shipping-taxable","14":"product-type-simple"},"_links":{"self":[{"href":"https:\/\/chicchem.com\/es\/wp-json\/wp\/v2\/product\/3361","targetHints":{"allow":["GET"]}}],"collection":[{"href":"https:\/\/chicchem.com\/es\/wp-json\/wp\/v2\/product"}],"about":[{"href":"https:\/\/chicchem.com\/es\/wp-json\/wp\/v2\/types\/product"}],"wp:attachment":[{"href":"https:\/\/chicchem.com\/es\/wp-json\/wp\/v2\/media?parent=3361"}],"wp:term":[{"taxonomy":"product_brand","embeddable":true,"href":"https:\/\/chicchem.com\/es\/wp-json\/wp\/v2\/product_brand?post=3361"},{"taxonomy":"product_cat","embeddable":true,"href":"https:\/\/chicchem.com\/es\/wp-json\/wp\/v2\/product_cat?post=3361"},{"taxonomy":"product_tag","embeddable":true,"href":"https:\/\/chicchem.com\/es\/wp-json\/wp\/v2\/product_tag?post=3361"}],"curies":[{"name":"wp","href":"https:\/\/api.w.org\/{rel}","templated":true}]}}