{"id":3363,"date":"2024-06-21T01:29:36","date_gmt":"2024-06-21T01:29:36","guid":{"rendered":"https:\/\/chicchem.com\/?post_type=product&#038;p=3363"},"modified":"2024-06-21T01:29:37","modified_gmt":"2024-06-21T01:29:37","slug":"chicstab-l01","status":"publish","type":"product","link":"https:\/\/chicchem.com\/es\/producto\/chicstab-l01\/","title":{"rendered":"Chicstab L01"},"content":{"rendered":"<p><span style=\"color: #f2a516;\"><strong>Descripci\u00f3n del Producto<\/strong><\/span><\/p>\n<p><span style=\"color: #000000;\">NO CAS.  101-67-7<\/span><\/p>\n<p><span style=\"color: #000000;\">Chicstab L01 es un antioxidante de diisooctildifenilamina dise\u00f1ado para la protecci\u00f3n t\u00e9rmica contra el envejecimiento por ox\u00edgeno de lubricantes de aceite mineral y \u00e9ster sint\u00e9tico. Tiene una volatilidad extremadamente baja y puede soportar altas temperaturas de servicio, previniendo eficazmente la oxidaci\u00f3n de lubricantes derivados de aceites minerales y aceites sint\u00e9ticos bajo altas temperaturas. Adem\u00e1s, controla la formaci\u00f3n de lodos a temperaturas elevadas, manteniendo as\u00ed la limpieza del equipo. Adem\u00e1s, presenta una mayor resistencia al cambio de color en comparaci\u00f3n con otros derivados de difenilamina.<\/span><\/p>\n<p><span style=\"color: #f2a516;\"><strong><b>Propiedades f\u00edsicas<\/b><\/strong><\/span><\/p>\n<table>\n<tbody>\n<tr>\n<td style=\"background-color: #ffecc9;\" colspan=\"2\" width=\"467\"><span style=\"color: #000000;\">Forma f\u00edsica<\/span><\/td>\n<td width=\"710\"><span style=\"color: #000000;\">polvo cristalino blanco o blanquecino<\/span><\/td>\n<\/tr>\n<tr>\n<td style=\"background-color: #ffecc9;\" colspan=\"2\" width=\"467\"><span style=\"color: #000000;\">Punto de inflamaci\u00f3n (COC)\/\u00b0C &gt;<\/span><\/td>\n<td width=\"710\"><span style=\"color: #000000;\">150<\/span><\/td>\n<\/tr>\n<tr>\n<td style=\"background-color: #ffecc9;\" colspan=\"2\" width=\"467\"><span style=\"color: #000000;\">Contenido de nitr\u00f3geno\/%<\/span><\/td>\n<td width=\"710\"><span style=\"color: #000000;\">3.1-3.7<\/span><\/td>\n<\/tr>\n<tr>\n<td style=\"background-color: #ffecc9;\" colspan=\"2\" width=\"467\"><span style=\"color: #000000;\">TGA<\/span><\/td>\n<td width=\"710\"><span style=\"color: #000000;\">5-10% p\u00e9rdida de peso &gt; 300\u00b0C<\/span><\/td>\n<\/tr>\n<tr>\n<td style=\"background-color: #ffecc9;\" colspan=\"2\" width=\"467\"><span style=\"color: #000000;\">Punto de fusi\u00f3n, \u2103\u2265<\/span><\/td>\n<td width=\"710\"><span style=\"color: #000000;\">98<\/span><\/td>\n<\/tr>\n<tr>\n<td style=\"background-color: #ffecc9;\" colspan=\"2\" width=\"467\"><span style=\"color: #000000;\">Volatilizante, % \u2264<\/span><\/td>\n<td width=\"710\"><span style=\"color: #000000;\">0.30<\/span><\/td>\n<\/tr>\n<tr>\n<td style=\"background-color: #ffecc9;\" rowspan=\"3\" width=\"233\"><span style=\"color: #000000;\">\u00a0\u00a0\u00a0\u00a0\u00a0\u00a0\u00a0\u00a0\u00a0\u00a0Solubilidad<\/span><\/td>\n<td style=\"background-color: #ffecc9;\" width=\"233\"><span style=\"color: #000000;\">aceite mineral\/%<\/span><\/td>\n<td width=\"710\"><span style=\"color: #000000;\">\u22655<\/span><\/td>\n<\/tr>\n<tr>\n<td style=\"background-color: #ffecc9;\" width=\"233\"><span style=\"color: #000000;\">\u00e9ster\/%<\/span><\/td>\n<td width=\"710\"><span style=\"color: #000000;\">\u22655<\/span><\/td>\n<\/tr>\n<tr>\n<td style=\"background-color: #ffecc9;\" width=\"233\"><span style=\"color: #000000;\">agua<\/span><\/td>\n<td width=\"710\"><span style=\"color: #000000;\">Insoluble<\/span><\/td>\n<\/tr>\n<\/tbody>\n<\/table>\n<p><span style=\"color: #f2a516;\"><strong>Caracter\u00edsticas y beneficios<\/strong><\/span><\/p>\n<p><span style=\"color: #000000;\">Este producto encuentra aplicaci\u00f3n en diversos aceites minerales y lubricantes de \u00e9ster sint\u00e9tico, incluidos aceite para turbinas, aceite para compresores, aceite para motores, aceite para engranajes industriales y de veh\u00edculos, y aceite para cadenas de alta temperatura, entre otros. La dosis recomendada oscila entre 0,1% y 2%.<\/span><\/p>\n<p><span style=\"color: #000000;\">Chicstab L01 es especialmente adecuado para aceites de motores de aviones y cumple con diversos requisitos. Su volatilidad extremadamente baja lo distingue de muchos otros productos de difenilamina alquilada, especialmente en grasas para altas temperaturas.<\/span><\/p>\n<p><span style=\"color: #000000;\">La combinaci\u00f3n de Chicstab L01 con antioxidantes fen\u00f3licos como Chicstab L135 y desactivadores de metales de cobre mejora su rendimiento. Del mismo modo, combinarlo con Chicstab L115 mejora las capacidades antioxidantes. Adem\u00e1s, cuando se utiliza junto con fenil-\u03b1-naftalenoaminas, controla sin\u00e9rgicamente la formaci\u00f3n de lodos de forma m\u00e1s eficaz.<\/span><\/p>\n<p><span style=\"color: #f2a516;\"><strong><b>Duraci\u00f3n<\/b><\/strong><\/span><\/p>\n<p><span style=\"color: #000000;\">24 meses desde la fecha de producci\u00f3n en embalaje original sin abrir.<\/span><\/p>\n<p><span style=\"color: #f2a516;\"><strong><b>Almacenamiento y transporte<\/b><\/strong><\/span><\/p>\n<p><span style=\"color: #000000;\">\u00a0Almacenado en condiciones oscuras, secas, frescas y selladas. La exposici\u00f3n a la luz puede oscurecer su color, pero no afectar\u00e1 su rendimiento. Por tanto, hay que protegerlo tanto de la luz como de la humedad durante el almacenamiento. Despu\u00e9s de abrirlo y usarlo, es aconsejable mantenerlo bien cerrado y utilizarlo lo antes posible. Durante el transporte, se deben tomar precauciones para evitar fugas. Siga pr\u00e1cticas industriales adecuadas, manipule con cuidado y minimice el riesgo de contaminaci\u00f3n ambiental.<\/span><\/p>","protected":false},"excerpt":{"rendered":"<p>Protege los materiales del da\u00f1o oxidativo, alargando su vida \u00fatil.<\/p>","protected":false},"featured_media":0,"template":"","meta":{"site-sidebar-layout":"default","site-content-layout":"","ast-site-content-layout":"default","site-content-style":"default","site-sidebar-style":"default","ast-global-header-display":"","ast-banner-title-visibility":"","ast-main-header-display":"","ast-hfb-above-header-display":"","ast-hfb-below-header-display":"","ast-hfb-mobile-header-display":"","site-post-title":"","ast-breadcrumbs-content":"","ast-featured-img":"","footer-sml-layout":"","theme-transparent-header-meta":"default","adv-header-id-meta":"","stick-header-meta":"","header-above-stick-meta":"","header-main-stick-meta":"","header-below-stick-meta":"","astra-migrate-meta-layouts":"set","ast-page-background-enabled":"default","ast-page-background-meta":{"desktop":{"background-color":"","background-image":"","background-repeat":"repeat","background-position":"center center","background-size":"auto","background-attachment":"scroll","background-type":"","background-media":"","overlay-type":"","overlay-color":"","overlay-opacity":"","overlay-gradient":""},"tablet":{"background-color":"","background-image":"","background-repeat":"repeat","background-position":"center center","background-size":"auto","background-attachment":"scroll","background-type":"","background-media":"","overlay-type":"","overlay-color":"","overlay-opacity":"","overlay-gradient":""},"mobile":{"background-color":"","background-image":"","background-repeat":"repeat","background-position":"center center","background-size":"auto","background-attachment":"scroll","background-type":"","background-media":"","overlay-type":"","overlay-color":"","overlay-opacity":"","overlay-gradient":""}},"ast-content-background-meta":{"desktop":{"background-color":"var(--ast-global-color-5)","background-image":"","background-repeat":"repeat","background-position":"center center","background-size":"auto","background-attachment":"scroll","background-type":"","background-media":"","overlay-type":"","overlay-color":"","overlay-opacity":"","overlay-gradient":""},"tablet":{"background-color":"var(--ast-global-color-5)","background-image":"","background-repeat":"repeat","background-position":"center center","background-size":"auto","background-attachment":"scroll","background-type":"","background-media":"","overlay-type":"","overlay-color":"","overlay-opacity":"","overlay-gradient":""},"mobile":{"background-color":"var(--ast-global-color-5)","background-image":"","background-repeat":"repeat","background-position":"center center","background-size":"auto","background-attachment":"scroll","background-type":"","background-media":"","overlay-type":"","overlay-color":"","overlay-opacity":"","overlay-gradient":""}}},"product_brand":[],"product_cat":[18,20],"product_tag":[],"class_list":{"0":"post-3363","1":"product","2":"type-product","3":"status-publish","5":"product_cat-products","6":"product_cat-antioxidant-for-lubricant","7":"desktop-align-left","8":"tablet-align-left","9":"mobile-align-left","11":"first","12":"instock","13":"shipping-taxable","14":"product-type-simple"},"_links":{"self":[{"href":"https:\/\/chicchem.com\/es\/wp-json\/wp\/v2\/product\/3363","targetHints":{"allow":["GET"]}}],"collection":[{"href":"https:\/\/chicchem.com\/es\/wp-json\/wp\/v2\/product"}],"about":[{"href":"https:\/\/chicchem.com\/es\/wp-json\/wp\/v2\/types\/product"}],"wp:attachment":[{"href":"https:\/\/chicchem.com\/es\/wp-json\/wp\/v2\/media?parent=3363"}],"wp:term":[{"taxonomy":"product_brand","embeddable":true,"href":"https:\/\/chicchem.com\/es\/wp-json\/wp\/v2\/product_brand?post=3363"},{"taxonomy":"product_cat","embeddable":true,"href":"https:\/\/chicchem.com\/es\/wp-json\/wp\/v2\/product_cat?post=3363"},{"taxonomy":"product_tag","embeddable":true,"href":"https:\/\/chicchem.com\/es\/wp-json\/wp\/v2\/product_tag?post=3363"}],"curies":[{"name":"wp","href":"https:\/\/api.w.org\/{rel}","templated":true}]}}