{"id":3364,"date":"2024-06-21T01:34:06","date_gmt":"2024-06-21T01:34:06","guid":{"rendered":"https:\/\/chicchem.com\/?post_type=product&#038;p=3364"},"modified":"2024-06-21T01:34:07","modified_gmt":"2024-06-21T01:34:07","slug":"chicstab-l05","status":"publish","type":"product","link":"https:\/\/chicchem.com\/es\/producto\/chicstab-l05\/","title":{"rendered":"Chicstab L05"},"content":{"rendered":"<p><span style=\"color: #f2a516;\"><strong><b>Descripci\u00f3n del Producto<\/b><\/strong><\/span><\/p>\n<p><span style=\"color: #000000;\">NO CAS.  10081-67-1<\/span><\/p>\n<p><span style=\"color: #000000;\">Chicstab L05 es un antioxidante de difenilamina sustituido, que se distingue como uno de los pocos antioxidantes no t\u00f3xicos, inodoros y de color claro. Encuentra aplicaci\u00f3n en grasas lubricantes y aceites de transferencia de calor, entre otros usos. Mitiga eficazmente el aumento de la viscosidad debido a la oxidaci\u00f3n, extendiendo la vida \u00fatil de los productos derivados del petr\u00f3leo. Adem\u00e1s, proporciona una protecci\u00f3n fiable contra el envejecimiento inducido por el calor, la luz, el ozono y otros factores.<\/span><\/p>\n<p><span style=\"color: #f2a516;\"><strong><b>Propiedades f\u00edsicas<\/b><\/strong><\/span><\/p>\n<table>\n<tbody>\n<tr>\n<td style=\"background-color: #ffecc9;\" width=\"467\"><span style=\"color: #000000;\">Forma f\u00edsica<\/span><\/td>\n<td width=\"710\"><span style=\"color: #000000;\">polvo cristalino blanco<\/span><\/td>\n<\/tr>\n<tr>\n<td style=\"background-color: #ffecc9;\" width=\"467\"><span style=\"color: #000000;\">Punto de fusi\u00f3n, \u2103\u2265<\/span><\/td>\n<td width=\"710\"><span style=\"color: #000000;\">98.5<\/span><\/td>\n<\/tr>\n<tr>\n<td style=\"background-color: #ffecc9;\" width=\"467\"><span style=\"color: #000000;\">Volatilizante, % \u2264<\/span><\/td>\n<td width=\"710\"><span style=\"color: #000000;\">0.25<\/span><\/td>\n<\/tr>\n<tr>\n<td style=\"background-color: #ffecc9;\" width=\"467\"><span style=\"color: #000000;\">Contenido de cenizas, % \u2264<\/span><\/td>\n<td width=\"710\"><span style=\"color: #000000;\">0.15<\/span><\/td>\n<\/tr>\n<tr>\n<td style=\"background-color: #ffecc9;\" width=\"467\"><span style=\"color: #000000;\">Punto de fusi\u00f3n, \u2103\u2265<\/span><\/td>\n<td width=\"710\"><span style=\"color: #000000;\">98.0<\/span><\/td>\n<\/tr>\n<\/tbody>\n<\/table>\n<p><span style=\"color: #f2a516;\"><strong>Caracter\u00edsticas y beneficios<\/strong><\/span><\/p>\n<p><span style=\"color: #000000;\">Este producto se destaca como una de las pocas opciones antioxidantes no t\u00f3xicas, inodoros y de color claro entre los antioxidantes de amina. Muestra efectos sin\u00e9rgicos mejorados cuando se combina con antioxidantes que contienen azufre. Con una excelente solubilidad en aceite y compatibilidad con varios aditivos funcionales, produce beneficios significativos, particularmente cuando se usa junto con antioxidantes fen\u00f3licos. Adem\u00e1s, mantiene su eficacia antioxidante incluso a temperaturas de servicio m\u00e1s altas.<\/span><\/p>\n<p><span style=\"color: #000000;\">Encuentra una amplia aplicaci\u00f3n en diversos aceites de transferencia de calor, aceites de alta calidad para motores de combusti\u00f3n interna, aceites para turbinas, aceites hidr\u00e1ulicos, aceites para turbinas de gas, as\u00ed como diversas grasas y fueloil.<\/span><\/p>\n<p><span style=\"color: #f2a516;\"><strong><b>Paquete<\/b><\/strong><\/span><\/p>\n<p><span style=\"color: #000000;\">Este producto est\u00e1 disponible en una bolsa de papel-pl\u00e1stico de 25 kg o en un bid\u00f3n de cart\u00f3n forrado con una bolsa de pl\u00e1stico.<\/span><\/p>\n<p><span style=\"color: #f2a516;\"><strong><b>Duraci\u00f3n<\/b><\/strong><\/span><\/p>\n<p><span style=\"color: #000000;\">24 meses desde la fecha de producci\u00f3n en embalaje original sin abrir.<\/span><\/p>\n<p><span style=\"color: #f2a516;\"><strong><b>Almacenamiento y transporte<\/b><\/strong><\/span><\/p>\n<p><span style=\"color: #000000;\">Si bien este producto es un antioxidante no contaminante, puede sufrir ligeros cambios de color al exponerse a la luz solar y a la exposici\u00f3n prolongada al aire, aunque no migra. Durante el almacenamiento, debe protegerse de la luz, sellarse, protegerse de la humedad, la luz solar y la lluvia y mantenerse en un lugar fresco y seco. Despu\u00e9s de abrirlo y usarlo, es recomendable sellarlo herm\u00e9ticamente y utilizarlo lo antes posible. Se deben tomar precauciones para evitar fugas durante el transporte, cumplir con estrictos est\u00e1ndares operativos industriales y manejar con cuidado para evitar la contaminaci\u00f3n ambiental.<\/span><\/p>","protected":false},"excerpt":{"rendered":"<p>Protege los materiales del da\u00f1o oxidativo, alargando su vida \u00fatil.<\/p>","protected":false},"featured_media":0,"template":"","meta":{"site-sidebar-layout":"default","site-content-layout":"","ast-site-content-layout":"default","site-content-style":"default","site-sidebar-style":"default","ast-global-header-display":"","ast-banner-title-visibility":"","ast-main-header-display":"","ast-hfb-above-header-display":"","ast-hfb-below-header-display":"","ast-hfb-mobile-header-display":"","site-post-title":"","ast-breadcrumbs-content":"","ast-featured-img":"","footer-sml-layout":"","theme-transparent-header-meta":"default","adv-header-id-meta":"","stick-header-meta":"","header-above-stick-meta":"","header-main-stick-meta":"","header-below-stick-meta":"","astra-migrate-meta-layouts":"set","ast-page-background-enabled":"default","ast-page-background-meta":{"desktop":{"background-color":"","background-image":"","background-repeat":"repeat","background-position":"center center","background-size":"auto","background-attachment":"scroll","background-type":"","background-media":"","overlay-type":"","overlay-color":"","overlay-opacity":"","overlay-gradient":""},"tablet":{"background-color":"","background-image":"","background-repeat":"repeat","background-position":"center center","background-size":"auto","background-attachment":"scroll","background-type":"","background-media":"","overlay-type":"","overlay-color":"","overlay-opacity":"","overlay-gradient":""},"mobile":{"background-color":"","background-image":"","background-repeat":"repeat","background-position":"center center","background-size":"auto","background-attachment":"scroll","background-type":"","background-media":"","overlay-type":"","overlay-color":"","overlay-opacity":"","overlay-gradient":""}},"ast-content-background-meta":{"desktop":{"background-color":"var(--ast-global-color-5)","background-image":"","background-repeat":"repeat","background-position":"center center","background-size":"auto","background-attachment":"scroll","background-type":"","background-media":"","overlay-type":"","overlay-color":"","overlay-opacity":"","overlay-gradient":""},"tablet":{"background-color":"var(--ast-global-color-5)","background-image":"","background-repeat":"repeat","background-position":"center center","background-size":"auto","background-attachment":"scroll","background-type":"","background-media":"","overlay-type":"","overlay-color":"","overlay-opacity":"","overlay-gradient":""},"mobile":{"background-color":"var(--ast-global-color-5)","background-image":"","background-repeat":"repeat","background-position":"center center","background-size":"auto","background-attachment":"scroll","background-type":"","background-media":"","overlay-type":"","overlay-color":"","overlay-opacity":"","overlay-gradient":""}}},"product_brand":[],"product_cat":[18,20],"product_tag":[],"class_list":{"0":"post-3364","1":"product","2":"type-product","3":"status-publish","5":"product_cat-products","6":"product_cat-antioxidant-for-lubricant","7":"desktop-align-left","8":"tablet-align-left","9":"mobile-align-left","11":"first","12":"instock","13":"shipping-taxable","14":"product-type-simple"},"_links":{"self":[{"href":"https:\/\/chicchem.com\/es\/wp-json\/wp\/v2\/product\/3364","targetHints":{"allow":["GET"]}}],"collection":[{"href":"https:\/\/chicchem.com\/es\/wp-json\/wp\/v2\/product"}],"about":[{"href":"https:\/\/chicchem.com\/es\/wp-json\/wp\/v2\/types\/product"}],"wp:attachment":[{"href":"https:\/\/chicchem.com\/es\/wp-json\/wp\/v2\/media?parent=3364"}],"wp:term":[{"taxonomy":"product_brand","embeddable":true,"href":"https:\/\/chicchem.com\/es\/wp-json\/wp\/v2\/product_brand?post=3364"},{"taxonomy":"product_cat","embeddable":true,"href":"https:\/\/chicchem.com\/es\/wp-json\/wp\/v2\/product_cat?post=3364"},{"taxonomy":"product_tag","embeddable":true,"href":"https:\/\/chicchem.com\/es\/wp-json\/wp\/v2\/product_tag?post=3364"}],"curies":[{"name":"wp","href":"https:\/\/api.w.org\/{rel}","templated":true}]}}