{"id":3365,"date":"2024-06-21T01:35:50","date_gmt":"2024-06-21T01:35:50","guid":{"rendered":"https:\/\/chicchem.com\/?post_type=product&#038;p=3365"},"modified":"2024-08-07T07:32:56","modified_gmt":"2024-08-07T07:32:56","slug":"chicstab-l57","status":"publish","type":"product","link":"https:\/\/chicchem.com\/es\/producto\/chicstab-l57\/","title":{"rendered":"Chicstab L57"},"content":{"rendered":"<p><span style=\"color: #f2a516;\"><strong><b>Descripci\u00f3n del Producto<\/b><\/strong><\/span><\/p>\n<p><span style=\"color: #000000;\">NO CAS.  68411-46-1<\/span><\/p>\n<p><span style=\"color: #000000;\">El antioxidante de alta temperatura Chicstab L57, un antioxidante de amina mixta, encuentra aplicaci\u00f3n en grasas y aceites lubricantes. Gestiona eficazmente el aumento de la viscosidad resultante de la oxidaci\u00f3n, prolongando as\u00ed la vida \u00fatil de los productos derivados del petr\u00f3leo.<\/span><\/p>\n<p><span style=\"color: #f2a516;\"><strong><b>Propiedades f\u00edsicas<\/b><\/strong><\/span><\/p>\n<table>\n<tbody>\n<tr>\n<td style=\"background-color: #ffecc9;\" width=\"582\"><span style=\"color: #000000;\">\u00a0Forma f\u00edsica<\/span><\/td>\n<td width=\"772\"><span style=\"color: #000000;\">L\u00edquido de color \u00e1mbar claro a oscuro<\/span><\/td>\n<\/tr>\n<tr>\n<td style=\"background-color: #ffecc9;\" width=\"582\"><span style=\"color: #000000;\">Densidad (20 \u2103), g\/cm<sup>3<\/sup><\/span><\/td>\n<td width=\"772\"><span style=\"color: #000000;\">0,96-1,0 g\/cm<sup>3<\/sup><\/span><\/td>\n<\/tr>\n<tr>\n<td style=\"background-color: #ffecc9;\" width=\"582\"><span style=\"color: #000000;\">Viscosidad cinem\u00e1tica (40 \u2103), mm<sup>2<\/sup><sub>\/<\/sub>s<\/span><\/td>\n<td width=\"772\"><span style=\"color: #000000;\">300-600 mm<sup>2<\/sup>\/s<\/span><\/td>\n<\/tr>\n<tr>\n<td style=\"background-color: #ffecc9;\" width=\"582\"><span style=\"color: #000000;\">N Contenido %<\/span><\/td>\n<td width=\"772\"><span style=\"color: #000000;\">\u00a04.3-4.8<\/span><\/td>\n<\/tr>\n<tr>\n<td style=\"background-color: #ffecc9;\" width=\"582\"><span style=\"color: #000000;\">Difenilamina wt%<\/span><\/td>\n<td width=\"772\"><span style=\"color: #000000;\">\u22640,1<\/span><\/td>\n<\/tr>\n<\/tbody>\n<\/table>\n<p><span style=\"color: #f2a516;\"><strong><b>Beneficios<\/b><\/strong><\/span><\/p>\n<ul>\n<li><span style=\"color: #000000;\">Cumple con la normativa 21 CFR 178.3570 de la Administraci\u00f3n de Alimentos y Medicamentos de los Estados Unidos (FDA\/USA), permitiendo su uso en grasas lubricantes destinadas al contacto incidental con alimentos en aplicaciones USDAH-1, con una capacidad l\u00edmite m\u00e1xima de &lt; 0.5%.<\/span><\/li>\n<li><span style=\"color: #000000;\">Mejora significativamente el n\u00famero de bases totales (TBN), alcanzando hasta 180, y ofrece un alto contenido de nitr\u00f3geno reactivo.<\/span><\/li>\n<li><span style=\"color: #000000;\">Controla eficientemente el crecimiento de la viscosidad debido a la oxidaci\u00f3n, extendiendo as\u00ed la vida \u00fatil del producto.<\/span><\/li>\n<li><span style=\"color: #000000;\">Demuestra una excelente compatibilidad con materiales de sellado sin diluirse.<\/span><\/li>\n<li><span style=\"color: #000000;\">Demuestra efectos sin\u00e9rgicos notables cuando se combina con el antioxidante Chicstab L135 en varios aceites base.<\/span><\/li>\n<\/ul>\n<p><span style=\"color: #f2a516;\"><strong>Caracter\u00edsticas<\/strong><\/span><\/p>\n<p><span style=\"color: #000000;\">Con una excelente solubilidad en aceite y compatibilidad con varios aditivos funcionales, particularmente cuando se combina con antioxidantes de \u00e9ster de fenol, se mejora su eficacia. Incluso a altas temperaturas mantiene un efecto antioxidante fiable.<\/span><\/p>\n<p><span style=\"color: #f2a516;\"><strong><b>Solicitud<\/b><\/strong><\/span><\/p>\n<p><span style=\"color: #000000;\">Encuentra un amplio uso en diversas aplicaciones, incluidos aceites de transferencia de calor, aceites de alta calidad para motores de combusti\u00f3n interna, aceites para turbinas, aceites hidr\u00e1ulicos, as\u00ed como diversas grasas y aceites.<\/span><\/p>\n<p><span style=\"color: #f2a516;\"><strong><b>Gu\u00eda de uso<\/b><\/strong><\/span><\/p>\n<ul>\n<li><span style=\"color: #000000;\">Lubricantes industriales a base de aceite mineral: 0,1~0,5%<\/span><\/li>\n<li><span style=\"color: #000000;\">Grasa y aceite lubricante industrial sint\u00e9tico: 0,3~1%<\/span><\/li>\n<li><span style=\"color: #000000;\">Aceite de motor: 0,3~1%<\/span><\/li>\n<li><span style=\"color: #000000;\">Aceite de motor de combusti\u00f3n interna de alta calidad: 0,3~1%<\/span><\/li>\n<\/ul>\n<p><span style=\"color: #f2a516;\"><strong><b>Paquete<\/b><\/strong><\/span><\/p>\n<p><span style=\"color: #000000;\">Peso neto 180 kg\/tambor<\/span><\/p>\n<p><span style=\"color: #f2a516;\"><strong><b>Duraci\u00f3n<\/b><\/strong><\/span><\/p>\n<p><span style=\"color: #000000;\">24 meses desde la fecha de producci\u00f3n en embalaje original sin abrir.<\/span><\/p>\n<p><span style=\"color: #f2a516;\"><strong><b>Almacenamiento<\/b><\/strong><\/span><\/p>\n<p><span style=\"color: #000000;\">Almacenar en un ambiente oscuro, seco y fresco, manteniendo el recipiente herm\u00e9ticamente cerrado. Despu\u00e9s de abrir, selle el envase y utilice el producto inmediatamente.<\/span><\/p>","protected":false},"excerpt":{"rendered":"<p>Protege los materiales del da\u00f1o oxidativo, alargando su vida \u00fatil.<\/p>","protected":false},"featured_media":0,"template":"","meta":{"site-sidebar-layout":"default","site-content-layout":"","ast-site-content-layout":"default","site-content-style":"default","site-sidebar-style":"default","ast-global-header-display":"","ast-banner-title-visibility":"","ast-main-header-display":"","ast-hfb-above-header-display":"","ast-hfb-below-header-display":"","ast-hfb-mobile-header-display":"","site-post-title":"","ast-breadcrumbs-content":"","ast-featured-img":"","footer-sml-layout":"","theme-transparent-header-meta":"default","adv-header-id-meta":"","stick-header-meta":"","header-above-stick-meta":"","header-main-stick-meta":"","header-below-stick-meta":"","astra-migrate-meta-layouts":"set","ast-page-background-enabled":"default","ast-page-background-meta":{"desktop":{"background-color":"","background-image":"","background-repeat":"repeat","background-position":"center center","background-size":"auto","background-attachment":"scroll","background-type":"","background-media":"","overlay-type":"","overlay-color":"","overlay-opacity":"","overlay-gradient":""},"tablet":{"background-color":"","background-image":"","background-repeat":"repeat","background-position":"center center","background-size":"auto","background-attachment":"scroll","background-type":"","background-media":"","overlay-type":"","overlay-color":"","overlay-opacity":"","overlay-gradient":""},"mobile":{"background-color":"","background-image":"","background-repeat":"repeat","background-position":"center center","background-size":"auto","background-attachment":"scroll","background-type":"","background-media":"","overlay-type":"","overlay-color":"","overlay-opacity":"","overlay-gradient":""}},"ast-content-background-meta":{"desktop":{"background-color":"var(--ast-global-color-5)","background-image":"","background-repeat":"repeat","background-position":"center center","background-size":"auto","background-attachment":"scroll","background-type":"","background-media":"","overlay-type":"","overlay-color":"","overlay-opacity":"","overlay-gradient":""},"tablet":{"background-color":"var(--ast-global-color-5)","background-image":"","background-repeat":"repeat","background-position":"center center","background-size":"auto","background-attachment":"scroll","background-type":"","background-media":"","overlay-type":"","overlay-color":"","overlay-opacity":"","overlay-gradient":""},"mobile":{"background-color":"var(--ast-global-color-5)","background-image":"","background-repeat":"repeat","background-position":"center center","background-size":"auto","background-attachment":"scroll","background-type":"","background-media":"","overlay-type":"","overlay-color":"","overlay-opacity":"","overlay-gradient":""}}},"product_brand":[],"product_cat":[18,20],"product_tag":[],"class_list":{"0":"post-3365","1":"product","2":"type-product","3":"status-publish","5":"product_cat-products","6":"product_cat-antioxidant-for-lubricant","7":"desktop-align-left","8":"tablet-align-left","9":"mobile-align-left","11":"first","12":"instock","13":"shipping-taxable","14":"product-type-simple"},"_links":{"self":[{"href":"https:\/\/chicchem.com\/es\/wp-json\/wp\/v2\/product\/3365","targetHints":{"allow":["GET"]}}],"collection":[{"href":"https:\/\/chicchem.com\/es\/wp-json\/wp\/v2\/product"}],"about":[{"href":"https:\/\/chicchem.com\/es\/wp-json\/wp\/v2\/types\/product"}],"wp:attachment":[{"href":"https:\/\/chicchem.com\/es\/wp-json\/wp\/v2\/media?parent=3365"}],"wp:term":[{"taxonomy":"product_brand","embeddable":true,"href":"https:\/\/chicchem.com\/es\/wp-json\/wp\/v2\/product_brand?post=3365"},{"taxonomy":"product_cat","embeddable":true,"href":"https:\/\/chicchem.com\/es\/wp-json\/wp\/v2\/product_cat?post=3365"},{"taxonomy":"product_tag","embeddable":true,"href":"https:\/\/chicchem.com\/es\/wp-json\/wp\/v2\/product_tag?post=3365"}],"curies":[{"name":"wp","href":"https:\/\/api.w.org\/{rel}","templated":true}]}}