{"id":3366,"date":"2024-06-21T01:37:34","date_gmt":"2024-06-21T01:37:34","guid":{"rendered":"https:\/\/chicchem.com\/?post_type=product&#038;p=3366"},"modified":"2024-06-21T01:37:35","modified_gmt":"2024-06-21T01:37:35","slug":"chicstab-l67","status":"publish","type":"product","link":"https:\/\/chicchem.com\/es\/producto\/chicstab-l67\/","title":{"rendered":"Chicstab L67"},"content":{"rendered":"<p><span style=\"color: #f2a516;\"><strong><b>Descripci\u00f3n del Producto<\/b><\/strong><\/span><\/p>\n<p><span style=\"color: #000000;\">Chicstab L67 es una amina antioxidante utilizada en grasas y aceites lubricantes para controlar eficazmente el aumento de viscosidad causado por la oxidaci\u00f3n. Muestra buena compatibilidad con materiales de sellado y no requiere diluyente. Cuando se combina con antioxidantes fen\u00f3licos impedidos en varios aceites base, muestra un efecto sin\u00e9rgico significativo. Adem\u00e1s, Chicstab L67 ofrece buena solubilidad en aceite y compatibilidad con otros tipos de aditivos funcionales, especialmente cuando se usa en combinaci\u00f3n con antioxidantes de fenol impedido, lo que conduce a un mejor rendimiento. Incluso a temperaturas de funcionamiento m\u00e1s altas, mantiene un efecto antioxidante relativamente bueno.<\/span><\/p>\n<p><span style=\"color: #f2a516;\"><strong><b>Propiedades f\u00edsicas<\/b><\/strong><\/span><\/p>\n<table>\n<tbody>\n<tr>\n<td style=\"background-color: #ffecc9;\" width=\"582\"><span style=\"color: #000000;\">\u00a0Forma f\u00edsica<\/span><\/td>\n<td width=\"772\"><span style=\"color: #000000;\">L\u00edquido transparente, de color amarillo a rosado.<\/span><\/td>\n<\/tr>\n<tr>\n<td style=\"background-color: #ffecc9;\" width=\"582\"><span style=\"color: #000000;\">N contenido %<\/span><\/td>\n<td width=\"772\"><span style=\"color: #000000;\">3.2-3.8<\/span><\/td>\n<\/tr>\n<tr>\n<td style=\"background-color: #ffecc9;\" width=\"582\"><span style=\"color: #000000;\">Viscosidad cinem\u00e1tica (40 \u2103), mm<sup>2<\/sup><sub>\/<\/sub>s<\/span><\/td>\n<td width=\"772\"><span style=\"color: #000000;\">400-900<\/span><\/td>\n<\/tr>\n<tr>\n<td style=\"background-color: #ffecc9;\" width=\"582\"><span style=\"color: #000000;\">Densidad\uff0820\u2103\uff09g\/ml<\/span><\/td>\n<td width=\"772\"><span style=\"color: #000000;\">0.920-0.970<\/span><\/td>\n<\/tr>\n<tr>\n<td style=\"background-color: #ffecc9;\" width=\"582\"><span style=\"color: #000000;\">\u00a0Contenido de agua % \u2264<\/span><\/td>\n<td width=\"772\"><span style=\"color: #000000;\">0.15<\/span><\/td>\n<\/tr>\n<\/tbody>\n<\/table>\n<p><span style=\"color: #f2a516;\"><strong><b>\u00a0<\/b><\/strong><strong><b>Aplicaciones<\/b><\/strong><\/span><\/p>\n<p><span style=\"color: #000000;\">Chicstab L67 es ampliamente aplicable en diversos aceites de transferencia de calor, aceites de motor de alta calidad, aceites de turbina, aceites hidr\u00e1ulicos y diversas grasas y fueloil.<\/span><\/p>\n<p><span style=\"color: #f2a516;\"><strong><b>Gu\u00eda de uso<\/b><\/strong><\/span><\/p>\n<ul>\n<li><span style=\"color: #000000;\">Lubricantes industriales a base de aceite mineral: 0,1~0,5%<\/span><\/li>\n<li><span style=\"color: #000000;\">Grasa y aceite lubricante industrial sint\u00e9tico: 0,3~1%<\/span><\/li>\n<li><span style=\"color: #000000;\">Aceite de motor: 0,3~1%<\/span><\/li>\n<li><span style=\"color: #000000;\">Aceite de motor de combusti\u00f3n interna de alta calidad: 0,3~1%<\/span><\/li>\n<\/ul>\n<p><span style=\"color: #f2a516;\"><strong><b>Paquete<\/b><\/strong><\/span><\/p>\n<p><span style=\"color: #000000;\">Peso neto 180 kg\/tambor<\/span><\/p>\n<p><span style=\"color: #f2a516;\"><strong><b>Duraci\u00f3n<\/b><\/strong><\/span><\/p>\n<p><span style=\"color: #000000;\">12 meses a partir de la fecha de producci\u00f3n en embalaje original sin abrir.<\/span><\/p>\n<p><span style=\"color: #f2a516;\"><strong><b>Almacenamiento<\/b><\/strong><\/span><\/p>\n<p><span style=\"color: #000000;\">Almacenar en un ambiente oscuro, seco y fresco, manteniendo el recipiente herm\u00e9ticamente cerrado. Despu\u00e9s de abrir, selle el envase y utilice el producto inmediatamente.<\/span><\/p>","protected":false},"excerpt":{"rendered":"<p>Protege los materiales del da\u00f1o oxidativo, alargando su vida \u00fatil.<\/p>","protected":false},"featured_media":0,"template":"","meta":{"site-sidebar-layout":"default","site-content-layout":"","ast-site-content-layout":"default","site-content-style":"default","site-sidebar-style":"default","ast-global-header-display":"","ast-banner-title-visibility":"","ast-main-header-display":"","ast-hfb-above-header-display":"","ast-hfb-below-header-display":"","ast-hfb-mobile-header-display":"","site-post-title":"","ast-breadcrumbs-content":"","ast-featured-img":"","footer-sml-layout":"","theme-transparent-header-meta":"default","adv-header-id-meta":"","stick-header-meta":"","header-above-stick-meta":"","header-main-stick-meta":"","header-below-stick-meta":"","astra-migrate-meta-layouts":"set","ast-page-background-enabled":"default","ast-page-background-meta":{"desktop":{"background-color":"","background-image":"","background-repeat":"repeat","background-position":"center center","background-size":"auto","background-attachment":"scroll","background-type":"","background-media":"","overlay-type":"","overlay-color":"","overlay-opacity":"","overlay-gradient":""},"tablet":{"background-color":"","background-image":"","background-repeat":"repeat","background-position":"center center","background-size":"auto","background-attachment":"scroll","background-type":"","background-media":"","overlay-type":"","overlay-color":"","overlay-opacity":"","overlay-gradient":""},"mobile":{"background-color":"","background-image":"","background-repeat":"repeat","background-position":"center center","background-size":"auto","background-attachment":"scroll","background-type":"","background-media":"","overlay-type":"","overlay-color":"","overlay-opacity":"","overlay-gradient":""}},"ast-content-background-meta":{"desktop":{"background-color":"var(--ast-global-color-5)","background-image":"","background-repeat":"repeat","background-position":"center center","background-size":"auto","background-attachment":"scroll","background-type":"","background-media":"","overlay-type":"","overlay-color":"","overlay-opacity":"","overlay-gradient":""},"tablet":{"background-color":"var(--ast-global-color-5)","background-image":"","background-repeat":"repeat","background-position":"center center","background-size":"auto","background-attachment":"scroll","background-type":"","background-media":"","overlay-type":"","overlay-color":"","overlay-opacity":"","overlay-gradient":""},"mobile":{"background-color":"var(--ast-global-color-5)","background-image":"","background-repeat":"repeat","background-position":"center center","background-size":"auto","background-attachment":"scroll","background-type":"","background-media":"","overlay-type":"","overlay-color":"","overlay-opacity":"","overlay-gradient":""}}},"product_brand":[],"product_cat":[18,20],"product_tag":[],"class_list":{"0":"post-3366","1":"product","2":"type-product","3":"status-publish","5":"product_cat-products","6":"product_cat-antioxidant-for-lubricant","7":"desktop-align-left","8":"tablet-align-left","9":"mobile-align-left","11":"first","12":"instock","13":"shipping-taxable","14":"product-type-simple"},"_links":{"self":[{"href":"https:\/\/chicchem.com\/es\/wp-json\/wp\/v2\/product\/3366","targetHints":{"allow":["GET"]}}],"collection":[{"href":"https:\/\/chicchem.com\/es\/wp-json\/wp\/v2\/product"}],"about":[{"href":"https:\/\/chicchem.com\/es\/wp-json\/wp\/v2\/types\/product"}],"wp:attachment":[{"href":"https:\/\/chicchem.com\/es\/wp-json\/wp\/v2\/media?parent=3366"}],"wp:term":[{"taxonomy":"product_brand","embeddable":true,"href":"https:\/\/chicchem.com\/es\/wp-json\/wp\/v2\/product_brand?post=3366"},{"taxonomy":"product_cat","embeddable":true,"href":"https:\/\/chicchem.com\/es\/wp-json\/wp\/v2\/product_cat?post=3366"},{"taxonomy":"product_tag","embeddable":true,"href":"https:\/\/chicchem.com\/es\/wp-json\/wp\/v2\/product_tag?post=3366"}],"curies":[{"name":"wp","href":"https:\/\/api.w.org\/{rel}","templated":true}]}}