{"id":3367,"date":"2024-06-21T01:39:06","date_gmt":"2024-06-21T01:39:06","guid":{"rendered":"https:\/\/chicchem.com\/?post_type=product&#038;p=3367"},"modified":"2024-06-21T01:40:47","modified_gmt":"2024-06-21T01:40:47","slug":"chicstab-l101","status":"publish","type":"product","link":"https:\/\/chicchem.com\/es\/producto\/chicstab-l101\/","title":{"rendered":"Chicstab L101"},"content":{"rendered":"<p><span style=\"color: #f2a516;\"><strong><b>Descripci\u00f3n del Producto<\/b><\/strong><\/span><\/p>\n<p><span style=\"color: #000000;\">N\u00ba CAS 6683-19-8<\/span><\/p>\n<p><span style=\"color: #000000;\">Chicstab L101 es un antioxidante fen\u00f3lico impedido de alto peso molecular dise\u00f1ado para la protecci\u00f3n contra el envejecimiento t\u00e9rmico-oxidativo de aceites lubricantes, particularmente en lubricantes de \u00e9ster sint\u00e9tico de alta temperatura. Tiene baja volatilidad, excelente resistencia a la extracci\u00f3n, alta estabilidad t\u00e9rmica, eficacia duradera y no colorea ni contamina.<\/span><\/p>\n<p><span style=\"color: #f2a516;\"><strong><b>Propiedades f\u00edsicas<\/b><\/strong><\/span><\/p>\n<table>\n<tbody>\n<tr>\n<td style=\"background-color: #ffecc9;\" colspan=\"2\" width=\"467\"><span style=\"color: #000000;\">Forma f\u00edsica<\/span><\/td>\n<td width=\"710\"><span style=\"color: #000000;\">polvo cristalino blanco<\/span><\/td>\n<\/tr>\n<tr>\n<td style=\"background-color: #ffecc9;\" colspan=\"2\" width=\"467\"><span style=\"color: #000000;\">Ensayo, % \u2265<\/span><\/td>\n<td width=\"710\"><span style=\"color: #000000;\">98.0<\/span><\/td>\n<\/tr>\n<tr>\n<td style=\"background-color: #ffecc9;\" colspan=\"2\" width=\"467\"><span style=\"color: #000000;\">Punto de fusi\u00f3n, \u2103<\/span><\/td>\n<td width=\"710\"><span style=\"color: #000000;\">110-125 (el punto de fusi\u00f3n var\u00eda seg\u00fan la forma del cristal)<\/span><\/td>\n<\/tr>\n<tr>\n<td style=\"background-color: #ffecc9;\" colspan=\"2\" width=\"467\"><span style=\"color: #000000;\">Punto de inflamaci\u00f3n (COC)\/\u2103 \u00a0\u00a0<\/span><\/td>\n<td width=\"710\"><span style=\"color: #000000;\">297<\/span><\/td>\n<\/tr>\n<tr>\n<td style=\"background-color: #ffecc9;\" rowspan=\"3\" width=\"233\"><span style=\"color: #000000;\">\u00a0\u00a0\u00a0\u00a0\u00a0\u00a0\u00a0\u00a0\u00a0\u00a0Solubilidad<\/span><\/td>\n<td style=\"background-color: #ffecc9;\" width=\"233\"><span style=\"color: #000000;\">aceite mineral\/%<\/span><\/td>\n<td width=\"710\"><span style=\"color: #000000;\">0.1-0.5<\/span><\/td>\n<\/tr>\n<tr>\n<td style=\"background-color: #ffecc9;\" width=\"233\"><span style=\"color: #000000;\">\u00e9ster\/%<\/span><\/td>\n<td width=\"710\"><span style=\"color: #000000;\">2<\/span><\/td>\n<\/tr>\n<tr>\n<td style=\"background-color: #ffecc9;\" width=\"233\"><span style=\"color: #000000;\">agua\/%<\/span><\/td>\n<td width=\"710\"><span style=\"color: #000000;\">&lt;0,01<\/span><\/td>\n<\/tr>\n<\/tbody>\n<\/table>\n<p><span style=\"color: #f2a516;\"><strong><b>Caracter\u00edsticas y beneficios<\/b><\/strong><\/span><\/p>\n<ul>\n<li><span style=\"color: #000000;\">Antioxidante fen\u00f3lico de alto peso molecular y fraccional con volatilidad extremadamente baja, adecuado para aceites sint\u00e9ticos y minerales, ceras y m\u00e1s.<\/span><\/li>\n<li><span style=\"color: #000000;\">Demuestra una estabilidad superior a altas temperaturas en comparaci\u00f3n con los antioxidantes fen\u00f3licos tradicionales.<\/span><\/li>\n<li><span style=\"color: #000000;\">Seguro para usar en lubricantes que pueden entrar en contacto con alimentos.<\/span><\/li>\n<li><span style=\"color: #000000;\">La solubilidad en ciertos minerales es inferior a 0,31 TP3T, lo que requiere atenci\u00f3n al l\u00edquido que se formula.<\/span><\/li>\n<\/ul>\n<p><span style=\"color: #f2a516;\"><strong>Gu\u00eda de uso<\/strong><\/span><\/p>\n<p><span style=\"color: #000000;\">D\u00f3sis recomendada:<\/span><\/p>\n<ul>\n<li><span style=\"color: #000000;\">Aceite sint\u00e9tico y mineral: 0.5%-1.0%<\/span><\/li>\n<li><span style=\"color: #000000;\">Cera: 0.5%<\/span><\/li>\n<\/ul>\n<p><span style=\"color: #f2a516;\"><strong><b>Paquete<\/b><\/strong><\/span><\/p>\n<p><span style=\"color: #000000;\">Este producto est\u00e1 disponible en una bolsa de papel-pl\u00e1stico de 25 kg o en un bid\u00f3n de cart\u00f3n forrado con una bolsa de pl\u00e1stico.<\/span><\/p>\n<p><span style=\"color: #f2a516;\"><strong><b>S<\/b><\/strong><strong><b>vida \u00fatil<\/b><\/strong><\/span><\/p>\n<p><span style=\"color: #000000;\">24 meses desde la fecha de producci\u00f3n en embalaje original sin abrir.<\/span><\/p>\n<p><span style=\"color: #f2a516;\"><strong><b>Almacenamiento <\/b><\/strong><\/span><\/p>\n<p><span style=\"color: #000000;\">Debe almacenarse protegido de la luz y la humedad en un lugar fresco y bien ventilado.<\/span><\/p>","protected":false},"excerpt":{"rendered":"<p>Protege los materiales del da\u00f1o oxidativo, alargando su vida \u00fatil.<\/p>","protected":false},"featured_media":0,"template":"","meta":{"site-sidebar-layout":"default","site-content-layout":"","ast-site-content-layout":"default","site-content-style":"default","site-sidebar-style":"default","ast-global-header-display":"","ast-banner-title-visibility":"","ast-main-header-display":"","ast-hfb-above-header-display":"","ast-hfb-below-header-display":"","ast-hfb-mobile-header-display":"","site-post-title":"","ast-breadcrumbs-content":"","ast-featured-img":"","footer-sml-layout":"","theme-transparent-header-meta":"default","adv-header-id-meta":"","stick-header-meta":"","header-above-stick-meta":"","header-main-stick-meta":"","header-below-stick-meta":"","astra-migrate-meta-layouts":"set","ast-page-background-enabled":"default","ast-page-background-meta":{"desktop":{"background-color":"","background-image":"","background-repeat":"repeat","background-position":"center center","background-size":"auto","background-attachment":"scroll","background-type":"","background-media":"","overlay-type":"","overlay-color":"","overlay-opacity":"","overlay-gradient":""},"tablet":{"background-color":"","background-image":"","background-repeat":"repeat","background-position":"center center","background-size":"auto","background-attachment":"scroll","background-type":"","background-media":"","overlay-type":"","overlay-color":"","overlay-opacity":"","overlay-gradient":""},"mobile":{"background-color":"","background-image":"","background-repeat":"repeat","background-position":"center center","background-size":"auto","background-attachment":"scroll","background-type":"","background-media":"","overlay-type":"","overlay-color":"","overlay-opacity":"","overlay-gradient":""}},"ast-content-background-meta":{"desktop":{"background-color":"var(--ast-global-color-5)","background-image":"","background-repeat":"repeat","background-position":"center center","background-size":"auto","background-attachment":"scroll","background-type":"","background-media":"","overlay-type":"","overlay-color":"","overlay-opacity":"","overlay-gradient":""},"tablet":{"background-color":"var(--ast-global-color-5)","background-image":"","background-repeat":"repeat","background-position":"center center","background-size":"auto","background-attachment":"scroll","background-type":"","background-media":"","overlay-type":"","overlay-color":"","overlay-opacity":"","overlay-gradient":""},"mobile":{"background-color":"var(--ast-global-color-5)","background-image":"","background-repeat":"repeat","background-position":"center center","background-size":"auto","background-attachment":"scroll","background-type":"","background-media":"","overlay-type":"","overlay-color":"","overlay-opacity":"","overlay-gradient":""}}},"product_brand":[],"product_cat":[18,20],"product_tag":[],"class_list":{"0":"post-3367","1":"product","2":"type-product","3":"status-publish","5":"product_cat-products","6":"product_cat-antioxidant-for-lubricant","7":"desktop-align-left","8":"tablet-align-left","9":"mobile-align-left","11":"first","12":"instock","13":"shipping-taxable","14":"product-type-simple"},"_links":{"self":[{"href":"https:\/\/chicchem.com\/es\/wp-json\/wp\/v2\/product\/3367","targetHints":{"allow":["GET"]}}],"collection":[{"href":"https:\/\/chicchem.com\/es\/wp-json\/wp\/v2\/product"}],"about":[{"href":"https:\/\/chicchem.com\/es\/wp-json\/wp\/v2\/types\/product"}],"wp:attachment":[{"href":"https:\/\/chicchem.com\/es\/wp-json\/wp\/v2\/media?parent=3367"}],"wp:term":[{"taxonomy":"product_brand","embeddable":true,"href":"https:\/\/chicchem.com\/es\/wp-json\/wp\/v2\/product_brand?post=3367"},{"taxonomy":"product_cat","embeddable":true,"href":"https:\/\/chicchem.com\/es\/wp-json\/wp\/v2\/product_cat?post=3367"},{"taxonomy":"product_tag","embeddable":true,"href":"https:\/\/chicchem.com\/es\/wp-json\/wp\/v2\/product_tag?post=3367"}],"curies":[{"name":"wp","href":"https:\/\/api.w.org\/{rel}","templated":true}]}}