{"id":3368,"date":"2024-06-21T01:42:24","date_gmt":"2024-06-21T01:42:24","guid":{"rendered":"https:\/\/chicchem.com\/?post_type=product&#038;p=3368"},"modified":"2024-06-21T01:42:25","modified_gmt":"2024-06-21T01:42:25","slug":"chicstab-l107","status":"publish","type":"product","link":"https:\/\/chicchem.com\/es\/producto\/chicstab-l107\/","title":{"rendered":"Chicstab L107"},"content":{"rendered":"<p><span style=\"color: #f2a516;\"><strong>Descripci\u00f3n del Producto<\/strong><\/span><\/p>\n<p><span style=\"color: #000000;\">NO CAS.  2082-79-3<\/span><\/p>\n<p><span style=\"color: #000000;\">Chicstab L107 es un antioxidante fen\u00f3lico impedido de alto peso molecular con una excepcional estabilidad de resistencia al calor, bajo coeficiente de decoloraci\u00f3n y excelente compatibilidad con aceites. Inhibe eficazmente la degradaci\u00f3n t\u00e9rmica y oxidativa del aceite lubricante, lo que lo hace adecuado para la protecci\u00f3n t\u00e9rmica contra el envejecimiento por ox\u00edgeno del aceite en circulaci\u00f3n, aceite hidr\u00e1ulico y grasa lubricante, particularmente en lubricantes de \u00e9ster sint\u00e9tico de alta temperatura. Tiene baja volatilidad, excelente resistencia a la extracci\u00f3n, alta estabilidad t\u00e9rmica, eficacia duradera y no presenta coloraci\u00f3n ni contaminaci\u00f3n.<\/span><\/p>\n<p><span style=\"color: #f2a516;\"><strong><b>Propiedades f\u00edsicas<\/b><\/strong><\/span><\/p>\n<table>\n<tbody>\n<tr>\n<td style=\"background-color: #ffecc9;\" width=\"467\"><span style=\"color: #000000;\">Forma f\u00edsica<\/span><\/td>\n<td width=\"710\"><span style=\"color: #000000;\">polvo o gr\u00e1nulos cristalinos blancos<\/span><\/td>\n<\/tr>\n<tr>\n<td style=\"background-color: #ffecc9;\" width=\"467\"><span style=\"color: #000000;\">Contenido efectivo, % \u2265<\/span><\/td>\n<td width=\"710\"><span style=\"color: #000000;\">98.0<\/span><\/td>\n<\/tr>\n<tr>\n<td style=\"background-color: #ffecc9;\" width=\"467\"><span style=\"color: #000000;\">Punto de fusi\u00f3n, \u2103<\/span><\/td>\n<td width=\"710\"><span style=\"color: #000000;\">50-55<\/span><\/td>\n<\/tr>\n<tr>\n<td style=\"background-color: #ffecc9;\" width=\"467\"><span style=\"color: #000000;\">Volatilizante, % \u2264<\/span><\/td>\n<td width=\"710\"><span style=\"color: #000000;\">0.2<\/span><\/td>\n<\/tr>\n<tr>\n<td style=\"background-color: #ffecc9;\" width=\"467\"><span style=\"color: #000000;\">Contenido de cenizas, % \u2264<\/span><\/td>\n<td width=\"710\"><span style=\"color: #000000;\">0.1<\/span><\/td>\n<\/tr>\n<tr>\n<td style=\"background-color: #ffecc9;\" width=\"467\"><span style=\"color: #000000;\">Punto de inflamaci\u00f3n, \u2103<\/span><\/td>\n<td width=\"710\"><span style=\"color: #000000;\">273<\/span><\/td>\n<\/tr>\n<\/tbody>\n<\/table>\n<p><span style=\"color: #f2a516;\"><strong>Caracter\u00edsticas y beneficios<\/strong><\/span><\/p>\n<ul>\n<li><span style=\"color: #000000;\">Un antioxidante fen\u00f3lico de alta fracci\u00f3n y alto peso molecular, caracterizado por una volatilidad muy baja, lo que lo hace adecuado para aceite en circulaci\u00f3n, aceite hidr\u00e1ulico, grasa lubricante y m\u00e1s.<\/span><\/li>\n<li><span style=\"color: #000000;\">Demuestra una estabilidad superior a altas temperaturas en comparaci\u00f3n con los antioxidantes fen\u00f3licos tradicionales.<\/span><\/li>\n<li><span style=\"color: #000000;\">Seguro para usar en grasas lubricantes que puedan entrar en contacto con alimentos.<\/span><\/li>\n<\/ul>\n<p><span style=\"color: #f2a516;\"><strong><b>Gu\u00eda de uso<\/b><\/strong><\/span><\/p>\n<p><span style=\"color: #000000;\">La dosis recomendada oscila entre 0,05% y 0,5%. pero se puede ajustar seg\u00fan los requisitos espec\u00edficos de los clientes.<\/span><\/p>\n<p><span style=\"color: #f2a516;\"><strong><b>Paquete<\/b><\/strong><\/span><\/p>\n<p><span style=\"color: #000000;\">Este producto est\u00e1 envasado en una bolsa compuesta de papel y pl\u00e1stico de 20 kg con un revestimiento interior de pl\u00e1stico.<\/span><\/p>\n<p><span style=\"color: #f2a516;\"><strong><b>Duraci\u00f3n<\/b><\/strong><\/span><\/p>\n<p><span style=\"color: #000000;\">24 meses desde la fecha de producci\u00f3n en embalaje original sin abrir.<\/span><\/p>\n<p><span style=\"color: #f2a516;\"><strong><b>Almacenamiento y transporte<\/b><\/strong><\/span><\/p>\n<p><span style=\"color: #000000;\">Este producto no es t\u00f3xico, no inflamable y no es corrosivo. Debe almacenarse en un lugar fresco y bien ventilado, alejado de la luz y la humedad. Durante el transporte, se deben tomar precauciones para evitar fugas. El cumplimiento de buenas pr\u00e1cticas industriales, el manejo cuidadoso y la evitaci\u00f3n de la contaminaci\u00f3n ambiental son esenciales.<\/span><\/p>","protected":false},"excerpt":{"rendered":"<p>Protege los materiales del da\u00f1o oxidativo, alargando su vida \u00fatil.<\/p>","protected":false},"featured_media":0,"template":"","meta":{"site-sidebar-layout":"default","site-content-layout":"","ast-site-content-layout":"default","site-content-style":"default","site-sidebar-style":"default","ast-global-header-display":"","ast-banner-title-visibility":"","ast-main-header-display":"","ast-hfb-above-header-display":"","ast-hfb-below-header-display":"","ast-hfb-mobile-header-display":"","site-post-title":"","ast-breadcrumbs-content":"","ast-featured-img":"","footer-sml-layout":"","theme-transparent-header-meta":"default","adv-header-id-meta":"","stick-header-meta":"","header-above-stick-meta":"","header-main-stick-meta":"","header-below-stick-meta":"","astra-migrate-meta-layouts":"set","ast-page-background-enabled":"default","ast-page-background-meta":{"desktop":{"background-color":"","background-image":"","background-repeat":"repeat","background-position":"center center","background-size":"auto","background-attachment":"scroll","background-type":"","background-media":"","overlay-type":"","overlay-color":"","overlay-opacity":"","overlay-gradient":""},"tablet":{"background-color":"","background-image":"","background-repeat":"repeat","background-position":"center center","background-size":"auto","background-attachment":"scroll","background-type":"","background-media":"","overlay-type":"","overlay-color":"","overlay-opacity":"","overlay-gradient":""},"mobile":{"background-color":"","background-image":"","background-repeat":"repeat","background-position":"center center","background-size":"auto","background-attachment":"scroll","background-type":"","background-media":"","overlay-type":"","overlay-color":"","overlay-opacity":"","overlay-gradient":""}},"ast-content-background-meta":{"desktop":{"background-color":"var(--ast-global-color-5)","background-image":"","background-repeat":"repeat","background-position":"center center","background-size":"auto","background-attachment":"scroll","background-type":"","background-media":"","overlay-type":"","overlay-color":"","overlay-opacity":"","overlay-gradient":""},"tablet":{"background-color":"var(--ast-global-color-5)","background-image":"","background-repeat":"repeat","background-position":"center center","background-size":"auto","background-attachment":"scroll","background-type":"","background-media":"","overlay-type":"","overlay-color":"","overlay-opacity":"","overlay-gradient":""},"mobile":{"background-color":"var(--ast-global-color-5)","background-image":"","background-repeat":"repeat","background-position":"center center","background-size":"auto","background-attachment":"scroll","background-type":"","background-media":"","overlay-type":"","overlay-color":"","overlay-opacity":"","overlay-gradient":""}}},"product_brand":[],"product_cat":[18,20],"product_tag":[],"class_list":{"0":"post-3368","1":"product","2":"type-product","3":"status-publish","5":"product_cat-products","6":"product_cat-antioxidant-for-lubricant","7":"desktop-align-left","8":"tablet-align-left","9":"mobile-align-left","11":"first","12":"instock","13":"shipping-taxable","14":"product-type-simple"},"_links":{"self":[{"href":"https:\/\/chicchem.com\/es\/wp-json\/wp\/v2\/product\/3368","targetHints":{"allow":["GET"]}}],"collection":[{"href":"https:\/\/chicchem.com\/es\/wp-json\/wp\/v2\/product"}],"about":[{"href":"https:\/\/chicchem.com\/es\/wp-json\/wp\/v2\/types\/product"}],"wp:attachment":[{"href":"https:\/\/chicchem.com\/es\/wp-json\/wp\/v2\/media?parent=3368"}],"wp:term":[{"taxonomy":"product_brand","embeddable":true,"href":"https:\/\/chicchem.com\/es\/wp-json\/wp\/v2\/product_brand?post=3368"},{"taxonomy":"product_cat","embeddable":true,"href":"https:\/\/chicchem.com\/es\/wp-json\/wp\/v2\/product_cat?post=3368"},{"taxonomy":"product_tag","embeddable":true,"href":"https:\/\/chicchem.com\/es\/wp-json\/wp\/v2\/product_tag?post=3368"}],"curies":[{"name":"wp","href":"https:\/\/api.w.org\/{rel}","templated":true}]}}