{"id":3372,"date":"2024-06-21T01:49:53","date_gmt":"2024-06-21T01:49:53","guid":{"rendered":"https:\/\/chicchem.com\/?post_type=product&#038;p=3372"},"modified":"2024-06-21T01:50:44","modified_gmt":"2024-06-21T01:50:44","slug":"chicstab-l135","status":"publish","type":"product","link":"https:\/\/chicchem.com\/es\/producto\/chicstab-l135\/","title":{"rendered":"Chicstab L135"},"content":{"rendered":"<p><span style=\"color: #f2a516;\"><strong>Descripci\u00f3n del Producto<\/strong><\/span><\/p>\n<p><span style=\"color: #000000;\">NO CAS.  125643-61-0<\/span><\/p>\n<p><span style=\"color: #000000;\">Chicstab L135 es un antioxidante fen\u00f3lico l\u00edquido impedido activo 100%, dise\u00f1ado espec\u00edficamente para diversos aceites minerales o sint\u00e9ticos con requisitos especiales para antioxidantes sin cenizas de alta temperatura. Se emplea ampliamente en diversos aceites lubricantes, aceites de motor y diversos lubricantes industriales, incluidos aceite de motor, aceite de motor de turbina de gas, aceite de engranajes, aceite de compresor de aire, aceite conductor de calor, aceite hidr\u00e1ulico, aceite lubricante de aviaci\u00f3n, entre otros. Cuando se usa en combinaci\u00f3n con Antioxidant L57, exhibe un efecto sin\u00e9rgico significativo.<\/span><\/p>\n<p><span style=\"color: #f2a516;\"><strong><b>Propiedades f\u00edsicas<\/b><\/strong><\/span><\/p>\n<table>\n<tbody>\n<tr>\n<td style=\"background-color: #ffecc9;\" width=\"582\"><span style=\"color: #000000;\">Forma f\u00edsica<\/span><\/td>\n<td width=\"772\"><span style=\"color: #000000;\">L\u00edquido transparente incoloro o amarillo claro.<\/span><\/td>\n<\/tr>\n<tr>\n<td style=\"background-color: #ffecc9;\" width=\"582\"><span style=\"color: #000000;\">Contenido de agua, wt%<\/span><\/td>\n<td width=\"772\"><span style=\"color: #000000;\">\u22640,10<\/span><\/td>\n<\/tr>\n<tr>\n<td style=\"background-color: #ffecc9;\" width=\"582\"><span style=\"color: #000000;\">Pureza, wt%<\/span><\/td>\n<td width=\"772\"><span style=\"color: #000000;\">\u226598,0<\/span><\/td>\n<\/tr>\n<tr>\n<td style=\"background-color: #ffecc9;\" width=\"582\"><span style=\"color: #000000;\">Viscosidad cinem\u00e1tica (40 \u2103), mm<sup>2<\/sup><sub>\/<\/sub>s<\/span><\/td>\n<td width=\"772\"><span style=\"color: #000000;\">80-140 mm2\/s<\/span><\/td>\n<\/tr>\n<tr>\n<td style=\"background-color: #ffecc9;\" width=\"582\"><span style=\"color: #000000;\">\u00cdndice de refracci\u00f3n (20 \u2103)<\/span><\/td>\n<td width=\"772\"><span style=\"color: #000000;\">1.493-1.499<\/span><\/td>\n<\/tr>\n<tr>\n<td style=\"background-color: #ffecc9;\" width=\"582\"><span style=\"color: #000000;\">Solubilidad<\/span><\/td>\n<td width=\"772\"><span style=\"color: #000000;\">claro<\/span><\/td>\n<\/tr>\n<tr>\n<td style=\"background-color: #ffecc9;\" width=\"582\"><span style=\"color: #000000;\">\u00cdndice de acidez, mgKOH\/g<\/span><\/td>\n<td width=\"772\"><span style=\"color: #000000;\">\u22641,0<\/span><\/td>\n<\/tr>\n<\/tbody>\n<\/table>\n<p><span style=\"color: #f2a516;\"><strong><b>Gu\u00eda de uso<\/b><\/strong><\/span><\/p>\n<table>\n<tbody>\n<tr>\n<td width=\"215\"><span style=\"color: #000000;\">Aceite de motor<\/span><\/td>\n<td width=\"181\"><span style=\"color: #000000;\">0.15-0.8%<\/span><\/td>\n<td width=\"359\"><span style=\"color: #000000;\">Aceite para engranajes industriales, aceite para compresores de aire.<\/span><\/td>\n<td width=\"150\"><span style=\"color: #000000;\">0.2-0.5%<\/span><\/td>\n<td width=\"221\"><span style=\"color: #000000;\">Aceite lubricante industrial<\/span><\/td>\n<td width=\"177\"><span style=\"color: #000000;\">0.1-0.5%<\/span><\/td>\n<\/tr>\n<tr>\n<td width=\"215\"><span style=\"color: #000000;\">Aceite para motores de turbinas de gas<\/span><\/td>\n<td width=\"181\"><span style=\"color: #000000;\">0.1-0.25%<\/span><\/td>\n<td width=\"359\"><span style=\"color: #000000;\">\u00a0\u00a0Aceite de circulaci\u00f3n<\/span><\/td>\n<td width=\"150\"><span style=\"color: #000000;\">0.1-0.3%<\/span><\/td>\n<td width=\"221\"><span style=\"color: #000000;\">Aceite conductor de calor<\/span><\/td>\n<td width=\"177\"><span style=\"color: #000000;\">0.15-0.5%<\/span><\/td>\n<\/tr>\n<\/tbody>\n<\/table>\n<p><span style=\"color: #f2a516;\"><strong><b>Paquete<\/b><\/strong><\/span><\/p>\n<p><span style=\"color: #000000;\">180KG\/tambor, 1000kg\/tanque IBC, tanque 20MT\/ISO.<\/span><\/p>\n<p><span style=\"color: #f2a516;\"><strong><b>Duraci\u00f3n<\/b><\/strong><\/span><\/p>\n<p><span style=\"color: #000000;\">24 meses desde la fecha de producci\u00f3n en embalaje original sin abrir.<\/span><\/p>\n<p><span style=\"color: #f2a516;\"><strong><b>Almacenamiento<\/b><\/strong><\/span><\/p>\n<p><span style=\"color: #000000;\">Almacenar en condiciones oscuras, secas, frescas y selladas.<\/span><\/p>\n<p>&nbsp;<\/p>","protected":false},"excerpt":{"rendered":"<p>Protege los materiales del da\u00f1o oxidativo, alargando su vida \u00fatil.<\/p>","protected":false},"featured_media":0,"template":"","meta":{"site-sidebar-layout":"default","site-content-layout":"","ast-site-content-layout":"default","site-content-style":"default","site-sidebar-style":"default","ast-global-header-display":"","ast-banner-title-visibility":"","ast-main-header-display":"","ast-hfb-above-header-display":"","ast-hfb-below-header-display":"","ast-hfb-mobile-header-display":"","site-post-title":"","ast-breadcrumbs-content":"","ast-featured-img":"","footer-sml-layout":"","theme-transparent-header-meta":"default","adv-header-id-meta":"","stick-header-meta":"","header-above-stick-meta":"","header-main-stick-meta":"","header-below-stick-meta":"","astra-migrate-meta-layouts":"set","ast-page-background-enabled":"default","ast-page-background-meta":{"desktop":{"background-color":"","background-image":"","background-repeat":"repeat","background-position":"center center","background-size":"auto","background-attachment":"scroll","background-type":"","background-media":"","overlay-type":"","overlay-color":"","overlay-opacity":"","overlay-gradient":""},"tablet":{"background-color":"","background-image":"","background-repeat":"repeat","background-position":"center center","background-size":"auto","background-attachment":"scroll","background-type":"","background-media":"","overlay-type":"","overlay-color":"","overlay-opacity":"","overlay-gradient":""},"mobile":{"background-color":"","background-image":"","background-repeat":"repeat","background-position":"center center","background-size":"auto","background-attachment":"scroll","background-type":"","background-media":"","overlay-type":"","overlay-color":"","overlay-opacity":"","overlay-gradient":""}},"ast-content-background-meta":{"desktop":{"background-color":"var(--ast-global-color-5)","background-image":"","background-repeat":"repeat","background-position":"center center","background-size":"auto","background-attachment":"scroll","background-type":"","background-media":"","overlay-type":"","overlay-color":"","overlay-opacity":"","overlay-gradient":""},"tablet":{"background-color":"var(--ast-global-color-5)","background-image":"","background-repeat":"repeat","background-position":"center center","background-size":"auto","background-attachment":"scroll","background-type":"","background-media":"","overlay-type":"","overlay-color":"","overlay-opacity":"","overlay-gradient":""},"mobile":{"background-color":"var(--ast-global-color-5)","background-image":"","background-repeat":"repeat","background-position":"center center","background-size":"auto","background-attachment":"scroll","background-type":"","background-media":"","overlay-type":"","overlay-color":"","overlay-opacity":"","overlay-gradient":""}}},"product_brand":[],"product_cat":[18,20],"product_tag":[],"class_list":{"0":"post-3372","1":"product","2":"type-product","3":"status-publish","5":"product_cat-products","6":"product_cat-antioxidant-for-lubricant","7":"desktop-align-left","8":"tablet-align-left","9":"mobile-align-left","11":"first","12":"instock","13":"shipping-taxable","14":"product-type-simple"},"_links":{"self":[{"href":"https:\/\/chicchem.com\/es\/wp-json\/wp\/v2\/product\/3372","targetHints":{"allow":["GET"]}}],"collection":[{"href":"https:\/\/chicchem.com\/es\/wp-json\/wp\/v2\/product"}],"about":[{"href":"https:\/\/chicchem.com\/es\/wp-json\/wp\/v2\/types\/product"}],"wp:attachment":[{"href":"https:\/\/chicchem.com\/es\/wp-json\/wp\/v2\/media?parent=3372"}],"wp:term":[{"taxonomy":"product_brand","embeddable":true,"href":"https:\/\/chicchem.com\/es\/wp-json\/wp\/v2\/product_brand?post=3372"},{"taxonomy":"product_cat","embeddable":true,"href":"https:\/\/chicchem.com\/es\/wp-json\/wp\/v2\/product_cat?post=3372"},{"taxonomy":"product_tag","embeddable":true,"href":"https:\/\/chicchem.com\/es\/wp-json\/wp\/v2\/product_tag?post=3372"}],"curies":[{"name":"wp","href":"https:\/\/api.w.org\/{rel}","templated":true}]}}