{"id":3373,"date":"2024-06-21T01:52:30","date_gmt":"2024-06-21T01:52:30","guid":{"rendered":"https:\/\/chicchem.com\/?post_type=product&#038;p=3373"},"modified":"2024-06-21T01:52:31","modified_gmt":"2024-06-21T01:52:31","slug":"chicstab-l137-l138-139-l140","status":"publish","type":"product","link":"https:\/\/chicchem.com\/es\/producto\/chicstab-l137-l138-139-l140\/","title":{"rendered":"Chicstab L137\/L138\/139\/L140"},"content":{"rendered":"<p><span style=\"color: #f2a516;\"><strong><b>Descripci\u00f3n del Producto<\/b><\/strong><\/span><\/p>\n<p><span style=\"color: #000000;\">Estos productos son antioxidantes de aceite compuestos l\u00edquidos que poseen la doble funci\u00f3n de terminar con los radicales libres y descomponer los hidroper\u00f3xidos. Exhiben una tolerancia superior a las altas temperaturas y proporcionan mejores efectos antioxidantes en comparaci\u00f3n con los fenoles impedidos simples y las aminas impedidas.<\/span><\/p>\n<p><span style=\"color: #000000;\">Son adecuados para aplicaciones donde diversos aceites lubricantes minerales o sint\u00e9ticos requieren antioxidantes sin cenizas de alta temperatura. Ampliamente utilizado en diversos aceites lubricantes, ya sean automotrices o industriales, incluidos aceite de motor, aceite de turbina de gas, aceite para engranajes, aceite para compresores de aire, aceite de transferencia de calor, aceite hidr\u00e1ulico, grasa, aceite lubricante de aviaci\u00f3n, entre otros.<\/span><\/p>\n<p><span style=\"color: #f2a516;\"><strong><b>Propiedades f\u00edsicas<\/b><\/strong><\/span><\/p>\n<table>\n<tbody>\n<tr>\n<td style=\"background-color: #ffecc9;\" colspan=\"2\" width=\"537\"><span style=\"color: #000000;\">\u00a0Forma f\u00edsica<\/span><\/td>\n<td width=\"803\"><span style=\"color: #000000;\">L\u00edquido de color amarillo claro a amarillo<\/span><\/td>\n<\/tr>\n<tr>\n<td style=\"background-color: #ffecc9;\" rowspan=\"4\" width=\"304\">&nbsp;<\/p>\n<p>&nbsp;<\/p>\n<p><span style=\"color: #000000;\">Viscosidad 25 \u2103 mPa.s<\/span><\/td>\n<td style=\"background-color: #ffecc9;\" width=\"233\"><span style=\"color: #000000;\">L137<\/span><\/td>\n<td width=\"803\"><span style=\"color: #000000;\">\u226422000<\/span><\/td>\n<\/tr>\n<tr>\n<td style=\"background-color: #ffecc9;\" width=\"233\"><span style=\"color: #000000;\">L138<\/span><\/td>\n<td width=\"803\"><span style=\"color: #000000;\">\u22648000<\/span><\/td>\n<\/tr>\n<tr>\n<td style=\"background-color: #ffecc9;\" width=\"233\"><span style=\"color: #000000;\">L139<\/span><\/td>\n<td width=\"803\"><span style=\"color: #000000;\">\u22644200<\/span><\/td>\n<\/tr>\n<tr>\n<td style=\"background-color: #ffecc9;\" width=\"233\"><span style=\"color: #000000;\">L140<\/span><\/td>\n<td width=\"803\"><span style=\"color: #000000;\">\u22642000<\/span><\/td>\n<\/tr>\n<tr>\n<td style=\"background-color: #ffecc9;\" colspan=\"2\" width=\"537\"><span style=\"color: #000000;\">Solubilidad<\/span><\/td>\n<td width=\"803\"><span style=\"color: #000000;\">claro<\/span><\/td>\n<\/tr>\n<tr>\n<td style=\"background-color: #ffecc9;\" colspan=\"2\" width=\"537\"><span style=\"color: #000000;\">Ceniza\/% \u2264<\/span><\/td>\n<td width=\"803\"><span style=\"color: #000000;\">0.1<\/span><\/td>\n<\/tr>\n<\/tbody>\n<\/table>\n<p><span style=\"color: #f2a516;\"><strong><b>\u00a0<\/b><\/strong><strong><b>Gu\u00eda de uso<\/b><\/strong><\/span><\/p>\n<table>\n<tbody>\n<tr>\n<td width=\"246\"><span style=\"color: #000000;\">Lubricante de motor<\/span><\/td>\n<td width=\"176\"><span style=\"color: #000000;\">0.15-0.8%<\/span><\/td>\n<td width=\"295\"><span style=\"color: #000000;\">Aceite para engranajes industriales;<\/span><\/p>\n<p><span style=\"color: #000000;\">Aceite para compresores de aire<\/span><\/td>\n<td width=\"169\"><span style=\"color: #000000;\">0.2-0.5%<\/span><\/td>\n<td width=\"276\"><span style=\"color: #000000;\">lubricante industrial<\/span><\/td>\n<td width=\"176\"><span style=\"color: #000000;\">0.1-0.5%<\/span><\/td>\n<\/tr>\n<tr>\n<td width=\"246\"><span style=\"color: #000000;\">Gas\/aceite de turbina<\/span><\/td>\n<td width=\"176\"><span style=\"color: #000000;\">0.1-0.25%<\/span><\/td>\n<td width=\"295\"><span style=\"color: #000000;\">Aceite circulante<\/span><\/td>\n<td width=\"169\"><span style=\"color: #000000;\">0.1-0.3%<\/span><\/td>\n<td width=\"276\"><span style=\"color: #000000;\">Aceite de transferencia de calor<\/span><\/td>\n<td width=\"176\"><span style=\"color: #000000;\">0.15-0.5%<\/span><\/td>\n<\/tr>\n<\/tbody>\n<\/table>\n<p><span style=\"color: #000000;\">Nota: la dosis se puede ajustar seg\u00fan los requisitos espec\u00edficos del cliente durante el uso real.<\/span><\/p>\n<p><span style=\"color: #f2a516;\"><strong><b>Paquete<\/b><\/strong><\/span><\/p>\n<p><span style=\"color: #000000;\">180 kg\/tambor, 900 kg\/tanque IBC<\/span><\/p>\n<p><span style=\"color: #f2a516;\"><strong><b>Duraci\u00f3n<\/b><\/strong><\/span><\/p>\n<p><span style=\"color: #000000;\">12 meses a partir de la fecha de producci\u00f3n en embalaje original sin abrir.<\/span><\/p>\n<p><span style=\"color: #f2a516;\"><strong><b>Almacenamiento<\/b><\/strong><\/span><\/p>\n<p><span style=\"color: #000000;\">Almacenado en condiciones oscuras, secas, de baja temperatura y selladas.<\/span><\/p>\n<p>&nbsp;<\/p>","protected":false},"excerpt":{"rendered":"<p>Protege los materiales del da\u00f1o oxidativo, alargando su vida \u00fatil.<\/p>","protected":false},"featured_media":0,"template":"","meta":{"site-sidebar-layout":"default","site-content-layout":"","ast-site-content-layout":"default","site-content-style":"default","site-sidebar-style":"default","ast-global-header-display":"","ast-banner-title-visibility":"","ast-main-header-display":"","ast-hfb-above-header-display":"","ast-hfb-below-header-display":"","ast-hfb-mobile-header-display":"","site-post-title":"","ast-breadcrumbs-content":"","ast-featured-img":"","footer-sml-layout":"","theme-transparent-header-meta":"default","adv-header-id-meta":"","stick-header-meta":"","header-above-stick-meta":"","header-main-stick-meta":"","header-below-stick-meta":"","astra-migrate-meta-layouts":"set","ast-page-background-enabled":"default","ast-page-background-meta":{"desktop":{"background-color":"","background-image":"","background-repeat":"repeat","background-position":"center center","background-size":"auto","background-attachment":"scroll","background-type":"","background-media":"","overlay-type":"","overlay-color":"","overlay-opacity":"","overlay-gradient":""},"tablet":{"background-color":"","background-image":"","background-repeat":"repeat","background-position":"center center","background-size":"auto","background-attachment":"scroll","background-type":"","background-media":"","overlay-type":"","overlay-color":"","overlay-opacity":"","overlay-gradient":""},"mobile":{"background-color":"","background-image":"","background-repeat":"repeat","background-position":"center center","background-size":"auto","background-attachment":"scroll","background-type":"","background-media":"","overlay-type":"","overlay-color":"","overlay-opacity":"","overlay-gradient":""}},"ast-content-background-meta":{"desktop":{"background-color":"var(--ast-global-color-5)","background-image":"","background-repeat":"repeat","background-position":"center center","background-size":"auto","background-attachment":"scroll","background-type":"","background-media":"","overlay-type":"","overlay-color":"","overlay-opacity":"","overlay-gradient":""},"tablet":{"background-color":"var(--ast-global-color-5)","background-image":"","background-repeat":"repeat","background-position":"center center","background-size":"auto","background-attachment":"scroll","background-type":"","background-media":"","overlay-type":"","overlay-color":"","overlay-opacity":"","overlay-gradient":""},"mobile":{"background-color":"var(--ast-global-color-5)","background-image":"","background-repeat":"repeat","background-position":"center center","background-size":"auto","background-attachment":"scroll","background-type":"","background-media":"","overlay-type":"","overlay-color":"","overlay-opacity":"","overlay-gradient":""}}},"product_brand":[],"product_cat":[18,20],"product_tag":[],"class_list":{"0":"post-3373","1":"product","2":"type-product","3":"status-publish","5":"product_cat-products","6":"product_cat-antioxidant-for-lubricant","7":"desktop-align-left","8":"tablet-align-left","9":"mobile-align-left","11":"first","12":"instock","13":"shipping-taxable","14":"product-type-simple"},"_links":{"self":[{"href":"https:\/\/chicchem.com\/es\/wp-json\/wp\/v2\/product\/3373","targetHints":{"allow":["GET"]}}],"collection":[{"href":"https:\/\/chicchem.com\/es\/wp-json\/wp\/v2\/product"}],"about":[{"href":"https:\/\/chicchem.com\/es\/wp-json\/wp\/v2\/types\/product"}],"wp:attachment":[{"href":"https:\/\/chicchem.com\/es\/wp-json\/wp\/v2\/media?parent=3373"}],"wp:term":[{"taxonomy":"product_brand","embeddable":true,"href":"https:\/\/chicchem.com\/es\/wp-json\/wp\/v2\/product_brand?post=3373"},{"taxonomy":"product_cat","embeddable":true,"href":"https:\/\/chicchem.com\/es\/wp-json\/wp\/v2\/product_cat?post=3373"},{"taxonomy":"product_tag","embeddable":true,"href":"https:\/\/chicchem.com\/es\/wp-json\/wp\/v2\/product_tag?post=3373"}],"curies":[{"name":"wp","href":"https:\/\/api.w.org\/{rel}","templated":true}]}}