{"id":3374,"date":"2024-06-21T01:53:59","date_gmt":"2024-06-21T01:53:59","guid":{"rendered":"https:\/\/chicchem.com\/?post_type=product&#038;p=3374"},"modified":"2024-06-21T01:54:00","modified_gmt":"2024-06-21T01:54:00","slug":"chicstab-l620","status":"publish","type":"product","link":"https:\/\/chicchem.com\/es\/producto\/chicstab-l620\/","title":{"rendered":"Chicstab L620"},"content":{"rendered":"<p><span style=\"color: #f2a516;\"><strong><b>Descripci\u00f3n del Producto<\/b><\/strong><\/span><\/p>\n<p><span style=\"color: #000000;\">Chicstab L620 es un antioxidante compuesto de alta eficiencia dise\u00f1ado para brindar protecci\u00f3n t\u00e9rmica contra el envejecimiento por ox\u00edgeno a lubricantes de aceite mineral y \u00e9ster sint\u00e9tico. Presenta una volatilidad extremadamente baja y una temperatura de servicio alta, junto con una contaminaci\u00f3n de color reducida en comparaci\u00f3n con los antioxidantes de amina convencionales.<\/span><\/p>\n<p><span style=\"color: #000000;\">Es de f\u00e1cil incorporaci\u00f3n, ofrece una protecci\u00f3n eficaz del color y controla la formaci\u00f3n de lodos, extendiendo as\u00ed la vida \u00fatil de los productos petrol\u00edferos. Adem\u00e1s, este producto elimina eficazmente los radicales libres y mantiene su eficacia antioxidante incluso a altas temperaturas de procesamiento y funcionamiento. Chicstab L620 no contiene BHT y cumple con los requisitos de protecci\u00f3n ambiental.<\/span><\/p>\n<p><span style=\"color: #f2a516;\"><strong><b>Propiedades f\u00edsicas<\/b><\/strong><\/span><\/p>\n<table>\n<tbody>\n<tr>\n<td style=\"background-color: #ffecc9;\" width=\"467\"><span style=\"color: #000000;\">Forma f\u00edsica<\/span><\/td>\n<td width=\"710\"><span style=\"color: #000000;\">L\u00edquido de color amarillo claro a \u00e1mbar.<\/span><\/td>\n<\/tr>\n<tr>\n<td style=\"background-color: #ffecc9;\" width=\"467\"><span style=\"color: #000000;\">Viscosidad (25\u00b0C), mPa.s \u2264<\/span><\/td>\n<td width=\"710\"><span style=\"color: #000000;\">3000<\/span><\/td>\n<\/tr>\n<tr>\n<td style=\"background-color: #ffecc9;\" width=\"467\"><span style=\"color: #000000;\">Densidad, g\/cm3<\/span><\/td>\n<td width=\"710\"><span style=\"color: #000000;\">0,940\uff5e1,000<\/span><\/td>\n<\/tr>\n<tr>\n<td style=\"background-color: #ffecc9;\" width=\"467\"><span style=\"color: #000000;\">Cresol libre\/% \u2264<\/span><\/td>\n<td width=\"710\"><span style=\"color: #000000;\">0.015<\/span><\/td>\n<\/tr>\n<tr>\n<td style=\"background-color: #ffecc9;\" width=\"467\"><span style=\"color: #000000;\">Contenido de cenizas, % \u2264<\/span><\/td>\n<td width=\"710\"><span style=\"color: #000000;\">0.01<\/span><\/td>\n<\/tr>\n<tr>\n<td style=\"background-color: #ffecc9;\" width=\"467\"><span style=\"color: #000000;\">Punto de inflamaci\u00f3n (cerrado)\/\u00b0C<\/span><\/td>\n<td width=\"710\"><span style=\"color: #000000;\">127<\/span><\/td>\n<\/tr>\n<\/tbody>\n<\/table>\n<p><span style=\"color: #f2a516;\"><strong><b>Solicitud<\/b><\/strong><\/span><\/p>\n<p><span style=\"color: #000000;\">Es adecuado para su aplicaci\u00f3n en lubricantes de aceite mineral y \u00e9ster sint\u00e9tico, incluido aceite para turbinas, aceite para compresores, aceite para motores, aceite para engranajes industriales y de veh\u00edculos, aceite para cadenas de alta temperatura, fluido de transmisi\u00f3n de potencia y m\u00e1s.<\/span><\/p>\n<p><span style=\"color: #f2a516;\"><strong><b>\u00a0<\/b><\/strong><strong><b>Gu\u00eda de uso<\/b><\/strong><\/span><\/p>\n<p><span style=\"color: #000000;\">Por lo general, se recomienda su uso en concentraciones que oscilan entre 0,15% y 1,50%.<\/span><\/p>\n<p><span style=\"color: #000000;\">Tambi\u00e9n se pueden realizar ajustes a la proporci\u00f3n en funci\u00f3n de la efectividad observada durante el uso real.<\/span><\/p>\n<p><span style=\"color: #f2a516;\"><strong><b>Paquete<\/b><\/strong><\/span><\/p>\n<p><span style=\"color: #000000;\">180KG\/tambor, 1000kg\/tanque IBC, 20 toneladas\/tanque ISO.<\/span><\/p>\n<p><span style=\"color: #f2a516;\"><strong><b>Duraci\u00f3n<\/b><\/strong><\/span><\/p>\n<p><span style=\"color: #000000;\">12 meses a partir de la fecha de producci\u00f3n en embalaje original sin abrir.<\/span><\/p>\n<p><span style=\"color: #f2a516;\"><strong><b>Almacenamiento<\/b><\/strong><\/span><\/p>\n<p><span style=\"color: #000000;\">Almacenar en condiciones oscuras, secas, frescas y selladas.<\/span><\/p>","protected":false},"excerpt":{"rendered":"<p>Protege los materiales del da\u00f1o oxidativo, alargando su vida \u00fatil.<\/p>","protected":false},"featured_media":0,"template":"","meta":{"site-sidebar-layout":"default","site-content-layout":"","ast-site-content-layout":"default","site-content-style":"default","site-sidebar-style":"default","ast-global-header-display":"","ast-banner-title-visibility":"","ast-main-header-display":"","ast-hfb-above-header-display":"","ast-hfb-below-header-display":"","ast-hfb-mobile-header-display":"","site-post-title":"","ast-breadcrumbs-content":"","ast-featured-img":"","footer-sml-layout":"","theme-transparent-header-meta":"default","adv-header-id-meta":"","stick-header-meta":"","header-above-stick-meta":"","header-main-stick-meta":"","header-below-stick-meta":"","astra-migrate-meta-layouts":"set","ast-page-background-enabled":"default","ast-page-background-meta":{"desktop":{"background-color":"","background-image":"","background-repeat":"repeat","background-position":"center center","background-size":"auto","background-attachment":"scroll","background-type":"","background-media":"","overlay-type":"","overlay-color":"","overlay-opacity":"","overlay-gradient":""},"tablet":{"background-color":"","background-image":"","background-repeat":"repeat","background-position":"center center","background-size":"auto","background-attachment":"scroll","background-type":"","background-media":"","overlay-type":"","overlay-color":"","overlay-opacity":"","overlay-gradient":""},"mobile":{"background-color":"","background-image":"","background-repeat":"repeat","background-position":"center center","background-size":"auto","background-attachment":"scroll","background-type":"","background-media":"","overlay-type":"","overlay-color":"","overlay-opacity":"","overlay-gradient":""}},"ast-content-background-meta":{"desktop":{"background-color":"var(--ast-global-color-5)","background-image":"","background-repeat":"repeat","background-position":"center center","background-size":"auto","background-attachment":"scroll","background-type":"","background-media":"","overlay-type":"","overlay-color":"","overlay-opacity":"","overlay-gradient":""},"tablet":{"background-color":"var(--ast-global-color-5)","background-image":"","background-repeat":"repeat","background-position":"center center","background-size":"auto","background-attachment":"scroll","background-type":"","background-media":"","overlay-type":"","overlay-color":"","overlay-opacity":"","overlay-gradient":""},"mobile":{"background-color":"var(--ast-global-color-5)","background-image":"","background-repeat":"repeat","background-position":"center center","background-size":"auto","background-attachment":"scroll","background-type":"","background-media":"","overlay-type":"","overlay-color":"","overlay-opacity":"","overlay-gradient":""}}},"product_brand":[],"product_cat":[18,20],"product_tag":[],"class_list":{"0":"post-3374","1":"product","2":"type-product","3":"status-publish","5":"product_cat-products","6":"product_cat-antioxidant-for-lubricant","7":"desktop-align-left","8":"tablet-align-left","9":"mobile-align-left","11":"first","12":"instock","13":"shipping-taxable","14":"product-type-simple"},"_links":{"self":[{"href":"https:\/\/chicchem.com\/es\/wp-json\/wp\/v2\/product\/3374","targetHints":{"allow":["GET"]}}],"collection":[{"href":"https:\/\/chicchem.com\/es\/wp-json\/wp\/v2\/product"}],"about":[{"href":"https:\/\/chicchem.com\/es\/wp-json\/wp\/v2\/types\/product"}],"wp:attachment":[{"href":"https:\/\/chicchem.com\/es\/wp-json\/wp\/v2\/media?parent=3374"}],"wp:term":[{"taxonomy":"product_brand","embeddable":true,"href":"https:\/\/chicchem.com\/es\/wp-json\/wp\/v2\/product_brand?post=3374"},{"taxonomy":"product_cat","embeddable":true,"href":"https:\/\/chicchem.com\/es\/wp-json\/wp\/v2\/product_cat?post=3374"},{"taxonomy":"product_tag","embeddable":true,"href":"https:\/\/chicchem.com\/es\/wp-json\/wp\/v2\/product_tag?post=3374"}],"curies":[{"name":"wp","href":"https:\/\/api.w.org\/{rel}","templated":true}]}}