{"id":3375,"date":"2024-06-21T01:54:11","date_gmt":"2024-06-21T01:54:11","guid":{"rendered":"https:\/\/chicchem.com\/?post_type=product&#038;p=3375"},"modified":"2024-06-21T01:55:15","modified_gmt":"2024-06-21T01:55:15","slug":"chicstab-t501","status":"publish","type":"product","link":"https:\/\/chicchem.com\/es\/producto\/chicstab-t501\/","title":{"rendered":"Chicstab T501"},"content":{"rendered":"<p><span style=\"color: #f2a516;\"><strong><b>Descripci\u00f3n del Producto<\/b><\/strong><\/span><\/p>\n<p><span style=\"color: #000000;\">Como antioxidante fen\u00f3lico impedido tradicional no contaminante, este producto exhibe una excelente resistencia al calor y estabilidad. Carece de cualquier olor distintivo y no presenta desventajas como reacciones de color con iones met\u00e1licos. Ampliamente empleado en aceites industriales como aditivo antioxidante y antiadhesivo, previene eficazmente el aumento del \u00edndice de acidez o la viscosidad del aceite lubricante y del fueloil. El antioxidante Chicstab T501 sirve como un excelente aditivo para diversos productos derivados del petr\u00f3leo. Su efecto antioxidante \u00f3ptimo se logra a una temperatura de trabajo de 100 \u2103. Cuando se utiliza junto con agentes antioxidantes y de desactivaci\u00f3n de metales alcalinos ZDDP y TCP de cadena larga, facilita la formulaci\u00f3n de aceite hidr\u00e1ulico antidesgaste y otros productos relacionados.<\/span><\/p>\n<p><span style=\"color: #f2a516;\"><strong><b>Propiedades f\u00edsicas<\/b><\/strong><\/span><\/p>\n<table>\n<tbody>\n<tr>\n<td style=\"background-color: #ffecc9;\" width=\"467\"><span style=\"color: #000000;\">Forma f\u00edsica<\/span><\/td>\n<td width=\"710\"><span style=\"color: #000000;\">cristales blancos<\/span><\/td>\n<\/tr>\n<tr>\n<td style=\"background-color: #ffecc9;\" width=\"467\"><span style=\"color: #000000;\">Ensayo, %<\/span><\/td>\n<td width=\"710\"><span style=\"color: #000000;\">\u226599,0<\/span><\/td>\n<\/tr>\n<tr>\n<td style=\"background-color: #ffecc9;\" width=\"467\"><span style=\"color: #000000;\">Punto de fusi\u00f3n inicial, \u2103<\/span><\/td>\n<td width=\"710\"><span style=\"color: #000000;\">69.0-70.0<\/span><\/td>\n<\/tr>\n<tr>\n<td style=\"background-color: #ffecc9;\" width=\"467\"><span style=\"color: #000000;\">Cresol libre, %<\/span><\/td>\n<td width=\"710\"><span style=\"color: #000000;\">\u00a0\u22640,015<\/span><\/td>\n<\/tr>\n<tr>\n<td style=\"background-color: #ffecc9;\" width=\"467\"><span style=\"color: #000000;\">Contenido de cenizas, %<\/span><\/td>\n<td width=\"710\"><span style=\"color: #000000;\">\u00a0\u22640,01<\/span><\/td>\n<\/tr>\n<tr>\n<td style=\"background-color: #ffecc9;\" width=\"467\"><span style=\"color: #000000;\">Punto de inflamaci\u00f3n (cerrado),\u00b0C<\/span><\/td>\n<td width=\"710\"><span style=\"color: #000000;\">127<\/span><\/td>\n<\/tr>\n<\/tbody>\n<\/table>\n<p><span style=\"color: #f2a516;\"><strong><b>Caracter\u00edsticas y beneficios<\/b><\/strong><\/span><\/p>\n<ul>\n<li><span style=\"color: #000000;\">Formulaci\u00f3n libre de corrosi\u00f3n.<\/span><\/li>\n<li><span style=\"color: #000000;\">Excelente solubilidad en aceite sin decoloraci\u00f3n.<\/span><\/li>\n<li><span style=\"color: #000000;\">Es factible la adici\u00f3n directa o como licor madre.<\/span><\/li>\n<li><span style=\"color: #000000;\">Demuestra notable resistencia al calor y estabilidad.<\/span><\/li>\n<li><span style=\"color: #000000;\">Carece de cualquier olor espec\u00edfico y evita reacciones de color con iones met\u00e1licos.<\/span><\/li>\n<\/ul>\n<p><span style=\"color: #f2a516;\"><strong><b>Paquete<\/b><\/strong><\/span><\/p>\n<p><span style=\"color: #000000;\">Este producto est\u00e1 disponible en una bolsa de papel-pl\u00e1stico de 25 kg o en un bid\u00f3n de cart\u00f3n forrado con una bolsa de pl\u00e1stico.<\/span><\/p>\n<p><span style=\"color: #f2a516;\"><strong><b>Duraci\u00f3n<\/b><\/strong><\/span><\/p>\n<p><span style=\"color: #000000;\">24 meses desde la fecha de producci\u00f3n en embalaje original sin abrir.<\/span><\/p>\n<p><span style=\"color: #f2a516;\"><strong><b>Almacenamiento <\/b><\/strong><\/span><\/p>\n<p><span style=\"color: #000000;\">Almacenar en un ambiente oscuro, seco y fresco, manteniendo el recipiente herm\u00e9ticamente cerrado.<\/span><\/p>","protected":false},"excerpt":{"rendered":"<p>Protege los materiales del da\u00f1o oxidativo, alargando su vida \u00fatil.<\/p>","protected":false},"featured_media":0,"template":"","meta":{"site-sidebar-layout":"default","site-content-layout":"","ast-site-content-layout":"default","site-content-style":"default","site-sidebar-style":"default","ast-global-header-display":"","ast-banner-title-visibility":"","ast-main-header-display":"","ast-hfb-above-header-display":"","ast-hfb-below-header-display":"","ast-hfb-mobile-header-display":"","site-post-title":"","ast-breadcrumbs-content":"","ast-featured-img":"","footer-sml-layout":"","theme-transparent-header-meta":"default","adv-header-id-meta":"","stick-header-meta":"","header-above-stick-meta":"","header-main-stick-meta":"","header-below-stick-meta":"","astra-migrate-meta-layouts":"set","ast-page-background-enabled":"default","ast-page-background-meta":{"desktop":{"background-color":"","background-image":"","background-repeat":"repeat","background-position":"center center","background-size":"auto","background-attachment":"scroll","background-type":"","background-media":"","overlay-type":"","overlay-color":"","overlay-opacity":"","overlay-gradient":""},"tablet":{"background-color":"","background-image":"","background-repeat":"repeat","background-position":"center center","background-size":"auto","background-attachment":"scroll","background-type":"","background-media":"","overlay-type":"","overlay-color":"","overlay-opacity":"","overlay-gradient":""},"mobile":{"background-color":"","background-image":"","background-repeat":"repeat","background-position":"center center","background-size":"auto","background-attachment":"scroll","background-type":"","background-media":"","overlay-type":"","overlay-color":"","overlay-opacity":"","overlay-gradient":""}},"ast-content-background-meta":{"desktop":{"background-color":"var(--ast-global-color-5)","background-image":"","background-repeat":"repeat","background-position":"center center","background-size":"auto","background-attachment":"scroll","background-type":"","background-media":"","overlay-type":"","overlay-color":"","overlay-opacity":"","overlay-gradient":""},"tablet":{"background-color":"var(--ast-global-color-5)","background-image":"","background-repeat":"repeat","background-position":"center center","background-size":"auto","background-attachment":"scroll","background-type":"","background-media":"","overlay-type":"","overlay-color":"","overlay-opacity":"","overlay-gradient":""},"mobile":{"background-color":"var(--ast-global-color-5)","background-image":"","background-repeat":"repeat","background-position":"center center","background-size":"auto","background-attachment":"scroll","background-type":"","background-media":"","overlay-type":"","overlay-color":"","overlay-opacity":"","overlay-gradient":""}}},"product_brand":[],"product_cat":[18,20],"product_tag":[],"class_list":{"0":"post-3375","1":"product","2":"type-product","3":"status-publish","5":"product_cat-products","6":"product_cat-antioxidant-for-lubricant","7":"desktop-align-left","8":"tablet-align-left","9":"mobile-align-left","11":"first","12":"instock","13":"shipping-taxable","14":"product-type-simple"},"_links":{"self":[{"href":"https:\/\/chicchem.com\/es\/wp-json\/wp\/v2\/product\/3375","targetHints":{"allow":["GET"]}}],"collection":[{"href":"https:\/\/chicchem.com\/es\/wp-json\/wp\/v2\/product"}],"about":[{"href":"https:\/\/chicchem.com\/es\/wp-json\/wp\/v2\/types\/product"}],"wp:attachment":[{"href":"https:\/\/chicchem.com\/es\/wp-json\/wp\/v2\/media?parent=3375"}],"wp:term":[{"taxonomy":"product_brand","embeddable":true,"href":"https:\/\/chicchem.com\/es\/wp-json\/wp\/v2\/product_brand?post=3375"},{"taxonomy":"product_cat","embeddable":true,"href":"https:\/\/chicchem.com\/es\/wp-json\/wp\/v2\/product_cat?post=3375"},{"taxonomy":"product_tag","embeddable":true,"href":"https:\/\/chicchem.com\/es\/wp-json\/wp\/v2\/product_tag?post=3375"}],"curies":[{"name":"wp","href":"https:\/\/api.w.org\/{rel}","templated":true}]}}