{"id":3376,"date":"2024-06-21T01:55:27","date_gmt":"2024-06-21T01:55:27","guid":{"rendered":"https:\/\/chicchem.com\/?post_type=product&#038;p=3376"},"modified":"2024-06-21T01:56:29","modified_gmt":"2024-06-21T01:56:29","slug":"chicstab-t502","status":"publish","type":"product","link":"https:\/\/chicchem.com\/es\/producto\/chicstab-t502\/","title":{"rendered":"Chicstab T502"},"content":{"rendered":"<p><span style=\"color: #f2a516;\"><strong><b>Descripci\u00f3n del Producto<\/b><\/strong><\/span><\/p>\n<p><span style=\"color: #000000;\">Este producto es un l\u00edquido transparente de color amarillo claro a amarillo que exhibe una excelente solubilidad en aceite e insolubilidad en agua y soda c\u00e1ustica. Su color permanece estable incluso durante el almacenamiento prolongado. Al funcionar como un antioxidante fen\u00f3lico de protecci\u00f3n de tipo mixto, ofrece un rendimiento antioxidante s\u00f3lido, comparable al del T501, com\u00fanmente conocido como BHT l\u00edquido.<\/span><\/p>\n<p><span style=\"color: #000000;\">Ampliamente utilizado en aditivos para aceites combustibles y aceites lubricantes, tambi\u00e9n sirve como un sustituto eficaz del antioxidante T501 (BHT). En particular, en la misma dosis, supera al T501 en eficacia antioxidante. Particularmente adecuado para diversos productos que utilizan el antioxidante T501, sobresale en aplicaciones de fueloil, ofreciendo un rendimiento superior y facilidad de uso.<\/span><\/p>\n<p><span style=\"color: #f2a516;\"><strong><b>Propiedades f\u00edsicas<\/b><\/strong><\/span><\/p>\n<table>\n<tbody>\n<tr>\n<td style=\"background-color: #ffecc9;\" width=\"467\"><span style=\"color: #000000;\">Forma f\u00edsica<\/span><\/td>\n<td width=\"710\"><span style=\"color: #000000;\">L\u00edquido transparente de color amarillo claro a amarillo verdoso.<\/span><\/td>\n<\/tr>\n<tr>\n<td style=\"background-color: #ffecc9;\" width=\"467\"><span style=\"color: #000000;\">Viscosidad (25 \u2103) mPa\u00b7s<\/span><\/td>\n<td width=\"710\"><span style=\"color: #000000;\">10-60<\/span><\/td>\n<\/tr>\n<tr>\n<td style=\"background-color: #ffecc9;\" width=\"467\"><span style=\"color: #000000;\">Densidad (25\u00b0C) g\/cm<sup>3<\/sup><\/span><\/td>\n<td width=\"710\"><span style=\"color: #000000;\">0.900-0.950<\/span><\/td>\n<\/tr>\n<tr>\n<td style=\"background-color: #ffecc9;\" width=\"467\"><span style=\"color: #000000;\">\u00cdndice de refracci\u00f3n (25\u00b0C)<\/span><\/td>\n<td width=\"710\"><span style=\"color: #000000;\">1.479-1.510<\/span><\/td>\n<\/tr>\n<\/tbody>\n<\/table>\n<p><span style=\"color: #f2a516;\"><strong>Gu\u00eda de uso<\/strong><\/span><\/p>\n<p><span style=\"color: #000000;\">Chicstab T502 se utiliza en fueloil y aditivos para aceites lubricantes.<\/span><\/p>\n<p><span style=\"color: #000000;\">Normalmente, la dosis recomendada oscila entre 0,01% y 1,0%. Sin embargo, los clientes tienen la flexibilidad de determinar la dosis seg\u00fan las condiciones de uso reales.<\/span><\/p>\n<p><span style=\"color: #f2a516;\"><strong><b>Embalar<\/b><\/strong><strong><b>edad <\/b><\/strong><\/span><\/p>\n<p><span style=\"color: #000000;\">Tambor de hierro galvanizado, peso neto 180 kg\/tambor o 900 kg\/tanque IBC<\/span><\/p>\n<p><span style=\"color: #f2a516;\"><strong><b>Duraci\u00f3n<\/b><\/strong><\/span><\/p>\n<p><span style=\"color: #000000;\">24 meses desde la fecha de producci\u00f3n en embalaje original sin abrir.<\/span><\/p>\n<p><span style=\"color: #f2a516;\"><strong><b>Almacenamiento y transporte<\/b><\/strong><\/span><\/p>\n<p><span style=\"color: #000000;\">Este producto debe almacenarse protegido de la luz y la humedad. Despu\u00e9s de abrirlo y utilizarlo, es recomendable cerrarlo herm\u00e9ticamente y consumirlo cuanto antes. Durante el transporte, se deben tomar precauciones para evitar fugas, seguir buenas pr\u00e1cticas industriales y manipular con cuidado para minimizar la contaminaci\u00f3n ambiental.<\/span><\/p>","protected":false},"excerpt":{"rendered":"<p>Protege los materiales del da\u00f1o oxidativo, alargando su vida \u00fatil.<\/p>","protected":false},"featured_media":0,"template":"","meta":{"site-sidebar-layout":"default","site-content-layout":"","ast-site-content-layout":"default","site-content-style":"default","site-sidebar-style":"default","ast-global-header-display":"","ast-banner-title-visibility":"","ast-main-header-display":"","ast-hfb-above-header-display":"","ast-hfb-below-header-display":"","ast-hfb-mobile-header-display":"","site-post-title":"","ast-breadcrumbs-content":"","ast-featured-img":"","footer-sml-layout":"","theme-transparent-header-meta":"default","adv-header-id-meta":"","stick-header-meta":"","header-above-stick-meta":"","header-main-stick-meta":"","header-below-stick-meta":"","astra-migrate-meta-layouts":"set","ast-page-background-enabled":"default","ast-page-background-meta":{"desktop":{"background-color":"","background-image":"","background-repeat":"repeat","background-position":"center center","background-size":"auto","background-attachment":"scroll","background-type":"","background-media":"","overlay-type":"","overlay-color":"","overlay-opacity":"","overlay-gradient":""},"tablet":{"background-color":"","background-image":"","background-repeat":"repeat","background-position":"center center","background-size":"auto","background-attachment":"scroll","background-type":"","background-media":"","overlay-type":"","overlay-color":"","overlay-opacity":"","overlay-gradient":""},"mobile":{"background-color":"","background-image":"","background-repeat":"repeat","background-position":"center center","background-size":"auto","background-attachment":"scroll","background-type":"","background-media":"","overlay-type":"","overlay-color":"","overlay-opacity":"","overlay-gradient":""}},"ast-content-background-meta":{"desktop":{"background-color":"var(--ast-global-color-5)","background-image":"","background-repeat":"repeat","background-position":"center center","background-size":"auto","background-attachment":"scroll","background-type":"","background-media":"","overlay-type":"","overlay-color":"","overlay-opacity":"","overlay-gradient":""},"tablet":{"background-color":"var(--ast-global-color-5)","background-image":"","background-repeat":"repeat","background-position":"center center","background-size":"auto","background-attachment":"scroll","background-type":"","background-media":"","overlay-type":"","overlay-color":"","overlay-opacity":"","overlay-gradient":""},"mobile":{"background-color":"var(--ast-global-color-5)","background-image":"","background-repeat":"repeat","background-position":"center center","background-size":"auto","background-attachment":"scroll","background-type":"","background-media":"","overlay-type":"","overlay-color":"","overlay-opacity":"","overlay-gradient":""}}},"product_brand":[],"product_cat":[18,20],"product_tag":[],"class_list":{"0":"post-3376","1":"product","2":"type-product","3":"status-publish","5":"product_cat-products","6":"product_cat-antioxidant-for-lubricant","7":"desktop-align-left","8":"tablet-align-left","9":"mobile-align-left","11":"first","12":"instock","13":"shipping-taxable","14":"product-type-simple"},"_links":{"self":[{"href":"https:\/\/chicchem.com\/es\/wp-json\/wp\/v2\/product\/3376","targetHints":{"allow":["GET"]}}],"collection":[{"href":"https:\/\/chicchem.com\/es\/wp-json\/wp\/v2\/product"}],"about":[{"href":"https:\/\/chicchem.com\/es\/wp-json\/wp\/v2\/types\/product"}],"wp:attachment":[{"href":"https:\/\/chicchem.com\/es\/wp-json\/wp\/v2\/media?parent=3376"}],"wp:term":[{"taxonomy":"product_brand","embeddable":true,"href":"https:\/\/chicchem.com\/es\/wp-json\/wp\/v2\/product_brand?post=3376"},{"taxonomy":"product_cat","embeddable":true,"href":"https:\/\/chicchem.com\/es\/wp-json\/wp\/v2\/product_cat?post=3376"},{"taxonomy":"product_tag","embeddable":true,"href":"https:\/\/chicchem.com\/es\/wp-json\/wp\/v2\/product_tag?post=3376"}],"curies":[{"name":"wp","href":"https:\/\/api.w.org\/{rel}","templated":true}]}}