{"id":3377,"date":"2024-06-21T01:56:42","date_gmt":"2024-06-21T01:56:42","guid":{"rendered":"https:\/\/chicchem.com\/?post_type=product&#038;p=3377"},"modified":"2024-06-21T01:58:43","modified_gmt":"2024-06-21T01:58:43","slug":"chicstabt531","status":"publish","type":"product","link":"https:\/\/chicchem.com\/es\/producto\/chicstabt531\/","title":{"rendered":"chicstabT531"},"content":{"rendered":"<p><span style=\"color: #f2a516;\"><strong><b>Descripci\u00f3n del Producto<\/b><\/strong><\/span><\/p>\n<p><span style=\"color: #000000;\">Chicstab T531 se utiliza principalmente para mejorar el rendimiento antioxidante a alta temperatura del aceite sint\u00e9tico y mineral. Este producto exhibe una excelente solubilidad en el aceite y proporciona importantes efectos antioxidantes, extendiendo as\u00ed el per\u00edodo de inducci\u00f3n de la oxidaci\u00f3n, elevando la temperatura inicial de los productos derivados del petr\u00f3leo y reduciendo el consumo de combustible. Prolonga significativamente la vida \u00fatil del aceite.<\/span><\/p>\n<p><span style=\"color: #f2a516;\"><strong><b>Propiedades f\u00edsicas<\/b><\/strong><\/span><\/p>\n<table>\n<tbody>\n<tr>\n<td style=\"background-color: #ffecc9;\" width=\"467\"><span style=\"color: #000000;\">Forma f\u00edsica<\/span><\/td>\n<td width=\"710\"><span style=\"color: #000000;\">cristal blanco o ligeramente rosado<\/span><\/td>\n<\/tr>\n<tr>\n<td style=\"background-color: #ffecc9;\" width=\"467\"><span style=\"color: #000000;\">Punto de fusi\u00f3n inicial\/\u2103 \u2265<\/span><\/td>\n<td width=\"710\"><span style=\"color: #000000;\">59.5<\/span><\/td>\n<\/tr>\n<tr>\n<td style=\"background-color: #ffecc9;\" width=\"467\"><span style=\"color: #000000;\">P\u00e9rdida de calor\/% \u2264<\/span><\/td>\n<td width=\"710\"><span style=\"color: #000000;\">1.0<\/span><\/td>\n<\/tr>\n<tr>\n<td style=\"background-color: #ffecc9;\" width=\"467\"><span style=\"color: #000000;\">Contenido de cenizas\/% \u2264<\/span><\/td>\n<td width=\"710\"><span style=\"color: #000000;\">0.05<\/span><\/td>\n<\/tr>\n<tr>\n<td style=\"background-color: #ffecc9;\" width=\"467\"><span style=\"color: #000000;\">Contenido de amina libre \/% \u2264<\/span><\/td>\n<td width=\"710\"><span style=\"color: #000000;\">0.20<\/span><\/td>\n<\/tr>\n<\/tbody>\n<\/table>\n<p><span style=\"color: #f2a516;\"><strong><b>Solicitud<\/b><\/strong><\/span><\/p>\n<p><span style=\"color: #000000;\">Chicstab T531 se aplica com\u00fanmente en aceites lubricantes para aviaci\u00f3n y aceites lubricantes industriales.<\/span><\/p>\n<p><span style=\"color: #f2a516;\"><strong><b>Paquete<\/b><\/strong><\/span><\/p>\n<p><span style=\"color: #000000;\">Bolsa de papel forrada de pl\u00e1stico, 25 kg\/bolsa<\/span><\/p>\n<p><span style=\"color: #f2a516;\"><strong><b>S<\/b><\/strong><strong><b>vida \u00fatil<\/b><\/strong><\/span><\/p>\n<p><span style=\"color: #000000;\">24 meses desde la fecha de producci\u00f3n en embalaje original sin abrir.<\/span><\/p>\n<p><span style=\"color: #f2a516;\"><strong><b>Almacenamiento y transporte<\/b><\/strong><\/span><\/p>\n<p><span style=\"color: #000000;\">Este producto debe almacenarse protegido de la luz y la humedad. Despu\u00e9s de abrirlo y utilizarlo, es recomendable cerrarlo herm\u00e9ticamente y consumirlo cuanto antes. Durante el transporte, se deben tomar precauciones para evitar fugas, seguir buenas pr\u00e1cticas industriales y manipular con cuidado para minimizar la contaminaci\u00f3n ambiental.<\/span><\/p>","protected":false},"excerpt":{"rendered":"<p>Protege los materiales del da\u00f1o oxidativo, alargando su vida \u00fatil.<\/p>","protected":false},"featured_media":0,"template":"","meta":{"site-sidebar-layout":"default","site-content-layout":"","ast-site-content-layout":"default","site-content-style":"default","site-sidebar-style":"default","ast-global-header-display":"","ast-banner-title-visibility":"","ast-main-header-display":"","ast-hfb-above-header-display":"","ast-hfb-below-header-display":"","ast-hfb-mobile-header-display":"","site-post-title":"","ast-breadcrumbs-content":"","ast-featured-img":"","footer-sml-layout":"","theme-transparent-header-meta":"default","adv-header-id-meta":"","stick-header-meta":"","header-above-stick-meta":"","header-main-stick-meta":"","header-below-stick-meta":"","astra-migrate-meta-layouts":"set","ast-page-background-enabled":"default","ast-page-background-meta":{"desktop":{"background-color":"","background-image":"","background-repeat":"repeat","background-position":"center center","background-size":"auto","background-attachment":"scroll","background-type":"","background-media":"","overlay-type":"","overlay-color":"","overlay-opacity":"","overlay-gradient":""},"tablet":{"background-color":"","background-image":"","background-repeat":"repeat","background-position":"center center","background-size":"auto","background-attachment":"scroll","background-type":"","background-media":"","overlay-type":"","overlay-color":"","overlay-opacity":"","overlay-gradient":""},"mobile":{"background-color":"","background-image":"","background-repeat":"repeat","background-position":"center center","background-size":"auto","background-attachment":"scroll","background-type":"","background-media":"","overlay-type":"","overlay-color":"","overlay-opacity":"","overlay-gradient":""}},"ast-content-background-meta":{"desktop":{"background-color":"var(--ast-global-color-5)","background-image":"","background-repeat":"repeat","background-position":"center center","background-size":"auto","background-attachment":"scroll","background-type":"","background-media":"","overlay-type":"","overlay-color":"","overlay-opacity":"","overlay-gradient":""},"tablet":{"background-color":"var(--ast-global-color-5)","background-image":"","background-repeat":"repeat","background-position":"center center","background-size":"auto","background-attachment":"scroll","background-type":"","background-media":"","overlay-type":"","overlay-color":"","overlay-opacity":"","overlay-gradient":""},"mobile":{"background-color":"var(--ast-global-color-5)","background-image":"","background-repeat":"repeat","background-position":"center center","background-size":"auto","background-attachment":"scroll","background-type":"","background-media":"","overlay-type":"","overlay-color":"","overlay-opacity":"","overlay-gradient":""}}},"product_brand":[],"product_cat":[18,20],"product_tag":[],"class_list":{"0":"post-3377","1":"product","2":"type-product","3":"status-publish","5":"product_cat-products","6":"product_cat-antioxidant-for-lubricant","7":"desktop-align-left","8":"tablet-align-left","9":"mobile-align-left","11":"first","12":"instock","13":"shipping-taxable","14":"product-type-simple"},"_links":{"self":[{"href":"https:\/\/chicchem.com\/es\/wp-json\/wp\/v2\/product\/3377","targetHints":{"allow":["GET"]}}],"collection":[{"href":"https:\/\/chicchem.com\/es\/wp-json\/wp\/v2\/product"}],"about":[{"href":"https:\/\/chicchem.com\/es\/wp-json\/wp\/v2\/types\/product"}],"wp:attachment":[{"href":"https:\/\/chicchem.com\/es\/wp-json\/wp\/v2\/media?parent=3377"}],"wp:term":[{"taxonomy":"product_brand","embeddable":true,"href":"https:\/\/chicchem.com\/es\/wp-json\/wp\/v2\/product_brand?post=3377"},{"taxonomy":"product_cat","embeddable":true,"href":"https:\/\/chicchem.com\/es\/wp-json\/wp\/v2\/product_cat?post=3377"},{"taxonomy":"product_tag","embeddable":true,"href":"https:\/\/chicchem.com\/es\/wp-json\/wp\/v2\/product_tag?post=3377"}],"curies":[{"name":"wp","href":"https:\/\/api.w.org\/{rel}","templated":true}]}}