{"id":3378,"date":"2024-06-21T01:59:37","date_gmt":"2024-06-21T01:59:37","guid":{"rendered":"https:\/\/chicchem.com\/?post_type=product&#038;p=3378"},"modified":"2024-06-21T02:01:04","modified_gmt":"2024-06-21T02:01:04","slug":"chicstab-r-9138","status":"publish","type":"product","link":"https:\/\/chicchem.com\/es\/producto\/chicstab-r-9138\/","title":{"rendered":"Chicstab R 9138"},"content":{"rendered":"<p><span style=\"color: #f2a516;\"><strong><b>Descripci\u00f3n del Producto <\/b><\/strong><\/span><\/p>\n<p><span style=\"color: #000000;\">Chicstab R 9138 es un antiespumante de pol\u00edmero org\u00e1nico de alta viscosidad sin silicona. Mejora eficazmente el rendimiento de liberaci\u00f3n de aire y previene la formaci\u00f3n de espuma en l\u00edquidos org\u00e1nicos \u00e1cidos o neutros hasta 204 \u00b0C. Adem\u00e1s, presenta capacidades antiespumantes en ciertos sistemas alcalinos. Chicstab R 9138 tiene una capacidad antiespumante excepcional y duradera sin afectar la tensi\u00f3n superficial del medio durante el proceso.<\/span><\/p>\n<p><span style=\"color: #f2a516;\">\u00a0<strong><b>Propiedades f\u00edsicas<\/b><\/strong><\/span><\/p>\n<table>\n<tbody>\n<tr>\n<td style=\"background-color: #ffecc9;\" width=\"660\"><span style=\"color: #000000;\">Forma f\u00edsica<\/span><\/td>\n<td width=\"533\"><span style=\"color: #000000;\">L\u00edquido viscoso, de incoloro a amarillento.<\/span><\/td>\n<\/tr>\n<tr>\n<td style=\"background-color: #ffecc9;\" width=\"660\"><span style=\"color: #000000;\">Croma (Pt-Co)\u00a0\u00a0\u00a0<\/span><\/td>\n<td width=\"533\"><span style=\"color: #000000;\">\u226480<\/span><\/td>\n<\/tr>\n<tr>\n<td style=\"background-color: #ffecc9;\" width=\"660\"><span style=\"color: #000000;\">\u00cdndice de refracci\u00f3n @ 25 \u2103<\/span><\/td>\n<td width=\"533\"><span style=\"color: #000000;\">1.4645 ~ 1.4670<\/span><\/td>\n<\/tr>\n<tr>\n<td style=\"background-color: #ffecc9;\" width=\"660\"><span style=\"color: #000000;\">Viscosidad a 25 \u2103 cps<\/span><\/td>\n<td width=\"533\"><span style=\"color: #000000;\">60,000 ~ 136,000<\/span><\/td>\n<\/tr>\n<tr>\n<td style=\"background-color: #ffecc9;\" width=\"660\"><span style=\"color: #000000;\">Punto de inflamaci\u00f3n, (prueba de copa cerrada) \u2103<\/span><\/td>\n<td width=\"533\"><span style=\"color: #000000;\">138<\/span><\/td>\n<\/tr>\n<\/tbody>\n<\/table>\n<p><span style=\"color: #f2a516;\"><strong>Solicitud<\/strong><\/span><\/p>\n<p><span style=\"color: #000000;\">ChicstabR 9138 encuentra una amplia aplicaci\u00f3n en aceites para engranajes, lubricantes especializados, aceites hidr\u00e1ulicos, aceites para turbinas y aceites para transmisiones.<\/span><\/p>\n<p><span style=\"color: #f2a516;\"><strong>Gu\u00eda de uso<\/strong><strong>\u00a0<\/strong><\/span><\/p>\n<p><span style=\"color: #000000;\">Normalmente, la tasa de tratamiento oscila entre 20 ppm y 2000 ppm, y los usuarios tienen la flexibilidad de ajustar la dosis seg\u00fan los requisitos individuales.<\/span><\/p>\n<p><span style=\"color: #f2a516;\"><strong><b>Paquete<\/b><\/strong><\/span><\/p>\n<p><span style=\"color: #000000;\">18 KG\/tambor<\/span><\/p>\n<p><span style=\"color: #f2a516;\"><strong><b>Duraci\u00f3n<\/b><\/strong><\/span><\/p>\n<p><span style=\"color: #000000;\">24 meses a partir de la fecha de producci\u00f3n en el embalaje original sin abrir y la temperatura de almacenamiento no supere los 35 \u2103.<\/span><\/p>\n<p><span style=\"color: #f2a516;\"><strong><b>Almacenamiento <\/b><\/strong><\/span><\/p>\n<p><span style=\"color: #000000;\">Almacenar en un ambiente oscuro, seco y fresco, manteniendo el recipiente herm\u00e9ticamente cerrado.<\/span><\/p>","protected":false},"excerpt":{"rendered":"<p>Protege los materiales del da\u00f1o oxidativo, alargando su vida \u00fatil.<\/p>","protected":false},"featured_media":0,"template":"","meta":{"site-sidebar-layout":"default","site-content-layout":"","ast-site-content-layout":"default","site-content-style":"default","site-sidebar-style":"default","ast-global-header-display":"","ast-banner-title-visibility":"","ast-main-header-display":"","ast-hfb-above-header-display":"","ast-hfb-below-header-display":"","ast-hfb-mobile-header-display":"","site-post-title":"","ast-breadcrumbs-content":"","ast-featured-img":"","footer-sml-layout":"","theme-transparent-header-meta":"default","adv-header-id-meta":"","stick-header-meta":"","header-above-stick-meta":"","header-main-stick-meta":"","header-below-stick-meta":"","astra-migrate-meta-layouts":"set","ast-page-background-enabled":"default","ast-page-background-meta":{"desktop":{"background-color":"","background-image":"","background-repeat":"repeat","background-position":"center center","background-size":"auto","background-attachment":"scroll","background-type":"","background-media":"","overlay-type":"","overlay-color":"","overlay-opacity":"","overlay-gradient":""},"tablet":{"background-color":"","background-image":"","background-repeat":"repeat","background-position":"center center","background-size":"auto","background-attachment":"scroll","background-type":"","background-media":"","overlay-type":"","overlay-color":"","overlay-opacity":"","overlay-gradient":""},"mobile":{"background-color":"","background-image":"","background-repeat":"repeat","background-position":"center center","background-size":"auto","background-attachment":"scroll","background-type":"","background-media":"","overlay-type":"","overlay-color":"","overlay-opacity":"","overlay-gradient":""}},"ast-content-background-meta":{"desktop":{"background-color":"var(--ast-global-color-5)","background-image":"","background-repeat":"repeat","background-position":"center center","background-size":"auto","background-attachment":"scroll","background-type":"","background-media":"","overlay-type":"","overlay-color":"","overlay-opacity":"","overlay-gradient":""},"tablet":{"background-color":"var(--ast-global-color-5)","background-image":"","background-repeat":"repeat","background-position":"center center","background-size":"auto","background-attachment":"scroll","background-type":"","background-media":"","overlay-type":"","overlay-color":"","overlay-opacity":"","overlay-gradient":""},"mobile":{"background-color":"var(--ast-global-color-5)","background-image":"","background-repeat":"repeat","background-position":"center center","background-size":"auto","background-attachment":"scroll","background-type":"","background-media":"","overlay-type":"","overlay-color":"","overlay-opacity":"","overlay-gradient":""}}},"product_brand":[],"product_cat":[18,20],"product_tag":[],"class_list":{"0":"post-3378","1":"product","2":"type-product","3":"status-publish","5":"product_cat-products","6":"product_cat-antioxidant-for-lubricant","7":"desktop-align-left","8":"tablet-align-left","9":"mobile-align-left","11":"first","12":"instock","13":"shipping-taxable","14":"product-type-simple"},"_links":{"self":[{"href":"https:\/\/chicchem.com\/es\/wp-json\/wp\/v2\/product\/3378","targetHints":{"allow":["GET"]}}],"collection":[{"href":"https:\/\/chicchem.com\/es\/wp-json\/wp\/v2\/product"}],"about":[{"href":"https:\/\/chicchem.com\/es\/wp-json\/wp\/v2\/types\/product"}],"wp:attachment":[{"href":"https:\/\/chicchem.com\/es\/wp-json\/wp\/v2\/media?parent=3378"}],"wp:term":[{"taxonomy":"product_brand","embeddable":true,"href":"https:\/\/chicchem.com\/es\/wp-json\/wp\/v2\/product_brand?post=3378"},{"taxonomy":"product_cat","embeddable":true,"href":"https:\/\/chicchem.com\/es\/wp-json\/wp\/v2\/product_cat?post=3378"},{"taxonomy":"product_tag","embeddable":true,"href":"https:\/\/chicchem.com\/es\/wp-json\/wp\/v2\/product_tag?post=3378"}],"curies":[{"name":"wp","href":"https:\/\/api.w.org\/{rel}","templated":true}]}}