{"id":3379,"date":"2024-06-21T02:01:27","date_gmt":"2024-06-21T02:01:27","guid":{"rendered":"https:\/\/chicchem.com\/?post_type=product&#038;p=3379"},"modified":"2024-06-21T02:02:56","modified_gmt":"2024-06-21T02:02:56","slug":"chicstab-r-9168","status":"publish","type":"product","link":"https:\/\/chicchem.com\/es\/producto\/chicstab-r-9168\/","title":{"rendered":"Chicstab R 9168"},"content":{"rendered":"<p><span style=\"color: #f2a516;\"><strong><b>Descripci\u00f3n del Producto<\/b><\/strong><\/span><\/p>\n<p><span style=\"color: #000000;\">ChicstabR 9168 sirve como un antiespumante vers\u00e1til. Es una soluci\u00f3n 40% compuesta de pol\u00edmero acr\u00edlico en aguarr\u00e1s. En l\u00edquidos org\u00e1nicos no acuosos, demuestra propiedades antiespumantes superiores en comparaci\u00f3n con ChicstabR 9128. Ofrece un excelente control de la espuma a tasas de uso m\u00e1s bajas. Normalmente, su grado de uso es 10~20% menor que el de ChicstabR 9128. En particular, ChicstabR 9168 no contiene silicona y tiene poco olor.<\/span><\/p>\n<p><span style=\"color: #f2a516;\"><strong><b>Propiedades f\u00edsicas<\/b><\/strong><\/span><\/p>\n<table>\n<tbody>\n<tr>\n<td style=\"background-color: #ffecc9;\" width=\"530\"><span style=\"color: #000000;\">Forma f\u00edsica<\/span><\/td>\n<td width=\"656\"><span style=\"color: #000000;\">L\u00edquido transparente, de incoloro a amarillo claro.<\/span><\/td>\n<\/tr>\n<tr>\n<td style=\"background-color: #ffecc9;\" width=\"530\"><span style=\"color: #000000;\">Croma (Pt-Co)\u00a0\u00a0\u00a0<\/span><\/td>\n<td width=\"656\"><span style=\"color: #000000;\">\u2264150<\/span><\/td>\n<\/tr>\n<tr>\n<td style=\"background-color: #ffecc9;\" width=\"530\"><span style=\"color: #000000;\">\u00cdndice de refracci\u00f3n @ 25 \u2103<\/span><\/td>\n<td width=\"656\"><span style=\"color: #000000;\">1.4365\u00a0~\u00a01.4425<\/span><\/td>\n<\/tr>\n<tr>\n<td style=\"background-color: #ffecc9;\" width=\"530\"><span style=\"color: #000000;\">Viscosidad a 25 \u2103 cps<\/span><\/td>\n<td width=\"656\"><span style=\"color: #000000;\">20 ~ 90<\/span><\/td>\n<\/tr>\n<tr>\n<td style=\"background-color: #ffecc9;\" width=\"530\"><span style=\"color: #000000;\">Materia no vol\u00e1til (105 \u2103 2 horas) %<\/span><\/td>\n<td width=\"656\"><span style=\"color: #000000;\">36\u00a0~ 44<\/span><\/td>\n<\/tr>\n<tr>\n<td style=\"background-color: #ffecc9;\" width=\"530\"><span style=\"color: #000000;\">Punto de inflamaci\u00f3n, (prueba de copa cerrada) \u2103<\/span><\/td>\n<td width=\"656\"><span style=\"color: #000000;\">62<\/span><\/td>\n<\/tr>\n<\/tbody>\n<\/table>\n<p><span style=\"color: #f2a516;\"><strong>Solicitud<\/strong><\/span><\/p>\n<p><span style=\"color: #000000;\">Las aplicaciones del antiespumante ChicstabR 9168 abarcan aceites para engranajes, lubricantes especializados, amortiguadores, aceites hidr\u00e1ulicos, aceites para turbinas y aceites para transmisiones.<\/span><\/p>\n<p><span style=\"color: #f2a516;\"><strong>Gu\u00eda de uso<\/strong><\/span><\/p>\n<p><span style=\"color: #000000;\">La cantidad t\u00edpica de adici\u00f3n de su soluci\u00f3n oscila entre 50 y 500 ppm (con el peso molecular del pol\u00edmero activo entre 20 y 200 ppm). La dosis \u00f3ptima depende de las propiedades de los aceites, lo que requiere un an\u00e1lisis exhaustivo de cada aceite. Normalmente, el antiespumante se a\u00f1ade hasta 200~250 ppm (con el peso molecular del pol\u00edmero activo entre 80 y 100 ppm).<\/span><\/p>\n<p><span style=\"color: #f2a516;\"><strong><b>Paquete<\/b><\/strong><\/span><\/p>\n<p><span style=\"color: #000000;\">18 KG\/tambor<\/span><\/p>\n<p><span style=\"color: #f2a516;\"><strong><b>Duraci\u00f3n<\/b><\/strong><\/span><\/p>\n<p><span style=\"color: #000000;\">24 meses desde la fecha de producci\u00f3n en embalaje original sin abrir.<\/span><\/p>\n<p><span style=\"color: #f2a516;\"><strong><b>Almacenamiento <\/b><\/strong><\/span><\/p>\n<p><span style=\"color: #000000;\">Almacenar en un ambiente oscuro, seco y fresco, manteniendo el recipiente herm\u00e9ticamente cerrado.<\/span><\/p>","protected":false},"excerpt":{"rendered":"<p>Protege los materiales del da\u00f1o oxidativo, alargando su vida \u00fatil.<\/p>","protected":false},"featured_media":0,"template":"","meta":{"site-sidebar-layout":"default","site-content-layout":"","ast-site-content-layout":"default","site-content-style":"default","site-sidebar-style":"default","ast-global-header-display":"","ast-banner-title-visibility":"","ast-main-header-display":"","ast-hfb-above-header-display":"","ast-hfb-below-header-display":"","ast-hfb-mobile-header-display":"","site-post-title":"","ast-breadcrumbs-content":"","ast-featured-img":"","footer-sml-layout":"","theme-transparent-header-meta":"default","adv-header-id-meta":"","stick-header-meta":"","header-above-stick-meta":"","header-main-stick-meta":"","header-below-stick-meta":"","astra-migrate-meta-layouts":"set","ast-page-background-enabled":"default","ast-page-background-meta":{"desktop":{"background-color":"","background-image":"","background-repeat":"repeat","background-position":"center center","background-size":"auto","background-attachment":"scroll","background-type":"","background-media":"","overlay-type":"","overlay-color":"","overlay-opacity":"","overlay-gradient":""},"tablet":{"background-color":"","background-image":"","background-repeat":"repeat","background-position":"center center","background-size":"auto","background-attachment":"scroll","background-type":"","background-media":"","overlay-type":"","overlay-color":"","overlay-opacity":"","overlay-gradient":""},"mobile":{"background-color":"","background-image":"","background-repeat":"repeat","background-position":"center center","background-size":"auto","background-attachment":"scroll","background-type":"","background-media":"","overlay-type":"","overlay-color":"","overlay-opacity":"","overlay-gradient":""}},"ast-content-background-meta":{"desktop":{"background-color":"var(--ast-global-color-5)","background-image":"","background-repeat":"repeat","background-position":"center center","background-size":"auto","background-attachment":"scroll","background-type":"","background-media":"","overlay-type":"","overlay-color":"","overlay-opacity":"","overlay-gradient":""},"tablet":{"background-color":"var(--ast-global-color-5)","background-image":"","background-repeat":"repeat","background-position":"center center","background-size":"auto","background-attachment":"scroll","background-type":"","background-media":"","overlay-type":"","overlay-color":"","overlay-opacity":"","overlay-gradient":""},"mobile":{"background-color":"var(--ast-global-color-5)","background-image":"","background-repeat":"repeat","background-position":"center center","background-size":"auto","background-attachment":"scroll","background-type":"","background-media":"","overlay-type":"","overlay-color":"","overlay-opacity":"","overlay-gradient":""}}},"product_brand":[],"product_cat":[18,20],"product_tag":[],"class_list":{"0":"post-3379","1":"product","2":"type-product","3":"status-publish","5":"product_cat-products","6":"product_cat-antioxidant-for-lubricant","7":"desktop-align-left","8":"tablet-align-left","9":"mobile-align-left","11":"first","12":"instock","13":"shipping-taxable","14":"product-type-simple"},"_links":{"self":[{"href":"https:\/\/chicchem.com\/es\/wp-json\/wp\/v2\/product\/3379","targetHints":{"allow":["GET"]}}],"collection":[{"href":"https:\/\/chicchem.com\/es\/wp-json\/wp\/v2\/product"}],"about":[{"href":"https:\/\/chicchem.com\/es\/wp-json\/wp\/v2\/types\/product"}],"wp:attachment":[{"href":"https:\/\/chicchem.com\/es\/wp-json\/wp\/v2\/media?parent=3379"}],"wp:term":[{"taxonomy":"product_brand","embeddable":true,"href":"https:\/\/chicchem.com\/es\/wp-json\/wp\/v2\/product_brand?post=3379"},{"taxonomy":"product_cat","embeddable":true,"href":"https:\/\/chicchem.com\/es\/wp-json\/wp\/v2\/product_cat?post=3379"},{"taxonomy":"product_tag","embeddable":true,"href":"https:\/\/chicchem.com\/es\/wp-json\/wp\/v2\/product_tag?post=3379"}],"curies":[{"name":"wp","href":"https:\/\/api.w.org\/{rel}","templated":true}]}}