{"id":3382,"date":"2024-06-21T02:06:10","date_gmt":"2024-06-21T02:06:10","guid":{"rendered":"https:\/\/chicchem.com\/?post_type=product&#038;p=3382"},"modified":"2024-06-21T02:07:23","modified_gmt":"2024-06-21T02:07:23","slug":"chicstab-r9318","status":"publish","type":"product","link":"https:\/\/chicchem.com\/es\/producto\/chicstab-r9318\/","title":{"rendered":"Chicstab R9318"},"content":{"rendered":"<p><span style=\"color: #f2a516;\"><strong><b>Descripci\u00f3n del Producto<\/b><\/strong><\/span><\/p>\n<p><span style=\"color: #000000;\">ChicstabR 9318 es una formulaci\u00f3n antiespumante que contiene poliacrilato modificado 40% en un solvente de hidrocarburo. Ha sido dise\u00f1ado espec\u00edficamente para mejorar la estabilidad antiespumante de los aceites lubricantes sint\u00e9ticos y minerales.<\/span><\/p>\n<p><span style=\"color: #000000;\">ChicstabR 9318, destinado principalmente para su uso con lubricantes sint\u00e9ticos como PAO y PIB, as\u00ed como formulaciones que incorporan estos componentes, aborda las limitaciones que a menudo se encuentran con los antiespumantes de poliacrilato tradicionales, que con frecuencia no logran lograr una desespumante adecuada o exhiben un rendimiento deficiente.<\/span><\/p>\n<p><span style=\"color: #f2a516;\"><strong><b>Propiedades f\u00edsicas<\/b><\/strong><\/span><\/p>\n<table>\n<tbody>\n<tr>\n<td style=\"background-color: #ffecc9;\" width=\"560\"><span style=\"color: #000000;\">Forma f\u00edsica<\/span><\/td>\n<td width=\"652\"><span style=\"color: #000000;\">L\u00edquido transparente, de incoloro a amarillo claro.<\/span><\/td>\n<\/tr>\n<tr>\n<td style=\"background-color: #ffecc9;\" width=\"560\"><span style=\"color: #000000;\">Croma (Pt-Co) \u2264<\/span><\/td>\n<td width=\"652\"><span style=\"color: #000000;\">150<\/span><\/td>\n<\/tr>\n<tr>\n<td style=\"background-color: #ffecc9;\" width=\"560\"><span style=\"color: #000000;\">\u00cdndice de refracci\u00f3n @ 25 \u2103<\/span><\/td>\n<td width=\"652\"><span style=\"color: #000000;\">1.4380~1.4420<\/span><\/td>\n<\/tr>\n<tr>\n<td style=\"background-color: #ffecc9;\" width=\"560\"><span style=\"color: #000000;\">Viscosidad a 25 \u2103 cps<\/span><\/td>\n<td width=\"652\"><span style=\"color: #000000;\">80~300<\/span><\/td>\n<\/tr>\n<tr>\n<td style=\"background-color: #ffecc9;\" width=\"560\"><span style=\"color: #000000;\">Materia no vol\u00e1til (105 \u2103 2 horas) %<\/span><\/td>\n<td width=\"652\"><span style=\"color: #000000;\">38 ~ 42<\/span><\/td>\n<\/tr>\n<tr>\n<td style=\"background-color: #ffecc9;\" width=\"560\"><span style=\"color: #000000;\">Punto de inflamaci\u00f3n, (prueba de copa cerrada) \u2103 \u00a0\u00a0<\/span><\/td>\n<td width=\"652\"><span style=\"color: #000000;\">70<\/span><\/td>\n<\/tr>\n<\/tbody>\n<\/table>\n<p><span style=\"color: #f2a516;\"><strong><b>Gu\u00eda de uso<\/b><\/strong><\/span><\/p>\n<p><span style=\"color: #000000;\">La dosis t\u00edpica oscila entre 100 y 500 ppm (40 a 200 ppm de pol\u00edmero activo). La cantidad ideal de adici\u00f3n var\u00eda seg\u00fan las caracter\u00edsticas del aceite, por lo que se recomienda realizar experimentos en lotes peque\u00f1os para cada formulaci\u00f3n para determinar la cantidad \u00f3ptima con precisi\u00f3n.<\/span><\/p>\n<p><span style=\"color: #f2a516;\"><strong><b>Paquete<\/b><\/strong><\/span><\/p>\n<p><span style=\"color: #000000;\">18 KG\/tambor<\/span><\/p>\n<p><span style=\"color: #f2a516;\"><strong><b>Duraci\u00f3n<\/b><\/strong><\/span><\/p>\n<p><span style=\"color: #000000;\">24 meses desde la fecha de producci\u00f3n en embalaje original sin abrir\u00a0<\/span><\/p>\n<p><span style=\"color: #f2a516;\"><strong><b>Almacenamiento <\/b><\/strong><\/span><\/p>\n<p><span style=\"color: #000000;\">Almacenar en un ambiente oscuro, seco y fresco, manteniendo el recipiente herm\u00e9ticamente cerrado.<\/span><\/p>","protected":false},"excerpt":{"rendered":"<p>Protege los materiales del da\u00f1o oxidativo, alargando su vida \u00fatil.<\/p>","protected":false},"featured_media":0,"template":"","meta":{"site-sidebar-layout":"default","site-content-layout":"","ast-site-content-layout":"default","site-content-style":"default","site-sidebar-style":"default","ast-global-header-display":"","ast-banner-title-visibility":"","ast-main-header-display":"","ast-hfb-above-header-display":"","ast-hfb-below-header-display":"","ast-hfb-mobile-header-display":"","site-post-title":"","ast-breadcrumbs-content":"","ast-featured-img":"","footer-sml-layout":"","theme-transparent-header-meta":"default","adv-header-id-meta":"","stick-header-meta":"","header-above-stick-meta":"","header-main-stick-meta":"","header-below-stick-meta":"","astra-migrate-meta-layouts":"set","ast-page-background-enabled":"default","ast-page-background-meta":{"desktop":{"background-color":"","background-image":"","background-repeat":"repeat","background-position":"center center","background-size":"auto","background-attachment":"scroll","background-type":"","background-media":"","overlay-type":"","overlay-color":"","overlay-opacity":"","overlay-gradient":""},"tablet":{"background-color":"","background-image":"","background-repeat":"repeat","background-position":"center center","background-size":"auto","background-attachment":"scroll","background-type":"","background-media":"","overlay-type":"","overlay-color":"","overlay-opacity":"","overlay-gradient":""},"mobile":{"background-color":"","background-image":"","background-repeat":"repeat","background-position":"center center","background-size":"auto","background-attachment":"scroll","background-type":"","background-media":"","overlay-type":"","overlay-color":"","overlay-opacity":"","overlay-gradient":""}},"ast-content-background-meta":{"desktop":{"background-color":"var(--ast-global-color-5)","background-image":"","background-repeat":"repeat","background-position":"center center","background-size":"auto","background-attachment":"scroll","background-type":"","background-media":"","overlay-type":"","overlay-color":"","overlay-opacity":"","overlay-gradient":""},"tablet":{"background-color":"var(--ast-global-color-5)","background-image":"","background-repeat":"repeat","background-position":"center center","background-size":"auto","background-attachment":"scroll","background-type":"","background-media":"","overlay-type":"","overlay-color":"","overlay-opacity":"","overlay-gradient":""},"mobile":{"background-color":"var(--ast-global-color-5)","background-image":"","background-repeat":"repeat","background-position":"center center","background-size":"auto","background-attachment":"scroll","background-type":"","background-media":"","overlay-type":"","overlay-color":"","overlay-opacity":"","overlay-gradient":""}}},"product_brand":[],"product_cat":[18,20],"product_tag":[],"class_list":{"0":"post-3382","1":"product","2":"type-product","3":"status-publish","5":"product_cat-products","6":"product_cat-antioxidant-for-lubricant","7":"desktop-align-left","8":"tablet-align-left","9":"mobile-align-left","11":"first","12":"instock","13":"shipping-taxable","14":"product-type-simple"},"_links":{"self":[{"href":"https:\/\/chicchem.com\/es\/wp-json\/wp\/v2\/product\/3382","targetHints":{"allow":["GET"]}}],"collection":[{"href":"https:\/\/chicchem.com\/es\/wp-json\/wp\/v2\/product"}],"about":[{"href":"https:\/\/chicchem.com\/es\/wp-json\/wp\/v2\/types\/product"}],"wp:attachment":[{"href":"https:\/\/chicchem.com\/es\/wp-json\/wp\/v2\/media?parent=3382"}],"wp:term":[{"taxonomy":"product_brand","embeddable":true,"href":"https:\/\/chicchem.com\/es\/wp-json\/wp\/v2\/product_brand?post=3382"},{"taxonomy":"product_cat","embeddable":true,"href":"https:\/\/chicchem.com\/es\/wp-json\/wp\/v2\/product_cat?post=3382"},{"taxonomy":"product_tag","embeddable":true,"href":"https:\/\/chicchem.com\/es\/wp-json\/wp\/v2\/product_tag?post=3382"}],"curies":[{"name":"wp","href":"https:\/\/api.w.org\/{rel}","templated":true}]}}