{"id":3383,"date":"2024-06-21T02:07:33","date_gmt":"2024-06-21T02:07:33","guid":{"rendered":"https:\/\/chicchem.com\/?post_type=product&#038;p=3383"},"modified":"2024-06-21T02:08:43","modified_gmt":"2024-06-21T02:08:43","slug":"poly-phenylmethyl-siloxane","status":"publish","type":"product","link":"https:\/\/chicchem.com\/es\/producto\/poly-phenylmethyl-siloxane\/","title":{"rendered":"Polifenilmetilsiloxano"},"content":{"rendered":"<p><span style=\"color: #f2a516;\"><strong><b>Descripci\u00f3n del Producto<\/b><\/strong><\/span><\/p>\n<p><span style=\"color: #000000;\">El polifenilmetilsiloxano es un aceite de silicona compuesto con grupos fenilo estrat\u00e9gicamente incorporados en la estructura molecular del dimetilsiloxano. A diferencia de los aceites de metil silicona convencionales, exhibe caracter\u00edsticas superiores que incluyen resistencia mejorada a altas temperaturas, resistencia a la radiaci\u00f3n, propiedades lubricantes y solubilidad. Operativo dentro de un rango de temperatura de -50 \u00b0C a 250 \u00b0C, este aceite de silicona demuestra un aislamiento el\u00e9ctrico excepcional, resistencia al ozono, resistencia a la corona, hidrofobicidad y propiedades a prueba de humedad. Adem\u00e1s, cuenta con un coeficiente m\u00ednimo de viscosidad-temperatura, baja tensi\u00f3n superficial, alta resistencia al corte y considerable compresibilidad.<\/span><\/p>\n<p><span style=\"color: #f2a516;\"><strong><b>Propiedades f\u00edsicas<\/b><\/strong><\/span><\/p>\n<table>\n<tbody>\n<tr>\n<td style=\"background-color: #ffecc9;\" width=\"516\"><span style=\"color: #000000;\">Forma f\u00edsica<\/span><\/td>\n<td width=\"661\"><span style=\"color: #000000;\">L\u00edquido transparente incoloro o amarillento.<\/span><\/td>\n<\/tr>\n<tr>\n<td style=\"background-color: #ffecc9;\" width=\"516\"><span style=\"color: #000000;\">Viscosidad cinem\u00e1tica (25 \u2103), mm2\/s<\/span><\/td>\n<td width=\"661\"><span style=\"color: #000000;\">35-300 (o especificar viscosidad)<\/span><\/td>\n<\/tr>\n<tr>\n<td style=\"background-color: #ffecc9;\" width=\"516\"><span style=\"color: #000000;\">\u00cdndice de refracci\u00f3n (25\u00b0C)<\/span><\/td>\n<td width=\"661\"><span style=\"color: #000000;\">1.450-1.510<\/span><\/td>\n<\/tr>\n<tr>\n<td style=\"background-color: #ffecc9;\" width=\"516\"><span style=\"color: #000000;\">Punto de inflamaci\u00f3n (abierto), \u2103 \u2265<\/span><\/td>\n<td width=\"661\"><span style=\"color: #000000;\">220 (o bajo pedido)<\/span><\/td>\n<\/tr>\n<tr>\n<td style=\"background-color: #ffecc9;\" width=\"516\"><span style=\"color: #000000;\">Densidad (25\u00b0C) g\/cm3<\/span><\/td>\n<td width=\"661\"><span style=\"color: #000000;\">1.01-1.08<\/span><\/td>\n<\/tr>\n<\/tbody>\n<\/table>\n<p><span style=\"color: #f2a516;\"><strong><b>\u00a0<\/b><\/strong><strong><b>Caracter\u00edsticas y beneficios<\/b><\/strong><\/span><\/p>\n<p><span style=\"color: #000000;\">Este producto es un l\u00edquido transparente de incoloro a amarillo claro, de baja volatilidad, insoluble en agua, etanol, soluble en tetracloruro de carbono, tolueno, benceno, etc.<\/span><\/p>\n<p><span style=\"color: #f2a516;\"><strong><b>Solicitud<\/b><\/strong><\/span><\/p>\n<p><span style=\"color: #000000;\">Encuentra una amplia aplicaci\u00f3n en aislamiento, lubricaci\u00f3n, amortiguaci\u00f3n, absorci\u00f3n de impactos, protecci\u00f3n contra la humedad y el polvo, fluidos hidr\u00e1ulicos de alta temperatura, portadores de calor de alta temperatura, aceites de llenado de transformadores y como medio de transmisi\u00f3n de se\u00f1ales de presi\u00f3n para varios transmisores de presi\u00f3n. Adem\u00e1s, sirve como aceite base para la formulaci\u00f3n de lubricantes y grasas de alta temperatura.<\/span><\/p>\n<p><span style=\"color: #f2a516;\"><strong><b>Paquete<\/b><\/strong><\/span><\/p>\n<p><span style=\"color: #000000;\">25 KG \/ bidones de pl\u00e1stico; 200KG\/ bidones de hierro.<\/span><\/p>\n<p><span style=\"color: #f2a516;\"><strong><b>Duraci\u00f3n<\/b><\/strong><\/span><\/p>\n<p><span style=\"color: #000000;\">24 meses desde la fecha de producci\u00f3n en embalaje original sin abrir.<\/span><\/p>\n<p><span style=\"color: #f2a516;\"><strong><b>Almacenamiento y transporte<\/b><\/strong><\/span><\/p>\n<p><span style=\"color: #000000;\">Para una conservaci\u00f3n \u00f3ptima, el producto debe almacenarse en un lugar oscuro, seco, fresco y herm\u00e9ticamente cerrado. Al abrirlo, es recomendable volver a cerrar herm\u00e9ticamente el envase y utilizar el producto lo antes posible. Durante el transporte, se deben tomar precauciones para evitar cualquier fuga, respetando las pr\u00e1cticas industriales est\u00e1ndar. El manejo cuidadoso es esencial para evitar cualquier posible contaminaci\u00f3n ambiental.<\/span><\/p>","protected":false},"excerpt":{"rendered":"<p>Protege los materiales del da\u00f1o oxidativo, alargando su vida \u00fatil.<\/p>","protected":false},"featured_media":0,"template":"","meta":{"site-sidebar-layout":"default","site-content-layout":"","ast-site-content-layout":"default","site-content-style":"default","site-sidebar-style":"default","ast-global-header-display":"","ast-banner-title-visibility":"","ast-main-header-display":"","ast-hfb-above-header-display":"","ast-hfb-below-header-display":"","ast-hfb-mobile-header-display":"","site-post-title":"","ast-breadcrumbs-content":"","ast-featured-img":"","footer-sml-layout":"","theme-transparent-header-meta":"default","adv-header-id-meta":"","stick-header-meta":"","header-above-stick-meta":"","header-main-stick-meta":"","header-below-stick-meta":"","astra-migrate-meta-layouts":"set","ast-page-background-enabled":"default","ast-page-background-meta":{"desktop":{"background-color":"","background-image":"","background-repeat":"repeat","background-position":"center center","background-size":"auto","background-attachment":"scroll","background-type":"","background-media":"","overlay-type":"","overlay-color":"","overlay-opacity":"","overlay-gradient":""},"tablet":{"background-color":"","background-image":"","background-repeat":"repeat","background-position":"center center","background-size":"auto","background-attachment":"scroll","background-type":"","background-media":"","overlay-type":"","overlay-color":"","overlay-opacity":"","overlay-gradient":""},"mobile":{"background-color":"","background-image":"","background-repeat":"repeat","background-position":"center center","background-size":"auto","background-attachment":"scroll","background-type":"","background-media":"","overlay-type":"","overlay-color":"","overlay-opacity":"","overlay-gradient":""}},"ast-content-background-meta":{"desktop":{"background-color":"var(--ast-global-color-5)","background-image":"","background-repeat":"repeat","background-position":"center center","background-size":"auto","background-attachment":"scroll","background-type":"","background-media":"","overlay-type":"","overlay-color":"","overlay-opacity":"","overlay-gradient":""},"tablet":{"background-color":"var(--ast-global-color-5)","background-image":"","background-repeat":"repeat","background-position":"center center","background-size":"auto","background-attachment":"scroll","background-type":"","background-media":"","overlay-type":"","overlay-color":"","overlay-opacity":"","overlay-gradient":""},"mobile":{"background-color":"var(--ast-global-color-5)","background-image":"","background-repeat":"repeat","background-position":"center center","background-size":"auto","background-attachment":"scroll","background-type":"","background-media":"","overlay-type":"","overlay-color":"","overlay-opacity":"","overlay-gradient":""}}},"product_brand":[],"product_cat":[18,20],"product_tag":[],"class_list":{"0":"post-3383","1":"product","2":"type-product","3":"status-publish","5":"product_cat-products","6":"product_cat-antioxidant-for-lubricant","7":"desktop-align-left","8":"tablet-align-left","9":"mobile-align-left","11":"first","12":"instock","13":"shipping-taxable","14":"product-type-simple"},"_links":{"self":[{"href":"https:\/\/chicchem.com\/es\/wp-json\/wp\/v2\/product\/3383","targetHints":{"allow":["GET"]}}],"collection":[{"href":"https:\/\/chicchem.com\/es\/wp-json\/wp\/v2\/product"}],"about":[{"href":"https:\/\/chicchem.com\/es\/wp-json\/wp\/v2\/types\/product"}],"wp:attachment":[{"href":"https:\/\/chicchem.com\/es\/wp-json\/wp\/v2\/media?parent=3383"}],"wp:term":[{"taxonomy":"product_brand","embeddable":true,"href":"https:\/\/chicchem.com\/es\/wp-json\/wp\/v2\/product_brand?post=3383"},{"taxonomy":"product_cat","embeddable":true,"href":"https:\/\/chicchem.com\/es\/wp-json\/wp\/v2\/product_cat?post=3383"},{"taxonomy":"product_tag","embeddable":true,"href":"https:\/\/chicchem.com\/es\/wp-json\/wp\/v2\/product_tag?post=3383"}],"curies":[{"name":"wp","href":"https:\/\/api.w.org\/{rel}","templated":true}]}}