{"id":3384,"date":"2024-06-21T02:08:56","date_gmt":"2024-06-21T02:08:56","guid":{"rendered":"https:\/\/chicchem.com\/?post_type=product&#038;p=3384"},"modified":"2024-06-21T02:10:27","modified_gmt":"2024-06-21T02:10:27","slug":"polydimethyl-siloxane","status":"publish","type":"product","link":"https:\/\/chicchem.com\/es\/producto\/polydimethyl-siloxane\/","title":{"rendered":"Polidimetilsiloxano"},"content":{"rendered":"<p><span style=\"color: #f2a516;\"><strong><b>Descripci\u00f3n del Producto<\/b><\/strong><\/span><\/p>\n<p><span style=\"color: #000000;\">Distinguido por sus atributos superiores en comparaci\u00f3n con el aceite de metil silicona, nuestro producto ofrece una resistencia mejorada a bajas temperaturas, un aislamiento el\u00e9ctrico superior y una cadena de carbono et\u00edlico m\u00e1s larga, lo que resulta en una compatibilidad superior con solventes org\u00e1nicos. Al operar dentro de un rango de temperatura de -60 \u00b0C a 150 \u00b0C, exhibe un coeficiente m\u00ednimo de temperatura-viscosidad, adem\u00e1s de un excelente rendimiento lubricante y diel\u00e9ctrico. Caracterizado por su baja volatilidad, baja tensi\u00f3n superficial, no toxicidad, no corrosividad y propiedades antienvejecimiento, se puede mezclar con varias viscosidades para adaptarse a los requisitos de aplicaci\u00f3n espec\u00edficos.<\/span><\/p>\n<p><span style=\"color: #f2a516;\"><strong><b>Propiedades f\u00edsicas<\/b><\/strong><\/span><\/p>\n<table>\n<tbody>\n<tr>\n<td style=\"background-color: #ffecc9;\" width=\"532\">&nbsp;<\/td>\n<td width=\"296\"><span style=\"color: #000000;\">Aceite para instrumentos n\u00ba 4<\/span><\/td>\n<td width=\"247\"><span style=\"color: #000000;\">Aceite especial n\u00ba 3<\/span><\/td>\n<td width=\"294\"><span style=\"color: #000000;\">Aceite lubricante n\u00ba 3<\/span><\/td>\n<\/tr>\n<tr>\n<td style=\"background-color: #ffecc9;\" width=\"532\"><span style=\"color: #000000;\">Forma f\u00edsica<\/span><\/td>\n<td colspan=\"3\" width=\"838\"><span style=\"color: #000000;\">L\u00edquido transparente incoloro o amarillento.<\/span><\/td>\n<\/tr>\n<tr>\n<td style=\"background-color: #ffecc9;\" width=\"532\"><span style=\"color: #000000;\">Viscosidad cinem\u00e1tica\/25\u2103, mm2\/s<\/span><\/td>\n<td width=\"296\"><span style=\"color: #000000;\">34-40<\/span><\/td>\n<td width=\"247\"><span style=\"color: #000000;\">145-175<\/span><\/td>\n<td width=\"294\"><span style=\"color: #000000;\">180-280<\/span><\/td>\n<\/tr>\n<tr>\n<td style=\"background-color: #ffecc9;\" width=\"532\"><span style=\"color: #000000;\">Punto de inflamaci\u00f3n\/\u2103, \u2265<\/span><\/td>\n<td width=\"296\"><span style=\"color: #000000;\">170<\/span><\/td>\n<td width=\"247\"><span style=\"color: #000000;\">230<\/span><\/td>\n<td width=\"294\"><span style=\"color: #000000;\">265<\/span><\/td>\n<\/tr>\n<tr>\n<td style=\"background-color: #ffecc9;\" width=\"532\"><span style=\"color: #000000;\">\u00cdndice de acidez\/mgKOH\/g, \u2264<\/span><\/td>\n<td colspan=\"3\" width=\"838\"><span style=\"color: #000000;\">0.1<\/span><\/td>\n<\/tr>\n<tr>\n<td style=\"background-color: #ffecc9;\" width=\"532\"><span style=\"color: #000000;\">Prueba de corrosi\u00f3n (T3, cobre, 100\u00b0C, 3h)<\/span><\/td>\n<td colspan=\"3\" width=\"838\"><span style=\"color: #000000;\">calificado<\/span><\/td>\n<\/tr>\n<tr>\n<td style=\"background-color: #ffecc9;\" width=\"532\"><span style=\"color: #000000;\">Punto de congelaci\u00f3n\/\u2103, \u2264<\/span><\/td>\n<td colspan=\"3\" width=\"838\"><span style=\"color: #000000;\">-70<\/span><\/td>\n<\/tr>\n<tr>\n<td style=\"background-color: #ffecc9;\" width=\"532\"><span style=\"color: #000000;\">Contenido de etoxi\/%, \u2264<\/span><\/td>\n<td width=\"296\"><span style=\"color: #000000;\">0.25<\/span><\/td>\n<td colspan=\"2\" width=\"541\"><span style=\"color: #000000;\">0.20<\/span><\/td>\n<\/tr>\n<tr>\n<td style=\"background-color: #ffecc9;\" width=\"532\"><span style=\"color: #000000;\">Contenido de silicio\/%<\/span><\/td>\n<td width=\"296\"><span style=\"color: #000000;\">26.0-27.1<\/span><\/td>\n<td width=\"247\"><span style=\"color: #000000;\">\u2500<\/span><\/td>\n<td width=\"294\"><span style=\"color: #000000;\">\u2500<\/span><\/td>\n<\/tr>\n<\/tbody>\n<\/table>\n<p><span style=\"color: #f2a516;\"><strong><b>Caracter\u00edsticas y beneficios<\/b><\/strong><\/span><\/p>\n<ul>\n<li><span style=\"color: #000000;\">Baja volatilidad<\/span><\/li>\n<li><span style=\"color: #000000;\">Insoluble en agua y etanol.<\/span><\/li>\n<li><span style=\"color: #000000;\">Soluble en cloroformo, tolueno, benceno y otros disolventes.<\/span><\/li>\n<\/ul>\n<p><span style=\"color: #f2a516;\"><strong><b>Aplicaci\u00f3n<\/b><\/strong><\/span><\/p>\n<p><span style=\"color: #000000;\">Encuentra una gran utilidad en la industria el\u00e9ctrica como material aislante, en aceites para instrumentaci\u00f3n de precisi\u00f3n, aceites hidr\u00e1ulicos y formulaciones de aceites lubricantes especializados. Adem\u00e1s, sirve como agente desmoldante eficaz para una amplia gama de productos de caucho y pl\u00e1stico.<\/span><\/p>\n<p><span style=\"color: #f2a516;\"><strong><b>Paquete<\/b><\/strong><\/span><\/p>\n<p><span style=\"color: #000000;\">25 KG\/ bidones de pl\u00e1stico; 200 KG\/tambores de hierro.<\/span><\/p>\n<p><span style=\"color: #f2a516;\"><strong>Duraci\u00f3n<\/strong><\/span><\/p>\n<p><span style=\"color: #000000;\">24 meses desde la fecha de producci\u00f3n en embalaje original sin abrir.<\/span><\/p>\n<p><span style=\"color: #f2a516;\"><strong>Almacenamiento y transporte<\/strong><\/span><\/p>\n<p><span style=\"color: #000000;\">Para una conservaci\u00f3n \u00f3ptima, el producto debe almacenarse en un lugar oscuro, seco, fresco y herm\u00e9ticamente cerrado. Al abrirlo, es recomendable volver a cerrar herm\u00e9ticamente el envase y utilizar el producto lo antes posible. Durante el transporte, se deben tomar precauciones para evitar cualquier fuga, respetando las pr\u00e1cticas industriales est\u00e1ndar. El manejo cuidadoso es esencial para evitar cualquier posible contaminaci\u00f3n ambiental.<\/span><\/p>","protected":false},"excerpt":{"rendered":"<p>Protege los materiales del da\u00f1o oxidativo, alargando su vida \u00fatil.<\/p>","protected":false},"featured_media":0,"template":"","meta":{"site-sidebar-layout":"default","site-content-layout":"","ast-site-content-layout":"default","site-content-style":"default","site-sidebar-style":"default","ast-global-header-display":"","ast-banner-title-visibility":"","ast-main-header-display":"","ast-hfb-above-header-display":"","ast-hfb-below-header-display":"","ast-hfb-mobile-header-display":"","site-post-title":"","ast-breadcrumbs-content":"","ast-featured-img":"","footer-sml-layout":"","theme-transparent-header-meta":"default","adv-header-id-meta":"","stick-header-meta":"","header-above-stick-meta":"","header-main-stick-meta":"","header-below-stick-meta":"","astra-migrate-meta-layouts":"set","ast-page-background-enabled":"default","ast-page-background-meta":{"desktop":{"background-color":"","background-image":"","background-repeat":"repeat","background-position":"center center","background-size":"auto","background-attachment":"scroll","background-type":"","background-media":"","overlay-type":"","overlay-color":"","overlay-opacity":"","overlay-gradient":""},"tablet":{"background-color":"","background-image":"","background-repeat":"repeat","background-position":"center center","background-size":"auto","background-attachment":"scroll","background-type":"","background-media":"","overlay-type":"","overlay-color":"","overlay-opacity":"","overlay-gradient":""},"mobile":{"background-color":"","background-image":"","background-repeat":"repeat","background-position":"center center","background-size":"auto","background-attachment":"scroll","background-type":"","background-media":"","overlay-type":"","overlay-color":"","overlay-opacity":"","overlay-gradient":""}},"ast-content-background-meta":{"desktop":{"background-color":"var(--ast-global-color-5)","background-image":"","background-repeat":"repeat","background-position":"center center","background-size":"auto","background-attachment":"scroll","background-type":"","background-media":"","overlay-type":"","overlay-color":"","overlay-opacity":"","overlay-gradient":""},"tablet":{"background-color":"var(--ast-global-color-5)","background-image":"","background-repeat":"repeat","background-position":"center center","background-size":"auto","background-attachment":"scroll","background-type":"","background-media":"","overlay-type":"","overlay-color":"","overlay-opacity":"","overlay-gradient":""},"mobile":{"background-color":"var(--ast-global-color-5)","background-image":"","background-repeat":"repeat","background-position":"center center","background-size":"auto","background-attachment":"scroll","background-type":"","background-media":"","overlay-type":"","overlay-color":"","overlay-opacity":"","overlay-gradient":""}}},"product_brand":[],"product_cat":[18,20],"product_tag":[],"class_list":{"0":"post-3384","1":"product","2":"type-product","3":"status-publish","5":"product_cat-products","6":"product_cat-antioxidant-for-lubricant","7":"desktop-align-left","8":"tablet-align-left","9":"mobile-align-left","11":"first","12":"instock","13":"shipping-taxable","14":"product-type-simple"},"_links":{"self":[{"href":"https:\/\/chicchem.com\/es\/wp-json\/wp\/v2\/product\/3384","targetHints":{"allow":["GET"]}}],"collection":[{"href":"https:\/\/chicchem.com\/es\/wp-json\/wp\/v2\/product"}],"about":[{"href":"https:\/\/chicchem.com\/es\/wp-json\/wp\/v2\/types\/product"}],"wp:attachment":[{"href":"https:\/\/chicchem.com\/es\/wp-json\/wp\/v2\/media?parent=3384"}],"wp:term":[{"taxonomy":"product_brand","embeddable":true,"href":"https:\/\/chicchem.com\/es\/wp-json\/wp\/v2\/product_brand?post=3384"},{"taxonomy":"product_cat","embeddable":true,"href":"https:\/\/chicchem.com\/es\/wp-json\/wp\/v2\/product_cat?post=3384"},{"taxonomy":"product_tag","embeddable":true,"href":"https:\/\/chicchem.com\/es\/wp-json\/wp\/v2\/product_tag?post=3384"}],"curies":[{"name":"wp","href":"https:\/\/api.w.org\/{rel}","templated":true}]}}