{"id":3385,"date":"2024-06-21T02:10:38","date_gmt":"2024-06-21T02:10:38","guid":{"rendered":"https:\/\/chicchem.com\/?post_type=product&#038;p=3385"},"modified":"2024-06-21T02:12:03","modified_gmt":"2024-06-21T02:12:03","slug":"polydimethyl-siloxane-2","status":"publish","type":"product","link":"https:\/\/chicchem.com\/es\/producto\/polydimethyl-siloxane-2\/","title":{"rendered":"Polidimetilsiloxano"},"content":{"rendered":"<p><span style=\"color: #f2a516;\"><strong><b>Descripci\u00f3n del Producto<\/b><\/strong><\/span><\/p>\n<p><span style=\"color: #000000;\">Es un l\u00edquido transparente a l\u00edquido viscoso, caracterizado por su incoloro e inodoro. Su peso molecular var\u00eda seg\u00fan el grado de polimerizaci\u00f3n. Es insoluble en agua, metanol, aceite vegetal y parafina, mientras que presenta una ligera solubilidad en etanol, butanol y glicerina. En particular, se disuelve f\u00e1cilmente en benceno, tolueno, xileno, \u00e9ter y alcanos clorados.<\/span><\/p>\n<p><span style=\"color: #f2a516;\"><strong><b>Propiedades f\u00edsicas<\/b><\/strong><\/span><\/p>\n<table>\n<tbody>\n<tr>\n<td style=\"background-color: #ffecc9;\" width=\"516\"><span style=\"color: #000000;\">Forma f\u00edsica<\/span><\/td>\n<td width=\"661\"><span style=\"color: #000000;\">L\u00edquido transparente incoloro o amarillento.<\/span><\/td>\n<\/tr>\n<tr>\n<td style=\"background-color: #ffecc9;\" width=\"516\"><span style=\"color: #000000;\">viscosidad (25\u2103), mm2\/s<\/span><\/td>\n<td width=\"661\"><span style=\"color: #000000;\">50-100,000<\/span><\/td>\n<\/tr>\n<tr>\n<td style=\"background-color: #ffecc9;\" width=\"516\"><span style=\"color: #000000;\">Materia vol\u00e1til\/% \u2264<\/span><\/td>\n<td width=\"661\"><span style=\"color: #000000;\">2,0 (dependiendo de varias viscosidades)<\/span><\/td>\n<\/tr>\n<tr>\n<td style=\"background-color: #ffecc9;\" width=\"516\"><span style=\"color: #000000;\">Punto de inflamaci\u00f3n (abierto), \u2103 \u2265<\/span><\/td>\n<td width=\"661\"><span style=\"color: #000000;\">250<\/span><\/td>\n<\/tr>\n<tr>\n<td style=\"background-color: #ffecc9;\" width=\"516\"><span style=\"color: #000000;\">\u00cdndice de refracci\u00f3n (25\u00b0C)<\/span><\/td>\n<td width=\"661\"><span style=\"color: #000000;\">1.400~1.410<\/span><\/td>\n<\/tr>\n<\/tbody>\n<\/table>\n<p><span style=\"color: #f2a516;\"><strong><b>Caracter\u00edsticas y beneficios<\/b><\/strong><\/span><\/p>\n<p><span style=\"color: #000000;\">Con un coeficiente m\u00ednimo de viscosidad-temperatura, alta compresibilidad y baja tensi\u00f3n superficial, demuestra una excelente resistencia al agua y la humedad. Adem\u00e1s, posee una capacidad calor\u00edfica espec\u00edfica y una conductividad t\u00e9rmica bajas. Sorprendentemente, exhibe un excelente rendimiento de aislamiento el\u00e9ctrico, resistencia al calor, alto punto de inflamaci\u00f3n y bajo punto de congelaci\u00f3n, lo que permite un uso prolongado dentro del rango de temperatura de -50 \u00b0C a +200 \u00b0C.<\/span><\/p>\n<p><span style=\"color: #f2a516;\"><strong><b>Aplicaciones<\/b><\/strong><\/span><\/p>\n<ol>\n<li><span style=\"color: #000000;\"><b><\/b><strong><b>Aislamiento electrico:<\/b><\/strong>Ampliamente utilizado en motores, aparatos el\u00e9ctricos e instrumentos electr\u00f3nicos por su resistencia a la temperatura, arco, corona, corrosi\u00f3n, humedad y polvo. Tambi\u00e9n se emplea como aceite de transformadores y condensadores para mejorar la eficiencia del transformador, aumentar la potencia y garantizar la seguridad mientras se minimiza la contaminaci\u00f3n.<\/span><\/li>\n<li><span style=\"color: #000000;\"><b><\/b><strong><b>Antivibraci\u00f3n y Amortiguaci\u00f3n:<\/b><\/strong>Se utiliza como aceite antivibraci\u00f3n y amortiguaci\u00f3n en diversas aplicaciones, como instrumentos, motores de autom\u00f3viles y disyuntores. Sus propiedades de resorte l\u00edquido ofrecen compacidad, peso ligero y la capacidad de soportar fuerzas de impacto sustanciales en un amplio rango de temperaturas, lo que lo hace ideal para aplicaciones aeroespaciales.<\/span><\/li>\n<li><span style=\"color: #000000;\"><b><\/b><strong><b>Agente de liberaci\u00f3n:<\/b><\/strong>Act\u00faa como un agente desmoldante eficaz en moldeo de pl\u00e1stico, procesamiento de caucho, fundici\u00f3n de metales y otras industrias, proporcionando excelentes propiedades de desmoldeo, alta precisi\u00f3n de la superficie del producto y m\u00faltiples reutilizaciones con una aplicaci\u00f3n m\u00ednima. Normalmente se utiliza como soluci\u00f3n o emulsi\u00f3n en concentraciones de 0,5-2,51 TP3T.<\/span><\/li>\n<li><span style=\"color: #000000;\"><b><\/b><strong><b>Antiespumante:<\/b><\/strong>Sirve como un antiespumante vers\u00e1til con un fuerte poder antiespumante, resistencia a altas temperaturas y estabilidad qu\u00edmica, ampliamente aplicado en las industrias petrolera, qu\u00edmica, de impresi\u00f3n, de te\u00f1ido y de alimentos. Peque\u00f1as concentraciones (10-100 ppm) controlan eficazmente la formaci\u00f3n de espuma.<\/span><\/li>\n<li><span style=\"color: #000000;\"><b><\/b><strong><b>Lubricante:<\/b><\/strong>Adecuado para lubricar caucho, cojinetes de pl\u00e1stico, engranajes, maquinaria e instrumentos de precisi\u00f3n en condiciones de temperatura extrema. Con aditivos, funciona como lubricante resistente al desgaste y a presiones extremas.<\/span><\/li>\n<li><span style=\"color: #000000;\"><b><\/b><strong><b>Agente de tratamiento de superficies: <\/b><\/strong>Se aplica como soluci\u00f3n o emulsi\u00f3n 10% sobre vidrio, cer\u00e1mica y superficies met\u00e1licas, formando una pel\u00edcula delgada semipermanente impermeable, a prueba de moho y aislante despu\u00e9s del tratamiento t\u00e9rmico. Tambi\u00e9n se utiliza para impermeabilizar papel, cuero, materiales de construcci\u00f3n y telas.<\/span><\/li>\n<li><span style=\"color: #000000;\"><b><\/b><strong><b>Aditivo:<\/b><\/strong>Mejora la resistencia al agua, el brillo, la resistencia a la oxidaci\u00f3n y el rendimiento del procesamiento de materiales como pintura, caucho, parafina y resina. Mejora la calidad de la pintura, evitando que el color flote y se arrugue.<\/span><\/li>\n<li><span style=\"color: #000000;\"><b><\/b><strong><b>M\u00e9dico y sanitario:<\/b><\/strong>Se utiliza en el tratamiento del edema y la hinchaz\u00f3n pulmonar, as\u00ed como como antiespumante para m\u00e1quinas de circulaci\u00f3n extracorp\u00f3rea artificial. Los ung\u00fcentos y agentes protectores mejoran la penetraci\u00f3n de los f\u00e1rmacos en quemaduras, dermatitis y escaras. Los utensilios con superficie tratada tienen efectos anticoagulantes, lo que prolonga el tiempo de almacenamiento de las muestras de sangre. Las pastillas para chupar presentan resistencia a la humedad, lo que prolonga la eficacia del f\u00e1rmaco.<\/span><\/li>\n<li><span style=\"color: #000000;\"><b><\/b><strong><b>Aplicaciones diversas:<\/b><\/strong>Empleado como ba\u00f1o de alta temperatura, portador de calor, agente antiimpresi\u00f3n para fotocopiadoras en seco, agentes de glaseado y eliminador de electricidad est\u00e1tica en trefilado. Se agrega a los cosm\u00e9ticos para mejorar el cuidado de la piel y los efectos humectantes.<\/span><\/li>\n<\/ol>\n<p><span style=\"color: #f2a516;\"><strong><b>Paquete<\/b><\/strong><\/span><\/p>\n<p><span style=\"color: #000000;\">25 KG\/ bidones de pl\u00e1stico; 200 KG\/tambores de hierro.<\/span><\/p>\n<p><span style=\"color: #f2a516;\"><strong><b>Duraci\u00f3n<\/b><\/strong><\/span><\/p>\n<p><span style=\"color: #000000;\">24 meses desde la fecha de producci\u00f3n en embalaje original sin abrir.<\/span><\/p>\n<p><span style=\"color: #f2a516;\"><strong><b>Almacenamiento <\/b><\/strong><\/span><\/p>\n<p><span style=\"color: #000000;\">Almacenar en un ambiente oscuro, seco y fresco, manteniendo el recipiente herm\u00e9ticamente cerrado.<\/span><\/p>","protected":false},"excerpt":{"rendered":"<p>Protege los materiales del da\u00f1o oxidativo, alargando su vida \u00fatil.<\/p>","protected":false},"featured_media":0,"template":"","meta":{"site-sidebar-layout":"default","site-content-layout":"","ast-site-content-layout":"default","site-content-style":"default","site-sidebar-style":"default","ast-global-header-display":"","ast-banner-title-visibility":"","ast-main-header-display":"","ast-hfb-above-header-display":"","ast-hfb-below-header-display":"","ast-hfb-mobile-header-display":"","site-post-title":"","ast-breadcrumbs-content":"","ast-featured-img":"","footer-sml-layout":"","theme-transparent-header-meta":"default","adv-header-id-meta":"","stick-header-meta":"","header-above-stick-meta":"","header-main-stick-meta":"","header-below-stick-meta":"","astra-migrate-meta-layouts":"set","ast-page-background-enabled":"default","ast-page-background-meta":{"desktop":{"background-color":"","background-image":"","background-repeat":"repeat","background-position":"center center","background-size":"auto","background-attachment":"scroll","background-type":"","background-media":"","overlay-type":"","overlay-color":"","overlay-opacity":"","overlay-gradient":""},"tablet":{"background-color":"","background-image":"","background-repeat":"repeat","background-position":"center center","background-size":"auto","background-attachment":"scroll","background-type":"","background-media":"","overlay-type":"","overlay-color":"","overlay-opacity":"","overlay-gradient":""},"mobile":{"background-color":"","background-image":"","background-repeat":"repeat","background-position":"center center","background-size":"auto","background-attachment":"scroll","background-type":"","background-media":"","overlay-type":"","overlay-color":"","overlay-opacity":"","overlay-gradient":""}},"ast-content-background-meta":{"desktop":{"background-color":"var(--ast-global-color-5)","background-image":"","background-repeat":"repeat","background-position":"center center","background-size":"auto","background-attachment":"scroll","background-type":"","background-media":"","overlay-type":"","overlay-color":"","overlay-opacity":"","overlay-gradient":""},"tablet":{"background-color":"var(--ast-global-color-5)","background-image":"","background-repeat":"repeat","background-position":"center center","background-size":"auto","background-attachment":"scroll","background-type":"","background-media":"","overlay-type":"","overlay-color":"","overlay-opacity":"","overlay-gradient":""},"mobile":{"background-color":"var(--ast-global-color-5)","background-image":"","background-repeat":"repeat","background-position":"center center","background-size":"auto","background-attachment":"scroll","background-type":"","background-media":"","overlay-type":"","overlay-color":"","overlay-opacity":"","overlay-gradient":""}}},"product_brand":[],"product_cat":[18,20],"product_tag":[],"class_list":{"0":"post-3385","1":"product","2":"type-product","3":"status-publish","5":"product_cat-products","6":"product_cat-antioxidant-for-lubricant","7":"desktop-align-left","8":"tablet-align-left","9":"mobile-align-left","11":"first","12":"instock","13":"shipping-taxable","14":"product-type-simple"},"_links":{"self":[{"href":"https:\/\/chicchem.com\/es\/wp-json\/wp\/v2\/product\/3385","targetHints":{"allow":["GET"]}}],"collection":[{"href":"https:\/\/chicchem.com\/es\/wp-json\/wp\/v2\/product"}],"about":[{"href":"https:\/\/chicchem.com\/es\/wp-json\/wp\/v2\/types\/product"}],"wp:attachment":[{"href":"https:\/\/chicchem.com\/es\/wp-json\/wp\/v2\/media?parent=3385"}],"wp:term":[{"taxonomy":"product_brand","embeddable":true,"href":"https:\/\/chicchem.com\/es\/wp-json\/wp\/v2\/product_brand?post=3385"},{"taxonomy":"product_cat","embeddable":true,"href":"https:\/\/chicchem.com\/es\/wp-json\/wp\/v2\/product_cat?post=3385"},{"taxonomy":"product_tag","embeddable":true,"href":"https:\/\/chicchem.com\/es\/wp-json\/wp\/v2\/product_tag?post=3385"}],"curies":[{"name":"wp","href":"https:\/\/api.w.org\/{rel}","templated":true}]}}