{"id":3386,"date":"2024-06-21T02:30:51","date_gmt":"2024-06-21T02:30:51","guid":{"rendered":"https:\/\/chicchem.com\/?post_type=product&#038;p=3386"},"modified":"2024-08-07T08:31:18","modified_gmt":"2024-08-07T08:31:18","slug":"chicstab-136","status":"publish","type":"product","link":"https:\/\/chicchem.com\/es\/producto\/chicstab-136\/","title":{"rendered":"Chicstab 136"},"content":{"rendered":"<p><span style=\"color: #94bd75;\"><strong><b>Descripci\u00f3n del Producto<\/b><\/strong><\/span><\/p>\n<p><span style=\"color: #000000;\">NO CAS.  164391-52-0<\/span><\/p>\n<p><span style=\"color: #000000;\">Chicstab 136 es un eliminador de radicales libres de carbono altamente eficiente que mejora significativamente las propiedades antioxidantes cuando se usa junto con antioxidantes fen\u00f3licos y fosfitos. Es adecuado para una amplia gama de aplicaciones que incluyen poliolefinas, poliuretanos, policarbonatos, poli\u00e9steres, adhesivos de alta temperatura, lubricantes y poliamidas.<\/span><\/p>\n<p><span style=\"color: #000000;\">Como eliminador de carbono, Chicstab 136 inhibe eficazmente la oxidaci\u00f3n durante las etapas iniciales de la oxidaci\u00f3n del pol\u00edmero. Cuando se combina con antioxidantes auxiliares de fosfito, protege los pol\u00edmeros descomponiendo los hidroper\u00f3xidos, particularmente durante el procesamiento. El efecto sin\u00e9rgico con los antioxidantes fen\u00f3licos impedidos mejora la estabilidad del procesamiento y previene la degradaci\u00f3n termooxidativa, asegurando la estabilidad t\u00e9rmica a largo plazo.<\/span><\/p>\n<p><span style=\"color: #94bd75;\"><strong><b>Propiedades f\u00edsicas\u00a0<\/b><\/strong><\/span><\/p>\n<table>\n<tbody>\n<tr>\n<td style=\"background-color: #c9e4b4;\" width=\"582\"><span style=\"color: #000000;\">Forma f\u00edsica\u00a0<\/span><\/td>\n<td width=\"772\"><span style=\"color: #000000;\">Polvo o gr\u00e1nulos cristalinos blancos.<\/span><\/td>\n<\/tr>\n<tr>\n<td style=\"background-color: #c9e4b4;\" width=\"582\"><span style=\"color: #000000;\">Punto de fusi\u00f3n, \u2103<\/span><\/td>\n<td width=\"772\"><span style=\"color: #000000;\">130-135<\/span><\/td>\n<\/tr>\n<tr>\n<td style=\"background-color: #c9e4b4;\" width=\"582\"><span style=\"color: #000000;\">Materia Vol\u00e1til, %<\/span><\/td>\n<td width=\"772\"><span style=\"color: #000000;\">\u22640,5<\/span><\/td>\n<\/tr>\n<tr>\n<td style=\"background-color: #c9e4b4;\" width=\"582\"><span style=\"color: #000000;\">Contenido, %<\/span><\/td>\n<td width=\"772\"><span style=\"color: #000000;\">\u226598,0<\/span><\/td>\n<\/tr>\n<\/tbody>\n<\/table>\n<p><span style=\"color: #94bd75;\"><strong><b>Caracter\u00edsticas y beneficios<\/b><\/strong><\/span><\/p>\n<p><span style=\"color: #000000;\">Chicstab 136 puede mejorar la resistencia al calor cuando se usa sin\u00e9rgicamente con otros antioxidantes auxiliares de sulfuro. Muestra un notable efecto anti-amarilleo en el procesamiento de pl\u00e1stico y mejora las propiedades anti-quemaduras y anti-amarilleo de la espuma de poliuretano.  Es soluble en benceno, acetona, cloroformo y otros disolventes similares, pero insoluble en agua. Presenta resistencia al calor y caracter\u00edsticas de baja volatilidad.<\/span><\/p>\n<p><span style=\"color: #94bd75;\"><strong><b>Gu\u00eda de uso<\/b><\/strong><\/span><\/p>\n<p><span style=\"color: #000000;\">La dosis recomendada de Chicstab 136 oscila entre 0,05% y 0,5%. Se recomienda utilizarlo en combinaci\u00f3n con antioxidantes como fenoles y fosfitos, en lugar de como aditivo independiente.<\/span><\/p>\n<p><span style=\"color: #94bd75;\"><strong>Paquete<\/strong><\/span><\/p>\n<p><span style=\"color: #000000;\">Bolsas de papel-pl\u00e1stico de 25KG o bidones de cart\u00f3n forrados con bolsas de pl\u00e1stico.<\/span><\/p>\n<p><span style=\"color: #94bd75;\"><strong>Duraci\u00f3n<\/strong><\/span><\/p>\n<p><span style=\"color: #000000;\">12 meses a partir de la fecha de producci\u00f3n en embalaje original sin abrir.<\/span><\/p>\n<p><span style=\"color: #94bd75;\"><strong>Almacenamiento<\/strong><strong>\u00a0y <\/strong><strong>Transporte<\/strong><strong>t<\/strong><strong>aci\u00f3n<\/strong><\/span><\/p>\n<p><span style=\"color: #000000;\">Almacenar en condiciones oscuras, secas y frescas. Despu\u00e9s de abrirlo, es aconsejable volver a cerrarlo herm\u00e9ticamente y utilizarlo lo antes posible. Durante el transporte, tome precauciones para evitar fugas, respete las mejores pr\u00e1cticas industriales, manipule con cuidado y evite la contaminaci\u00f3n ambiental.<\/span><\/p>","protected":false},"excerpt":{"rendered":"<p>Protege los materiales del da\u00f1o oxidativo, alargando su vida \u00fatil.<\/p>","protected":false},"featured_media":0,"template":"","meta":{"site-sidebar-layout":"default","site-content-layout":"","ast-site-content-layout":"default","site-content-style":"default","site-sidebar-style":"default","ast-global-header-display":"","ast-banner-title-visibility":"","ast-main-header-display":"","ast-hfb-above-header-display":"","ast-hfb-below-header-display":"","ast-hfb-mobile-header-display":"","site-post-title":"","ast-breadcrumbs-content":"","ast-featured-img":"","footer-sml-layout":"","theme-transparent-header-meta":"default","adv-header-id-meta":"","stick-header-meta":"","header-above-stick-meta":"","header-main-stick-meta":"","header-below-stick-meta":"","astra-migrate-meta-layouts":"set","ast-page-background-enabled":"default","ast-page-background-meta":{"desktop":{"background-color":"","background-image":"","background-repeat":"repeat","background-position":"center center","background-size":"auto","background-attachment":"scroll","background-type":"","background-media":"","overlay-type":"","overlay-color":"","overlay-opacity":"","overlay-gradient":""},"tablet":{"background-color":"","background-image":"","background-repeat":"repeat","background-position":"center center","background-size":"auto","background-attachment":"scroll","background-type":"","background-media":"","overlay-type":"","overlay-color":"","overlay-opacity":"","overlay-gradient":""},"mobile":{"background-color":"","background-image":"","background-repeat":"repeat","background-position":"center center","background-size":"auto","background-attachment":"scroll","background-type":"","background-media":"","overlay-type":"","overlay-color":"","overlay-opacity":"","overlay-gradient":""}},"ast-content-background-meta":{"desktop":{"background-color":"var(--ast-global-color-5)","background-image":"","background-repeat":"repeat","background-position":"center center","background-size":"auto","background-attachment":"scroll","background-type":"","background-media":"","overlay-type":"","overlay-color":"","overlay-opacity":"","overlay-gradient":""},"tablet":{"background-color":"var(--ast-global-color-5)","background-image":"","background-repeat":"repeat","background-position":"center center","background-size":"auto","background-attachment":"scroll","background-type":"","background-media":"","overlay-type":"","overlay-color":"","overlay-opacity":"","overlay-gradient":""},"mobile":{"background-color":"var(--ast-global-color-5)","background-image":"","background-repeat":"repeat","background-position":"center center","background-size":"auto","background-attachment":"scroll","background-type":"","background-media":"","overlay-type":"","overlay-color":"","overlay-opacity":"","overlay-gradient":""}}},"product_brand":[],"product_cat":[18,21],"product_tag":[],"class_list":{"0":"post-3386","1":"product","2":"type-product","3":"status-publish","5":"product_cat-products","6":"product_cat-antioxidant-for-plastics-and-rubbers","7":"desktop-align-left","8":"tablet-align-left","9":"mobile-align-left","11":"first","12":"instock","13":"shipping-taxable","14":"product-type-simple"},"_links":{"self":[{"href":"https:\/\/chicchem.com\/es\/wp-json\/wp\/v2\/product\/3386","targetHints":{"allow":["GET"]}}],"collection":[{"href":"https:\/\/chicchem.com\/es\/wp-json\/wp\/v2\/product"}],"about":[{"href":"https:\/\/chicchem.com\/es\/wp-json\/wp\/v2\/types\/product"}],"wp:attachment":[{"href":"https:\/\/chicchem.com\/es\/wp-json\/wp\/v2\/media?parent=3386"}],"wp:term":[{"taxonomy":"product_brand","embeddable":true,"href":"https:\/\/chicchem.com\/es\/wp-json\/wp\/v2\/product_brand?post=3386"},{"taxonomy":"product_cat","embeddable":true,"href":"https:\/\/chicchem.com\/es\/wp-json\/wp\/v2\/product_cat?post=3386"},{"taxonomy":"product_tag","embeddable":true,"href":"https:\/\/chicchem.com\/es\/wp-json\/wp\/v2\/product_tag?post=3386"}],"curies":[{"name":"wp","href":"https:\/\/api.w.org\/{rel}","templated":true}]}}