{"id":3388,"date":"2024-06-21T02:35:30","date_gmt":"2024-06-21T02:35:30","guid":{"rendered":"https:\/\/chicchem.com\/?post_type=product&#038;p=3388"},"modified":"2024-08-07T08:32:43","modified_gmt":"2024-08-07T08:32:43","slug":"chicstab-168","status":"publish","type":"product","link":"https:\/\/chicchem.com\/es\/producto\/chicstab-168\/","title":{"rendered":"Chicstab 168"},"content":{"rendered":"<p><span style=\"color: #94bd75;\"><strong><b>Descripci\u00f3n del Producto<\/b><\/strong><\/span><\/p>\n<p><span style=\"color: #000000;\">NO CAS.  31570-04-4<\/span><\/p>\n<p><span style=\"color: #000000;\">Chicstab 168 es un antioxidante secundario de \u00e9ster de fosfito altamente eficaz conocido por sus capacidades de rendimiento superiores. Se utiliza ampliamente en industrias que involucran PE, PP, POM, resina ABS, resina PS, PVC, pl\u00e1sticos de ingenier\u00eda, adhesivos, caucho, productos derivados del petr\u00f3leo y otras aplicaciones.<\/span><\/p>\n<p><span style=\"color: #000000;\">Es adecuado para optimizar procesos de polimerizaci\u00f3n, formulaci\u00f3n de productos y aplicaciones finales.<\/span><\/p>\n<p><span style=\"color: #94bd75;\"><strong><b>Propiedades f\u00edsicas\u00a0<\/b><\/strong><\/span><\/p>\n<table>\n<tbody>\n<tr>\n<td style=\"vertical-align: middle; text-align: left; background-color: #c9e4b4;\" width=\"472\"><span style=\"color: #000000;\">Forma f\u00edsica\u00a0<\/span><\/td>\n<td width=\"869\"><span style=\"color: #000000;\">Polvo de cristal blanco<\/span><\/td>\n<\/tr>\n<tr>\n<td style=\"vertical-align: middle; text-align: left; background-color: #c9e4b4;\" width=\"472\"><span style=\"color: #000000;\">Punto de fusion<\/span><\/td>\n<td width=\"869\"><span style=\"color: #000000;\">182,0-185,0\u00b0C<\/span><\/td>\n<\/tr>\n<tr>\n<td style=\"vertical-align: middle; text-align: left; background-color: #c9e4b4;\" width=\"472\"><span style=\"color: #000000;\">Ensayo<\/span><\/td>\n<td width=\"869\"><span style=\"color: #000000;\">\u226599.0%<\/span><\/td>\n<\/tr>\n<tr>\n<td style=\"vertical-align: middle; text-align: left; background-color: #c9e4b4;\" width=\"472\"><span style=\"color: #000000;\">Volatilizar<\/span><\/td>\n<td width=\"869\"><span style=\"color: #000000;\">\u22640,3%<\/span><\/td>\n<\/tr>\n<tr>\n<td style=\"vertical-align: middle; text-align: left; background-color: #c9e4b4;\" width=\"472\"><span style=\"color: #000000;\">Solubilidad<\/span><\/td>\n<td width=\"869\"><span style=\"color: #000000;\">acetona:1% benceno:34% cloroformo:36% Acetato de etilo:4% etano:11%(200C, P\/P) ciclohexano:16% metanol:&lt;0,01% agua:&lt;0,01% diclorometano:36%\u00a0<\/span><\/td>\n<\/tr>\n<tr>\n<td style=\"vertical-align: middle; text-align: left; background-color: #c9e4b4;\" rowspan=\"2\" width=\"472\"><span style=\"color: #000000;\">Transmitancia (10g\/100ml de tolueno)<\/span><\/td>\n<td width=\"869\"><span style=\"color: #000000;\">425nm\u226597%<\/span><\/td>\n<\/tr>\n<tr>\n<td width=\"869\"><span style=\"color: #000000;\">500nm\u226597%<\/span><\/td>\n<\/tr>\n<\/tbody>\n<\/table>\n<p><span style=\"color: #94bd75;\"><strong><b>Paquete<\/b><\/strong><\/span><\/p>\n<p><span style=\"color: #000000;\">Se envasa en bolsas compuestas de papel y pl\u00e1stico de 25 kg o en cajas de cart\u00f3n forradas con bolsas de pl\u00e1stico.\u00a0<\/span><\/p>\n<p><span style=\"color: #94bd75;\"><strong><b>Duraci\u00f3n<\/b><\/strong><\/span><\/p>\n<p><span style=\"color: #000000;\">24 meses desde la fecha de producci\u00f3n en embalaje original sin abrir.<\/span><\/p>\n<p><span style=\"color: #94bd75;\"><strong><b>Almacenamiento y transporte<\/b><\/strong><\/span><\/p>\n<p><span style=\"color: #000000;\">Guarde este producto en un ambiente fresco, seco y oscuro, herm\u00e9ticamente cerrado. Una vez abierto, aseg\u00farese de sellar herm\u00e9ticamente y \u00faselo de inmediato. Durante el transporte, tome precauciones para evitar fugas y siga buenas pr\u00e1cticas industriales. Manipular con cuidado para evitar la contaminaci\u00f3n ambiental.<\/span><\/p>","protected":false},"excerpt":{"rendered":"<p>Protege los materiales del da\u00f1o oxidativo, alargando su vida \u00fatil.<\/p>","protected":false},"featured_media":0,"template":"","meta":{"site-sidebar-layout":"default","site-content-layout":"","ast-site-content-layout":"default","site-content-style":"default","site-sidebar-style":"default","ast-global-header-display":"","ast-banner-title-visibility":"","ast-main-header-display":"","ast-hfb-above-header-display":"","ast-hfb-below-header-display":"","ast-hfb-mobile-header-display":"","site-post-title":"","ast-breadcrumbs-content":"","ast-featured-img":"","footer-sml-layout":"","theme-transparent-header-meta":"default","adv-header-id-meta":"","stick-header-meta":"","header-above-stick-meta":"","header-main-stick-meta":"","header-below-stick-meta":"","astra-migrate-meta-layouts":"set","ast-page-background-enabled":"default","ast-page-background-meta":{"desktop":{"background-color":"","background-image":"","background-repeat":"repeat","background-position":"center center","background-size":"auto","background-attachment":"scroll","background-type":"","background-media":"","overlay-type":"","overlay-color":"","overlay-opacity":"","overlay-gradient":""},"tablet":{"background-color":"","background-image":"","background-repeat":"repeat","background-position":"center center","background-size":"auto","background-attachment":"scroll","background-type":"","background-media":"","overlay-type":"","overlay-color":"","overlay-opacity":"","overlay-gradient":""},"mobile":{"background-color":"","background-image":"","background-repeat":"repeat","background-position":"center center","background-size":"auto","background-attachment":"scroll","background-type":"","background-media":"","overlay-type":"","overlay-color":"","overlay-opacity":"","overlay-gradient":""}},"ast-content-background-meta":{"desktop":{"background-color":"var(--ast-global-color-5)","background-image":"","background-repeat":"repeat","background-position":"center center","background-size":"auto","background-attachment":"scroll","background-type":"","background-media":"","overlay-type":"","overlay-color":"","overlay-opacity":"","overlay-gradient":""},"tablet":{"background-color":"var(--ast-global-color-5)","background-image":"","background-repeat":"repeat","background-position":"center center","background-size":"auto","background-attachment":"scroll","background-type":"","background-media":"","overlay-type":"","overlay-color":"","overlay-opacity":"","overlay-gradient":""},"mobile":{"background-color":"var(--ast-global-color-5)","background-image":"","background-repeat":"repeat","background-position":"center center","background-size":"auto","background-attachment":"scroll","background-type":"","background-media":"","overlay-type":"","overlay-color":"","overlay-opacity":"","overlay-gradient":""}}},"product_brand":[],"product_cat":[18,21],"product_tag":[],"class_list":{"0":"post-3388","1":"product","2":"type-product","3":"status-publish","5":"product_cat-products","6":"product_cat-antioxidant-for-plastics-and-rubbers","7":"desktop-align-left","8":"tablet-align-left","9":"mobile-align-left","11":"first","12":"instock","13":"shipping-taxable","14":"product-type-simple"},"_links":{"self":[{"href":"https:\/\/chicchem.com\/es\/wp-json\/wp\/v2\/product\/3388","targetHints":{"allow":["GET"]}}],"collection":[{"href":"https:\/\/chicchem.com\/es\/wp-json\/wp\/v2\/product"}],"about":[{"href":"https:\/\/chicchem.com\/es\/wp-json\/wp\/v2\/types\/product"}],"wp:attachment":[{"href":"https:\/\/chicchem.com\/es\/wp-json\/wp\/v2\/media?parent=3388"}],"wp:term":[{"taxonomy":"product_brand","embeddable":true,"href":"https:\/\/chicchem.com\/es\/wp-json\/wp\/v2\/product_brand?post=3388"},{"taxonomy":"product_cat","embeddable":true,"href":"https:\/\/chicchem.com\/es\/wp-json\/wp\/v2\/product_cat?post=3388"},{"taxonomy":"product_tag","embeddable":true,"href":"https:\/\/chicchem.com\/es\/wp-json\/wp\/v2\/product_tag?post=3388"}],"curies":[{"name":"wp","href":"https:\/\/api.w.org\/{rel}","templated":true}]}}