{"id":3389,"date":"2024-06-21T02:37:13","date_gmt":"2024-06-21T02:37:13","guid":{"rendered":"https:\/\/chicchem.com\/?post_type=product&#038;p=3389"},"modified":"2024-08-07T08:50:21","modified_gmt":"2024-08-07T08:50:21","slug":"chicstab-212","status":"publish","type":"product","link":"https:\/\/chicchem.com\/es\/producto\/chicstab-212\/","title":{"rendered":"Chicstab 212"},"content":{"rendered":"<p><span style=\"color: #94bd75;\"><strong><b>Descripci\u00f3n del Producto<\/b><\/strong><\/span><\/p>\n<p><span style=\"color: #000000;\">Chicstab es un antioxidante compuesto en polvo ampliamente utilizado en pl\u00e1sticos fabricados a partir de materiales reciclados como PE, PP, POM, resina ABS, resina PS, PVC, PC y otros. Proporciona una estabilidad de procesamiento excepcional y protecci\u00f3n a largo plazo para poliolefinas derivadas de fuentes recicladas. Es particularmente adecuado para aplicaciones donde el color del material base no es cr\u00edtico, como alambres y cables. Sin embargo, no se recomienda para productos donde es esencial mantener el color original del material base. Suprime eficazmente la degradaci\u00f3n t\u00e9rmica de los pl\u00e1sticos.<\/span><\/p>\n<p><span style=\"color: #94bd75;\"><strong><b>Propiedades f\u00edsicas\u00a0<\/b><\/strong><\/span><\/p>\n<table style=\"width: 100%; height: 391px;\">\n<tbody>\n<tr style=\"height: 51px;\">\n<td style=\"height: 51px; background-color: #c9e4b4;\" width=\"467\"><span style=\"color: #000000;\">Forma f\u00edsica<\/span><\/td>\n<td style=\"height: 51px;\" width=\"710\"><span style=\"color: #000000;\">Polvo o bolita blanca<\/span><\/td>\n<\/tr>\n<tr style=\"height: 68px;\">\n<td style=\"height: 68px; background-color: #c9e4b4;\" width=\"467\"><span style=\"color: #000000;\">Contenido de cenizas<\/span><\/td>\n<td style=\"height: 68px;\" width=\"710\"><span style=\"color: #000000;\">\u22640,10%\u00a0<\/span><\/td>\n<\/tr>\n<tr style=\"height: 68px;\">\n<td style=\"height: 68px; background-color: #c9e4b4;\" width=\"467\"><span style=\"color: #000000;\">Volatilizar<\/span><\/td>\n<td style=\"height: 68px;\" width=\"710\"><span style=\"color: #000000;\">\u22640,50%<\/span><\/td>\n<\/tr>\n<tr style=\"height: 68px;\">\n<td style=\"height: 68px; background-color: #c9e4b4;\" width=\"467\"><span style=\"color: #000000;\">Solubilidad<\/span><\/td>\n<td style=\"height: 68px;\" width=\"710\"><span style=\"color: #000000;\">claro<\/span><\/td>\n<\/tr>\n<tr style=\"height: 68px;\">\n<td style=\"height: 136px; background-color: #c9e4b4;\" rowspan=\"2\" width=\"467\"><span style=\"color: #000000;\">Transmitancia, % (10 g\/100 ml de tolueno)<\/span><\/td>\n<td style=\"height: 68px;\" width=\"710\"><span style=\"color: #000000;\">425nm\u226597.0%<\/span><\/td>\n<\/tr>\n<tr style=\"height: 68px;\">\n<td style=\"height: 68px;\" width=\"710\"><span style=\"color: #000000;\">500nm\u226597.0%<\/span><\/td>\n<\/tr>\n<\/tbody>\n<\/table>\n<p><span style=\"color: #94bd75;\"><strong><b>Caracter\u00edsticas y beneficios<\/b><\/strong><\/span><\/p>\n<p><span style=\"color: #000000;\">Es soluble en acetona, benceno, cloroformo y otros disolventes org\u00e1nicos, pero insoluble en agua.<\/span><\/p>\n<p><span style=\"color: #94bd75;\"><strong><b>Paquete<\/b><\/strong><\/span><\/p>\n<p><span style=\"color: #000000;\">Se envasa en bolsas compuestas de papel y pl\u00e1stico de 25 kg o en cajas de cart\u00f3n forradas con bolsas de pl\u00e1stico.\u00a0<\/span><\/p>\n<p><span style=\"color: #94bd75;\"><strong><b>Duraci\u00f3n <\/b><\/strong><\/span><\/p>\n<p><span style=\"color: #000000;\">24 meses desde la fecha de producci\u00f3n en embalaje original sin abrir.<\/span><\/p>\n<p><span style=\"color: #94bd75;\"><strong><b>Almacenamiento y transporte<\/b><\/strong><\/span><\/p>\n<p><span style=\"color: #000000;\">Guarde este producto en un ambiente fresco, seco y oscuro, herm\u00e9ticamente cerrado. Una vez abierto, aseg\u00farese de sellar herm\u00e9ticamente y \u00faselo de inmediato. Durante el transporte, tome precauciones para evitar fugas y siga buenas pr\u00e1cticas industriales. Manipular con cuidado para evitar la contaminaci\u00f3n ambiental.<\/span><\/p>","protected":false},"excerpt":{"rendered":"<p>Protege los materiales del da\u00f1o oxidativo, alargando su vida \u00fatil.<\/p>","protected":false},"featured_media":0,"template":"","meta":{"site-sidebar-layout":"default","site-content-layout":"","ast-site-content-layout":"default","site-content-style":"default","site-sidebar-style":"default","ast-global-header-display":"","ast-banner-title-visibility":"","ast-main-header-display":"","ast-hfb-above-header-display":"","ast-hfb-below-header-display":"","ast-hfb-mobile-header-display":"","site-post-title":"","ast-breadcrumbs-content":"","ast-featured-img":"","footer-sml-layout":"","theme-transparent-header-meta":"default","adv-header-id-meta":"","stick-header-meta":"","header-above-stick-meta":"","header-main-stick-meta":"","header-below-stick-meta":"","astra-migrate-meta-layouts":"set","ast-page-background-enabled":"default","ast-page-background-meta":{"desktop":{"background-color":"","background-image":"","background-repeat":"repeat","background-position":"center center","background-size":"auto","background-attachment":"scroll","background-type":"","background-media":"","overlay-type":"","overlay-color":"","overlay-opacity":"","overlay-gradient":""},"tablet":{"background-color":"","background-image":"","background-repeat":"repeat","background-position":"center center","background-size":"auto","background-attachment":"scroll","background-type":"","background-media":"","overlay-type":"","overlay-color":"","overlay-opacity":"","overlay-gradient":""},"mobile":{"background-color":"","background-image":"","background-repeat":"repeat","background-position":"center center","background-size":"auto","background-attachment":"scroll","background-type":"","background-media":"","overlay-type":"","overlay-color":"","overlay-opacity":"","overlay-gradient":""}},"ast-content-background-meta":{"desktop":{"background-color":"var(--ast-global-color-5)","background-image":"","background-repeat":"repeat","background-position":"center center","background-size":"auto","background-attachment":"scroll","background-type":"","background-media":"","overlay-type":"","overlay-color":"","overlay-opacity":"","overlay-gradient":""},"tablet":{"background-color":"var(--ast-global-color-5)","background-image":"","background-repeat":"repeat","background-position":"center center","background-size":"auto","background-attachment":"scroll","background-type":"","background-media":"","overlay-type":"","overlay-color":"","overlay-opacity":"","overlay-gradient":""},"mobile":{"background-color":"var(--ast-global-color-5)","background-image":"","background-repeat":"repeat","background-position":"center center","background-size":"auto","background-attachment":"scroll","background-type":"","background-media":"","overlay-type":"","overlay-color":"","overlay-opacity":"","overlay-gradient":""}}},"product_brand":[],"product_cat":[18,21],"product_tag":[],"class_list":{"0":"post-3389","1":"product","2":"type-product","3":"status-publish","5":"product_cat-products","6":"product_cat-antioxidant-for-plastics-and-rubbers","7":"desktop-align-left","8":"tablet-align-left","9":"mobile-align-left","11":"first","12":"instock","13":"shipping-taxable","14":"product-type-simple"},"_links":{"self":[{"href":"https:\/\/chicchem.com\/es\/wp-json\/wp\/v2\/product\/3389","targetHints":{"allow":["GET"]}}],"collection":[{"href":"https:\/\/chicchem.com\/es\/wp-json\/wp\/v2\/product"}],"about":[{"href":"https:\/\/chicchem.com\/es\/wp-json\/wp\/v2\/types\/product"}],"wp:attachment":[{"href":"https:\/\/chicchem.com\/es\/wp-json\/wp\/v2\/media?parent=3389"}],"wp:term":[{"taxonomy":"product_brand","embeddable":true,"href":"https:\/\/chicchem.com\/es\/wp-json\/wp\/v2\/product_brand?post=3389"},{"taxonomy":"product_cat","embeddable":true,"href":"https:\/\/chicchem.com\/es\/wp-json\/wp\/v2\/product_cat?post=3389"},{"taxonomy":"product_tag","embeddable":true,"href":"https:\/\/chicchem.com\/es\/wp-json\/wp\/v2\/product_tag?post=3389"}],"curies":[{"name":"wp","href":"https:\/\/api.w.org\/{rel}","templated":true}]}}