{"id":3394,"date":"2024-06-21T02:45:38","date_gmt":"2024-06-21T02:45:38","guid":{"rendered":"https:\/\/chicchem.com\/?post_type=product&#038;p=3394"},"modified":"2024-08-07T08:04:07","modified_gmt":"2024-08-07T08:04:07","slug":"chicstab-245","status":"publish","type":"product","link":"https:\/\/chicchem.com\/es\/producto\/chicstab-245\/","title":{"rendered":"Chicstab 245"},"content":{"rendered":"<p><span style=\"color: #94bd75;\"><strong><b>Descripci\u00f3n del Producto<\/b><\/strong><\/span><\/p>\n<p><span style=\"color: #000000;\">NO CAS.  36443-68-2<\/span><\/p>\n<p><span style=\"color: #000000;\">Este producto es un antioxidante fen\u00f3lico impedido no contaminante.  Tiene una excelente compatibilidad con pol\u00edmeros, alta resistencia t\u00e9rmica y al ox\u00edgeno, baja volatilidad y capacidades superiores de resistencia a la oxidaci\u00f3n y retenci\u00f3n de color. Cuando se combina con tio\u00e9ter o antioxidantes que contienen f\u00f3sforo, muestra un efecto sin\u00e9rgico significativo. Tambi\u00e9n es compatible con varios tipos de estabilizadores de luz y ha sido aprobado para su uso en materiales de embalaje en contacto con alimentos.\u00a0<\/span><\/p>\n<p><span style=\"color: #94bd75;\"><strong><b>Propiedades f\u00edsicas\u00a0<\/b><\/strong><\/span><\/p>\n<table>\n<tbody>\n<tr>\n<td style=\"background-color: #c9e4b4;\" width=\"664\"><span style=\"color: #000000;\">Forma f\u00edsica<\/span><\/td>\n<td width=\"650\"><span style=\"color: #000000;\">polvo cristalino blanco o blanquecino<\/span><\/td>\n<\/tr>\n<tr>\n<td style=\"background-color: #c9e4b4;\" width=\"664\"><span style=\"color: #000000;\">Punto de fusion<\/span><\/td>\n<td width=\"650\"><span style=\"color: #000000;\">76,0 \u2103-79,0 \u2103<\/span><\/td>\n<\/tr>\n<tr>\n<td style=\"background-color: #c9e4b4;\" width=\"664\"><span style=\"color: #000000;\">Solubilidad<\/span><\/td>\n<td width=\"650\"><span style=\"color: #000000;\">claro 10g\/100g cloroformo<\/span><\/td>\n<\/tr>\n<tr>\n<td style=\"background-color: #c9e4b4;\" width=\"664\"><span style=\"color: #000000;\">Transmitancia<\/span><\/td>\n<td width=\"650\"><span style=\"color: #000000;\">425nm \u226595.0%; 500nm \u226597.0%<\/span><\/td>\n<\/tr>\n<tr>\n<td style=\"background-color: #c9e4b4;\" width=\"664\"><span style=\"color: #000000;\">Materia vol\u00e1til<\/span><\/td>\n<td width=\"650\"><span style=\"color: #000000;\">\u22640,5%<\/span><\/td>\n<\/tr>\n<tr>\n<td style=\"background-color: #c9e4b4;\" width=\"664\"><span style=\"color: #000000;\">Pureza<\/span><\/td>\n<td width=\"650\"><span style=\"color: #000000;\">\u226598.0%<\/span><\/td>\n<\/tr>\n<\/tbody>\n<\/table>\n<p><span style=\"color: #94bd75;\"><strong>\u00a0<\/strong><strong><b>Caracter\u00edsticas y beneficios<\/b><\/strong><\/span><\/p>\n<p><span style=\"color: #000000;\">Chicstab 245 es particularmente adecuado para mejorar la estabilidad t\u00e9rmica de mon\u00f3meros y copol\u00edmeros HIPS, ABS, AS, MBS, l\u00e1tex SBR, POM. Adem\u00e1s, encuentra aplicaci\u00f3n en PU, PA, PVC y otros pol\u00edmeros, contribuyendo a su estabilidad t\u00e9rmica a largo plazo.<\/span><\/p>\n<p><span style=\"color: #94bd75;\"><strong>\u00a0<\/strong><strong><b>Gu\u00eda de uso<\/b><\/strong><\/span><\/p>\n<ul>\n<li><span style=\"color: #000000;\">Pol\u00edmeros de estireno (HIPS, ABS, MBS, etc.): 0,05% \u2013 0,5%<\/span><\/li>\n<li><span style=\"color: #000000;\">Polioximetileno, poliuretano termopl\u00e1stico, etc.: 0,1% \u2013 0,5%<\/span><\/li>\n<li><span style=\"color: #000000;\">PVC (terminador de cadena de polimerizaci\u00f3n): 0,02% \u2013 0,05%<\/span><\/li>\n<\/ul>\n<p><span style=\"color: #94bd75;\"><strong><b>Paquete<\/b><\/strong><\/span><\/p>\n<p><span style=\"color: #000000;\">El producto se envasa en bolsas compuestas de papel y pl\u00e1stico o cajas de cart\u00f3n forradas con bolsas de pl\u00e1stico, cada una<\/span><\/p>\n<p><span style=\"color: #000000;\">pesa 25 kilos.<\/span><\/p>\n<p><span style=\"color: #94bd75;\"><strong><b>Duraci\u00f3n<\/b><\/strong><\/span><\/p>\n<p><span style=\"color: #000000;\">24 meses desde la fecha de producci\u00f3n en embalaje original sin abrir.<\/span><\/p>\n<p><span style=\"color: #94bd75;\"><strong><b>Almacenamiento y transporte<\/b><\/strong><\/span><\/p>\n<p><span style=\"color: #000000;\">Debe almacenarse en condiciones oscuras, secas y de baja temperatura. Bien cerrado, una vez abierto, se recomienda mantenerlo herm\u00e9tico y utilizarlo lo antes posible. Preste atenci\u00f3n para evitar fugas durante el transporte y siga las buenas pr\u00e1cticas industriales. Manipular con cuidado para evitar la contaminaci\u00f3n ambiental.<\/span><\/p>","protected":false},"excerpt":{"rendered":"<p>Protege los materiales del da\u00f1o oxidativo, alargando su vida \u00fatil.<\/p>","protected":false},"featured_media":0,"template":"","meta":{"site-sidebar-layout":"default","site-content-layout":"","ast-site-content-layout":"default","site-content-style":"default","site-sidebar-style":"default","ast-global-header-display":"","ast-banner-title-visibility":"","ast-main-header-display":"","ast-hfb-above-header-display":"","ast-hfb-below-header-display":"","ast-hfb-mobile-header-display":"","site-post-title":"","ast-breadcrumbs-content":"","ast-featured-img":"","footer-sml-layout":"","theme-transparent-header-meta":"default","adv-header-id-meta":"","stick-header-meta":"","header-above-stick-meta":"","header-main-stick-meta":"","header-below-stick-meta":"","astra-migrate-meta-layouts":"set","ast-page-background-enabled":"default","ast-page-background-meta":{"desktop":{"background-color":"","background-image":"","background-repeat":"repeat","background-position":"center center","background-size":"auto","background-attachment":"scroll","background-type":"","background-media":"","overlay-type":"","overlay-color":"","overlay-opacity":"","overlay-gradient":""},"tablet":{"background-color":"","background-image":"","background-repeat":"repeat","background-position":"center center","background-size":"auto","background-attachment":"scroll","background-type":"","background-media":"","overlay-type":"","overlay-color":"","overlay-opacity":"","overlay-gradient":""},"mobile":{"background-color":"","background-image":"","background-repeat":"repeat","background-position":"center center","background-size":"auto","background-attachment":"scroll","background-type":"","background-media":"","overlay-type":"","overlay-color":"","overlay-opacity":"","overlay-gradient":""}},"ast-content-background-meta":{"desktop":{"background-color":"var(--ast-global-color-5)","background-image":"","background-repeat":"repeat","background-position":"center center","background-size":"auto","background-attachment":"scroll","background-type":"","background-media":"","overlay-type":"","overlay-color":"","overlay-opacity":"","overlay-gradient":""},"tablet":{"background-color":"var(--ast-global-color-5)","background-image":"","background-repeat":"repeat","background-position":"center center","background-size":"auto","background-attachment":"scroll","background-type":"","background-media":"","overlay-type":"","overlay-color":"","overlay-opacity":"","overlay-gradient":""},"mobile":{"background-color":"var(--ast-global-color-5)","background-image":"","background-repeat":"repeat","background-position":"center center","background-size":"auto","background-attachment":"scroll","background-type":"","background-media":"","overlay-type":"","overlay-color":"","overlay-opacity":"","overlay-gradient":""}}},"product_brand":[],"product_cat":[18,21],"product_tag":[],"class_list":{"0":"post-3394","1":"product","2":"type-product","3":"status-publish","5":"product_cat-products","6":"product_cat-antioxidant-for-plastics-and-rubbers","7":"desktop-align-left","8":"tablet-align-left","9":"mobile-align-left","11":"first","12":"instock","13":"shipping-taxable","14":"product-type-simple"},"_links":{"self":[{"href":"https:\/\/chicchem.com\/es\/wp-json\/wp\/v2\/product\/3394","targetHints":{"allow":["GET"]}}],"collection":[{"href":"https:\/\/chicchem.com\/es\/wp-json\/wp\/v2\/product"}],"about":[{"href":"https:\/\/chicchem.com\/es\/wp-json\/wp\/v2\/types\/product"}],"wp:attachment":[{"href":"https:\/\/chicchem.com\/es\/wp-json\/wp\/v2\/media?parent=3394"}],"wp:term":[{"taxonomy":"product_brand","embeddable":true,"href":"https:\/\/chicchem.com\/es\/wp-json\/wp\/v2\/product_brand?post=3394"},{"taxonomy":"product_cat","embeddable":true,"href":"https:\/\/chicchem.com\/es\/wp-json\/wp\/v2\/product_cat?post=3394"},{"taxonomy":"product_tag","embeddable":true,"href":"https:\/\/chicchem.com\/es\/wp-json\/wp\/v2\/product_tag?post=3394"}],"curies":[{"name":"wp","href":"https:\/\/api.w.org\/{rel}","templated":true}]}}