{"id":3400,"date":"2024-06-21T02:54:01","date_gmt":"2024-06-21T02:54:01","guid":{"rendered":"https:\/\/chicchem.com\/?post_type=product&#038;p=3400"},"modified":"2024-08-07T08:49:07","modified_gmt":"2024-08-07T08:49:07","slug":"chicstab-597b","status":"publish","type":"product","link":"https:\/\/chicchem.com\/es\/producto\/chicstab-597b\/","title":{"rendered":"Chicstab 597B"},"content":{"rendered":"<p><span style=\"color: #94bd75;\"><strong><b>Descripci\u00f3n del Producto<\/b><\/strong><\/span><\/p>\n<p><span style=\"color: #000000;\">Chicstab 597B es un antioxidante l\u00edquido avanzado dise\u00f1ado para prevenir eficazmente el amarillamiento de los pol\u00edmeros en aplicaciones como recubrimientos de poliuretano de dos componentes, espuma flexible de poliuretano y elast\u00f3meros termopl\u00e1sticos de poliuretano. Protege los productos de poliuretano de la degradaci\u00f3n durante el procesamiento, as\u00ed como de los cambios luminosos y ambientales. Las aplicaciones t\u00edpicas incluyen materiales para calzado, piezas interiores de autom\u00f3viles (p. ej., volantes, selladores de ventanas) y componentes de muebles como respaldos de sillas y apoyabrazos.<\/span><\/p>\n<p><span style=\"color: #000000;\">Chicstab 597B se integra perfectamente en sistemas de poliuretano arom\u00e1ticos o alif\u00e1ticos para diversos procesos como moldeo por inyecci\u00f3n, formaci\u00f3n de espuma y recubrimiento. Es adecuado para su uso en materiales naturales y coloreados, asegurando resistencia al envejecimiento por luz y estabilidad del color. Durante la fase de poliol evita la precipitaci\u00f3n de aditivos incluso a bajas temperaturas y sirve para evitar que el n\u00facleo se queme en la espuma blanda de poliuretano.<\/span><\/p>\n<p><span style=\"color: #94bd75;\"><strong><b>Propiedades f\u00edsicas\u00a0<\/b><\/strong><\/span><\/p>\n<table>\n<tbody>\n<tr>\n<td style=\"background-color: #c9e4b4;\" width=\"547\"><span style=\"color: #000000;\">Forma f\u00edsica\u00a0<\/span><\/td>\n<td width=\"630\"><span style=\"color: #000000;\">L\u00edquido viscoso de color amarillo claro a amarillo<\/span><\/td>\n<\/tr>\n<tr>\n<td style=\"background-color: #c9e4b4;\" width=\"547\"><span style=\"color: #000000;\">\u00cdndice de refracci\u00f3n 25 \u2103<\/span><\/td>\n<td width=\"630\"><span style=\"color: #000000;\">1.535~1.575<\/span><\/td>\n<\/tr>\n<tr>\n<td style=\"background-color: #c9e4b4;\" width=\"547\"><span style=\"color: #000000;\">Viscosidad\/Mpa.s 25\u2103<\/span><\/td>\n<td width=\"630\"><span style=\"color: #000000;\">300~800<\/span><\/td>\n<\/tr>\n<\/tbody>\n<\/table>\n<p><span style=\"color: #94bd75;\"><strong><b>Caracter\u00edsticas y beneficios<\/b><\/strong><\/span><\/p>\n<p><span style=\"color: #000000;\">Polvo cristalino de color amarillo claro, soluble en acetona, benceno, cloroformo, acetato de etilo, ligeramente soluble en etanol, insoluble en agua.<\/span><\/p>\n<p><span style=\"color: #94bd75;\"><strong><b>Solicitud<\/b><\/strong><\/span><\/p>\n<p><span style=\"color: #000000;\">Las \u00e1reas de aplicaci\u00f3n abarcan aplicaciones de poliuretano como poliuretano RIM, TPU, cuero artificial y poliuretano fundido. Tambi\u00e9n es aplicable en selladores, adhesivos, poliuretanos impermeabilizantes, revestimientos para pisos y espumas monol\u00edticas seg\u00fan las necesidades espec\u00edficas del cliente.<\/span><\/p>\n<p><span style=\"color: #94bd75;\"><strong><b>Gu\u00eda de uso<\/b><\/strong><\/span><\/p>\n<p><span style=\"color: #000000;\">La dosis recomendada oscila entre 0,2% y 1,0%, adaptada a los requisitos espec\u00edficos de cada aplicaci\u00f3n.<\/span><\/p>\n<p><span style=\"color: #94bd75;\"><strong><b>Paquete<\/b><\/strong><\/span><\/p>\n<p><span style=\"color: #000000;\">25 KG\/bid\u00f3n de pl\u00e1stico; 190KG\/tambor de hierro galvanizado<\/span><\/p>\n<p><span style=\"color: #94bd75;\"><strong><b>Duraci\u00f3n <\/b><\/strong><\/span><\/p>\n<p><span style=\"color: #000000;\">12 meses a partir de la fecha de producci\u00f3n en embalaje original sin abrir.<\/span><\/p>\n<p><span style=\"color: #94bd75;\"><strong><b>Almacenamiento y transporte<\/b><\/strong><\/span><\/p>\n<p><span style=\"color: #000000;\">Se debe almacenar en condiciones de oscuridad, seco y baja temperatura, manteniendo el envase herm\u00e9ticamente cerrado.  Despu\u00e9s de abrirlo, se recomienda mantenerlo herm\u00e9tico y utilizarlo lo antes posible. Preste atenci\u00f3n para evitar fugas durante el transporte y siga las buenas pr\u00e1cticas industriales. Manipular con cuidado para evitar la contaminaci\u00f3n ambiental.<\/span><\/p>","protected":false},"excerpt":{"rendered":"<p>Protege los materiales del da\u00f1o oxidativo, alargando su vida \u00fatil.<\/p>","protected":false},"featured_media":0,"template":"","meta":{"site-sidebar-layout":"default","site-content-layout":"","ast-site-content-layout":"default","site-content-style":"default","site-sidebar-style":"default","ast-global-header-display":"","ast-banner-title-visibility":"","ast-main-header-display":"","ast-hfb-above-header-display":"","ast-hfb-below-header-display":"","ast-hfb-mobile-header-display":"","site-post-title":"","ast-breadcrumbs-content":"","ast-featured-img":"","footer-sml-layout":"","theme-transparent-header-meta":"default","adv-header-id-meta":"","stick-header-meta":"","header-above-stick-meta":"","header-main-stick-meta":"","header-below-stick-meta":"","astra-migrate-meta-layouts":"set","ast-page-background-enabled":"default","ast-page-background-meta":{"desktop":{"background-color":"","background-image":"","background-repeat":"repeat","background-position":"center center","background-size":"auto","background-attachment":"scroll","background-type":"","background-media":"","overlay-type":"","overlay-color":"","overlay-opacity":"","overlay-gradient":""},"tablet":{"background-color":"","background-image":"","background-repeat":"repeat","background-position":"center center","background-size":"auto","background-attachment":"scroll","background-type":"","background-media":"","overlay-type":"","overlay-color":"","overlay-opacity":"","overlay-gradient":""},"mobile":{"background-color":"","background-image":"","background-repeat":"repeat","background-position":"center center","background-size":"auto","background-attachment":"scroll","background-type":"","background-media":"","overlay-type":"","overlay-color":"","overlay-opacity":"","overlay-gradient":""}},"ast-content-background-meta":{"desktop":{"background-color":"var(--ast-global-color-5)","background-image":"","background-repeat":"repeat","background-position":"center center","background-size":"auto","background-attachment":"scroll","background-type":"","background-media":"","overlay-type":"","overlay-color":"","overlay-opacity":"","overlay-gradient":""},"tablet":{"background-color":"var(--ast-global-color-5)","background-image":"","background-repeat":"repeat","background-position":"center center","background-size":"auto","background-attachment":"scroll","background-type":"","background-media":"","overlay-type":"","overlay-color":"","overlay-opacity":"","overlay-gradient":""},"mobile":{"background-color":"var(--ast-global-color-5)","background-image":"","background-repeat":"repeat","background-position":"center center","background-size":"auto","background-attachment":"scroll","background-type":"","background-media":"","overlay-type":"","overlay-color":"","overlay-opacity":"","overlay-gradient":""}}},"product_brand":[],"product_cat":[18,21],"product_tag":[],"class_list":{"0":"post-3400","1":"product","2":"type-product","3":"status-publish","5":"product_cat-products","6":"product_cat-antioxidant-for-plastics-and-rubbers","7":"desktop-align-left","8":"tablet-align-left","9":"mobile-align-left","11":"first","12":"instock","13":"shipping-taxable","14":"product-type-simple"},"_links":{"self":[{"href":"https:\/\/chicchem.com\/es\/wp-json\/wp\/v2\/product\/3400","targetHints":{"allow":["GET"]}}],"collection":[{"href":"https:\/\/chicchem.com\/es\/wp-json\/wp\/v2\/product"}],"about":[{"href":"https:\/\/chicchem.com\/es\/wp-json\/wp\/v2\/types\/product"}],"wp:attachment":[{"href":"https:\/\/chicchem.com\/es\/wp-json\/wp\/v2\/media?parent=3400"}],"wp:term":[{"taxonomy":"product_brand","embeddable":true,"href":"https:\/\/chicchem.com\/es\/wp-json\/wp\/v2\/product_brand?post=3400"},{"taxonomy":"product_cat","embeddable":true,"href":"https:\/\/chicchem.com\/es\/wp-json\/wp\/v2\/product_cat?post=3400"},{"taxonomy":"product_tag","embeddable":true,"href":"https:\/\/chicchem.com\/es\/wp-json\/wp\/v2\/product_tag?post=3400"}],"curies":[{"name":"wp","href":"https:\/\/api.w.org\/{rel}","templated":true}]}}