{"id":3405,"date":"2024-06-21T03:00:29","date_gmt":"2024-06-21T03:00:29","guid":{"rendered":"https:\/\/chicchem.com\/?post_type=product&#038;p=3405"},"modified":"2024-08-07T08:17:28","modified_gmt":"2024-08-07T08:17:28","slug":"chicstab-1024","status":"publish","type":"product","link":"https:\/\/chicchem.com\/es\/producto\/chicstab-1024\/","title":{"rendered":"Chicstab 1024"},"content":{"rendered":"<p><span style=\"color: #94bd75;\"><strong><b>Descripci\u00f3n del Producto<\/b><\/strong><\/span><\/p>\n<p>NO CAS.  32687-78-8<\/p>\n<p>Chicstab1024 es un antioxidante altamente eficiente y respetuoso con el medio ambiente con un rendimiento excelente. Presenta una estructura dual de fenol impedido e hidrazida, que proporciona funciones antioxidantes y de desactivaci\u00f3n de metales. Puede usarse de forma independiente o junto con antioxidantes de uso general, lo que demuestra fuertes efectos sin\u00e9rgicos.<\/p>\n<p><span style=\"color: #94bd75;\"><strong><b>Propiedades f\u00edsicas\u00a0<\/b><\/strong><\/span><\/p>\n<table style=\"width: 100%; height: 544px;\">\n<tbody>\n<tr style=\"height: 68px;\">\n<td style=\"height: 68px; background-color: #c9e4b4;\" width=\"467\">Forma f\u00edsica<\/td>\n<td style=\"height: 68px;\" width=\"710\">Polvo s\u00f3lido cristalino blanco o blanquecino<\/td>\n<\/tr>\n<tr style=\"height: 68px;\">\n<td style=\"height: 68px; background-color: #c9e4b4;\" width=\"467\">Contenido efectivo, %<\/td>\n<td style=\"height: 68px;\" width=\"710\">\u226598,0<\/td>\n<\/tr>\n<tr style=\"height: 68px;\">\n<td style=\"height: 68px; background-color: #c9e4b4;\" width=\"467\">Punto de fusi\u00f3n, \u2103<\/td>\n<td style=\"height: 68px;\" width=\"710\">224.0~229.0<\/td>\n<\/tr>\n<tr style=\"height: 68px;\">\n<td style=\"height: 68px; background-color: #c9e4b4;\" width=\"467\">Contenido de cenizas, %<\/td>\n<td style=\"height: 68px;\" width=\"710\">\u22640,10<\/td>\n<\/tr>\n<tr style=\"height: 68px;\">\n<td style=\"height: 68px; background-color: #c9e4b4;\" width=\"467\">Volatilizante, %<\/td>\n<td style=\"height: 68px;\" width=\"710\">\u22640,50<\/td>\n<\/tr>\n<tr style=\"height: 68px;\">\n<td style=\"height: 68px; background-color: #c9e4b4;\" width=\"467\">Solubilidad<\/td>\n<td style=\"height: 68px;\" width=\"710\">Claro<\/td>\n<\/tr>\n<tr style=\"height: 68px;\">\n<td style=\"height: 136px; background-color: #c9e4b4;\" rowspan=\"2\" width=\"467\">Transmitancia, %<\/td>\n<td style=\"height: 68px;\" width=\"710\">425nm\u226596,0<\/td>\n<\/tr>\n<tr style=\"height: 68px;\">\n<td style=\"height: 68px;\" width=\"710\">500 nm \u226598,0<\/td>\n<\/tr>\n<\/tbody>\n<\/table>\n<p><span style=\"color: #94bd75;\"><strong><b>Caracter\u00edsticas y beneficios<\/b><\/strong><\/span><\/p>\n<p>Soluble en metanol y acetona; ligeramente soluble en cloroformo y acetato de etilo; insoluble en agua.<\/p>\n<p><span style=\"color: #94bd75;\"><strong><b>Solicitud<\/b><\/strong><\/span><\/p>\n<p>Ampliamente aplicado en PE, PP, poliestireno, poliamida y poli\u00e9ster, es particularmente eficaz para la protecci\u00f3n antioxidante de resinas fen\u00f3licas, previniendo la autooxidaci\u00f3n de pol\u00edmeros inducida por iones de metales de transici\u00f3n (como residuos de catalizadores). Es especialmente adecuado para su uso en pol\u00edmeros aislantes de alambres y cables, incluidas poliolefinas y elast\u00f3meros. Sus excelentes propiedades de fusi\u00f3n garantizan una f\u00e1cil incorporaci\u00f3n en diversos pol\u00edmeros y sistemas polim\u00e9ricos sin problemas de dispersi\u00f3n.<\/p>\n<p><span style=\"color: #94bd75;\"><strong><b>Gu\u00eda de uso<\/b><\/strong><\/span><\/p>\n<p>La dosis t\u00edpica var\u00eda de 0,11 TP3T a 0,51 TP3T.<\/p>\n<p><span style=\"color: #94bd75;\"><strong><b>Paquete<\/b><\/strong><\/span><\/p>\n<p>Se envasa en bolsas compuestas de papel y pl\u00e1stico o en cajas de cart\u00f3n forradas con bolsas de pl\u00e1stico, cada una de las cuales contiene un peso neto de 25 kg.<\/p>\n<p><span style=\"color: #94bd75;\"><strong><b>Duraci\u00f3n<\/b><\/strong><\/span><\/p>\n<p>24 meses desde la fecha de producci\u00f3n en embalaje original sin abrir.<\/p>\n<p><span style=\"color: #94bd75;\"><strong><b>Almacenamiento y transporte<\/b><\/strong><\/span><\/p>\n<p>Se debe almacenar en condiciones de oscuridad, seco y baja temperatura, manteniendo el envase herm\u00e9ticamente cerrado.  Despu\u00e9s de abrirlo, se recomienda mantenerlo herm\u00e9tico y utilizarlo lo antes posible. Preste atenci\u00f3n para evitar fugas durante el transporte y siga las buenas pr\u00e1cticas industriales. Manipular con cuidado para evitar la contaminaci\u00f3n ambiental.<\/p>","protected":false},"excerpt":{"rendered":"<p>Protege los materiales del da\u00f1o oxidativo, alargando su vida \u00fatil.<\/p>","protected":false},"featured_media":0,"template":"","meta":{"site-sidebar-layout":"default","site-content-layout":"","ast-site-content-layout":"default","site-content-style":"default","site-sidebar-style":"default","ast-global-header-display":"","ast-banner-title-visibility":"","ast-main-header-display":"","ast-hfb-above-header-display":"","ast-hfb-below-header-display":"","ast-hfb-mobile-header-display":"","site-post-title":"","ast-breadcrumbs-content":"","ast-featured-img":"","footer-sml-layout":"","theme-transparent-header-meta":"default","adv-header-id-meta":"","stick-header-meta":"","header-above-stick-meta":"","header-main-stick-meta":"","header-below-stick-meta":"","astra-migrate-meta-layouts":"set","ast-page-background-enabled":"default","ast-page-background-meta":{"desktop":{"background-color":"","background-image":"","background-repeat":"repeat","background-position":"center center","background-size":"auto","background-attachment":"scroll","background-type":"","background-media":"","overlay-type":"","overlay-color":"","overlay-opacity":"","overlay-gradient":""},"tablet":{"background-color":"","background-image":"","background-repeat":"repeat","background-position":"center center","background-size":"auto","background-attachment":"scroll","background-type":"","background-media":"","overlay-type":"","overlay-color":"","overlay-opacity":"","overlay-gradient":""},"mobile":{"background-color":"","background-image":"","background-repeat":"repeat","background-position":"center center","background-size":"auto","background-attachment":"scroll","background-type":"","background-media":"","overlay-type":"","overlay-color":"","overlay-opacity":"","overlay-gradient":""}},"ast-content-background-meta":{"desktop":{"background-color":"var(--ast-global-color-5)","background-image":"","background-repeat":"repeat","background-position":"center center","background-size":"auto","background-attachment":"scroll","background-type":"","background-media":"","overlay-type":"","overlay-color":"","overlay-opacity":"","overlay-gradient":""},"tablet":{"background-color":"var(--ast-global-color-5)","background-image":"","background-repeat":"repeat","background-position":"center center","background-size":"auto","background-attachment":"scroll","background-type":"","background-media":"","overlay-type":"","overlay-color":"","overlay-opacity":"","overlay-gradient":""},"mobile":{"background-color":"var(--ast-global-color-5)","background-image":"","background-repeat":"repeat","background-position":"center center","background-size":"auto","background-attachment":"scroll","background-type":"","background-media":"","overlay-type":"","overlay-color":"","overlay-opacity":"","overlay-gradient":""}}},"product_brand":[],"product_cat":[18,21],"product_tag":[],"class_list":{"0":"post-3405","1":"product","2":"type-product","3":"status-publish","5":"product_cat-products","6":"product_cat-antioxidant-for-plastics-and-rubbers","7":"desktop-align-left","8":"tablet-align-left","9":"mobile-align-left","11":"first","12":"instock","13":"shipping-taxable","14":"product-type-simple"},"_links":{"self":[{"href":"https:\/\/chicchem.com\/es\/wp-json\/wp\/v2\/product\/3405","targetHints":{"allow":["GET"]}}],"collection":[{"href":"https:\/\/chicchem.com\/es\/wp-json\/wp\/v2\/product"}],"about":[{"href":"https:\/\/chicchem.com\/es\/wp-json\/wp\/v2\/types\/product"}],"wp:attachment":[{"href":"https:\/\/chicchem.com\/es\/wp-json\/wp\/v2\/media?parent=3405"}],"wp:term":[{"taxonomy":"product_brand","embeddable":true,"href":"https:\/\/chicchem.com\/es\/wp-json\/wp\/v2\/product_brand?post=3405"},{"taxonomy":"product_cat","embeddable":true,"href":"https:\/\/chicchem.com\/es\/wp-json\/wp\/v2\/product_cat?post=3405"},{"taxonomy":"product_tag","embeddable":true,"href":"https:\/\/chicchem.com\/es\/wp-json\/wp\/v2\/product_tag?post=3405"}],"curies":[{"name":"wp","href":"https:\/\/api.w.org\/{rel}","templated":true}]}}