{"id":3406,"date":"2024-06-21T03:01:47","date_gmt":"2024-06-21T03:01:47","guid":{"rendered":"https:\/\/chicchem.com\/?post_type=product&#038;p=3406"},"modified":"2024-08-07T08:08:05","modified_gmt":"2024-08-07T08:08:05","slug":"chicstab-1035","status":"publish","type":"product","link":"https:\/\/chicchem.com\/es\/producto\/chicstab-1035\/","title":{"rendered":"Chicstab 1035"},"content":{"rendered":"<p><span style=\"color: #94bd75;\"><strong><b>Descripci\u00f3n del Producto<\/b><\/strong><\/span><\/p>\n<p><span style=\"color: #000000;\">N\u00ba CAS 41484-35-9<\/span><\/p>\n<p><span style=\"color: #000000;\">Chicstab 1035 es un antioxidante fen\u00f3lico impedido de tipo tio\u00e9ter de alto rendimiento, ampliamente utilizado en pl\u00e1sticos, cauchos y recubrimientos, incluidos ABS, PS, PU, PA, entre otros. Ofrece excelentes propiedades antioxidantes.<\/span><\/p>\n<p><span style=\"color: #000000;\">Cuando se utiliza en materiales de cables qu\u00edmicamente reticulados, Chicstab 1035 puede reemplazar eficazmente al antioxidante 1010, lo que da como resultado cantidades reducidas de antioxidante y agente reticulante en la formulaci\u00f3n.<\/span><\/p>\n<p><span style=\"color: #94bd75;\"><strong><b>Propiedades f\u00edsicas\u00a0<\/b><\/strong><\/span><\/p>\n<table>\n<tbody>\n<tr>\n<td style=\"background-color: #c9e4b4;\" colspan=\"2\" width=\"429\"><span style=\"color: #000000;\">Art\u00edculo<\/span><\/td>\n<td width=\"370\"><span style=\"color: #000000;\">\u00a0grado superior<\/span><\/td>\n<td width=\"351\"><span style=\"color: #000000;\">Grado 1<\/span><\/td>\n<\/tr>\n<tr>\n<td style=\"background-color: #c9e4b4;\" colspan=\"2\" width=\"429\"><span style=\"color: #000000;\">Ensayo\u2265%<\/span><\/td>\n<td width=\"370\"><span style=\"color: #000000;\">99<\/span><\/td>\n<td width=\"351\"><span style=\"color: #000000;\">98.5<\/span><\/td>\n<\/tr>\n<tr>\n<td style=\"background-color: #c9e4b4;\" colspan=\"2\" width=\"429\"><span style=\"color: #000000;\">Punto de fusi\u00f3n\u2265%<\/span><\/td>\n<td width=\"370\"><span style=\"color: #000000;\">63<\/span><\/td>\n<td width=\"351\"><span style=\"color: #000000;\">63<\/span><\/td>\n<\/tr>\n<tr>\n<td style=\"background-color: #c9e4b4;\" colspan=\"2\" width=\"429\"><span style=\"color: #000000;\">Ceniza\u2264%<\/span><\/td>\n<td width=\"370\"><span style=\"color: #000000;\">0.01<\/span><\/td>\n<td width=\"351\"><span style=\"color: #000000;\">0.03<\/span><\/td>\n<\/tr>\n<tr>\n<td style=\"background-color: #c9e4b4;\" colspan=\"2\" width=\"429\"><span style=\"color: #000000;\">Volatilizaci\u00f3n\u2264%<\/span><\/td>\n<td width=\"370\"><span style=\"color: #000000;\">0.1<\/span><\/td>\n<td width=\"351\"><span style=\"color: #000000;\">0.3<\/span><\/td>\n<\/tr>\n<tr>\n<td style=\"background-color: #c9e4b4;\" rowspan=\"2\" width=\"193\"><span style=\"color: #000000;\">Transmitancia<\/span><\/td>\n<td style=\"background-color: #c9e4b4;\" width=\"235\"><span style=\"color: #000000;\">425nm\u2265%<\/span><\/td>\n<td width=\"370\"><span style=\"color: #000000;\">97<\/span><\/td>\n<td width=\"351\"><span style=\"color: #000000;\">95<\/span><\/td>\n<\/tr>\n<tr>\n<td style=\"background-color: #c9e4b4;\" width=\"235\"><span style=\"color: #000000;\">500nm\u2265%<\/span><\/td>\n<td width=\"370\"><span style=\"color: #000000;\">99<\/span><\/td>\n<td width=\"351\"><span style=\"color: #000000;\">97<\/span><\/td>\n<\/tr>\n<\/tbody>\n<\/table>\n<p><span style=\"color: #94bd75;\"><strong><b>Caracter\u00edsticas y beneficios<\/b><\/strong><\/span><\/p>\n<p><span style=\"color: #000000;\">Chicstab 1035 es un polvo cristalino blanco, inodoro, de baja toxicidad, insoluble en agua y soluble en metanol, etanol, tolueno, acetona y otros disolventes org\u00e1nicos. Tiene una gravedad espec\u00edfica de 1,19 y una gravedad espec\u00edfica aparente de 0,5-0,6.<\/span><\/p>\n<p><span style=\"color: #94bd75;\"><strong><b>Paquete<\/b><\/strong><\/span><\/p>\n<p><span style=\"color: #000000;\">Se envasa en bolsas compuestas de papel y pl\u00e1stico o en cajas de cart\u00f3n forradas con bolsas de pl\u00e1stico, cada una de las cuales contiene un peso neto de 25 kg.<\/span><\/p>\n<p><span style=\"color: #94bd75;\"><strong><b>Duraci\u00f3n<\/b><\/strong><\/span><\/p>\n<p><span style=\"color: #000000;\">24 meses desde la fecha de producci\u00f3n en embalaje original sin abrir.<\/span><\/p>\n<p><span style=\"color: #94bd75;\"><strong><b>Almacenamiento y transporte<\/b><\/strong><\/span><\/p>\n<p><span style=\"color: #000000;\">Se debe almacenar en condiciones de oscuridad, seco y baja temperatura, manteniendo el envase herm\u00e9ticamente cerrado.  Despu\u00e9s de abrirlo, se recomienda mantenerlo herm\u00e9tico y utilizarlo lo antes posible. Preste atenci\u00f3n para evitar fugas durante el transporte y siga las buenas pr\u00e1cticas industriales. Manipular con cuidado para evitar la contaminaci\u00f3n ambiental.<\/span><\/p>","protected":false},"excerpt":{"rendered":"<p>Protege los materiales del da\u00f1o oxidativo, alargando su vida \u00fatil.<\/p>","protected":false},"featured_media":0,"template":"","meta":{"site-sidebar-layout":"default","site-content-layout":"","ast-site-content-layout":"default","site-content-style":"default","site-sidebar-style":"default","ast-global-header-display":"","ast-banner-title-visibility":"","ast-main-header-display":"","ast-hfb-above-header-display":"","ast-hfb-below-header-display":"","ast-hfb-mobile-header-display":"","site-post-title":"","ast-breadcrumbs-content":"","ast-featured-img":"","footer-sml-layout":"","theme-transparent-header-meta":"default","adv-header-id-meta":"","stick-header-meta":"","header-above-stick-meta":"","header-main-stick-meta":"","header-below-stick-meta":"","astra-migrate-meta-layouts":"set","ast-page-background-enabled":"default","ast-page-background-meta":{"desktop":{"background-color":"","background-image":"","background-repeat":"repeat","background-position":"center center","background-size":"auto","background-attachment":"scroll","background-type":"","background-media":"","overlay-type":"","overlay-color":"","overlay-opacity":"","overlay-gradient":""},"tablet":{"background-color":"","background-image":"","background-repeat":"repeat","background-position":"center center","background-size":"auto","background-attachment":"scroll","background-type":"","background-media":"","overlay-type":"","overlay-color":"","overlay-opacity":"","overlay-gradient":""},"mobile":{"background-color":"","background-image":"","background-repeat":"repeat","background-position":"center center","background-size":"auto","background-attachment":"scroll","background-type":"","background-media":"","overlay-type":"","overlay-color":"","overlay-opacity":"","overlay-gradient":""}},"ast-content-background-meta":{"desktop":{"background-color":"var(--ast-global-color-5)","background-image":"","background-repeat":"repeat","background-position":"center center","background-size":"auto","background-attachment":"scroll","background-type":"","background-media":"","overlay-type":"","overlay-color":"","overlay-opacity":"","overlay-gradient":""},"tablet":{"background-color":"var(--ast-global-color-5)","background-image":"","background-repeat":"repeat","background-position":"center center","background-size":"auto","background-attachment":"scroll","background-type":"","background-media":"","overlay-type":"","overlay-color":"","overlay-opacity":"","overlay-gradient":""},"mobile":{"background-color":"var(--ast-global-color-5)","background-image":"","background-repeat":"repeat","background-position":"center center","background-size":"auto","background-attachment":"scroll","background-type":"","background-media":"","overlay-type":"","overlay-color":"","overlay-opacity":"","overlay-gradient":""}}},"product_brand":[],"product_cat":[18,21],"product_tag":[],"class_list":{"0":"post-3406","1":"product","2":"type-product","3":"status-publish","5":"product_cat-products","6":"product_cat-antioxidant-for-plastics-and-rubbers","7":"desktop-align-left","8":"tablet-align-left","9":"mobile-align-left","11":"first","12":"instock","13":"shipping-taxable","14":"product-type-simple"},"_links":{"self":[{"href":"https:\/\/chicchem.com\/es\/wp-json\/wp\/v2\/product\/3406","targetHints":{"allow":["GET"]}}],"collection":[{"href":"https:\/\/chicchem.com\/es\/wp-json\/wp\/v2\/product"}],"about":[{"href":"https:\/\/chicchem.com\/es\/wp-json\/wp\/v2\/types\/product"}],"wp:attachment":[{"href":"https:\/\/chicchem.com\/es\/wp-json\/wp\/v2\/media?parent=3406"}],"wp:term":[{"taxonomy":"product_brand","embeddable":true,"href":"https:\/\/chicchem.com\/es\/wp-json\/wp\/v2\/product_brand?post=3406"},{"taxonomy":"product_cat","embeddable":true,"href":"https:\/\/chicchem.com\/es\/wp-json\/wp\/v2\/product_cat?post=3406"},{"taxonomy":"product_tag","embeddable":true,"href":"https:\/\/chicchem.com\/es\/wp-json\/wp\/v2\/product_tag?post=3406"}],"curies":[{"name":"wp","href":"https:\/\/api.w.org\/{rel}","templated":true}]}}