{"id":3407,"date":"2024-06-21T03:03:00","date_gmt":"2024-06-21T03:03:00","guid":{"rendered":"https:\/\/chicchem.com\/?post_type=product&#038;p=3407"},"modified":"2024-06-21T03:04:12","modified_gmt":"2024-06-21T03:04:12","slug":"chicstab-1076","status":"publish","type":"product","link":"https:\/\/chicchem.com\/es\/producto\/chicstab-1076\/","title":{"rendered":"Chicstab 1076"},"content":{"rendered":"<p><span style=\"color: #94bd75;\"><strong><b>Descripci\u00f3n del Producto<\/b><\/strong><\/span><\/p>\n<p><span style=\"color: #000000;\">NO CAS.  2082-79-3<\/span><\/p>\n<p><span style=\"color: #000000;\">Nombre qu\u00edmico: Propionato de \u03b2-(3,5-di-terc-butilo,4-hidroxifenil)octadecilo<\/span><\/p>\n<p><span style=\"color: #000000;\">Chicstab 1076 es un antioxidante fen\u00f3lico impedido altamente eficaz, ampliamente utilizado en diversas aplicaciones, incluidas PE, PP, polioximetileno, resina ABS, poliestireno, cloruro de polivinilo, pl\u00e1sticos de ingenier\u00eda, caucho sint\u00e9tico y productos derivados del petr\u00f3leo. Cuando se utiliza junto con antioxidantes auxiliares como Chicnox DLTP y Chicnox 168, demuestra un efecto sin\u00e9rgico, mejorando as\u00ed su rendimiento antioxidante. La dosis recomendada suele oscilar entre 0,1% y 0,5%.<\/span><\/p>\n<p><span style=\"color: #94bd75;\"><strong><b>Propiedades f\u00edsicas<\/b><\/strong>\u00a0<\/span><\/p>\n<table>\n<tbody>\n<tr>\n<td style=\"background-color: #c9e4b4;\" width=\"582\"><span style=\"color: #000000;\">Forma f\u00edsica<\/span><\/td>\n<td width=\"772\"><span style=\"color: #000000;\">Polvo de cristal blanco<\/span><\/td>\n<\/tr>\n<tr>\n<td style=\"background-color: #c9e4b4;\" width=\"582\"><span style=\"color: #000000;\">Ensayo, %, \u2265<\/span><\/td>\n<td width=\"772\"><span style=\"color: #000000;\">99.0<\/span><\/td>\n<\/tr>\n<tr>\n<td style=\"background-color: #c9e4b4;\" width=\"582\"><span style=\"color: #000000;\">Punto de fusi\u00f3n, \u00b0C<\/span><\/td>\n<td width=\"772\"><span style=\"color: #000000;\">50-55<\/span><\/td>\n<\/tr>\n<tr>\n<td style=\"background-color: #c9e4b4;\" width=\"582\"><span style=\"color: #000000;\">Contenido de cenizas, %, \u2264<\/span><\/td>\n<td width=\"772\"><span style=\"color: #000000;\">0.1<\/span><\/td>\n<\/tr>\n<tr>\n<td style=\"background-color: #c9e4b4;\" width=\"582\"><span style=\"color: #000000;\">Materia vol\u00e1til,%, \u2264<\/span><\/td>\n<td width=\"772\"><span style=\"color: #000000;\">0.2<\/span><\/td>\n<\/tr>\n<tr>\n<td style=\"background-color: #c9e4b4;\" width=\"582\"><span style=\"color: #000000;\">Solubilidad<\/span><\/td>\n<td width=\"772\"><span style=\"color: #000000;\">Claro, Transparencia<\/span><\/td>\n<\/tr>\n<tr>\n<td style=\"background-color: #c9e4b4;\" rowspan=\"2\" width=\"582\"><span style=\"color: #000000;\">Transmitancia<\/span><\/td>\n<td width=\"772\"><span style=\"color: #000000;\">425nm\u226598%<\/span><\/td>\n<\/tr>\n<tr>\n<td width=\"772\"><span style=\"color: #000000;\">500nm\u226599%<\/span><\/td>\n<\/tr>\n<\/tbody>\n<\/table>\n<p><span style=\"color: #94bd75;\"><strong><b>Caracter\u00edsticas y beneficios<\/b><\/strong><\/span><\/p>\n<p><span style=\"color: #000000;\">Chicstab 1076 cuenta con varias ventajas, incluida la resistencia al cambio de color, propiedades no contaminantes, ausencia de decoloraci\u00f3n, baja volatilidad, resistencia a la extracci\u00f3n de agua, buena compatibilidad y alta eficiencia antioxidante. Funciona como un antioxidante no t\u00f3xico y respetuoso con el medio ambiente, ofreciendo un rendimiento excepcional. Este producto mitiga eficazmente la decoloraci\u00f3n inducida por la luz y el calor, al tiempo que proporciona cierto grado de estabilizaci\u00f3n de la luz.<\/span><\/p>\n<p><span style=\"color: #94bd75;\"><strong><b>Paquete<\/b><\/strong><\/span><\/p>\n<p><span style=\"color: #000000;\">Se envasa en bolsas de papel-pl\u00e1stico o en bidones de cart\u00f3n forrados con bolsas de pl\u00e1stico, cada una de las cuales contiene un peso neto de 25 kg.<\/span><\/p>\n<p><span style=\"color: #94bd75;\"><strong><b>Duraci\u00f3n<\/b><\/strong><\/span><\/p>\n<p><span style=\"color: #000000;\">12 meses a partir de la fecha de producci\u00f3n en embalaje original sin abrir.<\/span><\/p>\n<p><span style=\"color: #94bd75;\"><strong><b>Almacenamiento <\/b><\/strong><\/span><\/p>\n<p><span style=\"color: #000000;\">Almacenar en condiciones oscuras, secas, frescas y selladas. este producto conserva sus atributos no t\u00f3xico, no inflamable y no corrosivo, demostrando una estabilidad excepcional durante el almacenamiento.<\/span><\/p>","protected":false},"excerpt":{"rendered":"<p>Protege los materiales del da\u00f1o oxidativo, alargando su vida \u00fatil.<\/p>","protected":false},"featured_media":0,"template":"","meta":{"site-sidebar-layout":"default","site-content-layout":"","ast-site-content-layout":"default","site-content-style":"default","site-sidebar-style":"default","ast-global-header-display":"","ast-banner-title-visibility":"","ast-main-header-display":"","ast-hfb-above-header-display":"","ast-hfb-below-header-display":"","ast-hfb-mobile-header-display":"","site-post-title":"","ast-breadcrumbs-content":"","ast-featured-img":"","footer-sml-layout":"","theme-transparent-header-meta":"default","adv-header-id-meta":"","stick-header-meta":"","header-above-stick-meta":"","header-main-stick-meta":"","header-below-stick-meta":"","astra-migrate-meta-layouts":"set","ast-page-background-enabled":"default","ast-page-background-meta":{"desktop":{"background-color":"","background-image":"","background-repeat":"repeat","background-position":"center center","background-size":"auto","background-attachment":"scroll","background-type":"","background-media":"","overlay-type":"","overlay-color":"","overlay-opacity":"","overlay-gradient":""},"tablet":{"background-color":"","background-image":"","background-repeat":"repeat","background-position":"center center","background-size":"auto","background-attachment":"scroll","background-type":"","background-media":"","overlay-type":"","overlay-color":"","overlay-opacity":"","overlay-gradient":""},"mobile":{"background-color":"","background-image":"","background-repeat":"repeat","background-position":"center center","background-size":"auto","background-attachment":"scroll","background-type":"","background-media":"","overlay-type":"","overlay-color":"","overlay-opacity":"","overlay-gradient":""}},"ast-content-background-meta":{"desktop":{"background-color":"var(--ast-global-color-5)","background-image":"","background-repeat":"repeat","background-position":"center center","background-size":"auto","background-attachment":"scroll","background-type":"","background-media":"","overlay-type":"","overlay-color":"","overlay-opacity":"","overlay-gradient":""},"tablet":{"background-color":"var(--ast-global-color-5)","background-image":"","background-repeat":"repeat","background-position":"center center","background-size":"auto","background-attachment":"scroll","background-type":"","background-media":"","overlay-type":"","overlay-color":"","overlay-opacity":"","overlay-gradient":""},"mobile":{"background-color":"var(--ast-global-color-5)","background-image":"","background-repeat":"repeat","background-position":"center center","background-size":"auto","background-attachment":"scroll","background-type":"","background-media":"","overlay-type":"","overlay-color":"","overlay-opacity":"","overlay-gradient":""}}},"product_brand":[],"product_cat":[18,21],"product_tag":[],"class_list":{"0":"post-3407","1":"product","2":"type-product","3":"status-publish","5":"product_cat-products","6":"product_cat-antioxidant-for-plastics-and-rubbers","7":"desktop-align-left","8":"tablet-align-left","9":"mobile-align-left","11":"first","12":"instock","13":"shipping-taxable","14":"product-type-simple"},"_links":{"self":[{"href":"https:\/\/chicchem.com\/es\/wp-json\/wp\/v2\/product\/3407","targetHints":{"allow":["GET"]}}],"collection":[{"href":"https:\/\/chicchem.com\/es\/wp-json\/wp\/v2\/product"}],"about":[{"href":"https:\/\/chicchem.com\/es\/wp-json\/wp\/v2\/types\/product"}],"wp:attachment":[{"href":"https:\/\/chicchem.com\/es\/wp-json\/wp\/v2\/media?parent=3407"}],"wp:term":[{"taxonomy":"product_brand","embeddable":true,"href":"https:\/\/chicchem.com\/es\/wp-json\/wp\/v2\/product_brand?post=3407"},{"taxonomy":"product_cat","embeddable":true,"href":"https:\/\/chicchem.com\/es\/wp-json\/wp\/v2\/product_cat?post=3407"},{"taxonomy":"product_tag","embeddable":true,"href":"https:\/\/chicchem.com\/es\/wp-json\/wp\/v2\/product_tag?post=3407"}],"curies":[{"name":"wp","href":"https:\/\/api.w.org\/{rel}","templated":true}]}}