{"id":3410,"date":"2024-06-21T03:07:31","date_gmt":"2024-06-21T03:07:31","guid":{"rendered":"https:\/\/chicchem.com\/?post_type=product&#038;p=3410"},"modified":"2024-08-07T08:47:43","modified_gmt":"2024-08-07T08:47:43","slug":"chicstab-uv-p","status":"publish","type":"product","link":"https:\/\/chicchem.com\/es\/producto\/chicstab-uv-p\/","title":{"rendered":"Chicstab UV-P"},"content":{"rendered":"<p><span style=\"color: #94bd75;\"><strong><b>Descripci\u00f3n del Producto<\/b><\/strong><\/span><\/p>\n<p><span style=\"color: #000000;\">NO CAS.  2440-22-4<\/span><\/p>\n<p><span style=\"color: #000000;\">Chicsob UV-P es un absorbente de UV de benzotriazol con una amplia gama de aplicaciones y una cobertura espectral que se extiende de 290 a 400 nm. Presenta una excelente estabilidad t\u00e9rmica y puede actuar sin\u00e9rgicamente con antioxidantes fen\u00f3licos y fosfitos. Incluso bajo una exposici\u00f3n prolongada a la luz, mantiene una estabilidad lum\u00ednica excepcional. Se utiliza principalmente en PP, PE, PS, ABS, PVC, PC, PBT, AS, PMMA, UP, PVB y otros sustratos como cloruro de polivinilo, poliestireno, poli\u00e9ster, policarbonato, metacrilato de polimetilo, polietileno, resina ABS y resina epoxi. , y resina de celulosa, proporciona constantemente una alta estabilidad a la luz. Su suave modo de absorci\u00f3n de energ\u00eda lo hace adecuado para una amplia gama de sustratos.<\/span><\/p>\n<p><span style=\"color: #94bd75;\"><strong><b>Propiedades f\u00edsicas\u00a0<\/b><\/strong><\/span><\/p>\n<table>\n<tbody>\n<tr>\n<td style=\"background-color: #c9e4b4;\" width=\"547\"><span style=\"color: #000000;\">Forma f\u00edsica<\/span><\/td>\n<td width=\"630\"><span style=\"color: #000000;\">cristales de color amarillo claro<\/span><\/td>\n<\/tr>\n<tr>\n<td style=\"background-color: #c9e4b4;\" width=\"547\"><span style=\"color: #000000;\">Punto de fusi\u00f3n, \u2103<\/span><\/td>\n<td width=\"630\"><span style=\"color: #000000;\">128.0~131.0<\/span><\/td>\n<\/tr>\n<tr>\n<td style=\"background-color: #c9e4b4;\" width=\"547\"><span style=\"color: #000000;\">Volatilizante, %<\/span><\/td>\n<td width=\"630\"><span style=\"color: #000000;\">\u22640,50<\/span><\/td>\n<\/tr>\n<tr>\n<td style=\"background-color: #c9e4b4;\" width=\"547\"><span style=\"color: #000000;\">Ensayo, %<\/span><\/td>\n<td width=\"630\"><span style=\"color: #000000;\">\u226599,0<\/span><\/td>\n<\/tr>\n<tr>\n<td style=\"background-color: #c9e4b4;\" width=\"547\"><span style=\"color: #000000;\">Contenido de cenizas, %<\/span><\/td>\n<td width=\"630\"><span style=\"color: #000000;\">\u22640,10<\/span><\/td>\n<\/tr>\n<\/tbody>\n<\/table>\n<p><span style=\"color: #94bd75;\"><strong><b>Caracter\u00edsticas y beneficios<\/b><\/strong><\/span><\/p>\n<ul>\n<li><span style=\"color: #000000;\">Soluble en benceno, cloroformo y diversos disolventes org\u00e1nicos.<\/span><\/li>\n<li><span style=\"color: #000000;\">Ligeramente soluble en metanol, pero insoluble en agua.<\/span><\/li>\n<\/ul>\n<p><span style=\"color: #94bd75;\"><strong><b>Paquete<\/b><\/strong><\/span><\/p>\n<p><span style=\"color: #000000;\">Se envasa en bolsas compuestas de papel y pl\u00e1stico o en cajas de cart\u00f3n forradas con bolsas de pl\u00e1stico, cada una de las cuales contiene un peso neto de 25 kg.<\/span><\/p>\n<p><span style=\"color: #94bd75;\"><strong><b>Duraci\u00f3n<\/b><\/strong><\/span><\/p>\n<p><span style=\"color: #000000;\">12 meses a partir de la fecha de producci\u00f3n en embalaje original sin abrir.<\/span><\/p>\n<p><span style=\"color: #94bd75;\"><strong><b>Almacenamiento y transporte<\/b><\/strong><\/span><\/p>\n<p><span style=\"color: #000000;\">Se debe almacenar en condiciones de oscuridad, seco y baja temperatura, manteniendo el envase herm\u00e9ticamente cerrado.  Despu\u00e9s de abrirlo, se recomienda mantenerlo herm\u00e9tico y utilizarlo lo antes posible. Preste atenci\u00f3n para evitar fugas durante el transporte y siga las buenas pr\u00e1cticas industriales. Manipular con cuidado para evitar la contaminaci\u00f3n ambiental.<\/span><\/p>","protected":false},"excerpt":{"rendered":"<p>Protege los materiales del da\u00f1o oxidativo, alargando su vida \u00fatil.<\/p>","protected":false},"featured_media":0,"template":"","meta":{"site-sidebar-layout":"default","site-content-layout":"","ast-site-content-layout":"default","site-content-style":"default","site-sidebar-style":"default","ast-global-header-display":"","ast-banner-title-visibility":"","ast-main-header-display":"","ast-hfb-above-header-display":"","ast-hfb-below-header-display":"","ast-hfb-mobile-header-display":"","site-post-title":"","ast-breadcrumbs-content":"","ast-featured-img":"","footer-sml-layout":"","theme-transparent-header-meta":"default","adv-header-id-meta":"","stick-header-meta":"","header-above-stick-meta":"","header-main-stick-meta":"","header-below-stick-meta":"","astra-migrate-meta-layouts":"set","ast-page-background-enabled":"default","ast-page-background-meta":{"desktop":{"background-color":"","background-image":"","background-repeat":"repeat","background-position":"center center","background-size":"auto","background-attachment":"scroll","background-type":"","background-media":"","overlay-type":"","overlay-color":"","overlay-opacity":"","overlay-gradient":""},"tablet":{"background-color":"","background-image":"","background-repeat":"repeat","background-position":"center center","background-size":"auto","background-attachment":"scroll","background-type":"","background-media":"","overlay-type":"","overlay-color":"","overlay-opacity":"","overlay-gradient":""},"mobile":{"background-color":"","background-image":"","background-repeat":"repeat","background-position":"center center","background-size":"auto","background-attachment":"scroll","background-type":"","background-media":"","overlay-type":"","overlay-color":"","overlay-opacity":"","overlay-gradient":""}},"ast-content-background-meta":{"desktop":{"background-color":"var(--ast-global-color-5)","background-image":"","background-repeat":"repeat","background-position":"center center","background-size":"auto","background-attachment":"scroll","background-type":"","background-media":"","overlay-type":"","overlay-color":"","overlay-opacity":"","overlay-gradient":""},"tablet":{"background-color":"var(--ast-global-color-5)","background-image":"","background-repeat":"repeat","background-position":"center center","background-size":"auto","background-attachment":"scroll","background-type":"","background-media":"","overlay-type":"","overlay-color":"","overlay-opacity":"","overlay-gradient":""},"mobile":{"background-color":"var(--ast-global-color-5)","background-image":"","background-repeat":"repeat","background-position":"center center","background-size":"auto","background-attachment":"scroll","background-type":"","background-media":"","overlay-type":"","overlay-color":"","overlay-opacity":"","overlay-gradient":""}}},"product_brand":[],"product_cat":[18,21],"product_tag":[],"class_list":{"0":"post-3410","1":"product","2":"type-product","3":"status-publish","5":"product_cat-products","6":"product_cat-antioxidant-for-plastics-and-rubbers","7":"desktop-align-left","8":"tablet-align-left","9":"mobile-align-left","11":"first","12":"instock","13":"shipping-taxable","14":"product-type-simple"},"_links":{"self":[{"href":"https:\/\/chicchem.com\/es\/wp-json\/wp\/v2\/product\/3410","targetHints":{"allow":["GET"]}}],"collection":[{"href":"https:\/\/chicchem.com\/es\/wp-json\/wp\/v2\/product"}],"about":[{"href":"https:\/\/chicchem.com\/es\/wp-json\/wp\/v2\/types\/product"}],"wp:attachment":[{"href":"https:\/\/chicchem.com\/es\/wp-json\/wp\/v2\/media?parent=3410"}],"wp:term":[{"taxonomy":"product_brand","embeddable":true,"href":"https:\/\/chicchem.com\/es\/wp-json\/wp\/v2\/product_brand?post=3410"},{"taxonomy":"product_cat","embeddable":true,"href":"https:\/\/chicchem.com\/es\/wp-json\/wp\/v2\/product_cat?post=3410"},{"taxonomy":"product_tag","embeddable":true,"href":"https:\/\/chicchem.com\/es\/wp-json\/wp\/v2\/product_tag?post=3410"}],"curies":[{"name":"wp","href":"https:\/\/api.w.org\/{rel}","templated":true}]}}