{"id":3413,"date":"2024-06-21T03:18:28","date_gmt":"2024-06-21T03:18:28","guid":{"rendered":"https:\/\/chicchem.com\/?post_type=product&#038;p=3413"},"modified":"2024-08-07T08:57:41","modified_gmt":"2024-08-07T08:57:41","slug":"chicstab-dltp","status":"publish","type":"product","link":"https:\/\/chicchem.com\/es\/producto\/chicstab-dltp\/","title":{"rendered":"DLTP"},"content":{"rendered":"<p><span style=\"color: #94bd75;\"><strong><b>Descripci\u00f3n del Producto<\/b><\/strong><\/span><\/p>\n<p><span style=\"color: #000000;\">NO CAS.  123-28-4<\/span><\/p>\n<p><span style=\"color: #000000;\">Chicstab DLTP es un antioxidante auxiliar tio\u00e9ster que descompone eficazmente los per\u00f3xidos. Exhibe excelentes efectos sin\u00e9rgicos con antioxidantes fen\u00f3licos impedidos, mejorando significativamente sus capacidades antioxidantes y mejorando el rendimiento del procesamiento y la vida \u00fatil del producto. Debido a su baja toxicidad, el DLTP se usa com\u00fanmente en envases de alimentos y otros materiales, generalmente en una dosis general de 0,11 TP3T a 1,01 TP3T. Encuentra una amplia aplicaci\u00f3n en PE, PP, PVC, resina AS y resina ABS, entre otras, y muestra sinergias particularmente fuertes cuando se usa junto con los antioxidantes Chicstab 1010 y Chicstab 1076.<\/span><\/p>\n<p><span style=\"color: #94bd75;\"><strong><b>Propiedades f\u00edsicas\u00a0<\/b><\/strong><\/span><\/p>\n<table>\n<tbody>\n<tr>\n<td style=\"background-color: #c9e4b4;\" width=\"547\"><span style=\"color: #000000;\">Forma f\u00edsica\u00a0<\/span><\/td>\n<td width=\"630\"><span style=\"color: #000000;\">cristales blancos escamosos<\/span><\/td>\n<\/tr>\n<tr>\n<td style=\"background-color: #c9e4b4;\" width=\"547\"><span style=\"color: #000000;\">Punto de fusi\u00f3n, \u2103<\/span><\/td>\n<td width=\"630\"><span style=\"color: #000000;\">39.0~41.5<\/span><\/td>\n<\/tr>\n<tr>\n<td style=\"background-color: #c9e4b4;\" width=\"547\"><span style=\"color: #000000;\">Volatilizante, %<\/span><\/td>\n<td width=\"630\"><span style=\"color: #000000;\">\u22640,50<\/span><\/td>\n<\/tr>\n<tr>\n<td style=\"background-color: #c9e4b4;\" width=\"547\"><span style=\"color: #000000;\">Contenido, %<\/span><\/td>\n<td width=\"630\"><span style=\"color: #000000;\">\u226599,0\u00a0<\/span><\/td>\n<\/tr>\n<tr>\n<td style=\"background-color: #c9e4b4;\" width=\"547\"><span style=\"color: #000000;\">Solubilidad<\/span><\/td>\n<td width=\"630\"><span style=\"color: #000000;\">Claro<\/span><\/td>\n<\/tr>\n<tr>\n<td style=\"background-color: #c9e4b4;\" rowspan=\"2\" width=\"547\"><span style=\"color: #000000;\">Transmitancia (10 g\/100 ml de tolueno), %<\/span><\/td>\n<td width=\"630\"><span style=\"color: #000000;\">425nm\u226597,0<\/span><\/td>\n<\/tr>\n<tr>\n<td width=\"630\"><span style=\"color: #000000;\">500 nm \u226597,0<\/span><\/td>\n<\/tr>\n<\/tbody>\n<\/table>\n<p><span style=\"color: #94bd75;\"><strong><b>Caracter\u00edsticas y beneficios<\/b><\/strong><\/span><\/p>\n<p><span style=\"color: #000000;\">S\u00f3lido cristalino escamoso de color blanco, soluble en benceno, tolueno, tetracloruro de carbono, etc., no contaminante, no colorante, de baja volatilidad, insoluble en agua.<\/span><\/p>\n<p><span style=\"color: #94bd75;\"><strong><b>Paquete<\/b><\/strong><\/span><\/p>\n<p><span style=\"color: #000000;\">Se envasa en bolsas compuestas de papel y pl\u00e1stico o en cajas de cart\u00f3n forradas con bolsas de pl\u00e1stico, cada una de las cuales contiene un peso neto de 25 kg.<\/span><\/p>\n<p><span style=\"color: #94bd75;\"><strong><b>Duraci\u00f3n<\/b><\/strong><\/span><\/p>\n<p><span style=\"color: #000000;\">12 meses a partir de la fecha de producci\u00f3n en embalaje original sin abrir.<\/span><\/p>\n<p><span style=\"color: #94bd75;\"><strong><b>Almacenamiento y transporte<\/b><\/strong><\/span><\/p>\n<p><span style=\"color: #000000;\">Se debe almacenar en condiciones de oscuridad, seco y baja temperatura, manteniendo el envase herm\u00e9ticamente cerrado.  Despu\u00e9s de abrirlo, se recomienda mantenerlo herm\u00e9tico y utilizarlo lo antes posible. Preste atenci\u00f3n para evitar fugas durante el transporte y siga las buenas pr\u00e1cticas industriales. Manipular con cuidado para evitar la contaminaci\u00f3n ambiental.<\/span><\/p>","protected":false},"excerpt":{"rendered":"<p>Protege los materiales del da\u00f1o oxidativo, alargando su vida \u00fatil.<\/p>","protected":false},"featured_media":0,"template":"","meta":{"site-sidebar-layout":"default","site-content-layout":"","ast-site-content-layout":"default","site-content-style":"default","site-sidebar-style":"default","ast-global-header-display":"","ast-banner-title-visibility":"","ast-main-header-display":"","ast-hfb-above-header-display":"","ast-hfb-below-header-display":"","ast-hfb-mobile-header-display":"","site-post-title":"","ast-breadcrumbs-content":"","ast-featured-img":"","footer-sml-layout":"","theme-transparent-header-meta":"default","adv-header-id-meta":"","stick-header-meta":"","header-above-stick-meta":"","header-main-stick-meta":"","header-below-stick-meta":"","astra-migrate-meta-layouts":"set","ast-page-background-enabled":"default","ast-page-background-meta":{"desktop":{"background-color":"","background-image":"","background-repeat":"repeat","background-position":"center center","background-size":"auto","background-attachment":"scroll","background-type":"","background-media":"","overlay-type":"","overlay-color":"","overlay-opacity":"","overlay-gradient":""},"tablet":{"background-color":"","background-image":"","background-repeat":"repeat","background-position":"center center","background-size":"auto","background-attachment":"scroll","background-type":"","background-media":"","overlay-type":"","overlay-color":"","overlay-opacity":"","overlay-gradient":""},"mobile":{"background-color":"","background-image":"","background-repeat":"repeat","background-position":"center center","background-size":"auto","background-attachment":"scroll","background-type":"","background-media":"","overlay-type":"","overlay-color":"","overlay-opacity":"","overlay-gradient":""}},"ast-content-background-meta":{"desktop":{"background-color":"var(--ast-global-color-5)","background-image":"","background-repeat":"repeat","background-position":"center center","background-size":"auto","background-attachment":"scroll","background-type":"","background-media":"","overlay-type":"","overlay-color":"","overlay-opacity":"","overlay-gradient":""},"tablet":{"background-color":"var(--ast-global-color-5)","background-image":"","background-repeat":"repeat","background-position":"center center","background-size":"auto","background-attachment":"scroll","background-type":"","background-media":"","overlay-type":"","overlay-color":"","overlay-opacity":"","overlay-gradient":""},"mobile":{"background-color":"var(--ast-global-color-5)","background-image":"","background-repeat":"repeat","background-position":"center center","background-size":"auto","background-attachment":"scroll","background-type":"","background-media":"","overlay-type":"","overlay-color":"","overlay-opacity":"","overlay-gradient":""}}},"product_brand":[],"product_cat":[18,21],"product_tag":[],"class_list":{"0":"post-3413","1":"product","2":"type-product","3":"status-publish","5":"product_cat-products","6":"product_cat-antioxidant-for-plastics-and-rubbers","7":"desktop-align-left","8":"tablet-align-left","9":"mobile-align-left","11":"first","12":"instock","13":"shipping-taxable","14":"product-type-simple"},"_links":{"self":[{"href":"https:\/\/chicchem.com\/es\/wp-json\/wp\/v2\/product\/3413","targetHints":{"allow":["GET"]}}],"collection":[{"href":"https:\/\/chicchem.com\/es\/wp-json\/wp\/v2\/product"}],"about":[{"href":"https:\/\/chicchem.com\/es\/wp-json\/wp\/v2\/types\/product"}],"wp:attachment":[{"href":"https:\/\/chicchem.com\/es\/wp-json\/wp\/v2\/media?parent=3413"}],"wp:term":[{"taxonomy":"product_brand","embeddable":true,"href":"https:\/\/chicchem.com\/es\/wp-json\/wp\/v2\/product_brand?post=3413"},{"taxonomy":"product_cat","embeddable":true,"href":"https:\/\/chicchem.com\/es\/wp-json\/wp\/v2\/product_cat?post=3413"},{"taxonomy":"product_tag","embeddable":true,"href":"https:\/\/chicchem.com\/es\/wp-json\/wp\/v2\/product_tag?post=3413"}],"curies":[{"name":"wp","href":"https:\/\/api.w.org\/{rel}","templated":true}]}}