{"id":3414,"date":"2024-06-21T03:19:45","date_gmt":"2024-06-21T03:19:45","guid":{"rendered":"https:\/\/chicchem.com\/?post_type=product&#038;p=3414"},"modified":"2024-08-07T08:57:00","modified_gmt":"2024-08-07T08:57:00","slug":"chicstab-br-7","status":"publish","type":"product","link":"https:\/\/chicchem.com\/es\/producto\/chicstab-br-7\/","title":{"rendered":"Chicstab BR-7"},"content":{"rendered":"<p><span style=\"color: #94bd75;\"><strong>Descripci\u00f3n del Producto<\/strong><\/span><\/p>\n<p><span style=\"color: #000000;\">Este producto es un antioxidante fen\u00f3lico de alta actividad y baja volatilidad con propiedades no contaminantes y no decolorantes. Es particularmente eficaz en la protecci\u00f3n de pol\u00edmeros insaturados naturales y sint\u00e9ticos a base de isopreno y butadieno, superando a los antioxidantes tradicionales como BHT, 1010, 1076, 2246, SP, etc.<\/span><\/p>\n<p><span style=\"color: #000000;\">Demuestra baja migraci\u00f3n o extracci\u00f3n incluso bajo lavado y cocci\u00f3n repetidos de materiales como caucho, hilo el\u00e1stico, respaldo de alfombras y espuma. Tambi\u00e9n es adecuado para compuestos de alto peso molecular como caucho natural, caucho sint\u00e9tico y pl\u00e1sticos de ingenier\u00eda como ABS y polifenol. Dise\u00f1ado espec\u00edficamente para productos de l\u00e1tex (gomaespuma, productos sumergidos, productos de hilo de caucho) y productos de caucho seco, as\u00ed como adhesivos.<\/span><\/p>\n<p><span style=\"color: #94bd75;\"><strong><b>Propiedades f\u00edsicas\u00a0<\/b><\/strong><\/span><\/p>\n<table>\n<tbody>\n<tr>\n<td style=\"background-color: #c9e4b4;\" width=\"468\"><span style=\"color: #000000;\">Forma f\u00edsica<\/span><\/td>\n<td width=\"869\"><span style=\"color: #000000;\">Polvo lechoso claro o escamas transparentes de color amarillo claro a marr\u00f3n<\/span><\/td>\n<\/tr>\n<tr>\n<td style=\"background-color: #c9e4b4;\" width=\"468\"><span style=\"color: #000000;\">Punto de fusion<\/span><\/td>\n<td width=\"869\"><span style=\"color: #000000;\">\u2265105\u2103<\/span><\/td>\n<\/tr>\n<tr>\n<td style=\"background-color: #c9e4b4;\" width=\"468\"><span style=\"color: #000000;\">Materia vol\u00e1til<\/span><\/td>\n<td width=\"869\"><span style=\"color: #000000;\">\u22640,5%<\/span><\/td>\n<\/tr>\n<tr>\n<td style=\"background-color: #c9e4b4;\" width=\"468\"><span style=\"color: #000000;\">Contenido de cenizas<\/span><\/td>\n<td width=\"869\"><span style=\"color: #000000;\">\u22640,3%<\/span><\/td>\n<\/tr>\n<\/tbody>\n<\/table>\n<p><span style=\"color: #94bd75;\"><strong><b>Caracter\u00edsticas y beneficios<\/b><\/strong><\/span><\/p>\n<p><span style=\"color: #000000;\">Este producto es un antioxidante altamente activo, que no mancha, resistente a altas temperaturas, resistente al agua, resistente al lavado, resistente a la migraci\u00f3n y de baja volatilidad, f\u00e1cil de mezclar con caucho y resina y tiene buena compatibilidad.<\/span><\/p>\n<p><span style=\"color: #94bd75;\"><strong>Solicitud<\/strong><\/span><\/p>\n<p><span style=\"color: #000000;\">Se utiliza principalmente para proteger compuestos de color claro o no coloreados como caucho natural, l\u00e1tex, PVC, ABS, EVA, BR, IR, NBR, NR, SBR, SBS, SIS y sus derivados, asegurando un efecto antioxidante a largo plazo. eficacia. En aplicaciones de caucho, la dosis t\u00edpica var\u00eda de 2 a 3 partes, con mayor efectividad cuando se usa junto con antioxidantes de fosfito. Es muy recomendable como alternativa superior a 264 y 2264.<\/span><\/p>\n<p><span style=\"color: #94bd75;\"><strong><b>Paquete<\/b><\/strong><strong><b>\u00a0<\/b><\/strong><\/span><\/p>\n<p><span style=\"color: #000000;\">Bolsas de papel compuesto forradas con film pl\u00e1stico (25 kg de peso neto), bolsas jumbo (900 kg de peso neto). Las especificaciones de embalaje se pueden personalizar previa negociaci\u00f3n.<\/span><\/p>\n<p><span style=\"color: #94bd75;\"><strong><b>Duraci\u00f3n <\/b><\/strong><\/span><\/p>\n<p><span style=\"color: #000000;\">12 meses a partir de la fecha de producci\u00f3n en embalaje original sin abrir.<\/span><\/p>\n<p><span style=\"color: #94bd75;\"><strong><b>Almacenamiento <\/b><\/strong><\/span><\/p>\n<p><span style=\"color: #000000;\">Almacenar en un ambiente oscuro, seco y fresco, manteniendo el recipiente herm\u00e9ticamente cerrado. Despu\u00e9s de abrir, selle el envase y utilice el producto inmediatamente.<\/span><\/p>","protected":false},"excerpt":{"rendered":"<p>Protege los materiales del da\u00f1o oxidativo, alargando su vida \u00fatil.<\/p>","protected":false},"featured_media":0,"template":"","meta":{"site-sidebar-layout":"default","site-content-layout":"","ast-site-content-layout":"default","site-content-style":"default","site-sidebar-style":"default","ast-global-header-display":"","ast-banner-title-visibility":"","ast-main-header-display":"","ast-hfb-above-header-display":"","ast-hfb-below-header-display":"","ast-hfb-mobile-header-display":"","site-post-title":"","ast-breadcrumbs-content":"","ast-featured-img":"","footer-sml-layout":"","theme-transparent-header-meta":"default","adv-header-id-meta":"","stick-header-meta":"","header-above-stick-meta":"","header-main-stick-meta":"","header-below-stick-meta":"","astra-migrate-meta-layouts":"set","ast-page-background-enabled":"default","ast-page-background-meta":{"desktop":{"background-color":"","background-image":"","background-repeat":"repeat","background-position":"center center","background-size":"auto","background-attachment":"scroll","background-type":"","background-media":"","overlay-type":"","overlay-color":"","overlay-opacity":"","overlay-gradient":""},"tablet":{"background-color":"","background-image":"","background-repeat":"repeat","background-position":"center center","background-size":"auto","background-attachment":"scroll","background-type":"","background-media":"","overlay-type":"","overlay-color":"","overlay-opacity":"","overlay-gradient":""},"mobile":{"background-color":"","background-image":"","background-repeat":"repeat","background-position":"center center","background-size":"auto","background-attachment":"scroll","background-type":"","background-media":"","overlay-type":"","overlay-color":"","overlay-opacity":"","overlay-gradient":""}},"ast-content-background-meta":{"desktop":{"background-color":"var(--ast-global-color-5)","background-image":"","background-repeat":"repeat","background-position":"center center","background-size":"auto","background-attachment":"scroll","background-type":"","background-media":"","overlay-type":"","overlay-color":"","overlay-opacity":"","overlay-gradient":""},"tablet":{"background-color":"var(--ast-global-color-5)","background-image":"","background-repeat":"repeat","background-position":"center center","background-size":"auto","background-attachment":"scroll","background-type":"","background-media":"","overlay-type":"","overlay-color":"","overlay-opacity":"","overlay-gradient":""},"mobile":{"background-color":"var(--ast-global-color-5)","background-image":"","background-repeat":"repeat","background-position":"center center","background-size":"auto","background-attachment":"scroll","background-type":"","background-media":"","overlay-type":"","overlay-color":"","overlay-opacity":"","overlay-gradient":""}}},"product_brand":[],"product_cat":[18,21],"product_tag":[],"class_list":{"0":"post-3414","1":"product","2":"type-product","3":"status-publish","5":"product_cat-products","6":"product_cat-antioxidant-for-plastics-and-rubbers","7":"desktop-align-left","8":"tablet-align-left","9":"mobile-align-left","11":"first","12":"instock","13":"shipping-taxable","14":"product-type-simple"},"_links":{"self":[{"href":"https:\/\/chicchem.com\/es\/wp-json\/wp\/v2\/product\/3414","targetHints":{"allow":["GET"]}}],"collection":[{"href":"https:\/\/chicchem.com\/es\/wp-json\/wp\/v2\/product"}],"about":[{"href":"https:\/\/chicchem.com\/es\/wp-json\/wp\/v2\/types\/product"}],"wp:attachment":[{"href":"https:\/\/chicchem.com\/es\/wp-json\/wp\/v2\/media?parent=3414"}],"wp:term":[{"taxonomy":"product_brand","embeddable":true,"href":"https:\/\/chicchem.com\/es\/wp-json\/wp\/v2\/product_brand?post=3414"},{"taxonomy":"product_cat","embeddable":true,"href":"https:\/\/chicchem.com\/es\/wp-json\/wp\/v2\/product_cat?post=3414"},{"taxonomy":"product_tag","embeddable":true,"href":"https:\/\/chicchem.com\/es\/wp-json\/wp\/v2\/product_tag?post=3414"}],"curies":[{"name":"wp","href":"https:\/\/api.w.org\/{rel}","templated":true}]}}