{"id":3415,"date":"2024-06-21T03:20:53","date_gmt":"2024-06-21T03:20:53","guid":{"rendered":"https:\/\/chicchem.com\/?post_type=product&#038;p=3415"},"modified":"2024-08-07T08:55:33","modified_gmt":"2024-08-07T08:55:33","slug":"chicstab-5300","status":"publish","type":"product","link":"https:\/\/chicchem.com\/es\/producto\/chicstab-5300\/","title":{"rendered":"Chicstab 5300"},"content":{"rendered":"<p><span style=\"color: #94bd75;\"><strong><b>Descripci\u00f3n del Producto<\/b><\/strong><\/span><\/p>\n<p><span style=\"color: #000000;\">Chicstab 5300 es un novedoso antioxidante en dispersi\u00f3n acuosa dise\u00f1ado para brindar un rendimiento antioxidante eficiente y consistente sin causar cambios de color o decoloraci\u00f3n en los sistemas de productos de l\u00e1tex. Previene eficazmente la degradaci\u00f3n del rendimiento del pol\u00edmero causada por el calor, los rayos UV y la oxidaci\u00f3n durante el procesamiento del producto de l\u00e1tex. Chicstab 5300 mejora la estabilidad de los materiales polim\u00e9ricos, lo que lo hace adecuado para una amplia gama de aplicaciones que incluyen l\u00e1tex natural, caucho de nitrilo y productos de l\u00e1tex.<\/span><\/p>\n<p><span style=\"color: #94bd75;\"><strong><b>Propiedades f\u00edsicas\u00a0<\/b><\/strong><\/span><\/p>\n<table>\n<tbody>\n<tr>\n<td style=\"background-color: #c9e4b4;\" width=\"604\"><span style=\"color: #000000;\">Forma f\u00edsica<\/span><\/td>\n<td width=\"567\"><span style=\"color: #000000;\">L\u00edquido lechoso blanco o blanco natural<\/span><\/td>\n<\/tr>\n<tr>\n<td style=\"background-color: #c9e4b4;\" width=\"604\"><span style=\"color: #000000;\">D50 Tama\u00f1o de part\u00edcula\/um \u2264<\/span><\/td>\n<td width=\"567\"><span style=\"color: #000000;\">2.0<\/span><\/td>\n<\/tr>\n<tr>\n<td style=\"background-color: #c9e4b4;\" width=\"604\"><span style=\"color: #000000;\">Contenido s\u00f3lido\/%<\/span><\/td>\n<td width=\"567\"><span style=\"color: #000000;\">46.5~50.5<\/span><\/td>\n<\/tr>\n<\/tbody>\n<\/table>\n<p><span style=\"color: #94bd75;\"><strong><b>\u00a0<\/b><\/strong><strong><b>Caracter\u00edsticas y beneficios<\/b><\/strong><\/span><\/p>\n<p><span style=\"color: #000000;\">Es una emulsi\u00f3n de color blanco o blanquecino, soluble en agua, con bajos compuestos org\u00e1nicos vol\u00e1tiles (COV), alta solidez del color y excelente compatibilidad.<\/span><\/p>\n<p><span style=\"color: #94bd75;\"><strong><b>Solicitud<\/b><\/strong><\/span><\/p>\n<p><span style=\"color: #000000;\">Las principales \u00e1reas de aplicaci\u00f3n incluyen guantes m\u00e9dicos, productos m\u00e9dicos de l\u00e1tex, productos de gomaespuma, guantes de nitrilo, moldes de l\u00e1tex y m\u00e1s.<\/span><\/p>\n<p><span style=\"color: #94bd75;\"><strong><b>Gu\u00eda de uso<\/b><\/strong><\/span><\/p>\n<p><span style=\"color: #000000;\">Cantidad adicional recomendada: 0,2~0,5%, o seg\u00fan los requisitos espec\u00edficos del cliente.<\/span><\/p>\n<p><span style=\"color: #94bd75;\"><strong><b>Paquete<\/b><\/strong><\/span><\/p>\n<p><span style=\"color: #000000;\">180 KG\/tambor de hierro galvanizado o embalaje de tanque IBC<\/span><\/p>\n<p><span style=\"color: #94bd75;\"><strong>Duraci\u00f3n<\/strong><\/span><\/p>\n<p><span style=\"color: #000000;\">12 meses a partir de la fecha de producci\u00f3n en embalaje original sin abrir.<\/span><\/p>\n<p><span style=\"color: #94bd75;\"><strong><b>Almacenamiento y transporte<\/b><\/strong><\/span><\/p>\n<p><span style=\"color: #000000;\">Este producto debe almacenarse en un lugar oscuro, seco y fresco, bien cerrado. Una vez abierto, es recomendable mantener un sello herm\u00e9tico y utilizarlo r\u00e1pidamente. Durante el transporte, tome precauciones para evitar fugas y respete las buenas pr\u00e1cticas industriales. Manipular con cuidado para evitar la contaminaci\u00f3n ambiental.<\/span><\/p>","protected":false},"excerpt":{"rendered":"<p>Protege los materiales del da\u00f1o oxidativo, alargando su vida \u00fatil.<\/p>","protected":false},"featured_media":0,"template":"","meta":{"site-sidebar-layout":"default","site-content-layout":"","ast-site-content-layout":"default","site-content-style":"default","site-sidebar-style":"default","ast-global-header-display":"","ast-banner-title-visibility":"","ast-main-header-display":"","ast-hfb-above-header-display":"","ast-hfb-below-header-display":"","ast-hfb-mobile-header-display":"","site-post-title":"","ast-breadcrumbs-content":"","ast-featured-img":"","footer-sml-layout":"","theme-transparent-header-meta":"default","adv-header-id-meta":"","stick-header-meta":"","header-above-stick-meta":"","header-main-stick-meta":"","header-below-stick-meta":"","astra-migrate-meta-layouts":"set","ast-page-background-enabled":"default","ast-page-background-meta":{"desktop":{"background-color":"","background-image":"","background-repeat":"repeat","background-position":"center center","background-size":"auto","background-attachment":"scroll","background-type":"","background-media":"","overlay-type":"","overlay-color":"","overlay-opacity":"","overlay-gradient":""},"tablet":{"background-color":"","background-image":"","background-repeat":"repeat","background-position":"center center","background-size":"auto","background-attachment":"scroll","background-type":"","background-media":"","overlay-type":"","overlay-color":"","overlay-opacity":"","overlay-gradient":""},"mobile":{"background-color":"","background-image":"","background-repeat":"repeat","background-position":"center center","background-size":"auto","background-attachment":"scroll","background-type":"","background-media":"","overlay-type":"","overlay-color":"","overlay-opacity":"","overlay-gradient":""}},"ast-content-background-meta":{"desktop":{"background-color":"var(--ast-global-color-5)","background-image":"","background-repeat":"repeat","background-position":"center center","background-size":"auto","background-attachment":"scroll","background-type":"","background-media":"","overlay-type":"","overlay-color":"","overlay-opacity":"","overlay-gradient":""},"tablet":{"background-color":"var(--ast-global-color-5)","background-image":"","background-repeat":"repeat","background-position":"center center","background-size":"auto","background-attachment":"scroll","background-type":"","background-media":"","overlay-type":"","overlay-color":"","overlay-opacity":"","overlay-gradient":""},"mobile":{"background-color":"var(--ast-global-color-5)","background-image":"","background-repeat":"repeat","background-position":"center center","background-size":"auto","background-attachment":"scroll","background-type":"","background-media":"","overlay-type":"","overlay-color":"","overlay-opacity":"","overlay-gradient":""}}},"product_brand":[],"product_cat":[18,21],"product_tag":[],"class_list":{"0":"post-3415","1":"product","2":"type-product","3":"status-publish","5":"product_cat-products","6":"product_cat-antioxidant-for-plastics-and-rubbers","7":"desktop-align-left","8":"tablet-align-left","9":"mobile-align-left","11":"first","12":"instock","13":"shipping-taxable","14":"product-type-simple"},"_links":{"self":[{"href":"https:\/\/chicchem.com\/es\/wp-json\/wp\/v2\/product\/3415","targetHints":{"allow":["GET"]}}],"collection":[{"href":"https:\/\/chicchem.com\/es\/wp-json\/wp\/v2\/product"}],"about":[{"href":"https:\/\/chicchem.com\/es\/wp-json\/wp\/v2\/types\/product"}],"wp:attachment":[{"href":"https:\/\/chicchem.com\/es\/wp-json\/wp\/v2\/media?parent=3415"}],"wp:term":[{"taxonomy":"product_brand","embeddable":true,"href":"https:\/\/chicchem.com\/es\/wp-json\/wp\/v2\/product_brand?post=3415"},{"taxonomy":"product_cat","embeddable":true,"href":"https:\/\/chicchem.com\/es\/wp-json\/wp\/v2\/product_cat?post=3415"},{"taxonomy":"product_tag","embeddable":true,"href":"https:\/\/chicchem.com\/es\/wp-json\/wp\/v2\/product_tag?post=3415"}],"curies":[{"name":"wp","href":"https:\/\/api.w.org\/{rel}","templated":true}]}}