{"id":3416,"date":"2024-06-21T03:22:01","date_gmt":"2024-06-21T03:22:01","guid":{"rendered":"https:\/\/chicchem.com\/?post_type=product&#038;p=3416"},"modified":"2024-08-07T08:56:19","modified_gmt":"2024-08-07T08:56:19","slug":"chicstab-5026","status":"publish","type":"product","link":"https:\/\/chicchem.com\/es\/producto\/chicstab-5026\/","title":{"rendered":"Chicstab 5026"},"content":{"rendered":"<p><span style=\"color: #94bd75;\"><strong><b>Descripci\u00f3n del Producto<\/b><\/strong><\/span><\/p>\n<p><span style=\"color: #000000;\">N\u00famero CAS 110675-26-8<\/span><\/p>\n<p><span style=\"color: #000000;\">Chicstab 5026 es un nuevo antioxidante en emulsi\u00f3n dise\u00f1ado para una excelente compatibilidad con sustratos de PVC, particularmente eficaz para estabilizar las reacciones de polimerizaci\u00f3n del PVC. Logra un delicado equilibrio entre la eficiencia de la terminaci\u00f3n de la cadena y la estabilidad t\u00e9rmica, ofreciendo ventajas como una excelente resistencia t\u00e9rmica, dispersi\u00f3n uniforme y f\u00e1cil incorporaci\u00f3n. Este antioxidante mejora la calidad del PVC al retrasar e inhibir la degradaci\u00f3n oxidativa durante la polimerizaci\u00f3n, mejorando as\u00ed la estabilidad del PVC, la retenci\u00f3n del color y la resistencia a la intemperie.<\/span><\/p>\n<p><span style=\"color: #94bd75;\"><strong><b>Propiedades f\u00edsicas\u00a0<\/b><\/strong><\/span><\/p>\n<table>\n<tbody>\n<tr>\n<td style=\"background-color: #c9e4b4;\" width=\"582\"><span style=\"color: #000000;\">Forma f\u00edsica\u00a0<\/span><\/td>\n<td width=\"772\"><span style=\"color: #000000;\">S\u00f3lido blanco o amarillo claro<\/span><\/td>\n<\/tr>\n<tr>\n<td style=\"background-color: #c9e4b4;\" width=\"582\"><span style=\"color: #000000;\">Punto de inflamaci\u00f3n, \u2103<\/span><\/td>\n<td width=\"772\"><span style=\"color: #000000;\">232<\/span><\/td>\n<\/tr>\n<tr>\n<td style=\"background-color: #c9e4b4;\" width=\"582\"><span style=\"color: #000000;\">Densidad (40 \u2103), g\/cm<sup>3<\/sup><\/span><\/td>\n<td width=\"772\"><span style=\"color: #000000;\">0.934<\/span><\/td>\n<\/tr>\n<tr>\n<td style=\"background-color: #c9e4b4;\" rowspan=\"7\" width=\"582\"><span style=\"color: #000000;\">Solubilidad a 20\u00b0C (g\/100 g de soluci\u00f3n)<\/span><\/td>\n<td width=\"772\"><span style=\"color: #000000;\">Acetona, &gt;50<\/span><\/td>\n<\/tr>\n<tr>\n<td width=\"772\"><span style=\"color: #000000;\">Ciclohexano, &gt;50<\/span><\/td>\n<\/tr>\n<tr>\n<td width=\"772\"><span style=\"color: #000000;\">Acetato de etilo, &gt;50<\/span><\/td>\n<\/tr>\n<tr>\n<td width=\"772\"><span style=\"color: #000000;\">n-Hexano, &gt;50<\/span><\/td>\n<\/tr>\n<tr>\n<td width=\"772\"><span style=\"color: #000000;\">Metanol, 1<\/span><\/td>\n<\/tr>\n<tr>\n<td width=\"772\"><span style=\"color: #000000;\">Tolueno, &gt;50<\/span><\/td>\n<\/tr>\n<tr>\n<td width=\"772\"><span style=\"color: #000000;\">Agua, &lt;0,1<\/span><\/td>\n<\/tr>\n<\/tbody>\n<\/table>\n<p><span style=\"color: #94bd75;\"><strong><b>Caracter\u00edsticas y beneficios<\/b><\/strong><\/span><\/p>\n<p><span style=\"color: #000000;\">No mancha, no decolora, Baja volatilidad, Resistente a la extracci\u00f3n, Estable a la luz y al calor<\/span><\/p>\n<p><span style=\"color: #94bd75;\"><strong>Solicitud <\/strong><\/span><\/p>\n<p><span style=\"color: #000000;\">Las principales aplicaciones de Chicstab 5026 incluyen productos de PVC r\u00edgido como puertas, ventanas, tuber\u00edas y l\u00e1minas, as\u00ed como art\u00edculos flexibles como cuero sint\u00e9tico de PVC, lonas y tiendas de campa\u00f1a.<\/span><\/p>\n<p><span style=\"color: #000000;\">\u00a0Chicstab 5026 es un antioxidante fen\u00f3lico multifuncional dise\u00f1ado espec\u00edficamente para estabilizar pol\u00edmeros org\u00e1nicos, particularmente en adhesivos. Es muy eficaz en adhesivos termofusibles basados en pol\u00edmeros insaturados como SBS o SIS, adhesivos a base de disolventes que utilizan elast\u00f3meros como caucho natural, caucho de cloropreno, SBR, etc., y adhesivos a base de agua. Chicstab 5026 tambi\u00e9n es adecuado para estabilizar copol\u00edmeros en bloque como SBS y SIS, as\u00ed como selladores de poliuretano (PUR). Proporciona una excelente protecci\u00f3n contra la degradaci\u00f3n termooxidativa, ofreciendo caracter\u00edsticas como no manchar, no decolorar, baja volatilidad, resistencia a la extracci\u00f3n y estabilidad bajo la luz y el calor.<\/span><\/p>\n<p><span style=\"color: #000000;\">Chicstab 5026 se recomienda para aplicaciones que incluyen materiales adhesivos, elast\u00f3meros y productos PUR. Sirve como un estabilizador termooxidativo eficaz para materiales adhesivos, especialmente en adhesivos termofusibles, adhesivos a base de agua y disolventes y copol\u00edmeros de bloque como SBS y SIS, as\u00ed como selladores PUR.<\/span><\/p>\n<p><span style=\"color: #94bd75;\"><strong><b>Gu\u00eda de uso<\/b><\/strong><\/span><\/p>\n<p><span style=\"color: #000000;\">Los niveles de aplicaci\u00f3n t\u00edpicos oscilan entre 0,1% y 1,0%.<\/span><\/p>\n<p><span style=\"color: #94bd75;\"><strong><b>Paquete<\/b><\/strong><\/span><\/p>\n<p><span style=\"color: #000000;\">Se envasa en bolsas compuestas de papel y pl\u00e1stico o en cajas de cart\u00f3n forradas con bolsas de pl\u00e1stico, cada una de las cuales contiene un peso neto de 25 kg.<\/span><\/p>\n<p><span style=\"color: #94bd75;\"><strong><b>Duraci\u00f3n <\/b><\/strong><\/span><\/p>\n<p><span style=\"color: #000000;\">12 meses a partir de la fecha de producci\u00f3n en embalaje original sin abrir.<\/span><\/p>\n<p><span style=\"color: #94bd75;\"><strong><b>Almacenamiento <\/b><\/strong><\/span><\/p>\n<p><span style=\"color: #000000;\">Almacenar en un ambiente oscuro, seco y fresco, manteniendo el recipiente herm\u00e9ticamente cerrado. Despu\u00e9s de abrirlo, selle el recipiente y utilice el producto lo antes posible. El producto puede licuarse durante el almacenamiento.<\/span><\/p>\n<p>&nbsp;<\/p>","protected":false},"excerpt":{"rendered":"<p>Protege los materiales del da\u00f1o oxidativo, alargando su vida \u00fatil.<\/p>","protected":false},"featured_media":0,"template":"","meta":{"site-sidebar-layout":"default","site-content-layout":"","ast-site-content-layout":"default","site-content-style":"default","site-sidebar-style":"default","ast-global-header-display":"","ast-banner-title-visibility":"","ast-main-header-display":"","ast-hfb-above-header-display":"","ast-hfb-below-header-display":"","ast-hfb-mobile-header-display":"","site-post-title":"","ast-breadcrumbs-content":"","ast-featured-img":"","footer-sml-layout":"","theme-transparent-header-meta":"default","adv-header-id-meta":"","stick-header-meta":"","header-above-stick-meta":"","header-main-stick-meta":"","header-below-stick-meta":"","astra-migrate-meta-layouts":"set","ast-page-background-enabled":"default","ast-page-background-meta":{"desktop":{"background-color":"","background-image":"","background-repeat":"repeat","background-position":"center center","background-size":"auto","background-attachment":"scroll","background-type":"","background-media":"","overlay-type":"","overlay-color":"","overlay-opacity":"","overlay-gradient":""},"tablet":{"background-color":"","background-image":"","background-repeat":"repeat","background-position":"center center","background-size":"auto","background-attachment":"scroll","background-type":"","background-media":"","overlay-type":"","overlay-color":"","overlay-opacity":"","overlay-gradient":""},"mobile":{"background-color":"","background-image":"","background-repeat":"repeat","background-position":"center center","background-size":"auto","background-attachment":"scroll","background-type":"","background-media":"","overlay-type":"","overlay-color":"","overlay-opacity":"","overlay-gradient":""}},"ast-content-background-meta":{"desktop":{"background-color":"var(--ast-global-color-5)","background-image":"","background-repeat":"repeat","background-position":"center center","background-size":"auto","background-attachment":"scroll","background-type":"","background-media":"","overlay-type":"","overlay-color":"","overlay-opacity":"","overlay-gradient":""},"tablet":{"background-color":"var(--ast-global-color-5)","background-image":"","background-repeat":"repeat","background-position":"center center","background-size":"auto","background-attachment":"scroll","background-type":"","background-media":"","overlay-type":"","overlay-color":"","overlay-opacity":"","overlay-gradient":""},"mobile":{"background-color":"var(--ast-global-color-5)","background-image":"","background-repeat":"repeat","background-position":"center center","background-size":"auto","background-attachment":"scroll","background-type":"","background-media":"","overlay-type":"","overlay-color":"","overlay-opacity":"","overlay-gradient":""}}},"product_brand":[],"product_cat":[18,21],"product_tag":[],"class_list":{"0":"post-3416","1":"product","2":"type-product","3":"status-publish","5":"product_cat-products","6":"product_cat-antioxidant-for-plastics-and-rubbers","7":"desktop-align-left","8":"tablet-align-left","9":"mobile-align-left","11":"first","12":"instock","13":"shipping-taxable","14":"product-type-simple"},"_links":{"self":[{"href":"https:\/\/chicchem.com\/es\/wp-json\/wp\/v2\/product\/3416","targetHints":{"allow":["GET"]}}],"collection":[{"href":"https:\/\/chicchem.com\/es\/wp-json\/wp\/v2\/product"}],"about":[{"href":"https:\/\/chicchem.com\/es\/wp-json\/wp\/v2\/types\/product"}],"wp:attachment":[{"href":"https:\/\/chicchem.com\/es\/wp-json\/wp\/v2\/media?parent=3416"}],"wp:term":[{"taxonomy":"product_brand","embeddable":true,"href":"https:\/\/chicchem.com\/es\/wp-json\/wp\/v2\/product_brand?post=3416"},{"taxonomy":"product_cat","embeddable":true,"href":"https:\/\/chicchem.com\/es\/wp-json\/wp\/v2\/product_cat?post=3416"},{"taxonomy":"product_tag","embeddable":true,"href":"https:\/\/chicchem.com\/es\/wp-json\/wp\/v2\/product_tag?post=3416"}],"curies":[{"name":"wp","href":"https:\/\/api.w.org\/{rel}","templated":true}]}}