{"id":3422,"date":"2024-06-21T04:31:17","date_gmt":"2024-06-21T04:31:17","guid":{"rendered":"https:\/\/chicchem.com\/?post_type=product&#038;p=3422"},"modified":"2024-06-21T04:32:39","modified_gmt":"2024-06-21T04:32:39","slug":"chicstab-316a","status":"publish","type":"product","link":"https:\/\/chicchem.com\/es\/producto\/chicstab-316a\/","title":{"rendered":"Chicstab 316A"},"content":{"rendered":"<p><span style=\"color: #28a7de;\"><strong><b>Descripci\u00f3n del Producto<\/b><\/strong><\/span><\/p>\n<p><span style=\"color: #000000;\">Chicstab 316A es principalmente un antioxidante destinado a estabilizar el color de los materiales polim\u00e9ricos. Se utiliza ampliamente en materiales como elast\u00f3meros y adhesivos de poliuretano. Este producto combate eficazmente el amarillamiento del material preservando la transparencia del producto. Supera al antioxidante Chicstab 316B en t\u00e9rminos de calidad de poli\u00e9ter y efectos antiamarilleo, requiere una adici\u00f3n m\u00ednima y presenta un valor de insaturaci\u00f3n m\u00e1s bajo. Adem\u00e1s, el antioxidante l\u00edquido Chicstab 316A presenta una baja viscosidad, lo que lo hace f\u00e1cil de transportar y disolver en poli\u00e9ter y otros materiales.<\/span><\/p>\n<p><span style=\"color: #28a7de;\"><strong><b>Propiedades f\u00edsicas<\/b><\/strong><\/span><\/p>\n<table>\n<tbody>\n<tr>\n<td style=\"background-color: #bce4f5;\" width=\"582\"><span style=\"color: #000000;\">Forma f\u00edsica<\/span><\/td>\n<td width=\"772\"><span style=\"color: #000000;\">L\u00edquido incoloro a amarillo claro o amarillo.<\/span><\/td>\n<\/tr>\n<tr>\n<td style=\"background-color: #bce4f5;\" width=\"582\"><span style=\"color: #000000;\">Densidad (25\u2103), g\/cm\u00b3<\/span><\/td>\n<td width=\"772\"><span style=\"color: #000000;\">0.910-0.990<\/span><\/td>\n<\/tr>\n<tr>\n<td style=\"background-color: #bce4f5;\" width=\"582\"><span style=\"color: #000000;\">Viscosidad (25\u00b0C), mPa.s, \u2264<\/span><\/td>\n<td width=\"772\"><span style=\"color: #000000;\">100<\/span><\/td>\n<\/tr>\n<tr>\n<td style=\"background-color: #bce4f5;\" width=\"582\"><span style=\"color: #000000;\">\u00cdndice de refracci\u00f3n (25\u00b0C)<\/span><\/td>\n<td width=\"772\"><span style=\"color: #000000;\">1.460-1.530<\/span><\/td>\n<\/tr>\n<tr>\n<td style=\"background-color: #bce4f5;\" width=\"582\"><span style=\"color: #000000;\">\u00cdndice de acidez, mgKOH\/g, \u2264<\/span><\/td>\n<td width=\"772\"><span style=\"color: #000000;\">1.0<\/span><\/td>\n<\/tr>\n<\/tbody>\n<\/table>\n<p><span style=\"color: #28a7de;\"><strong><b>Gu\u00eda de uso<\/b><\/strong><\/span><\/p>\n<ol>\n<li><span style=\"color: #000000;\">La dosis recomendada oscila entre 0,05% y 0,25%, con opci\u00f3n de optimizar seg\u00fan la aplicaci\u00f3n espec\u00edfica.<\/span><\/li>\n<li><span style=\"color: #000000;\">Si no se utiliza inmediatamente, llene el recipiente con nitr\u00f3geno y ci\u00e9rrelo r\u00e1pidamente. La exposici\u00f3n prolongada al aire puede provocar la decoloraci\u00f3n del producto.<\/span><\/li>\n<li><span style=\"color: #000000;\">Evite el contacto directo con el producto con las manos desnudas; Utilice guantes resistentes a \u00e1cidos y \u00e1lcalis durante la manipulaci\u00f3n. En caso de contacto con la piel, lavar abundantemente con abundante agua o utilizar alcohol medicinal. Busque atenci\u00f3n m\u00e9dica si es grave.<\/span><\/li>\n<\/ol>\n<p><span style=\"color: #28a7de;\"><strong><b>Paquete<\/b><\/strong>\u00a0<\/span><\/p>\n<p><span style=\"color: #000000;\">180kg\/bid\u00f3n. Debe almacenarse en condiciones oscuras, secas, de baja temperatura y selladas. La exposici\u00f3n prolongada har\u00e1 que el producto se vuelva amarillo.<\/span><\/p>\n<p><span style=\"color: #28a7de;\"><strong><b>S<\/b><\/strong><strong><b>vida \u00fatil<\/b><\/strong><\/span><\/p>\n<p><span style=\"color: #000000;\">12 meses a partir de la fecha de producci\u00f3n en embalaje original sin abrir.<\/span><\/p>\n<p><span style=\"color: #28a7de;\"><strong><b>Almacenamiento <\/b><\/strong><\/span><\/p>\n<p><span style=\"color: #000000;\">Almacenar en un ambiente seco, bien ventilado y fresco, evitando el contacto con el agua.\u00a0<\/span><\/p>","protected":false},"excerpt":{"rendered":"<p>Protege los materiales del da\u00f1o oxidativo, alargando su vida \u00fatil.<\/p>","protected":false},"featured_media":0,"template":"","meta":{"site-sidebar-layout":"default","site-content-layout":"","ast-site-content-layout":"default","site-content-style":"default","site-sidebar-style":"default","ast-global-header-display":"","ast-banner-title-visibility":"","ast-main-header-display":"","ast-hfb-above-header-display":"","ast-hfb-below-header-display":"","ast-hfb-mobile-header-display":"","site-post-title":"","ast-breadcrumbs-content":"","ast-featured-img":"","footer-sml-layout":"","theme-transparent-header-meta":"default","adv-header-id-meta":"","stick-header-meta":"","header-above-stick-meta":"","header-main-stick-meta":"","header-below-stick-meta":"","astra-migrate-meta-layouts":"set","ast-page-background-enabled":"default","ast-page-background-meta":{"desktop":{"background-color":"","background-image":"","background-repeat":"repeat","background-position":"center center","background-size":"auto","background-attachment":"scroll","background-type":"","background-media":"","overlay-type":"","overlay-color":"","overlay-opacity":"","overlay-gradient":""},"tablet":{"background-color":"","background-image":"","background-repeat":"repeat","background-position":"center center","background-size":"auto","background-attachment":"scroll","background-type":"","background-media":"","overlay-type":"","overlay-color":"","overlay-opacity":"","overlay-gradient":""},"mobile":{"background-color":"","background-image":"","background-repeat":"repeat","background-position":"center center","background-size":"auto","background-attachment":"scroll","background-type":"","background-media":"","overlay-type":"","overlay-color":"","overlay-opacity":"","overlay-gradient":""}},"ast-content-background-meta":{"desktop":{"background-color":"var(--ast-global-color-5)","background-image":"","background-repeat":"repeat","background-position":"center center","background-size":"auto","background-attachment":"scroll","background-type":"","background-media":"","overlay-type":"","overlay-color":"","overlay-opacity":"","overlay-gradient":""},"tablet":{"background-color":"var(--ast-global-color-5)","background-image":"","background-repeat":"repeat","background-position":"center center","background-size":"auto","background-attachment":"scroll","background-type":"","background-media":"","overlay-type":"","overlay-color":"","overlay-opacity":"","overlay-gradient":""},"mobile":{"background-color":"var(--ast-global-color-5)","background-image":"","background-repeat":"repeat","background-position":"center center","background-size":"auto","background-attachment":"scroll","background-type":"","background-media":"","overlay-type":"","overlay-color":"","overlay-opacity":"","overlay-gradient":""}}},"product_brand":[],"product_cat":[18,19],"product_tag":[],"class_list":{"0":"post-3422","1":"product","2":"type-product","3":"status-publish","5":"product_cat-products","6":"product_cat-antioxidant-for-polyether-and-foam","7":"desktop-align-left","8":"tablet-align-left","9":"mobile-align-left","11":"first","12":"instock","13":"shipping-taxable","14":"product-type-simple"},"_links":{"self":[{"href":"https:\/\/chicchem.com\/es\/wp-json\/wp\/v2\/product\/3422","targetHints":{"allow":["GET"]}}],"collection":[{"href":"https:\/\/chicchem.com\/es\/wp-json\/wp\/v2\/product"}],"about":[{"href":"https:\/\/chicchem.com\/es\/wp-json\/wp\/v2\/types\/product"}],"wp:attachment":[{"href":"https:\/\/chicchem.com\/es\/wp-json\/wp\/v2\/media?parent=3422"}],"wp:term":[{"taxonomy":"product_brand","embeddable":true,"href":"https:\/\/chicchem.com\/es\/wp-json\/wp\/v2\/product_brand?post=3422"},{"taxonomy":"product_cat","embeddable":true,"href":"https:\/\/chicchem.com\/es\/wp-json\/wp\/v2\/product_cat?post=3422"},{"taxonomy":"product_tag","embeddable":true,"href":"https:\/\/chicchem.com\/es\/wp-json\/wp\/v2\/product_tag?post=3422"}],"curies":[{"name":"wp","href":"https:\/\/api.w.org\/{rel}","templated":true}]}}