{"id":3423,"date":"2024-06-21T04:32:51","date_gmt":"2024-06-21T04:32:51","guid":{"rendered":"https:\/\/chicchem.com\/?post_type=product&#038;p=3423"},"modified":"2024-06-21T04:34:04","modified_gmt":"2024-06-21T04:34:04","slug":"chicstab-316b","status":"publish","type":"product","link":"https:\/\/chicchem.com\/es\/producto\/chicstab-316b\/","title":{"rendered":"Chicstab 316B"},"content":{"rendered":"<p><span style=\"color: #28a7de;\"><strong><b>Descripci\u00f3n del Producto<\/b><\/strong><\/span><\/p>\n<p><span style=\"color: #000000;\">Chicstab 316B es apreciado por su doble funci\u00f3n como agente antioxidante primario y auxiliar. Encuentra una amplia aplicaci\u00f3n en prepol\u00edmeros, elast\u00f3meros, cuero de poliuretano y pl\u00e1sticos de ingenier\u00eda como ABS y PVC, y exhibe una estabilidad t\u00e9rmica excepcional y propiedades antiamarilleo. Cuando se agrega una dosis de 75% del antioxidante Chicstab 1135 y del antioxidante Chicstab 1076, inhibe eficazmente el amarilleo del cuero de poliuretano y el envejecimiento del procesamiento del PVC, al tiempo que preserva la transparencia del producto. Adem\u00e1s, el antioxidante l\u00edquido Chicstab 316B presenta una baja viscosidad, lo que facilita el bombeo.<\/span><\/p>\n<p><span style=\"color: #28a7de;\"><strong><b>Propiedades f\u00edsicas<\/b><\/strong><\/span><\/p>\n<table style=\"width: 100%; height: 276px;\">\n<tbody>\n<tr style=\"height: 69px;\">\n<td style=\"height: 69px; background-color: #bce4f5;\" width=\"582\"><span style=\"color: #000000;\">Forma f\u00edsica<\/span><\/td>\n<td style=\"height: 69px;\" width=\"772\"><span style=\"color: #000000;\">l\u00edquido incoloro o amarillo claro<\/span><\/td>\n<\/tr>\n<tr style=\"height: 69px;\">\n<td style=\"height: 69px; background-color: #bce4f5;\" width=\"582\"><span style=\"color: #000000;\">\u00cdndice de refracci\u00f3n (25\u00b0C)<\/span><\/td>\n<td style=\"height: 69px;\" width=\"772\"><span style=\"color: #000000;\">1,478\uff5e1,487<\/span><\/td>\n<\/tr>\n<tr style=\"height: 69px;\">\n<td style=\"height: 69px; background-color: #bce4f5;\" width=\"582\"><span style=\"color: #000000;\">Viscosidad cinem\u00e1tica (20 \u2103),<\/span><\/td>\n<td style=\"height: 69px;\" width=\"772\"><span style=\"color: #000000;\">10-50cp<\/span><\/td>\n<\/tr>\n<tr style=\"height: 69px;\">\n<td style=\"height: 69px; background-color: #bce4f5;\" width=\"582\"><span style=\"color: #000000;\">Solubilidad<\/span><\/td>\n<td style=\"height: 69px;\" width=\"772\"><span style=\"color: #000000;\">claro<\/span><\/td>\n<\/tr>\n<\/tbody>\n<\/table>\n<p><span style=\"color: #28a7de;\"><strong>Caracter\u00edsticas y beneficios<\/strong><\/span><\/p>\n<p><span style=\"color: #000000;\">Alta transparencia y resistencia a la luz.<\/span><\/p>\n<p><span style=\"color: #28a7de;\"><strong><b>Gu\u00eda de uso<\/b><\/strong><\/span><\/p>\n<p><span style=\"color: #000000;\">La dosis t\u00edpica recomendada oscila entre 0,03% y 0,3%.<\/span><\/p>\n<p><span style=\"color: #28a7de;\"><strong><b>Paquete<\/b><\/strong><\/span><\/p>\n<p><span style=\"color: #000000;\">180KG\/tambor, 1000kg\/tanque IBC, 20 toneladas\/tanque ISO.<\/span><\/p>\n<p><span style=\"color: #28a7de;\"><strong><b>S<\/b><\/strong><strong><b>vida \u00fatil<\/b><\/strong><\/span><\/p>\n<p><span style=\"color: #000000;\">12 meses a partir de la fecha de producci\u00f3n en embalaje original sin abrir.<\/span><\/p>\n<p><span style=\"color: #28a7de;\"><strong><b>Almacenamiento <\/b><\/strong><\/span><\/p>\n<p><span style=\"color: #000000;\">Almacenar en condiciones oscuras, secas, frescas y selladas.\u00a0<\/span><\/p>","protected":false},"excerpt":{"rendered":"<p>Protege los materiales del da\u00f1o oxidativo, alargando su vida \u00fatil.<\/p>","protected":false},"featured_media":0,"template":"","meta":{"site-sidebar-layout":"default","site-content-layout":"","ast-site-content-layout":"default","site-content-style":"default","site-sidebar-style":"default","ast-global-header-display":"","ast-banner-title-visibility":"","ast-main-header-display":"","ast-hfb-above-header-display":"","ast-hfb-below-header-display":"","ast-hfb-mobile-header-display":"","site-post-title":"","ast-breadcrumbs-content":"","ast-featured-img":"","footer-sml-layout":"","theme-transparent-header-meta":"default","adv-header-id-meta":"","stick-header-meta":"","header-above-stick-meta":"","header-main-stick-meta":"","header-below-stick-meta":"","astra-migrate-meta-layouts":"set","ast-page-background-enabled":"default","ast-page-background-meta":{"desktop":{"background-color":"","background-image":"","background-repeat":"repeat","background-position":"center center","background-size":"auto","background-attachment":"scroll","background-type":"","background-media":"","overlay-type":"","overlay-color":"","overlay-opacity":"","overlay-gradient":""},"tablet":{"background-color":"","background-image":"","background-repeat":"repeat","background-position":"center center","background-size":"auto","background-attachment":"scroll","background-type":"","background-media":"","overlay-type":"","overlay-color":"","overlay-opacity":"","overlay-gradient":""},"mobile":{"background-color":"","background-image":"","background-repeat":"repeat","background-position":"center center","background-size":"auto","background-attachment":"scroll","background-type":"","background-media":"","overlay-type":"","overlay-color":"","overlay-opacity":"","overlay-gradient":""}},"ast-content-background-meta":{"desktop":{"background-color":"var(--ast-global-color-5)","background-image":"","background-repeat":"repeat","background-position":"center center","background-size":"auto","background-attachment":"scroll","background-type":"","background-media":"","overlay-type":"","overlay-color":"","overlay-opacity":"","overlay-gradient":""},"tablet":{"background-color":"var(--ast-global-color-5)","background-image":"","background-repeat":"repeat","background-position":"center center","background-size":"auto","background-attachment":"scroll","background-type":"","background-media":"","overlay-type":"","overlay-color":"","overlay-opacity":"","overlay-gradient":""},"mobile":{"background-color":"var(--ast-global-color-5)","background-image":"","background-repeat":"repeat","background-position":"center center","background-size":"auto","background-attachment":"scroll","background-type":"","background-media":"","overlay-type":"","overlay-color":"","overlay-opacity":"","overlay-gradient":""}}},"product_brand":[],"product_cat":[18,19],"product_tag":[],"class_list":{"0":"post-3423","1":"product","2":"type-product","3":"status-publish","5":"product_cat-products","6":"product_cat-antioxidant-for-polyether-and-foam","7":"desktop-align-left","8":"tablet-align-left","9":"mobile-align-left","11":"first","12":"instock","13":"shipping-taxable","14":"product-type-simple"},"_links":{"self":[{"href":"https:\/\/chicchem.com\/es\/wp-json\/wp\/v2\/product\/3423","targetHints":{"allow":["GET"]}}],"collection":[{"href":"https:\/\/chicchem.com\/es\/wp-json\/wp\/v2\/product"}],"about":[{"href":"https:\/\/chicchem.com\/es\/wp-json\/wp\/v2\/types\/product"}],"wp:attachment":[{"href":"https:\/\/chicchem.com\/es\/wp-json\/wp\/v2\/media?parent=3423"}],"wp:term":[{"taxonomy":"product_brand","embeddable":true,"href":"https:\/\/chicchem.com\/es\/wp-json\/wp\/v2\/product_brand?post=3423"},{"taxonomy":"product_cat","embeddable":true,"href":"https:\/\/chicchem.com\/es\/wp-json\/wp\/v2\/product_cat?post=3423"},{"taxonomy":"product_tag","embeddable":true,"href":"https:\/\/chicchem.com\/es\/wp-json\/wp\/v2\/product_tag?post=3423"}],"curies":[{"name":"wp","href":"https:\/\/api.w.org\/{rel}","templated":true}]}}