{"id":3424,"date":"2024-06-21T04:34:13","date_gmt":"2024-06-21T04:34:13","guid":{"rendered":"https:\/\/chicchem.com\/?post_type=product&#038;p=3424"},"modified":"2024-06-21T04:35:21","modified_gmt":"2024-06-21T04:35:21","slug":"chicstab-325","status":"publish","type":"product","link":"https:\/\/chicchem.com\/es\/producto\/chicstab-325\/","title":{"rendered":"Chicstab 325"},"content":{"rendered":"<p><span style=\"color: #28a7de;\"><strong><b>Descripci\u00f3n del Producto<\/b><\/strong><\/span><\/p>\n<p><span style=\"color: #000000;\">Chicstab 325 es un antioxidante compuesto l\u00edquido con actividad superior a 99%, que ofrece excelentes efectos anti-quemaduras en espuma de poliuretano. Es particularmente adecuado para espuma blanda de poliuretano y exhibe un rendimiento excepcional en productos posteriores de poliuretano con requisitos de resistencia a altas temperaturas. Cuando se utiliza sin\u00e9rgicamente con antioxidantes auxiliares, potencia su eficacia. A diferencia del antioxidante fen\u00f3lico l\u00edquido convencional Chicstab 1135, Chicstab 325 no contiene antioxidantes BHT vol\u00e1tiles. Con su elevada temperatura de oxidaci\u00f3n inicial y su mayor resistencia al envejecimiento t\u00e9rmico por ox\u00edgeno, Chicstab 325 resulta ideal para aplicaciones que no requieren protecci\u00f3n ambiental BHT.<\/span><\/p>\n<p><span style=\"color: #28a7de;\"><strong><b>Propiedades f\u00edsicas<\/b><\/strong><\/span><\/p>\n<table>\n<tbody>\n<tr>\n<td style=\"background-color: #bce4f5;\" width=\"582\"><span style=\"color: #000000;\">Forma f\u00edsica<\/span><\/td>\n<td width=\"772\"><span style=\"color: #000000;\">l\u00edquido \u00e1mbar claro u oscuro<\/span><\/td>\n<\/tr>\n<tr>\n<td style=\"background-color: #bce4f5;\" width=\"582\"><span style=\"color: #000000;\">Viscosidad cinem\u00e1tica (25 \u2103), cp, \u2264<\/span><\/td>\n<td width=\"772\"><span style=\"color: #000000;\">4000<\/span><\/td>\n<\/tr>\n<tr>\n<td style=\"background-color: #bce4f5;\" width=\"582\"><span style=\"color: #000000;\">Contenido de agua, %, \u2264<\/span><\/td>\n<td width=\"772\"><span style=\"color: #000000;\">0.10<\/span><\/td>\n<\/tr>\n<tr>\n<td style=\"background-color: #bce4f5;\" width=\"582\"><span style=\"color: #000000;\">Densidad (25 \u2103), g\/cm<sup>3<\/sup><\/span><\/td>\n<td width=\"772\"><span style=\"color: #000000;\">0,94\uff5e1,00<\/span><\/td>\n<\/tr>\n<\/tbody>\n<\/table>\n<p><span style=\"color: #28a7de;\"><strong>Beneficios<\/strong><\/span><\/p>\n<p><span style=\"color: #000000;\">Este producto ofrece una excelente resistencia a la oxidaci\u00f3n, baja volatilidad y excelente compatibilidad, previniendo eficazmente el empa\u00f1amiento de la superficie en productos automotrices y la decoloraci\u00f3n en textiles (p. ej., muebles, alfombras), al mismo tiempo que cumple con los requisitos de contenido vol\u00e1til de COV. Demuestra resistencia a la hidr\u00f3lisis tanto a temperatura ambiente como a altas temperaturas. Adem\u00e1s, se puede agregar antes, durante o despu\u00e9s de la polimerizaci\u00f3n.<\/span><\/p>\n<p><span style=\"color: #28a7de;\"><strong><b>\u00a0<\/b><\/strong><strong><b>Gu\u00eda de uso<\/b><\/strong><\/span><\/p>\n<p><span style=\"color: #000000;\">Los niveles recomendados suelen oscilar entre 0,35% y 0,5%. Los productos se pueden agregar mediante bomba o inyecci\u00f3n para facilitar su uso y lograr una mezcla efectiva. Este producto se emulsiona f\u00e1cilmente y se puede disolver, dispersar o mantener en estado l\u00edquido puro cuando se agrega durante el procesamiento. Se pueden combinar estabilizadores sin\u00e9rgicos (como tio\u00e9teres, hidroxilaminas, lactonas) y estabilizadores de luz de aminas impedidas (como absorbentes de UV, aminas impedidas) para mejorar los efectos. Para consultas sobre los datos de rendimiento de la aplicaci\u00f3n, consulte a nuestro personal de servicio t\u00e9cnico.<\/span><\/p>\n<p><span style=\"color: #28a7de;\"><strong><b>Paquete<\/b><\/strong><\/span><\/p>\n<p><span style=\"color: #000000;\">180KG\/tambor, 1000kg\/tanque IBC, 20MT\/tanque ISO.<\/span><\/p>\n<p><span style=\"color: #28a7de;\"><strong><b>S<\/b><\/strong><strong><b>vida \u00fatil<\/b><\/strong><\/span><\/p>\n<p><span style=\"color: #000000;\">12 meses a partir de la fecha de producci\u00f3n en embalaje original sin abrir.<\/span><\/p>\n<p><span style=\"color: #28a7de;\"><strong><b>Almacenamiento<\/b><\/strong><\/span><\/p>\n<p><span style=\"color: #000000;\">Almacenar en condiciones oscuras, secas, frescas y selladas.\u00a0<\/span><\/p>","protected":false},"excerpt":{"rendered":"<p>Protege los materiales del da\u00f1o oxidativo, alargando su vida \u00fatil.<\/p>","protected":false},"featured_media":0,"template":"","meta":{"site-sidebar-layout":"default","site-content-layout":"","ast-site-content-layout":"default","site-content-style":"default","site-sidebar-style":"default","ast-global-header-display":"","ast-banner-title-visibility":"","ast-main-header-display":"","ast-hfb-above-header-display":"","ast-hfb-below-header-display":"","ast-hfb-mobile-header-display":"","site-post-title":"","ast-breadcrumbs-content":"","ast-featured-img":"","footer-sml-layout":"","theme-transparent-header-meta":"default","adv-header-id-meta":"","stick-header-meta":"","header-above-stick-meta":"","header-main-stick-meta":"","header-below-stick-meta":"","astra-migrate-meta-layouts":"set","ast-page-background-enabled":"default","ast-page-background-meta":{"desktop":{"background-color":"","background-image":"","background-repeat":"repeat","background-position":"center center","background-size":"auto","background-attachment":"scroll","background-type":"","background-media":"","overlay-type":"","overlay-color":"","overlay-opacity":"","overlay-gradient":""},"tablet":{"background-color":"","background-image":"","background-repeat":"repeat","background-position":"center center","background-size":"auto","background-attachment":"scroll","background-type":"","background-media":"","overlay-type":"","overlay-color":"","overlay-opacity":"","overlay-gradient":""},"mobile":{"background-color":"","background-image":"","background-repeat":"repeat","background-position":"center center","background-size":"auto","background-attachment":"scroll","background-type":"","background-media":"","overlay-type":"","overlay-color":"","overlay-opacity":"","overlay-gradient":""}},"ast-content-background-meta":{"desktop":{"background-color":"var(--ast-global-color-5)","background-image":"","background-repeat":"repeat","background-position":"center center","background-size":"auto","background-attachment":"scroll","background-type":"","background-media":"","overlay-type":"","overlay-color":"","overlay-opacity":"","overlay-gradient":""},"tablet":{"background-color":"var(--ast-global-color-5)","background-image":"","background-repeat":"repeat","background-position":"center center","background-size":"auto","background-attachment":"scroll","background-type":"","background-media":"","overlay-type":"","overlay-color":"","overlay-opacity":"","overlay-gradient":""},"mobile":{"background-color":"var(--ast-global-color-5)","background-image":"","background-repeat":"repeat","background-position":"center center","background-size":"auto","background-attachment":"scroll","background-type":"","background-media":"","overlay-type":"","overlay-color":"","overlay-opacity":"","overlay-gradient":""}}},"product_brand":[],"product_cat":[18,19],"product_tag":[],"class_list":{"0":"post-3424","1":"product","2":"type-product","3":"status-publish","5":"product_cat-products","6":"product_cat-antioxidant-for-polyether-and-foam","7":"desktop-align-left","8":"tablet-align-left","9":"mobile-align-left","11":"first","12":"instock","13":"shipping-taxable","14":"product-type-simple"},"_links":{"self":[{"href":"https:\/\/chicchem.com\/es\/wp-json\/wp\/v2\/product\/3424","targetHints":{"allow":["GET"]}}],"collection":[{"href":"https:\/\/chicchem.com\/es\/wp-json\/wp\/v2\/product"}],"about":[{"href":"https:\/\/chicchem.com\/es\/wp-json\/wp\/v2\/types\/product"}],"wp:attachment":[{"href":"https:\/\/chicchem.com\/es\/wp-json\/wp\/v2\/media?parent=3424"}],"wp:term":[{"taxonomy":"product_brand","embeddable":true,"href":"https:\/\/chicchem.com\/es\/wp-json\/wp\/v2\/product_brand?post=3424"},{"taxonomy":"product_cat","embeddable":true,"href":"https:\/\/chicchem.com\/es\/wp-json\/wp\/v2\/product_cat?post=3424"},{"taxonomy":"product_tag","embeddable":true,"href":"https:\/\/chicchem.com\/es\/wp-json\/wp\/v2\/product_tag?post=3424"}],"curies":[{"name":"wp","href":"https:\/\/api.w.org\/{rel}","templated":true}]}}