{"id":3425,"date":"2024-06-21T04:35:31","date_gmt":"2024-06-21T04:35:31","guid":{"rendered":"https:\/\/chicchem.com\/?post_type=product&#038;p=3425"},"modified":"2024-06-21T04:36:23","modified_gmt":"2024-06-21T04:36:23","slug":"chicstab-338","status":"publish","type":"product","link":"https:\/\/chicchem.com\/es\/producto\/chicstab-338\/","title":{"rendered":"Chicstab 338"},"content":{"rendered":"<p><span style=\"color: #28a7de;\"><strong><b>Descripci\u00f3n del Producto<\/b><\/strong><\/span><\/p>\n<p><span style=\"color: #000000;\">Chicstab 338 es un antioxidante compuesto l\u00edquido sin BHT y sin aminas dise\u00f1ado para espumas flexibles a base de poli\u00e9ter y poli\u00e9ster, particularmente adecuado para polioles utilizados en la producci\u00f3n de espuma flexible PUR. Adem\u00e1s, se pueden agregar otros antioxidantes y\/o estabilizadores (tales como fosfitos) y\/o estabilizadores de luz (tales como HALS, UVA) para lograr un efecto sin\u00e9rgico.<\/span><\/p>\n<p><span style=\"color: #000000;\">Chicstab 338 exhibe una excelente resistencia al chamuscado de esponja, al empa\u00f1amiento y al amarillamiento causado por las manchas textiles. En particular, demuestra una resistencia excepcional a los gases NOx y\/o a la decoloraci\u00f3n de la espuma tras la exposici\u00f3n a la luz.<\/span><\/p>\n<p><span style=\"color: #28a7de;\"><strong><b>Propiedades f\u00edsicas<\/b><\/strong><\/span><\/p>\n<table>\n<tbody>\n<tr>\n<td style=\"background-color: #bce4f5;\" width=\"467\"><span style=\"color: #000000;\">Forma f\u00edsica<\/span><\/td>\n<td width=\"710\"><span style=\"color: #000000;\">L\u00edquido transparente de color amarillo p\u00e1lido a amarillo<\/span><\/td>\n<\/tr>\n<tr>\n<td style=\"background-color: #bce4f5;\" width=\"467\"><span style=\"color: #000000;\">Densidad (25 \u2103), g\/cm<sup>3<\/sup><\/span><\/td>\n<td width=\"710\"><span style=\"color: #000000;\">0.94-1.00<\/span><\/td>\n<\/tr>\n<tr>\n<td style=\"background-color: #bce4f5;\" width=\"467\"><span style=\"color: #000000;\">Viscosidad (25 \u2103) CP, \u2264<\/span><\/td>\n<td width=\"710\"><span style=\"color: #000000;\">2000<\/span><\/td>\n<\/tr>\n<\/tbody>\n<\/table>\n<p><span style=\"color: #28a7de;\"><strong>Caracter\u00edsticas\/b<\/strong><strong>beneficios<\/strong><\/span><\/p>\n<p><span style=\"color: #000000;\">Chicstab 338 es un l\u00edquido vertible que facilita la manipulaci\u00f3n sin polvo, la dosificaci\u00f3n autom\u00e1tica y tiempos de mezclado m\u00e1s cortos. Mejora la productividad al consolidar el pesaje y la medici\u00f3n en una sola operaci\u00f3n. Puede medirse solo o mezclado con otras materias primas.<\/span><\/p>\n<p><span style=\"color: #28a7de;\"><strong><b>S<\/b><\/strong><strong><b>vida \u00fatil<\/b><\/strong><\/span><\/p>\n<p><span style=\"color: #000000;\">12 meses a partir de la fecha de producci\u00f3n en embalaje original sin abrir.<\/span><\/p>\n<p><span style=\"color: #28a7de;\"><strong><b>Almacenamiento y transporte<\/b><\/strong><\/span><\/p>\n<p><span style=\"color: #000000;\">Apriete bien la tapa del tambor de embalaje y gu\u00e1rdelo en un \u00e1rea seca y bien ventilada, lejos de fuentes de calor. Durante el almacenamiento y transporte, aseg\u00farese de que el embalaje est\u00e9 herm\u00e9ticamente cerrado para evitar fugas cuando el material no est\u00e9 en uso.<\/span><\/p>\n<p>&nbsp;<\/p>","protected":false},"excerpt":{"rendered":"<p>Protege los materiales del da\u00f1o oxidativo, alargando su vida \u00fatil.<\/p>","protected":false},"featured_media":0,"template":"","meta":{"site-sidebar-layout":"default","site-content-layout":"","ast-site-content-layout":"default","site-content-style":"default","site-sidebar-style":"default","ast-global-header-display":"","ast-banner-title-visibility":"","ast-main-header-display":"","ast-hfb-above-header-display":"","ast-hfb-below-header-display":"","ast-hfb-mobile-header-display":"","site-post-title":"","ast-breadcrumbs-content":"","ast-featured-img":"","footer-sml-layout":"","theme-transparent-header-meta":"default","adv-header-id-meta":"","stick-header-meta":"","header-above-stick-meta":"","header-main-stick-meta":"","header-below-stick-meta":"","astra-migrate-meta-layouts":"set","ast-page-background-enabled":"default","ast-page-background-meta":{"desktop":{"background-color":"","background-image":"","background-repeat":"repeat","background-position":"center center","background-size":"auto","background-attachment":"scroll","background-type":"","background-media":"","overlay-type":"","overlay-color":"","overlay-opacity":"","overlay-gradient":""},"tablet":{"background-color":"","background-image":"","background-repeat":"repeat","background-position":"center center","background-size":"auto","background-attachment":"scroll","background-type":"","background-media":"","overlay-type":"","overlay-color":"","overlay-opacity":"","overlay-gradient":""},"mobile":{"background-color":"","background-image":"","background-repeat":"repeat","background-position":"center center","background-size":"auto","background-attachment":"scroll","background-type":"","background-media":"","overlay-type":"","overlay-color":"","overlay-opacity":"","overlay-gradient":""}},"ast-content-background-meta":{"desktop":{"background-color":"var(--ast-global-color-5)","background-image":"","background-repeat":"repeat","background-position":"center center","background-size":"auto","background-attachment":"scroll","background-type":"","background-media":"","overlay-type":"","overlay-color":"","overlay-opacity":"","overlay-gradient":""},"tablet":{"background-color":"var(--ast-global-color-5)","background-image":"","background-repeat":"repeat","background-position":"center center","background-size":"auto","background-attachment":"scroll","background-type":"","background-media":"","overlay-type":"","overlay-color":"","overlay-opacity":"","overlay-gradient":""},"mobile":{"background-color":"var(--ast-global-color-5)","background-image":"","background-repeat":"repeat","background-position":"center center","background-size":"auto","background-attachment":"scroll","background-type":"","background-media":"","overlay-type":"","overlay-color":"","overlay-opacity":"","overlay-gradient":""}}},"product_brand":[],"product_cat":[18,19],"product_tag":[],"class_list":{"0":"post-3425","1":"product","2":"type-product","3":"status-publish","5":"product_cat-products","6":"product_cat-antioxidant-for-polyether-and-foam","7":"desktop-align-left","8":"tablet-align-left","9":"mobile-align-left","11":"first","12":"instock","13":"shipping-taxable","14":"product-type-simple"},"_links":{"self":[{"href":"https:\/\/chicchem.com\/es\/wp-json\/wp\/v2\/product\/3425","targetHints":{"allow":["GET"]}}],"collection":[{"href":"https:\/\/chicchem.com\/es\/wp-json\/wp\/v2\/product"}],"about":[{"href":"https:\/\/chicchem.com\/es\/wp-json\/wp\/v2\/types\/product"}],"wp:attachment":[{"href":"https:\/\/chicchem.com\/es\/wp-json\/wp\/v2\/media?parent=3425"}],"wp:term":[{"taxonomy":"product_brand","embeddable":true,"href":"https:\/\/chicchem.com\/es\/wp-json\/wp\/v2\/product_brand?post=3425"},{"taxonomy":"product_cat","embeddable":true,"href":"https:\/\/chicchem.com\/es\/wp-json\/wp\/v2\/product_cat?post=3425"},{"taxonomy":"product_tag","embeddable":true,"href":"https:\/\/chicchem.com\/es\/wp-json\/wp\/v2\/product_tag?post=3425"}],"curies":[{"name":"wp","href":"https:\/\/api.w.org\/{rel}","templated":true}]}}