{"id":3426,"date":"2024-06-21T04:36:33","date_gmt":"2024-06-21T04:36:33","guid":{"rendered":"https:\/\/chicchem.com\/?post_type=product&#038;p=3426"},"modified":"2024-06-21T04:40:21","modified_gmt":"2024-06-21T04:40:21","slug":"chicstab-339","status":"publish","type":"product","link":"https:\/\/chicchem.com\/es\/producto\/chicstab-339\/","title":{"rendered":"Chicstab 339"},"content":{"rendered":"<p><span style=\"color: #28a7de;\"><strong>Descripci\u00f3n del Producto<\/strong><\/span><\/p>\n<p><span style=\"color: #000000;\">Chicstab 339 es un antioxidante compuesto l\u00edquido con excelentes propiedades anti-quemaduras y anti-amarilleo, adecuado para espumas blandas comunes hechas de poli\u00e9ter polioles y POP. Descompone eficazmente los per\u00f3xidos y captura los radicales libres, cumpliendo con los est\u00e1ndares de protecci\u00f3n ambiental de estar libre de BHT y fenol y al mismo tiempo cumple con los requisitos de las aplicaciones generales del producto.<\/span><\/p>\n<p><span style=\"color: #28a7de;\"><strong><b>Propiedades f\u00edsicas<\/b><\/strong><\/span><\/p>\n<table>\n<tbody>\n<tr>\n<td style=\"background-color: #bce4f5;\" width=\"582\"><span style=\"color: #000000;\">Forma f\u00edsica<\/span><\/td>\n<td width=\"772\"><span style=\"color: #000000;\">L\u00edquido de color amarillo claro a marr\u00f3n claro.<\/span><\/td>\n<\/tr>\n<tr>\n<td style=\"background-color: #bce4f5;\" width=\"582\"><span style=\"color: #000000;\">Viscosidad (25 \u2103)<\/span><\/td>\n<td width=\"772\"><span style=\"color: #000000;\">600-2000mPa.s<\/span><\/td>\n<\/tr>\n<tr>\n<td style=\"background-color: #bce4f5;\" width=\"582\"><span style=\"color: #000000;\">Densidad (25 \u2103), g\/cm<sup>3<\/sup><\/span><\/td>\n<td width=\"772\"><span style=\"color: #000000;\">0.940-0.990<\/span><\/td>\n<\/tr>\n<tr>\n<td style=\"background-color: #bce4f5;\" width=\"582\"><span style=\"color: #000000;\">\u00cdndice de acidez, mgKOH\/g, \u2264<\/span><\/td>\n<td width=\"772\"><span style=\"color: #000000;\">0.5<\/span><\/td>\n<\/tr>\n<\/tbody>\n<\/table>\n<p><span style=\"color: #28a7de;\"><strong>Caracter\u00edsticas y beneficios<\/strong><\/span><\/p>\n<p><span style=\"color: #000000;\">Muestra un excelente rendimiento antioxidante y requiere solo 751 TP3T de dosis en comparaci\u00f3n con los antioxidantes compuestos ordinarios. Se centra principalmente en capturar radicales libres, proporcionando as\u00ed una excelente estabilidad del color y estabilidad t\u00e9rmica a los pol\u00edmeros.<\/span><\/p>\n<p><span style=\"color: #28a7de;\"><strong>Gu\u00eda de uso<\/strong><\/span><\/p>\n<p><span style=\"color: #000000;\">Normalmente, a\u00f1adiendo entre 1.000 y 5.000 ppm de espuma se consiguen excelentes resultados.<\/span><\/p>\n<p><span style=\"color: #28a7de;\"><strong><b>Paquete<\/b><\/strong><\/span><\/p>\n<p><span style=\"color: #000000;\">Peso neto: 25 kg\/tambor, 180 kg\/tambor, 1000 kg\/tanque IBC, 20000 kg\/tanque ISO.<\/span><\/p>\n<p><span style=\"color: #28a7de;\"><strong><b>S<\/b><\/strong><strong><b>vida \u00fatil<\/b><\/strong><\/span><\/p>\n<p><span style=\"color: #000000;\">12 meses a partir de la fecha de producci\u00f3n en embalaje original sin abrir.<\/span><\/p>\n<p><span style=\"color: #28a7de;\"><strong><b>Almacenamiento<\/b><\/strong><\/span><\/p>\n<p><span style=\"color: #000000;\">Almacenar en condiciones oscuras, secas, frescas y selladas.\u00a0<\/span><\/p>\n<p>&nbsp;<\/p>","protected":false},"excerpt":{"rendered":"<p>Protege los materiales del da\u00f1o oxidativo, alargando su vida \u00fatil.<\/p>","protected":false},"featured_media":0,"template":"","meta":{"site-sidebar-layout":"default","site-content-layout":"","ast-site-content-layout":"default","site-content-style":"default","site-sidebar-style":"default","ast-global-header-display":"","ast-banner-title-visibility":"","ast-main-header-display":"","ast-hfb-above-header-display":"","ast-hfb-below-header-display":"","ast-hfb-mobile-header-display":"","site-post-title":"","ast-breadcrumbs-content":"","ast-featured-img":"","footer-sml-layout":"","theme-transparent-header-meta":"default","adv-header-id-meta":"","stick-header-meta":"","header-above-stick-meta":"","header-main-stick-meta":"","header-below-stick-meta":"","astra-migrate-meta-layouts":"set","ast-page-background-enabled":"default","ast-page-background-meta":{"desktop":{"background-color":"","background-image":"","background-repeat":"repeat","background-position":"center center","background-size":"auto","background-attachment":"scroll","background-type":"","background-media":"","overlay-type":"","overlay-color":"","overlay-opacity":"","overlay-gradient":""},"tablet":{"background-color":"","background-image":"","background-repeat":"repeat","background-position":"center center","background-size":"auto","background-attachment":"scroll","background-type":"","background-media":"","overlay-type":"","overlay-color":"","overlay-opacity":"","overlay-gradient":""},"mobile":{"background-color":"","background-image":"","background-repeat":"repeat","background-position":"center center","background-size":"auto","background-attachment":"scroll","background-type":"","background-media":"","overlay-type":"","overlay-color":"","overlay-opacity":"","overlay-gradient":""}},"ast-content-background-meta":{"desktop":{"background-color":"var(--ast-global-color-5)","background-image":"","background-repeat":"repeat","background-position":"center center","background-size":"auto","background-attachment":"scroll","background-type":"","background-media":"","overlay-type":"","overlay-color":"","overlay-opacity":"","overlay-gradient":""},"tablet":{"background-color":"var(--ast-global-color-5)","background-image":"","background-repeat":"repeat","background-position":"center center","background-size":"auto","background-attachment":"scroll","background-type":"","background-media":"","overlay-type":"","overlay-color":"","overlay-opacity":"","overlay-gradient":""},"mobile":{"background-color":"var(--ast-global-color-5)","background-image":"","background-repeat":"repeat","background-position":"center center","background-size":"auto","background-attachment":"scroll","background-type":"","background-media":"","overlay-type":"","overlay-color":"","overlay-opacity":"","overlay-gradient":""}}},"product_brand":[],"product_cat":[18,19],"product_tag":[],"class_list":{"0":"post-3426","1":"product","2":"type-product","3":"status-publish","5":"product_cat-products","6":"product_cat-antioxidant-for-polyether-and-foam","7":"desktop-align-left","8":"tablet-align-left","9":"mobile-align-left","11":"first","12":"instock","13":"shipping-taxable","14":"product-type-simple"},"_links":{"self":[{"href":"https:\/\/chicchem.com\/es\/wp-json\/wp\/v2\/product\/3426","targetHints":{"allow":["GET"]}}],"collection":[{"href":"https:\/\/chicchem.com\/es\/wp-json\/wp\/v2\/product"}],"about":[{"href":"https:\/\/chicchem.com\/es\/wp-json\/wp\/v2\/types\/product"}],"wp:attachment":[{"href":"https:\/\/chicchem.com\/es\/wp-json\/wp\/v2\/media?parent=3426"}],"wp:term":[{"taxonomy":"product_brand","embeddable":true,"href":"https:\/\/chicchem.com\/es\/wp-json\/wp\/v2\/product_brand?post=3426"},{"taxonomy":"product_cat","embeddable":true,"href":"https:\/\/chicchem.com\/es\/wp-json\/wp\/v2\/product_cat?post=3426"},{"taxonomy":"product_tag","embeddable":true,"href":"https:\/\/chicchem.com\/es\/wp-json\/wp\/v2\/product_tag?post=3426"}],"curies":[{"name":"wp","href":"https:\/\/api.w.org\/{rel}","templated":true}]}}