{"id":3433,"date":"2024-06-21T04:46:00","date_gmt":"2024-06-21T04:46:00","guid":{"rendered":"https:\/\/chicchem.com\/?post_type=product&#038;p=3433"},"modified":"2024-07-31T06:09:56","modified_gmt":"2024-07-31T06:09:56","slug":"chicstab-1135","status":"publish","type":"product","link":"https:\/\/chicchem.com\/es\/producto\/chicstab-1135\/","title":{"rendered":"Chicstab 1135"},"content":{"rendered":"<p><span style=\"color: #28a7de;\"><strong>Descripci\u00f3n del Producto<\/strong><\/span><\/p>\n<p><span style=\"color: #000000;\">NO CAS.  125643-61-0<\/span><\/p>\n<p><span style=\"color: #000000;\">Estructura qu\u00edmica:<\/span><\/p>\n<p><span style=\"color: #000000;\"><img decoding=\"async\" class=\"alignnone size-medium wp-image-3434\" src=\"https:\/\/chicchem.com\/wp-content\/uploads\/2024\/06\/\u56fe\u72472-300x88.png\" alt=\"\" width=\"300\" height=\"88\" srcset=\"\" sizes=\"(max-width: 300px) 100vw, 300px\" data-srcset=\"\" \/><\/span><\/p>\n<p><span style=\"color: #000000;\">Nombre qu\u00edmico: Propionato de \ud835\udf37-(3,5-di-terc-butil-4-hidroxifenilo) de isooctilo<\/span><\/p>\n<p><span style=\"color: #000000;\">Chicstab 1135 est\u00e1 formulado espec\u00edficamente para su uso en aplicaciones de poli\u00e9ter y normalmente no se utiliza como aditivo independiente. Principalmente, su funci\u00f3n es capturar los radicales libres generados durante la producci\u00f3n y almacenamiento del poli\u00e9ter, evitando as\u00ed que se queme durante el proceso de formaci\u00f3n de espuma. Ofrece no s\u00f3lo un excelente rendimiento antioxidante sino tambi\u00e9n la conveniencia de bombearse como aditivo l\u00edquido. Su baja volatilidad y excelente compatibilidad permiten una aplicaci\u00f3n vers\u00e1til antes, durante y despu\u00e9s de la polimerizaci\u00f3n.<\/span><\/p>\n<p><span style=\"color: #28a7de;\"><strong><b>Propiedades f\u00edsicas<\/b><\/strong><\/span><\/p>\n<table>\n<tbody>\n<tr>\n<td style=\"background-color: #bce4f5;\" width=\"582\"><span style=\"color: #000000;\">Forma f\u00edsica<\/span><\/td>\n<td width=\"772\"><span style=\"color: #000000;\">L\u00edquido transparente incoloro o amarillo claro.<\/span><\/td>\n<\/tr>\n<tr>\n<td style=\"background-color: #bce4f5;\" width=\"582\"><span style=\"color: #000000;\">Contenido de agua, wt%, \u2264<\/span><\/td>\n<td width=\"772\"><span style=\"color: #000000;\">0.10<\/span><\/td>\n<\/tr>\n<tr>\n<td style=\"background-color: #bce4f5;\" width=\"582\"><span style=\"color: #000000;\">Pureza, peso%, \u2265<\/span><\/td>\n<td width=\"772\"><span style=\"color: #000000;\">\u226598,0<\/span><\/td>\n<\/tr>\n<tr>\n<td style=\"background-color: #bce4f5;\" width=\"582\"><span style=\"color: #000000;\">Viscosidad cinem\u00e1tica (40 \u2103), mm<sup>2<\/sup><sub>\/<\/sub>s<\/span><\/td>\n<td width=\"772\"><span style=\"color: #000000;\">80-140<\/span><\/td>\n<\/tr>\n<tr>\n<td style=\"background-color: #bce4f5;\" width=\"582\"><span style=\"color: #000000;\">\u00cdndice de refracci\u00f3n (25 \u2103)<\/span><\/td>\n<td width=\"772\"><span style=\"color: #000000;\">1.493-1.499<\/span><\/td>\n<\/tr>\n<tr>\n<td style=\"background-color: #bce4f5;\" width=\"582\"><span style=\"color: #000000;\">Solubilidad<\/span><\/td>\n<td width=\"772\"><span style=\"color: #000000;\">claro<\/span><\/td>\n<\/tr>\n<tr>\n<td style=\"background-color: #bce4f5;\" width=\"582\"><span style=\"color: #000000;\">\u00cdndice de acidez, mgKOH\/g, \u2264<\/span><\/td>\n<td width=\"772\"><span style=\"color: #000000;\">1.0<\/span><\/td>\n<\/tr>\n<\/tbody>\n<\/table>\n<p><span style=\"color: #28a7de;\"><strong>Gu\u00eda de uso<\/strong><\/span><\/p>\n<p><span style=\"color: #000000;\">Los niveles de uso t\u00edpicos de Chicstab 1135 est\u00e1n entre 0,15% y 0,5%. Ofrece facilidad de uso y una mezcla efectiva, ya que se puede agregar c\u00f3modamente mediante m\u00e9todos de bomba o inyecci\u00f3n. Es f\u00e1cilmente emulsionable y puede disolverse, dispersarse o mantenerse en estado l\u00edquido puro cuando se agrega durante el procesamiento. Su eficacia puede mejorarse a\u00fan m\u00e1s cuando se combina con otros antioxidantes, como aminas arom\u00e1ticas sustituidas, estabilizadores sin\u00e9rgicos y fotoprotectores.<\/span><\/p>\n<p><span style=\"color: #28a7de;\"><strong><b>Paquete<\/b><\/strong><\/span><\/p>\n<p><span style=\"color: #000000;\">180KG\/tambor, 1000kg\/tanque IBC, tanque 20MT\/ISO.<\/span><\/p>\n<p><span style=\"color: #28a7de;\"><strong><b>Duraci\u00f3n<\/b><\/strong><\/span><\/p>\n<p><span style=\"color: #000000;\">12 meses a partir de la fecha de producci\u00f3n en embalaje original sin abrir.<\/span><\/p>\n<p><span style=\"color: #000000;\">Despu\u00e9s de la apertura y el uso, se recomienda mantener el producto en condiciones herm\u00e9ticas y utilizarlo lo antes posible.<\/span><\/p>\n<p><span style=\"color: #28a7de;\"><strong><b>Almacenamiento<\/b><\/strong><strong><b>\u00a0y <\/b><\/strong><strong><b>Transporte<\/b><\/strong><\/span><\/p>\n<p><span style=\"color: #000000;\">Almacenar en un \u00e1rea fresca y bien ventilada. Tenga cuidado para evitar fugas durante el transporte. Respete las buenas pr\u00e1cticas industriales y manipule con cuidado para minimizar el riesgo de contaminaci\u00f3n ambiental. Para obtener informaci\u00f3n detallada, consulte la Ficha de datos de seguridad de productos qu\u00edmicos.\u00a0\u00a0\u00a0\u00a0\u00a0\u00a0\u00a0\u00a0\u00a0\u00a0<\/span><\/p>","protected":false},"excerpt":{"rendered":"<p>Protege los materiales del da\u00f1o oxidativo, alargando su vida \u00fatil.<\/p>","protected":false},"featured_media":0,"template":"","meta":{"site-sidebar-layout":"default","site-content-layout":"","ast-site-content-layout":"default","site-content-style":"default","site-sidebar-style":"default","ast-global-header-display":"","ast-banner-title-visibility":"","ast-main-header-display":"","ast-hfb-above-header-display":"","ast-hfb-below-header-display":"","ast-hfb-mobile-header-display":"","site-post-title":"","ast-breadcrumbs-content":"","ast-featured-img":"","footer-sml-layout":"","theme-transparent-header-meta":"default","adv-header-id-meta":"","stick-header-meta":"","header-above-stick-meta":"","header-main-stick-meta":"","header-below-stick-meta":"","astra-migrate-meta-layouts":"set","ast-page-background-enabled":"default","ast-page-background-meta":{"desktop":{"background-color":"","background-image":"","background-repeat":"repeat","background-position":"center center","background-size":"auto","background-attachment":"scroll","background-type":"","background-media":"","overlay-type":"","overlay-color":"","overlay-opacity":"","overlay-gradient":""},"tablet":{"background-color":"","background-image":"","background-repeat":"repeat","background-position":"center center","background-size":"auto","background-attachment":"scroll","background-type":"","background-media":"","overlay-type":"","overlay-color":"","overlay-opacity":"","overlay-gradient":""},"mobile":{"background-color":"","background-image":"","background-repeat":"repeat","background-position":"center center","background-size":"auto","background-attachment":"scroll","background-type":"","background-media":"","overlay-type":"","overlay-color":"","overlay-opacity":"","overlay-gradient":""}},"ast-content-background-meta":{"desktop":{"background-color":"var(--ast-global-color-5)","background-image":"","background-repeat":"repeat","background-position":"center center","background-size":"auto","background-attachment":"scroll","background-type":"","background-media":"","overlay-type":"","overlay-color":"","overlay-opacity":"","overlay-gradient":""},"tablet":{"background-color":"var(--ast-global-color-5)","background-image":"","background-repeat":"repeat","background-position":"center center","background-size":"auto","background-attachment":"scroll","background-type":"","background-media":"","overlay-type":"","overlay-color":"","overlay-opacity":"","overlay-gradient":""},"mobile":{"background-color":"var(--ast-global-color-5)","background-image":"","background-repeat":"repeat","background-position":"center center","background-size":"auto","background-attachment":"scroll","background-type":"","background-media":"","overlay-type":"","overlay-color":"","overlay-opacity":"","overlay-gradient":""}}},"product_brand":[],"product_cat":[18,19],"product_tag":[],"class_list":{"0":"post-3433","1":"product","2":"type-product","3":"status-publish","5":"product_cat-products","6":"product_cat-antioxidant-for-polyether-and-foam","7":"desktop-align-left","8":"tablet-align-left","9":"mobile-align-left","11":"first","12":"instock","13":"shipping-taxable","14":"product-type-simple"},"_links":{"self":[{"href":"https:\/\/chicchem.com\/es\/wp-json\/wp\/v2\/product\/3433","targetHints":{"allow":["GET"]}}],"collection":[{"href":"https:\/\/chicchem.com\/es\/wp-json\/wp\/v2\/product"}],"about":[{"href":"https:\/\/chicchem.com\/es\/wp-json\/wp\/v2\/types\/product"}],"wp:attachment":[{"href":"https:\/\/chicchem.com\/es\/wp-json\/wp\/v2\/media?parent=3433"}],"wp:term":[{"taxonomy":"product_brand","embeddable":true,"href":"https:\/\/chicchem.com\/es\/wp-json\/wp\/v2\/product_brand?post=3433"},{"taxonomy":"product_cat","embeddable":true,"href":"https:\/\/chicchem.com\/es\/wp-json\/wp\/v2\/product_cat?post=3433"},{"taxonomy":"product_tag","embeddable":true,"href":"https:\/\/chicchem.com\/es\/wp-json\/wp\/v2\/product_tag?post=3433"}],"curies":[{"name":"wp","href":"https:\/\/api.w.org\/{rel}","templated":true}]}}