{"id":3435,"date":"2024-06-21T04:47:50","date_gmt":"2024-06-21T04:47:50","guid":{"rendered":"https:\/\/chicchem.com\/?post_type=product&#038;p=3435"},"modified":"2024-06-21T04:48:53","modified_gmt":"2024-06-21T04:48:53","slug":"chicstab-2275","status":"publish","type":"product","link":"https:\/\/chicchem.com\/es\/producto\/chicstab-2275\/","title":{"rendered":"Chicstab 2275"},"content":{"rendered":"<p><span style=\"color: #28a7de;\"><strong><b>Descripci\u00f3n del Producto<\/b><\/strong><\/span><\/p>\n<p><span style=\"color: #000000;\">Chicstab 2275 es un agente antiamarilleo compuesto l\u00edquido reconocido por su eficacia excepcional para prevenir el amarillamiento. Dise\u00f1ado espec\u00edficamente para aplicaciones de espuma de poliuretano, ofrece protecci\u00f3n a largo plazo contra la radiaci\u00f3n ultravioleta, reduciendo as\u00ed los da\u00f1os. Adem\u00e1s, mantiene una excelente estabilidad del color incluso despu\u00e9s de la exposici\u00f3n a altas temperaturas y prensado en caliente, lo que retrasa eficazmente el proceso de amarilleamiento de la espuma de poliuretano.<\/span><\/p>\n<p><span style=\"color: #28a7de;\"><strong><b>Propiedades f\u00edsicas<\/b><\/strong><\/span><\/p>\n<table>\n<tbody>\n<tr>\n<td style=\"background-color: #bce4f5;\" width=\"510\"><span style=\"color: #000000;\">\u00a0Forma f\u00edsica<\/span><\/td>\n<td width=\"667\"><span style=\"color: #000000;\">l\u00edquido amarillo claro<\/span><\/td>\n<\/tr>\n<tr>\n<td style=\"background-color: #bce4f5;\" width=\"510\"><span style=\"color: #000000;\">Viscosidad cinem\u00e1tica (25 \u2103) mPa.s<\/span><\/td>\n<td width=\"667\"><span style=\"color: #000000;\">1000-1800<\/span><\/td>\n<\/tr>\n<tr>\n<td style=\"background-color: #bce4f5;\" width=\"510\"><span style=\"color: #000000;\">Densidad (25 \u2103), g\/cm<sup>3<\/sup><\/span><\/td>\n<td width=\"667\"><span style=\"color: #000000;\">0.980-1.080<\/span><\/td>\n<\/tr>\n<\/tbody>\n<\/table>\n<p><span style=\"color: #28a7de;\"><strong><b>Caracter\u00edsticas y beneficios<\/b><\/strong><\/span><\/p>\n<p><span style=\"color: #000000;\">Es un antioxidante l\u00edquido con excelente compatibilidad con poli\u00e9ter polioles, facilitando su f\u00e1cil dispersi\u00f3n y asegurando uniformidad en la calidad de la esponja.<\/span><\/p>\n<p><span style=\"color: #28a7de;\"><strong><b>Gu\u00eda de uso<\/b><\/strong><\/span><\/p>\n<p><span style=\"color: #000000;\">La dosis recomendada de espuma de PU suele oscilar entre 1% y 3% (seg\u00fan el contenido de poli\u00e9ter), con la opci\u00f3n de optimizaci\u00f3n seg\u00fan aplicaciones espec\u00edficas. Es recomendable utilizarlo junto con otros agentes anti-amarilleo. Si no se utiliza por completo de una vez, aseg\u00farese de sellar oportunamente y almacenar adecuadamente.<\/span><\/p>\n<p><span style=\"color: #000000;\">Evite el contacto directo con el producto usando guantes resistentes a \u00e1cidos y \u00e1lcalis durante su manipulaci\u00f3n. En caso de contacto con la piel, enjuagar r\u00e1pidamente con abundante agua o alcohol medicinal y buscar atenci\u00f3n m\u00e9dica si los s\u00edntomas persisten.<\/span><\/p>\n<p><span style=\"color: #28a7de;\">\u00a0<strong><b>Paquete<\/b><\/strong><strong><b>:<\/b><\/strong>\u00a0<\/span><\/p>\n<p><span style=\"color: #000000;\">25kg\/bid\u00f3n o 200kg\/bid\u00f3n.<\/span><\/p>\n<p><span style=\"color: #28a7de;\"><strong><b>S<\/b><\/strong><strong><b>vida \u00fatil<\/b><\/strong><\/span><\/p>\n<p><span style=\"color: #000000;\">12 meses a partir de la fecha de producci\u00f3n en embalaje original sin abrir.<\/span><\/p>\n<p><span style=\"color: #28a7de;\"><strong><b>Almacenamiento <\/b><\/strong><\/span><\/p>\n<p><span style=\"color: #000000;\">Almacenar en un \u00e1rea fresca, seca y bien ventilada, lejos de cualquier contacto con el agua.<\/span><\/p>\n<p><span style=\"color: #000000;\">La exposici\u00f3n prolongada provocar\u00e1 que el producto se deteriore.<\/span><\/p>\n<p>&nbsp;<\/p>\n<p>&nbsp;<\/p>","protected":false},"excerpt":{"rendered":"<p>Protege los materiales del da\u00f1o oxidativo, alargando su vida \u00fatil.<\/p>","protected":false},"featured_media":0,"template":"","meta":{"site-sidebar-layout":"default","site-content-layout":"","ast-site-content-layout":"default","site-content-style":"default","site-sidebar-style":"default","ast-global-header-display":"","ast-banner-title-visibility":"","ast-main-header-display":"","ast-hfb-above-header-display":"","ast-hfb-below-header-display":"","ast-hfb-mobile-header-display":"","site-post-title":"","ast-breadcrumbs-content":"","ast-featured-img":"","footer-sml-layout":"","theme-transparent-header-meta":"default","adv-header-id-meta":"","stick-header-meta":"","header-above-stick-meta":"","header-main-stick-meta":"","header-below-stick-meta":"","astra-migrate-meta-layouts":"set","ast-page-background-enabled":"default","ast-page-background-meta":{"desktop":{"background-color":"","background-image":"","background-repeat":"repeat","background-position":"center center","background-size":"auto","background-attachment":"scroll","background-type":"","background-media":"","overlay-type":"","overlay-color":"","overlay-opacity":"","overlay-gradient":""},"tablet":{"background-color":"","background-image":"","background-repeat":"repeat","background-position":"center center","background-size":"auto","background-attachment":"scroll","background-type":"","background-media":"","overlay-type":"","overlay-color":"","overlay-opacity":"","overlay-gradient":""},"mobile":{"background-color":"","background-image":"","background-repeat":"repeat","background-position":"center center","background-size":"auto","background-attachment":"scroll","background-type":"","background-media":"","overlay-type":"","overlay-color":"","overlay-opacity":"","overlay-gradient":""}},"ast-content-background-meta":{"desktop":{"background-color":"var(--ast-global-color-5)","background-image":"","background-repeat":"repeat","background-position":"center center","background-size":"auto","background-attachment":"scroll","background-type":"","background-media":"","overlay-type":"","overlay-color":"","overlay-opacity":"","overlay-gradient":""},"tablet":{"background-color":"var(--ast-global-color-5)","background-image":"","background-repeat":"repeat","background-position":"center center","background-size":"auto","background-attachment":"scroll","background-type":"","background-media":"","overlay-type":"","overlay-color":"","overlay-opacity":"","overlay-gradient":""},"mobile":{"background-color":"var(--ast-global-color-5)","background-image":"","background-repeat":"repeat","background-position":"center center","background-size":"auto","background-attachment":"scroll","background-type":"","background-media":"","overlay-type":"","overlay-color":"","overlay-opacity":"","overlay-gradient":""}}},"product_brand":[],"product_cat":[18,19],"product_tag":[],"class_list":{"0":"post-3435","1":"product","2":"type-product","3":"status-publish","5":"product_cat-products","6":"product_cat-antioxidant-for-polyether-and-foam","7":"desktop-align-left","8":"tablet-align-left","9":"mobile-align-left","11":"first","12":"instock","13":"shipping-taxable","14":"product-type-simple"},"_links":{"self":[{"href":"https:\/\/chicchem.com\/es\/wp-json\/wp\/v2\/product\/3435","targetHints":{"allow":["GET"]}}],"collection":[{"href":"https:\/\/chicchem.com\/es\/wp-json\/wp\/v2\/product"}],"about":[{"href":"https:\/\/chicchem.com\/es\/wp-json\/wp\/v2\/types\/product"}],"wp:attachment":[{"href":"https:\/\/chicchem.com\/es\/wp-json\/wp\/v2\/media?parent=3435"}],"wp:term":[{"taxonomy":"product_brand","embeddable":true,"href":"https:\/\/chicchem.com\/es\/wp-json\/wp\/v2\/product_brand?post=3435"},{"taxonomy":"product_cat","embeddable":true,"href":"https:\/\/chicchem.com\/es\/wp-json\/wp\/v2\/product_cat?post=3435"},{"taxonomy":"product_tag","embeddable":true,"href":"https:\/\/chicchem.com\/es\/wp-json\/wp\/v2\/product_tag?post=3435"}],"curies":[{"name":"wp","href":"https:\/\/api.w.org\/{rel}","templated":true}]}}