{"id":3437,"date":"2024-06-21T04:49:04","date_gmt":"2024-06-21T04:49:04","guid":{"rendered":"https:\/\/chicchem.com\/?post_type=product&#038;p=3437"},"modified":"2024-06-21T04:50:14","modified_gmt":"2024-06-21T04:50:14","slug":"chicstab-3318b","status":"publish","type":"product","link":"https:\/\/chicchem.com\/es\/producto\/chicstab-3318b\/","title":{"rendered":"Chicstab 3318B"},"content":{"rendered":"<p><span style=\"color: #28a7de;\"><strong><b>Descripci\u00f3n del Producto<\/b><\/strong><\/span><\/p>\n<p><span style=\"color: #000000;\">Chicstab 3318B es un antioxidante compuesto l\u00edquido de fenol impedido con m\u00e1s de actividad 99%. Formulado espec\u00edficamente para la producci\u00f3n de poli\u00e9ter, elast\u00f3meros y POP de alta resiliencia en poli\u00e9ter\/poli\u00e9ster polioles, previene eficazmente la formaci\u00f3n de per\u00f3xidos en polioles durante el almacenamiento, mitigando as\u00ed la quema del n\u00facleo y el amarillamiento durante los procesos de formaci\u00f3n de espuma de poli\u00e9ter. Reconocido por sus excepcionales capacidades antiamarilleo, este producto es particularmente adecuado para aplicaciones que requieren est\u00e1ndares de protecci\u00f3n ambiental sin aminas.<\/span><\/p>\n<p><span style=\"color: #28a7de;\"><strong><b>Propiedades f\u00edsicas<\/b><\/strong><\/span><\/p>\n<table>\n<tbody>\n<tr>\n<td style=\"background-color: #bce4f5;\" width=\"582\"><span style=\"color: #000000;\">Forma f\u00edsica<\/span><\/td>\n<td width=\"772\"><span style=\"color: #000000;\">l\u00edquido transparente amarillo claro<\/span><\/td>\n<\/tr>\n<tr>\n<td style=\"background-color: #bce4f5;\" width=\"582\"><span style=\"color: #000000;\">Viscosidad cinem\u00e1tica (25 \u2103), \u2264<\/span><\/td>\n<td width=\"772\"><span style=\"color: #000000;\">2000<\/span><\/td>\n<\/tr>\n<tr>\n<td style=\"background-color: #bce4f5;\" width=\"582\"><span style=\"color: #000000;\">Densidad (25\u2103), g\/cm\u00b3<\/span><\/td>\n<td width=\"772\"><span style=\"color: #000000;\">0,93\uff5e1,00<\/span><\/td>\n<\/tr>\n<tr>\n<td style=\"background-color: #bce4f5;\" width=\"582\"><span style=\"color: #000000;\">Solubilidad<\/span><\/td>\n<td width=\"772\"><span style=\"color: #000000;\">claro<\/span><\/td>\n<\/tr>\n<\/tbody>\n<\/table>\n<p><span style=\"color: #28a7de;\"><strong><b>Caracter\u00edsticas y beneficios<\/b><\/strong><\/span><\/p>\n<p><span style=\"color: #000000;\">Combina excelentes propiedades antioxidantes con la conveniencia de los aditivos l\u00edquidos bombeables. Con su baja volatilidad y excelente compatibilidad, encuentra un uso \u00f3ptimo en procesos de enfriamiento de aire forzado de poliuretano. Esta caracter\u00edstica previene eficazmente el empa\u00f1amiento de las superficies de los autom\u00f3viles y las manchas de textiles, como muebles, colchones, sof\u00e1s y alfombras. Su baja volatilidad y su forma l\u00edquida lo hacen particularmente adecuado para diversos m\u00e9todos de fabricaci\u00f3n y procesamiento, incluidas aplicaciones de un solo l\u00edquido, emulsi\u00f3n, suspensi\u00f3n, soluci\u00f3n o pol\u00edmero fundido. Adem\u00e1s, demuestra resistencia contra la hidr\u00f3lisis tanto a temperatura ambiente como a altas temperaturas, lo que permite su aplicaci\u00f3n antes, durante y despu\u00e9s de la polimerizaci\u00f3n.<\/span><\/p>\n<p><span style=\"color: #28a7de;\"><strong>Gu\u00eda de uso<\/strong><\/span><\/p>\n<p><span style=\"color: #000000;\">La dosis t\u00edpica recomendada oscila entre 0,07% y 0,5%, con un l\u00edmite m\u00e1ximo de 1%. Se puede agregar c\u00f3modamente mediante bomba o inyecci\u00f3n para una mezcla eficiente. Este producto se emulsiona f\u00e1cilmente y se puede disolver, dispersar o mantener en estado l\u00edquido puro durante el procesamiento. Se puede lograr una estabilidad mejorada combin\u00e1ndolos con estabilizadores sin\u00e9rgicos (como sulfuros, hidroxilaminas y lactonas) y estabilizadores de luz de aminas impedidas (incluidos absorbentes de UV y aminas impedidas). Para consultas sobre los datos de rendimiento de la aplicaci\u00f3n, consulte a nuestro equipo de soporte t\u00e9cnico.<\/span><\/p>\n<p><span style=\"color: #28a7de;\"><strong>Paquete<\/strong><\/span><\/p>\n<p><span style=\"color: #000000;\">Peso neto 180 kg\/tambor de hierro o 25 kg\/tambor de pl\u00e1stico, 1000 kg\/tambor de pl\u00e1stico, 20 toneladas\/tanque ISO.<\/span><\/p>\n<p><span style=\"color: #28a7de;\"><strong><b>S<\/b><\/strong><strong><b>vida \u00fatil<\/b><\/strong><\/span><\/p>\n<p><span style=\"color: #000000;\">12 meses a partir de la fecha de producci\u00f3n en embalaje original sin abrir.<\/span><\/p>\n<p><span style=\"color: #28a7de;\"><strong><b>Almacenamiento<\/b><\/strong><\/span><\/p>\n<p><span style=\"color: #000000;\">Almacenar en condiciones oscuras, secas, frescas y selladas.\u00a0<\/span><\/p>\n<p>&nbsp;<\/p>\n<p>&nbsp;<\/p>\n<p>&nbsp;<\/p>","protected":false},"excerpt":{"rendered":"<p>Protege los materiales del da\u00f1o oxidativo, alargando su vida \u00fatil.<\/p>","protected":false},"featured_media":0,"template":"","meta":{"site-sidebar-layout":"default","site-content-layout":"","ast-site-content-layout":"default","site-content-style":"default","site-sidebar-style":"default","ast-global-header-display":"","ast-banner-title-visibility":"","ast-main-header-display":"","ast-hfb-above-header-display":"","ast-hfb-below-header-display":"","ast-hfb-mobile-header-display":"","site-post-title":"","ast-breadcrumbs-content":"","ast-featured-img":"","footer-sml-layout":"","theme-transparent-header-meta":"default","adv-header-id-meta":"","stick-header-meta":"","header-above-stick-meta":"","header-main-stick-meta":"","header-below-stick-meta":"","astra-migrate-meta-layouts":"set","ast-page-background-enabled":"default","ast-page-background-meta":{"desktop":{"background-color":"","background-image":"","background-repeat":"repeat","background-position":"center center","background-size":"auto","background-attachment":"scroll","background-type":"","background-media":"","overlay-type":"","overlay-color":"","overlay-opacity":"","overlay-gradient":""},"tablet":{"background-color":"","background-image":"","background-repeat":"repeat","background-position":"center center","background-size":"auto","background-attachment":"scroll","background-type":"","background-media":"","overlay-type":"","overlay-color":"","overlay-opacity":"","overlay-gradient":""},"mobile":{"background-color":"","background-image":"","background-repeat":"repeat","background-position":"center center","background-size":"auto","background-attachment":"scroll","background-type":"","background-media":"","overlay-type":"","overlay-color":"","overlay-opacity":"","overlay-gradient":""}},"ast-content-background-meta":{"desktop":{"background-color":"var(--ast-global-color-5)","background-image":"","background-repeat":"repeat","background-position":"center center","background-size":"auto","background-attachment":"scroll","background-type":"","background-media":"","overlay-type":"","overlay-color":"","overlay-opacity":"","overlay-gradient":""},"tablet":{"background-color":"var(--ast-global-color-5)","background-image":"","background-repeat":"repeat","background-position":"center center","background-size":"auto","background-attachment":"scroll","background-type":"","background-media":"","overlay-type":"","overlay-color":"","overlay-opacity":"","overlay-gradient":""},"mobile":{"background-color":"var(--ast-global-color-5)","background-image":"","background-repeat":"repeat","background-position":"center center","background-size":"auto","background-attachment":"scroll","background-type":"","background-media":"","overlay-type":"","overlay-color":"","overlay-opacity":"","overlay-gradient":""}}},"product_brand":[],"product_cat":[18,19],"product_tag":[],"class_list":{"0":"post-3437","1":"product","2":"type-product","3":"status-publish","5":"product_cat-products","6":"product_cat-antioxidant-for-polyether-and-foam","7":"desktop-align-left","8":"tablet-align-left","9":"mobile-align-left","11":"first","12":"instock","13":"shipping-taxable","14":"product-type-simple"},"_links":{"self":[{"href":"https:\/\/chicchem.com\/es\/wp-json\/wp\/v2\/product\/3437","targetHints":{"allow":["GET"]}}],"collection":[{"href":"https:\/\/chicchem.com\/es\/wp-json\/wp\/v2\/product"}],"about":[{"href":"https:\/\/chicchem.com\/es\/wp-json\/wp\/v2\/types\/product"}],"wp:attachment":[{"href":"https:\/\/chicchem.com\/es\/wp-json\/wp\/v2\/media?parent=3437"}],"wp:term":[{"taxonomy":"product_brand","embeddable":true,"href":"https:\/\/chicchem.com\/es\/wp-json\/wp\/v2\/product_brand?post=3437"},{"taxonomy":"product_cat","embeddable":true,"href":"https:\/\/chicchem.com\/es\/wp-json\/wp\/v2\/product_cat?post=3437"},{"taxonomy":"product_tag","embeddable":true,"href":"https:\/\/chicchem.com\/es\/wp-json\/wp\/v2\/product_tag?post=3437"}],"curies":[{"name":"wp","href":"https:\/\/api.w.org\/{rel}","templated":true}]}}