{"id":3438,"date":"2024-06-21T04:50:37","date_gmt":"2024-06-21T04:50:37","guid":{"rendered":"https:\/\/chicchem.com\/?post_type=product&#038;p=3438"},"modified":"2024-07-31T06:12:43","modified_gmt":"2024-07-31T06:12:43","slug":"chicstab-5057","status":"publish","type":"product","link":"https:\/\/chicchem.com\/es\/producto\/chicstab-5057\/","title":{"rendered":"Chicstab 5057"},"content":{"rendered":"<p><span style=\"color: #28a7de;\"><strong>Descripci\u00f3n del Producto<\/strong><\/span><\/p>\n<p><span style=\"color: #000000;\">NO CAS.  68411-46-1<\/span><\/p>\n<p><span style=\"color: #000000;\">Estructura qu\u00edmica:<\/span><\/p>\n<p><span style=\"color: #000000;\"><img decoding=\"async\" class=\"alignnone size-medium wp-image-3439\" src=\"https:\/\/chicchem.com\/wp-content\/uploads\/2024\/06\/\u56fe\u72473-300x90.png\" alt=\"\" width=\"300\" height=\"90\" srcset=\"\" sizes=\"(max-width: 300px) 100vw, 300px\" data-srcset=\"\" \/><\/span><\/p>\n<p><span style=\"color: #000000;\">Nombre qu\u00edmico: Producto de reacci\u00f3n de N-fenilanilina y 2,4,4-trimetilpenteno<\/span><\/p>\n<p><span style=\"color: #000000;\">Chicstab 5057 comprende butil y octildifenilamina, que act\u00faa como un antioxidante de amina impedida l\u00edquida. Preserva las excepcionales propiedades antioxidantes inherentes a las aminas impedidas y al mismo tiempo ofrece el beneficio adicional de una forma l\u00edquida \u00fanica, lo que facilita la dosificaci\u00f3n y el transporte convenientes. Los atributos clave incluyen baja volatilidad y excelente compatibilidad, lo que elimina la necesidad de diluci\u00f3n durante la adici\u00f3n. Con actividad 100%, se puede utilizar de forma independiente o en combinaci\u00f3n con otros estabilizadores funcionales, como el antioxidante Chicstab 1135, para lograr un efecto sin\u00e9rgico excepcional. Dosis recomendada: 0,1-0,5%.<\/span><\/p>\n<p><span style=\"color: #28a7de;\"><strong><b>Propiedades f\u00edsicas<\/b><\/strong><\/span><\/p>\n<table>\n<tbody>\n<tr>\n<td style=\"background-color: #bce4f5;\" width=\"582\"><span style=\"color: #000000;\">Forma f\u00edsica<\/span><\/td>\n<td width=\"772\"><span style=\"color: #000000;\">l\u00edquido \u00e1mbar claro u oscuro<\/span><\/td>\n<\/tr>\n<tr>\n<td style=\"background-color: #bce4f5;\" width=\"582\"><span style=\"color: #000000;\">Densidad a 25\u00b0C, g\/cm<sup>3<\/sup><\/span><\/td>\n<td width=\"772\"><span style=\"color: #000000;\">0.96-1.00<\/span><\/td>\n<\/tr>\n<tr>\n<td style=\"background-color: #bce4f5;\" width=\"582\"><span style=\"color: #000000;\">Viscosidad cinem\u00e1tica (40 \u2103), mm<sup>2<\/sup><sub>\/<\/sub>s<\/span><\/td>\n<td width=\"772\"><span style=\"color: #000000;\">300-600<\/span><\/td>\n<\/tr>\n<tr>\n<td style=\"background-color: #bce4f5;\" width=\"582\"><span style=\"color: #000000;\">Contenido de nitr\u00f3geno, %<\/span><\/td>\n<td width=\"772\"><span style=\"color: #000000;\">4.3-4.8<\/span><\/td>\n<\/tr>\n<tr>\n<td style=\"background-color: #bce4f5;\" width=\"582\"><span style=\"color: #000000;\">Difenilamina, %, \u2264<\/span><\/td>\n<td width=\"772\"><span style=\"color: #000000;\">0.1<\/span><\/td>\n<\/tr>\n<\/tbody>\n<\/table>\n<p><span style=\"color: #28a7de;\"><strong>Caracter\u00edsticas y beneficios<\/strong><\/span><\/p>\n<p><span style=\"color: #000000;\">Chicstab5057 demuestra un rendimiento excepcional, lo que lo hace muy adecuado para toda la preparaci\u00f3n y procesamiento de pol\u00edmeros. En la estabilizaci\u00f3n de la espuma de coj\u00edn de poliuretano, mitiga eficazmente la formaci\u00f3n de per\u00f3xidos durante el almacenamiento y el transporte, evitando as\u00ed que se queme durante la formaci\u00f3n de espuma.<\/span><\/p>\n<p><span style=\"color: #000000;\">Adem\u00e1s, cuando se utiliza en aplicaciones de poliuretano espumante suave en industrias como la fabricaci\u00f3n de autom\u00f3viles, muebles y tejidos de fibra, la baja volatilidad y el m\u00ednimo empa\u00f1amiento de Chicstab 5057 garantizan la preservaci\u00f3n de la integridad del color de la tela. Su eficacia se puede mejorar mediante la colaboraci\u00f3n con otros antioxidantes fen\u00f3licos como Chicstab 1135, o cuando se emplea junto con estabilizadores (p. ej., fosfito, tio\u00e9ster, hidroxilamina, lactona) y estabilizadores de luz (p. ej., absorbentes de UV, HALS). A trav\u00e9s de tales combinaciones, su rendimiento superior se puede optimizar a\u00fan m\u00e1s para pl\u00e1sticos y fibras de poliuretano y m\u00e1s.<\/span><\/p>\n<p><span style=\"color: #28a7de;\"><strong><b>Paquete<\/b><\/strong><\/span><\/p>\n<p><span style=\"color: #000000;\">180KG\/tambor, 1000kg\/tanque IBC, tanque 20MT\/ISO.<\/span><\/p>\n<p><span style=\"color: #28a7de;\"><strong><b>Duraci\u00f3n<\/b><\/strong><\/span><\/p>\n<p><span style=\"color: #000000;\">12 meses a partir de la fecha de producci\u00f3n en embalaje original sin abrir.<\/span><\/p>\n<p><span style=\"color: #28a7de;\"><strong><b>Almacenamiento <\/b><\/strong><\/span><\/p>\n<p><span style=\"color: #000000;\">Almacenar en condiciones oscuras, secas, frescas y selladas.<\/span><\/p>\n<p>&nbsp;<\/p>\n<p>&nbsp;<\/p>","protected":false},"excerpt":{"rendered":"<p>Protege los materiales del da\u00f1o oxidativo, alargando su vida \u00fatil.<\/p>","protected":false},"featured_media":0,"template":"","meta":{"site-sidebar-layout":"default","site-content-layout":"","ast-site-content-layout":"default","site-content-style":"default","site-sidebar-style":"default","ast-global-header-display":"","ast-banner-title-visibility":"","ast-main-header-display":"","ast-hfb-above-header-display":"","ast-hfb-below-header-display":"","ast-hfb-mobile-header-display":"","site-post-title":"","ast-breadcrumbs-content":"","ast-featured-img":"","footer-sml-layout":"","theme-transparent-header-meta":"default","adv-header-id-meta":"","stick-header-meta":"","header-above-stick-meta":"","header-main-stick-meta":"","header-below-stick-meta":"","astra-migrate-meta-layouts":"set","ast-page-background-enabled":"default","ast-page-background-meta":{"desktop":{"background-color":"","background-image":"","background-repeat":"repeat","background-position":"center center","background-size":"auto","background-attachment":"scroll","background-type":"","background-media":"","overlay-type":"","overlay-color":"","overlay-opacity":"","overlay-gradient":""},"tablet":{"background-color":"","background-image":"","background-repeat":"repeat","background-position":"center center","background-size":"auto","background-attachment":"scroll","background-type":"","background-media":"","overlay-type":"","overlay-color":"","overlay-opacity":"","overlay-gradient":""},"mobile":{"background-color":"","background-image":"","background-repeat":"repeat","background-position":"center center","background-size":"auto","background-attachment":"scroll","background-type":"","background-media":"","overlay-type":"","overlay-color":"","overlay-opacity":"","overlay-gradient":""}},"ast-content-background-meta":{"desktop":{"background-color":"var(--ast-global-color-5)","background-image":"","background-repeat":"repeat","background-position":"center center","background-size":"auto","background-attachment":"scroll","background-type":"","background-media":"","overlay-type":"","overlay-color":"","overlay-opacity":"","overlay-gradient":""},"tablet":{"background-color":"var(--ast-global-color-5)","background-image":"","background-repeat":"repeat","background-position":"center center","background-size":"auto","background-attachment":"scroll","background-type":"","background-media":"","overlay-type":"","overlay-color":"","overlay-opacity":"","overlay-gradient":""},"mobile":{"background-color":"var(--ast-global-color-5)","background-image":"","background-repeat":"repeat","background-position":"center center","background-size":"auto","background-attachment":"scroll","background-type":"","background-media":"","overlay-type":"","overlay-color":"","overlay-opacity":"","overlay-gradient":""}}},"product_brand":[],"product_cat":[18,19],"product_tag":[],"class_list":{"0":"post-3438","1":"product","2":"type-product","3":"status-publish","5":"product_cat-products","6":"product_cat-antioxidant-for-polyether-and-foam","7":"desktop-align-left","8":"tablet-align-left","9":"mobile-align-left","11":"first","12":"instock","13":"shipping-taxable","14":"product-type-simple"},"_links":{"self":[{"href":"https:\/\/chicchem.com\/es\/wp-json\/wp\/v2\/product\/3438","targetHints":{"allow":["GET"]}}],"collection":[{"href":"https:\/\/chicchem.com\/es\/wp-json\/wp\/v2\/product"}],"about":[{"href":"https:\/\/chicchem.com\/es\/wp-json\/wp\/v2\/types\/product"}],"wp:attachment":[{"href":"https:\/\/chicchem.com\/es\/wp-json\/wp\/v2\/media?parent=3438"}],"wp:term":[{"taxonomy":"product_brand","embeddable":true,"href":"https:\/\/chicchem.com\/es\/wp-json\/wp\/v2\/product_brand?post=3438"},{"taxonomy":"product_cat","embeddable":true,"href":"https:\/\/chicchem.com\/es\/wp-json\/wp\/v2\/product_cat?post=3438"},{"taxonomy":"product_tag","embeddable":true,"href":"https:\/\/chicchem.com\/es\/wp-json\/wp\/v2\/product_tag?post=3438"}],"curies":[{"name":"wp","href":"https:\/\/api.w.org\/{rel}","templated":true}]}}