{"id":3440,"date":"2024-06-21T04:53:10","date_gmt":"2024-06-21T04:53:10","guid":{"rendered":"https:\/\/chicchem.com\/?post_type=product&#038;p=3440"},"modified":"2024-06-21T04:54:25","modified_gmt":"2024-06-21T04:54:25","slug":"phosphocyanide-catalyst-chicstablq-2","status":"publish","type":"product","link":"https:\/\/chicchem.com\/es\/producto\/phosphocyanide-catalyst-chicstablq-2\/","title":{"rendered":"Catalizador de fosfocianuro (ChicstabLQ-2)"},"content":{"rendered":"<p><span style=\"color: #28a7de;\"><strong><b>Descripci\u00f3n del Producto<\/b><\/strong><\/span><\/p>\n<p><span style=\"color: #000000;\">Chicstab LQ-2<strong><b>\u00a0<\/b><\/strong>es un<strong><b>\u00a0<\/b><\/strong>\u00a0Catalizador de fosfocian\u00f3geno l\u00edquido, formulado con ingredientes activos 50%, que ofrece un rendimiento excepcional en la polimerizaci\u00f3n con apertura de anillo de alta actividad. Su forma l\u00edquida garantiza facilidad de uso y adici\u00f3n. En la s\u00edntesis de poli\u00e9ter polioles, peque\u00f1as mol\u00e9culas sirven como iniciadores, lo que permite el bloqueo directo con \u00f3xido de etileno para producir grupos hidroxilo primarios. La configuraci\u00f3n cabeza-cola (HT) de las mol\u00e9culas de poli\u00e9ter proporciona una selectividad superior.<\/span><\/p>\n<p><span style=\"color: #000000;\">Los pol\u00edmeros sintetizados utilizando catalizadores de cianuro de f\u00f3sforo superan las limitaciones asociadas con los catalizadores tradicionales como el hidr\u00f3xido de potasio. En particular, exhiben un peso molecular relativo m\u00e1s alto, una distribuci\u00f3n de peso molecular m\u00e1s estrecha y niveles de insaturaci\u00f3n reducidos, mejorando as\u00ed la calidad general del pol\u00edmero.<\/span><\/p>\n<p><span style=\"color: #28a7de;\"><strong><b>Propiedades f\u00edsicas<\/b><\/strong><\/span><\/p>\n<table>\n<tbody>\n<tr>\n<td style=\"background-color: #bce4f5;\" width=\"467\"><span style=\"color: #000000;\">Forma f\u00edsica<\/span><\/td>\n<td width=\"710\"><span style=\"color: #000000;\">l\u00edquido amarillo claro<\/span><\/td>\n<\/tr>\n<tr>\n<td style=\"background-color: #bce4f5;\" width=\"467\"><span style=\"color: #000000;\">Concentraci\u00f3n de catalizador<\/span><\/td>\n<td width=\"710\"><span style=\"color: #000000;\">0,3 g\/ml ~ 0,6 g\/ml<\/span><\/td>\n<\/tr>\n<tr>\n<td style=\"background-color: #bce4f5;\" width=\"467\"><span style=\"color: #000000;\">\u00cdndice de actividad, g\/g, \u2265<\/span><\/td>\n<td width=\"710\"><span style=\"color: #000000;\">200-300<\/span><\/td>\n<\/tr>\n<\/tbody>\n<\/table>\n<p><span style=\"color: #28a7de;\"><strong><b>Gu\u00eda de uso<\/b><\/strong><\/span><\/p>\n<ol>\n<li><span style=\"color: #000000;\">Combine el iniciador y el catalizador a temperatura ambiente, reempl\u00e1celos con nitr\u00f3geno y aspire a una temperatura especificada para eliminar el disolvente durante 1 hora.<\/span><\/li>\n<li><span style=\"color: #000000;\">Elevar la temperatura a 90\u00b0C e introducir mon\u00f3meros para la polimerizaci\u00f3n. Mantenga la temperatura de polimerizaci\u00f3n entre 90 \u00b0C y 95 \u00b0C para el \u00f3xido de propileno y entre 100 \u00b0C y 105 \u00b0C para el \u00f3xido de etileno.<\/span><\/li>\n<li><span style=\"color: #000000;\">Los iniciadores adecuados incluyen mol\u00e9culas peque\u00f1as tales como glicerina y propilenglicol, o poli\u00e9teres de bajo peso molecular como poli\u00e9ter de peso molecular 500 o 1000. Para poli\u00e9teres de bajo peso molecular, preferir aquellos sin antioxidantes para evitar la alteraci\u00f3n del color.<\/span><\/li>\n<li><span style=\"color: #000000;\">Despu\u00e9s de la polimerizaci\u00f3n, se puede utilizar \u00e9ter bruto sin tratar que contenga KOH para eliminar los iones potasio. Se recomiendan \u00e9teres crudos como iniciadores.<\/span><\/li>\n<li><span style=\"color: #000000;\">Aseg\u00farese de que el contenido de agua del iniciador y el mon\u00f3mero sea inferior a 300 ppm, ya que un alto contenido de agua puede afectar la actividad del catalizador.<\/span><\/li>\n<li><span style=\"color: #000000;\">Inicialmente, utilice aproximadamente dos mil\u00e9simas del catalizador, tres mil\u00e9simas para el primer uso y reduzca gradualmente a partir de entonces. La concentraci\u00f3n del catalizador se marcar\u00e1 para una medici\u00f3n precisa.<\/span><\/li>\n<li><span style=\"color: #000000;\">Guarde el catalizador sellado en un desecador y util\u00edcelo r\u00e1pidamente.<\/span><\/li>\n<li><span style=\"color: #000000;\">Los m\u00e9todos de eliminaci\u00f3n de catalizadores incluyen la neutralizaci\u00f3n con \u00e1cido seguida de un tratamiento con adsorbente o un tratamiento con adsorbente directo. Condiciones espec\u00edficas pueden requerir exploraci\u00f3n individual.<\/span><\/li>\n<li><span style=\"color: #000000;\">El peso molecular del catalizador se calcula como 500.<\/span><\/li>\n<\/ol>\n<p><span style=\"color: #000000;\">Estas directrices est\u00e1n dise\u00f1adas para mejorar la eficacia y precisi\u00f3n de los procesos de polimerizaci\u00f3n y utilizaci\u00f3n de catalizadores.<\/span><\/p>\n<p><span style=\"color: #28a7de;\"><strong><b>Duraci\u00f3n<\/b><\/strong>\u00a0<\/span><\/p>\n<p><span style=\"color: #000000;\">2 meses a partir de la fecha de producci\u00f3n en embalaje original sin abrir.<\/span><\/p>\n<p><span style=\"color: #28a7de;\"><strong><b>Almacenamiento y transporte<\/b><\/strong><\/span><\/p>\n<p><span style=\"color: #000000;\">Almacenar en un ambiente fresco, seco y oscuro, asegur\u00e1ndose de que el recipiente est\u00e9 herm\u00e9ticamente cerrado. Al abrirlo, vuelva a sellar el envase r\u00e1pidamente y utilice el producto lo antes posible. Durante el transporte, tome precauciones para evitar fugas, cumpla con las pr\u00e1cticas de manipulaci\u00f3n industrial est\u00e1ndar, manipule con cuidado y minimice el riesgo de contaminaci\u00f3n ambiental.<\/span><\/p>","protected":false},"excerpt":{"rendered":"<p>Protege los materiales del da\u00f1o oxidativo, alargando su vida \u00fatil.<\/p>","protected":false},"featured_media":0,"template":"","meta":{"site-sidebar-layout":"default","site-content-layout":"","ast-site-content-layout":"default","site-content-style":"default","site-sidebar-style":"default","ast-global-header-display":"","ast-banner-title-visibility":"","ast-main-header-display":"","ast-hfb-above-header-display":"","ast-hfb-below-header-display":"","ast-hfb-mobile-header-display":"","site-post-title":"","ast-breadcrumbs-content":"","ast-featured-img":"","footer-sml-layout":"","theme-transparent-header-meta":"default","adv-header-id-meta":"","stick-header-meta":"","header-above-stick-meta":"","header-main-stick-meta":"","header-below-stick-meta":"","astra-migrate-meta-layouts":"set","ast-page-background-enabled":"default","ast-page-background-meta":{"desktop":{"background-color":"","background-image":"","background-repeat":"repeat","background-position":"center center","background-size":"auto","background-attachment":"scroll","background-type":"","background-media":"","overlay-type":"","overlay-color":"","overlay-opacity":"","overlay-gradient":""},"tablet":{"background-color":"","background-image":"","background-repeat":"repeat","background-position":"center center","background-size":"auto","background-attachment":"scroll","background-type":"","background-media":"","overlay-type":"","overlay-color":"","overlay-opacity":"","overlay-gradient":""},"mobile":{"background-color":"","background-image":"","background-repeat":"repeat","background-position":"center center","background-size":"auto","background-attachment":"scroll","background-type":"","background-media":"","overlay-type":"","overlay-color":"","overlay-opacity":"","overlay-gradient":""}},"ast-content-background-meta":{"desktop":{"background-color":"var(--ast-global-color-5)","background-image":"","background-repeat":"repeat","background-position":"center center","background-size":"auto","background-attachment":"scroll","background-type":"","background-media":"","overlay-type":"","overlay-color":"","overlay-opacity":"","overlay-gradient":""},"tablet":{"background-color":"var(--ast-global-color-5)","background-image":"","background-repeat":"repeat","background-position":"center center","background-size":"auto","background-attachment":"scroll","background-type":"","background-media":"","overlay-type":"","overlay-color":"","overlay-opacity":"","overlay-gradient":""},"mobile":{"background-color":"var(--ast-global-color-5)","background-image":"","background-repeat":"repeat","background-position":"center center","background-size":"auto","background-attachment":"scroll","background-type":"","background-media":"","overlay-type":"","overlay-color":"","overlay-opacity":"","overlay-gradient":""}}},"product_brand":[],"product_cat":[18,19],"product_tag":[],"class_list":{"0":"post-3440","1":"product","2":"type-product","3":"status-publish","5":"product_cat-products","6":"product_cat-antioxidant-for-polyether-and-foam","7":"desktop-align-left","8":"tablet-align-left","9":"mobile-align-left","11":"first","12":"instock","13":"shipping-taxable","14":"product-type-simple"},"_links":{"self":[{"href":"https:\/\/chicchem.com\/es\/wp-json\/wp\/v2\/product\/3440","targetHints":{"allow":["GET"]}}],"collection":[{"href":"https:\/\/chicchem.com\/es\/wp-json\/wp\/v2\/product"}],"about":[{"href":"https:\/\/chicchem.com\/es\/wp-json\/wp\/v2\/types\/product"}],"wp:attachment":[{"href":"https:\/\/chicchem.com\/es\/wp-json\/wp\/v2\/media?parent=3440"}],"wp:term":[{"taxonomy":"product_brand","embeddable":true,"href":"https:\/\/chicchem.com\/es\/wp-json\/wp\/v2\/product_brand?post=3440"},{"taxonomy":"product_cat","embeddable":true,"href":"https:\/\/chicchem.com\/es\/wp-json\/wp\/v2\/product_cat?post=3440"},{"taxonomy":"product_tag","embeddable":true,"href":"https:\/\/chicchem.com\/es\/wp-json\/wp\/v2\/product_tag?post=3440"}],"curies":[{"name":"wp","href":"https:\/\/api.w.org\/{rel}","templated":true}]}}