{"id":3441,"date":"2024-06-21T04:54:37","date_gmt":"2024-06-21T04:54:37","guid":{"rendered":"https:\/\/chicchem.com\/?post_type=product&#038;p=3441"},"modified":"2024-06-21T04:55:58","modified_gmt":"2024-06-21T04:55:58","slug":"phosphocyanide-catalyst-chicstablq-1","status":"publish","type":"product","link":"https:\/\/chicchem.com\/es\/producto\/phosphocyanide-catalyst-chicstablq-1\/","title":{"rendered":"Catalizador de fosfocianuro (ChicStabLQ-1)"},"content":{"rendered":"<p><span style=\"color: #28a7de;\"><strong><b>Descripci\u00f3n del Producto<\/b><\/strong><\/span><\/p>\n<p><span style=\"color: #000000;\">Chicstab LQ-1 es un catalizador de polimerizaci\u00f3n con apertura de anillo de alta actividad en forma de polvo, dise\u00f1ado espec\u00edficamente con fosfocianuro para un rendimiento superior. Sobresale en la s\u00edntesis de poli\u00e9ter polioles, donde peque\u00f1as mol\u00e9culas sirven como iniciadores, lo que permite el bloqueo directo con \u00f3xido de etileno para producir grupos hidroxilo primarios. En particular, la configuraci\u00f3n cabeza-cola (HT) de las mol\u00e9culas de poli\u00e9ter ofrece una selectividad excepcional. La polimerizaci\u00f3n facilitada por catalizadores de cianuro de f\u00f3sforo soluciona las deficiencias asociadas con los catalizadores convencionales como el hidr\u00f3xido de potasio. Estos incluyen cuestiones como el bajo peso molecular relativo, la amplia distribuci\u00f3n del peso molecular y los altos niveles de insaturaci\u00f3n en los pol\u00edmeros resultantes.<\/span><\/p>\n<p><span style=\"color: #28a7de;\"><strong><b>Propiedades f\u00edsicas<\/b><\/strong><\/span><\/p>\n<table>\n<tbody>\n<tr>\n<td style=\"background-color: #bce4f5;\" width=\"467\"><span style=\"color: #000000;\">Forma f\u00edsica<\/span><\/td>\n<td width=\"710\"><span style=\"color: #000000;\">polvo blanco a gris claro<\/span><\/td>\n<\/tr>\n<tr>\n<td style=\"background-color: #bce4f5;\" width=\"467\"><span style=\"color: #000000;\">\u00cdndice de actividad, g\/g, \u2265<\/span><\/td>\n<td width=\"710\"><span style=\"color: #000000;\">500<\/span><\/td>\n<\/tr>\n<\/tbody>\n<\/table>\n<p><span style=\"color: #28a7de;\"><strong><b>Gu\u00eda de uso<\/b><\/strong><\/span><\/p>\n<ol>\n<li><span style=\"color: #000000;\">Hacer reaccionar cantidades equimolares del catalizador con met\u00f3xido de potasio en metanol. Filtrar el precipitado para obtener una soluci\u00f3n de catalizador.<\/span><\/li>\n<li><span style=\"color: #000000;\">Combine la soluci\u00f3n de iniciador y catalizador a temperatura ambiente bajo una atm\u00f3sfera de nitr\u00f3geno. Retire el disolvente al vac\u00edo a una temperatura especificada durante 1 hora.<\/span><\/li>\n<li><span style=\"color: #000000;\">Aumentar la temperatura a 90\u00b0C e introducir mon\u00f3meros para la polimerizaci\u00f3n. Mantenga la temperatura de polimerizaci\u00f3n entre 90 \u00b0C y 95 \u00b0C para el \u00f3xido de propileno y entre 100 \u00b0C y 105 \u00b0C para el \u00f3xido de etileno.<\/span><\/li>\n<li><span style=\"color: #000000;\">Los iniciadores adecuados incluyen mol\u00e9culas peque\u00f1as como glicerina, propilenglicol o poli\u00e9teres de bajo peso molecular (por ejemplo, peso molecular 500 o 1000).<\/span><\/li>\n<li><span style=\"color: #000000;\">Cuando utilice poli\u00e9teres de bajo peso molecular, prefiera aquellos sin antioxidantes para evitar la coloraci\u00f3n.<\/span><\/li>\n<li><span style=\"color: #000000;\">Se pueden utilizar \u00e9teres crudos que contienen KOH para eliminar los iones de potasio despu\u00e9s de la polimerizaci\u00f3n. Se recomiendan \u00e9teres crudos como iniciadores.<\/span><\/li>\n<li><span style=\"color: #000000;\">Aseg\u00farese de que el contenido de agua de los iniciadores y mon\u00f3meros sea inferior a 300 ppm. El alto contenido de agua en los iniciadores puede afectar la actividad del catalizador.<\/span><\/li>\n<li><span style=\"color: #000000;\">Inicialmente, utilice aproximadamente 1\/1000 del catalizador, reduciendo gradualmente la cantidad con usos posteriores. La concentraci\u00f3n del catalizador se marcar\u00e1 para una medici\u00f3n precisa.<\/span><\/li>\n<li><span style=\"color: #000000;\">Guarde el catalizador sellado en un desecador y util\u00edcelo lo antes posible.<\/span><\/li>\n<li><span style=\"color: #000000;\">Los m\u00e9todos de eliminaci\u00f3n de catalizadores incluyen la neutralizaci\u00f3n \u00e1cida seguida de un tratamiento con adsorbente o un tratamiento con adsorbente directo. Es posible que se requiera experimentaci\u00f3n para condiciones espec\u00edficas.<\/span><\/li>\n<li><span style=\"color: #000000;\">El peso molecular del catalizador se calcula como 500.<\/span><\/li>\n<\/ol>\n<p><span style=\"color: #000000;\">Estas pautas est\u00e1n dise\u00f1adas para optimizar el rendimiento del catalizador y los resultados de la polimerizaci\u00f3n.\u00a0<\/span><\/p>\n<p><span style=\"color: #28a7de;\"><strong><b>Duraci\u00f3n <\/b><\/strong><\/span><\/p>\n<p><span style=\"color: #000000;\">3 a\u00f1os a partir de la fecha de producci\u00f3n en embalaje original sin abrir.<\/span><\/p>\n<p><span style=\"color: #28a7de;\"><strong><b>Almacenamiento y transporte<\/b><\/strong><\/span><\/p>\n<p><span style=\"color: #000000;\">Almacenar en un ambiente fresco, seco y oscuro, asegur\u00e1ndose de que el recipiente est\u00e9 herm\u00e9ticamente cerrado. Al abrirlo, vuelva a sellar el envase r\u00e1pidamente y utilice el producto lo antes posible. Durante el transporte, tome precauciones para evitar fugas, cumpla con las pr\u00e1cticas de manipulaci\u00f3n industrial est\u00e1ndar, manipule con cuidado y minimice el riesgo de contaminaci\u00f3n ambiental.<\/span><\/p>","protected":false},"excerpt":{"rendered":"<p>Protege los materiales del da\u00f1o oxidativo, alargando su vida \u00fatil.<\/p>","protected":false},"featured_media":0,"template":"","meta":{"site-sidebar-layout":"default","site-content-layout":"","ast-site-content-layout":"default","site-content-style":"default","site-sidebar-style":"default","ast-global-header-display":"","ast-banner-title-visibility":"","ast-main-header-display":"","ast-hfb-above-header-display":"","ast-hfb-below-header-display":"","ast-hfb-mobile-header-display":"","site-post-title":"","ast-breadcrumbs-content":"","ast-featured-img":"","footer-sml-layout":"","theme-transparent-header-meta":"default","adv-header-id-meta":"","stick-header-meta":"","header-above-stick-meta":"","header-main-stick-meta":"","header-below-stick-meta":"","astra-migrate-meta-layouts":"set","ast-page-background-enabled":"default","ast-page-background-meta":{"desktop":{"background-color":"","background-image":"","background-repeat":"repeat","background-position":"center center","background-size":"auto","background-attachment":"scroll","background-type":"","background-media":"","overlay-type":"","overlay-color":"","overlay-opacity":"","overlay-gradient":""},"tablet":{"background-color":"","background-image":"","background-repeat":"repeat","background-position":"center center","background-size":"auto","background-attachment":"scroll","background-type":"","background-media":"","overlay-type":"","overlay-color":"","overlay-opacity":"","overlay-gradient":""},"mobile":{"background-color":"","background-image":"","background-repeat":"repeat","background-position":"center center","background-size":"auto","background-attachment":"scroll","background-type":"","background-media":"","overlay-type":"","overlay-color":"","overlay-opacity":"","overlay-gradient":""}},"ast-content-background-meta":{"desktop":{"background-color":"var(--ast-global-color-5)","background-image":"","background-repeat":"repeat","background-position":"center center","background-size":"auto","background-attachment":"scroll","background-type":"","background-media":"","overlay-type":"","overlay-color":"","overlay-opacity":"","overlay-gradient":""},"tablet":{"background-color":"var(--ast-global-color-5)","background-image":"","background-repeat":"repeat","background-position":"center center","background-size":"auto","background-attachment":"scroll","background-type":"","background-media":"","overlay-type":"","overlay-color":"","overlay-opacity":"","overlay-gradient":""},"mobile":{"background-color":"var(--ast-global-color-5)","background-image":"","background-repeat":"repeat","background-position":"center center","background-size":"auto","background-attachment":"scroll","background-type":"","background-media":"","overlay-type":"","overlay-color":"","overlay-opacity":"","overlay-gradient":""}}},"product_brand":[],"product_cat":[18,19],"product_tag":[],"class_list":{"0":"post-3441","1":"product","2":"type-product","3":"status-publish","5":"product_cat-products","6":"product_cat-antioxidant-for-polyether-and-foam","7":"desktop-align-left","8":"tablet-align-left","9":"mobile-align-left","11":"first","12":"instock","13":"shipping-taxable","14":"product-type-simple"},"_links":{"self":[{"href":"https:\/\/chicchem.com\/es\/wp-json\/wp\/v2\/product\/3441","targetHints":{"allow":["GET"]}}],"collection":[{"href":"https:\/\/chicchem.com\/es\/wp-json\/wp\/v2\/product"}],"about":[{"href":"https:\/\/chicchem.com\/es\/wp-json\/wp\/v2\/types\/product"}],"wp:attachment":[{"href":"https:\/\/chicchem.com\/es\/wp-json\/wp\/v2\/media?parent=3441"}],"wp:term":[{"taxonomy":"product_brand","embeddable":true,"href":"https:\/\/chicchem.com\/es\/wp-json\/wp\/v2\/product_brand?post=3441"},{"taxonomy":"product_cat","embeddable":true,"href":"https:\/\/chicchem.com\/es\/wp-json\/wp\/v2\/product_cat?post=3441"},{"taxonomy":"product_tag","embeddable":true,"href":"https:\/\/chicchem.com\/es\/wp-json\/wp\/v2\/product_tag?post=3441"}],"curies":[{"name":"wp","href":"https:\/\/api.w.org\/{rel}","templated":true}]}}