{"id":3442,"date":"2024-06-21T04:56:11","date_gmt":"2024-06-21T04:56:11","guid":{"rendered":"https:\/\/chicchem.com\/?post_type=product&#038;p=3442"},"modified":"2024-06-21T04:58:19","modified_gmt":"2024-06-21T04:58:19","slug":"double-metal-cyanide-complex-dmc","status":"publish","type":"product","link":"https:\/\/chicchem.com\/es\/producto\/double-metal-cyanide-complex-dmc\/","title":{"rendered":"Complejo de cianuro de doble metal (DMC)"},"content":{"rendered":"<p><span style=\"color: #28a7de;\"><strong><b>Descripci\u00f3n del Producto<\/b><\/strong><\/span><\/p>\n<p><span style=\"color: #000000;\">Estructura qu\u00edmica:<\/span><\/p>\n<p><span style=\"color: #000000;\">Zn3\u3014Co(CN)6\u30152\u00b7aZnCl2\u00b7bH2O\u00b7cter-alcohol but\u00edlico<\/span><\/p>\n<p><span style=\"color: #000000;\">Nombre qu\u00edmico: Quelato de terc-butanol de hexacianocobaltato de zinc<\/span><\/p>\n<p><span style=\"color: #000000;\">DMC Catalyst es un catalizador de vanguardia para la polimerizaci\u00f3n con apertura de anillos de olefinas oxidadas, dise\u00f1ado para la s\u00edntesis de poli\u00e9teres de olefinas oxidadas con 1 a 6 grupos funcionales como iniciadores. En comparaci\u00f3n con los catalizadores alcalinos, el uso de catalizadores DMC para la producci\u00f3n de poli\u00e9ter presenta varias ventajas:<\/span><\/p>\n<p><span style=\"color: #000000;\">1.Costos operativos y de producci\u00f3n reducidos:<\/span><\/p>\n<ul>\n<li><span style=\"color: #000000;\">Elimina la necesidad de procedimientos de posprocesamiento, lo que da como resultado velocidades de reacci\u00f3n aceleradas y un aumento significativo en la capacidad de producci\u00f3n del dispositivo.<\/span><\/li>\n<li><span style=\"color: #000000;\">Al omitir los pasos de posprocesamiento, hay una disminuci\u00f3n en la inversi\u00f3n en equipos, el consumo de energ\u00eda, el uso de agua, los desechos s\u00f3lidos y la producci\u00f3n de aguas residuales por unidad de producto, lo que conduce a un mayor rendimiento del producto.<\/span><\/li>\n<\/ul>\n<p><span style=\"color: #000000;\">2.Propiedades mejoradas del producto:<\/span><\/p>\n<ul>\n<li><span style=\"color: #000000;\">Facilita la producci\u00f3n de poli\u00e9teres de mayor peso molecular, con un peso molecular por grupo hidroxilo superior a 2000.<\/span><\/li>\n<li><span style=\"color: #000000;\">Produce poli\u00e9teres caracterizados por una distribuci\u00f3n estrecha del peso molecular, subproductos reducidos, niveles bajos de insaturaci\u00f3n y olor m\u00ednimo.<\/span><\/li>\n<\/ul>\n<p><span style=\"color: #000000;\">3.Propiedades mejoradas en aplicaciones PU:<\/span><\/p>\n<ul>\n<li><span style=\"color: #000000;\">Cuando se aplica en el dominio del PU (elast\u00f3meros, espuma blanda, espuma de alta resiliencia, revestimientos, selladores), se observan mejoras significativas en diversas propiedades, como la resistencia a la tracci\u00f3n, el alargamiento y la resistencia a la presi\u00f3n.<\/span><\/li>\n<\/ul>\n<p><span style=\"color: #28a7de;\"><strong><b>Propiedades f\u00edsicas<\/b><\/strong><\/span><\/p>\n<table>\n<tbody>\n<tr>\n<td style=\"background-color: #bce4f5;\" width=\"510\"><span style=\"color: #000000;\">Forma f\u00edsica<\/span><\/td>\n<td width=\"667\"><span style=\"color: #000000;\">polvo blanco a gris claro<\/span><\/td>\n<\/tr>\n<tr>\n<td style=\"background-color: #bce4f5;\" width=\"510\"><span style=\"color: #000000;\">Densidad aparente, g\/ml<\/span><\/td>\n<td width=\"667\"><span style=\"color: #000000;\">0.30-0.40<\/span><\/td>\n<\/tr>\n<tr>\n<td style=\"background-color: #bce4f5;\" width=\"510\"><span style=\"color: #000000;\">\u00c1rea de superficie espec\u00edfica, m2\/g \u2264<\/span><\/td>\n<td width=\"667\"><span style=\"color: #000000;\">20.0<\/span><\/td>\n<\/tr>\n<tr>\n<td style=\"background-color: #bce4f5;\" width=\"510\"><span style=\"color: #000000;\">Punto de fusi\u00f3n \u2103 \u2265<\/span><\/td>\n<td width=\"667\"><span style=\"color: #000000;\">202<\/span><\/td>\n<\/tr>\n<\/tbody>\n<\/table>\n<p><span style=\"color: #28a7de;\"><strong><b>Gu\u00eda de uso<\/b><\/strong><\/span><\/p>\n<p><span style=\"color: #000000;\">\u00a0 \u00a0 \u00a0 \u00a01.<strong><b>Condiciones de arranque<\/b><\/strong><\/span><\/p>\n<ul>\n<li><span style=\"color: #000000;\">Compuestos que contienen hidroxilo: Monoalcoholes: alcoholes grasos con un punto de ebullici\u00f3n superior a 100\u00b0C, monoalcoholes parcialmente modificados con \u00f3xido de propileno u \u00f3xido de etileno. Se pueden utilizar otros monoalcoholes siempre que eliminen eficazmente el agua. Polioles, incluidos (iso)propilenglicol, glicerina u otros poli\u00e9teres de \u00f3xido de propileno derivados de mol\u00e9culas peque\u00f1as con tres o m\u00e1s valencias, copolieteres de \u00f3xido de propileno\/\u00f3xido de etileno, poli\u00e9teres totalmente de \u00f3xido de etileno, poli\u00e9teres de tetrahidrofurano, copolieteres de tetrahidrofurano\/\u00f3xido de propileno, etc. Fenoles abarcan monofenoles y bisfenoles. Los usuarios tienen una elecci\u00f3n m\u00e1s amplia de alcoholes o compuestos que contienen hidroxilo como iniciadores, como alcoholes dih\u00eddricos grasos, alcoholes mono y dib\u00e1sicos insaturados, polioles de poli\u00e9ster, etc. En esencia, los ejemplos proporcionados en este manual sirven como pautas.<\/span><\/li>\n<li><span style=\"color: #000000;\">Rango de peso molecular: Poliol: 350 ~ 1000 o peso molecular superior.<\/span><\/li>\n<li><span style=\"color: #000000;\">\u2211Mn+ (principalmente se refiere a iones K, Na) \u2264 5ppm<\/span><\/li>\n<li><span style=\"color: #000000;\">Contenido de agua \u2264 0,1%<\/span><\/li>\n<li><span style=\"color: #000000;\">\u00cdndice de acidez \u2264 0,15 mg KOH\/g<\/span><\/li>\n<\/ul>\n<ol start=\"2\">\n<li><span style=\"color: #000000;\"><b><\/b><strong>Operaci\u00f3n<\/strong><\/span><\/li>\n<\/ol>\n<ul>\n<li><span style=\"color: #000000;\">Enjuague bien el reactor con agua desionizada para eliminar los iones K+ y evitar la desactivaci\u00f3n del catalizador.<\/span><\/li>\n<li><span style=\"color: #000000;\">Despu\u00e9s de secar al vac\u00edo el reactor, introduzca el iniciador (poli\u00e9ter de bajo peso molecular con contenido de K+ \u2264 5 ppm), el catalizador y el \u00e1cido fosf\u00f3rico. Utilice 35-40 ppm (producto final) de catalizador y 30 ppm (producto final) de \u00e1cido fosf\u00f3rico. Burbujee gas amon\u00edaco durante 1 hora (preferiblemente al vac\u00edo), asegurando que el contenido de ox\u00edgeno sea \u22640,015%.<\/span><\/li>\n<li><span style=\"color: #000000;\">Una vez que la temperatura del reactor alcance 130 \u00b0C-140 \u00b0C, agregue una cantidad espec\u00edfica de PO (o PO\/EO) para aumentar la presi\u00f3n del reactor a 0,2-0,45 Mpa. A medida que la presi\u00f3n cae significativamente, agregue gradualmente el PO restante (o PO\/EO). Mantener la temperatura de reacci\u00f3n a 135\u00b0C-145\u00b0C durante 1 hora.<\/span><\/li>\n<\/ul>\n<p><span style=\"color: #000000;\">Nota: Controle la velocidad de alimentaci\u00f3n para evitar fluctuaciones r\u00e1pidas de temperatura durante la etapa inicial de la reacci\u00f3n.<\/span><\/p>\n<p><span style=\"color: #28a7de;\"><strong><b>Paquete<\/b><\/strong><strong><b>\u00a0<\/b><\/strong><\/span><\/p>\n<p><span style=\"color: #000000;\">Peso neto 250g*2\/bolsa o seg\u00fan especificaciones del cliente.<\/span><\/p>\n<p><span style=\"color: #28a7de;\"><strong><b>Duraci\u00f3n<\/b><\/strong><\/span><\/p>\n<p><span style=\"color: #000000;\">12 meses a partir de la fecha de producci\u00f3n en embalaje original sin abrir.<\/span><\/p>\n<p><span style=\"color: #28a7de;\"><strong><b>Almacenamiento <\/b><\/strong><\/span><\/p>\n<p><span style=\"color: #000000;\">Gu\u00e1rdelo en un lugar seco a una temperatura de 25 \u00b1 10 \u2103 y evite la exposici\u00f3n a la luz directa y al calor directo.<\/span><\/p>","protected":false},"excerpt":{"rendered":"<p>Protege los materiales del da\u00f1o oxidativo, alargando su vida \u00fatil.<\/p>","protected":false},"featured_media":0,"template":"","meta":{"site-sidebar-layout":"default","site-content-layout":"","ast-site-content-layout":"default","site-content-style":"default","site-sidebar-style":"default","ast-global-header-display":"","ast-banner-title-visibility":"","ast-main-header-display":"","ast-hfb-above-header-display":"","ast-hfb-below-header-display":"","ast-hfb-mobile-header-display":"","site-post-title":"","ast-breadcrumbs-content":"","ast-featured-img":"","footer-sml-layout":"","theme-transparent-header-meta":"default","adv-header-id-meta":"","stick-header-meta":"","header-above-stick-meta":"","header-main-stick-meta":"","header-below-stick-meta":"","astra-migrate-meta-layouts":"set","ast-page-background-enabled":"default","ast-page-background-meta":{"desktop":{"background-color":"","background-image":"","background-repeat":"repeat","background-position":"center center","background-size":"auto","background-attachment":"scroll","background-type":"","background-media":"","overlay-type":"","overlay-color":"","overlay-opacity":"","overlay-gradient":""},"tablet":{"background-color":"","background-image":"","background-repeat":"repeat","background-position":"center center","background-size":"auto","background-attachment":"scroll","background-type":"","background-media":"","overlay-type":"","overlay-color":"","overlay-opacity":"","overlay-gradient":""},"mobile":{"background-color":"","background-image":"","background-repeat":"repeat","background-position":"center center","background-size":"auto","background-attachment":"scroll","background-type":"","background-media":"","overlay-type":"","overlay-color":"","overlay-opacity":"","overlay-gradient":""}},"ast-content-background-meta":{"desktop":{"background-color":"var(--ast-global-color-5)","background-image":"","background-repeat":"repeat","background-position":"center center","background-size":"auto","background-attachment":"scroll","background-type":"","background-media":"","overlay-type":"","overlay-color":"","overlay-opacity":"","overlay-gradient":""},"tablet":{"background-color":"var(--ast-global-color-5)","background-image":"","background-repeat":"repeat","background-position":"center center","background-size":"auto","background-attachment":"scroll","background-type":"","background-media":"","overlay-type":"","overlay-color":"","overlay-opacity":"","overlay-gradient":""},"mobile":{"background-color":"var(--ast-global-color-5)","background-image":"","background-repeat":"repeat","background-position":"center center","background-size":"auto","background-attachment":"scroll","background-type":"","background-media":"","overlay-type":"","overlay-color":"","overlay-opacity":"","overlay-gradient":""}}},"product_brand":[],"product_cat":[18,19],"product_tag":[],"class_list":{"0":"post-3442","1":"product","2":"type-product","3":"status-publish","5":"product_cat-products","6":"product_cat-antioxidant-for-polyether-and-foam","7":"desktop-align-left","8":"tablet-align-left","9":"mobile-align-left","11":"first","12":"instock","13":"shipping-taxable","14":"product-type-simple"},"_links":{"self":[{"href":"https:\/\/chicchem.com\/es\/wp-json\/wp\/v2\/product\/3442","targetHints":{"allow":["GET"]}}],"collection":[{"href":"https:\/\/chicchem.com\/es\/wp-json\/wp\/v2\/product"}],"about":[{"href":"https:\/\/chicchem.com\/es\/wp-json\/wp\/v2\/types\/product"}],"wp:attachment":[{"href":"https:\/\/chicchem.com\/es\/wp-json\/wp\/v2\/media?parent=3442"}],"wp:term":[{"taxonomy":"product_brand","embeddable":true,"href":"https:\/\/chicchem.com\/es\/wp-json\/wp\/v2\/product_brand?post=3442"},{"taxonomy":"product_cat","embeddable":true,"href":"https:\/\/chicchem.com\/es\/wp-json\/wp\/v2\/product_cat?post=3442"},{"taxonomy":"product_tag","embeddable":true,"href":"https:\/\/chicchem.com\/es\/wp-json\/wp\/v2\/product_tag?post=3442"}],"curies":[{"name":"wp","href":"https:\/\/api.w.org\/{rel}","templated":true}]}}