{"id":3444,"date":"2024-06-21T04:58:46","date_gmt":"2024-06-21T04:58:46","guid":{"rendered":"https:\/\/chicchem.com\/?post_type=product&#038;p=3444"},"modified":"2024-08-07T09:12:31","modified_gmt":"2024-08-07T09:12:31","slug":"chicstab-ay184","status":"publish","type":"product","link":"https:\/\/chicchem.com\/es\/producto\/chicstab-ay184\/","title":{"rendered":"Chicstab AY184"},"content":{"rendered":"<p><span style=\"color: #28a7de;\"><strong><b>Descripci\u00f3n del Producto<\/b><\/strong><\/span><\/p>\n<p><span style=\"color: #000000;\">Chicstab AY184 es un antioxidante compuesto l\u00edquido con viscosidad moderada. Este producto no contiene antioxidantes de amina y es adecuado para productos de poliuretano con altos requisitos de fotooxidaci\u00f3n y t\u00e9rmica, como adhesivos, espumas para zapatos, espumas para sujetadores, espumas cosm\u00e9ticas, etc. Puede proporcionar una excelente estabilidad del color de la espuma de poliuretano despu\u00e9s de temperaturas altas. prensado, tiene mejor resistencia al envejecimiento t\u00e9rmico, retrasa el amarillamiento de la espuma de poliuretano y mejora la resistencia a la intemperie del producto. Tiene buena compatibilidad con los sustratos y es resistente a la extracci\u00f3n.<\/span><\/p>\n<p><span style=\"color: #000000;\">Chicstab AY184 no contiene BHT ni nonilfenol, lo que cumple con los requisitos medioambientales.<\/span><\/p>\n<p><span style=\"color: #28a7de;\"><strong><b>Propiedades f\u00edsicas\u00a0<\/b><\/strong><\/span><\/p>\n<table>\n<tbody>\n<tr>\n<td style=\"background-color: #bce4f5;\" width=\"574\"><span style=\"color: #000000;\">Forma f\u00edsica<\/span><\/td>\n<td width=\"680\"><span style=\"color: #000000;\">L\u00edquido de color amarillo claro a amarillo<\/span><\/td>\n<\/tr>\n<tr>\n<td style=\"background-color: #bce4f5;\" width=\"574\"><span style=\"color: #000000;\">Viscosidad din\u00e1mica (25 \u2103) mPa.s<\/span><\/td>\n<td width=\"680\"><span style=\"color: #000000;\">1500~2500<\/span><\/td>\n<\/tr>\n<tr>\n<td style=\"background-color: #bce4f5;\" width=\"574\"><span style=\"color: #000000;\">\u00cdndice de refracci\u00f3n (25 \u2103)<\/span><\/td>\n<td width=\"680\"><span style=\"color: #000000;\">1.550~1.595<\/span><\/td>\n<\/tr>\n<\/tbody>\n<\/table>\n<p><span style=\"color: #28a7de;\"><strong><b>\u00a0<\/b><\/strong><strong><b>Caracter\u00edsticas y beneficios<\/b><\/strong><\/span><\/p>\n<p><span style=\"color: #000000;\">Este producto es un antioxidante l\u00edquido con excelente compatibilidad con sustratos, ofreciendo resistencia a la oxidaci\u00f3n a altas temperaturas, resistencia a la intemperie, facilidad de dispersi\u00f3n y bombeabilidad.<\/span><\/p>\n<p><span style=\"color: #28a7de;\"><strong><b>\u00a0<\/b><\/strong><strong><b>Gu\u00eda de uso<\/b><\/strong><\/span><\/p>\n<ul>\n<li><span style=\"color: #000000;\">El uso recomendado de espuma de PU es entre 0,5% y 6,0% (basado en el contenido de poli\u00e9ter). La adici\u00f3n recomendada de prepol\u00edmero de poliuretano es de 0,1% a 1,0%, que se puede ajustar seg\u00fan los requisitos de la aplicaci\u00f3n. Si no se usa completamente de una vez, s\u00e9llelo de inmediato y gu\u00e1rdelo adecuadamente.<\/span><\/li>\n<li><span style=\"color: #000000;\">Cuando se aplica a adhesivos, la dosis recomendada es de 4500 PPM. Se deben agregar dosis espec\u00edficas seg\u00fan los requisitos del cliente.<\/span><\/li>\n<\/ul>\n<p><span style=\"color: #28a7de;\"><strong><b>Paquete<\/b><\/strong><strong><b>\u00a0<\/b><\/strong><\/span><\/p>\n<p><span style=\"color: #000000;\">25 KG\/tambor o 190 KG\/tambor.<\/span><\/p>\n<p><strong><b><span style=\"color: #28a7de;\">Duraci\u00f3n\u00a0<\/span><\/b><\/strong><\/p>\n<p><span style=\"color: #000000;\">12 meses a partir de la fecha de producci\u00f3n en embalaje original sin abrir.<\/span><\/p>\n<p><span style=\"color: #28a7de;\"><strong><b>Almacenamiento <\/b><\/strong><\/span><\/p>\n<p><span style=\"color: #000000;\">Almacenado en condiciones oscuras, secas y frescas, herm\u00e9ticamente cerrado. La exposici\u00f3n prolongada al aire puede provocar que el producto se eche a perder.<\/span><\/p>","protected":false},"excerpt":{"rendered":"<p>Protege los materiales del da\u00f1o oxidativo, alargando su vida \u00fatil.<\/p>","protected":false},"featured_media":0,"template":"","meta":{"site-sidebar-layout":"default","site-content-layout":"","ast-site-content-layout":"default","site-content-style":"default","site-sidebar-style":"default","ast-global-header-display":"","ast-banner-title-visibility":"","ast-main-header-display":"","ast-hfb-above-header-display":"","ast-hfb-below-header-display":"","ast-hfb-mobile-header-display":"","site-post-title":"","ast-breadcrumbs-content":"","ast-featured-img":"","footer-sml-layout":"","theme-transparent-header-meta":"default","adv-header-id-meta":"","stick-header-meta":"","header-above-stick-meta":"","header-main-stick-meta":"","header-below-stick-meta":"","astra-migrate-meta-layouts":"set","ast-page-background-enabled":"default","ast-page-background-meta":{"desktop":{"background-color":"","background-image":"","background-repeat":"repeat","background-position":"center center","background-size":"auto","background-attachment":"scroll","background-type":"","background-media":"","overlay-type":"","overlay-color":"","overlay-opacity":"","overlay-gradient":""},"tablet":{"background-color":"","background-image":"","background-repeat":"repeat","background-position":"center center","background-size":"auto","background-attachment":"scroll","background-type":"","background-media":"","overlay-type":"","overlay-color":"","overlay-opacity":"","overlay-gradient":""},"mobile":{"background-color":"","background-image":"","background-repeat":"repeat","background-position":"center center","background-size":"auto","background-attachment":"scroll","background-type":"","background-media":"","overlay-type":"","overlay-color":"","overlay-opacity":"","overlay-gradient":""}},"ast-content-background-meta":{"desktop":{"background-color":"var(--ast-global-color-5)","background-image":"","background-repeat":"repeat","background-position":"center center","background-size":"auto","background-attachment":"scroll","background-type":"","background-media":"","overlay-type":"","overlay-color":"","overlay-opacity":"","overlay-gradient":""},"tablet":{"background-color":"var(--ast-global-color-5)","background-image":"","background-repeat":"repeat","background-position":"center center","background-size":"auto","background-attachment":"scroll","background-type":"","background-media":"","overlay-type":"","overlay-color":"","overlay-opacity":"","overlay-gradient":""},"mobile":{"background-color":"var(--ast-global-color-5)","background-image":"","background-repeat":"repeat","background-position":"center center","background-size":"auto","background-attachment":"scroll","background-type":"","background-media":"","overlay-type":"","overlay-color":"","overlay-opacity":"","overlay-gradient":""}}},"product_brand":[],"product_cat":[18,19],"product_tag":[],"class_list":{"0":"post-3444","1":"product","2":"type-product","3":"status-publish","5":"product_cat-products","6":"product_cat-antioxidant-for-polyether-and-foam","7":"desktop-align-left","8":"tablet-align-left","9":"mobile-align-left","11":"first","12":"instock","13":"shipping-taxable","14":"product-type-simple"},"_links":{"self":[{"href":"https:\/\/chicchem.com\/es\/wp-json\/wp\/v2\/product\/3444","targetHints":{"allow":["GET"]}}],"collection":[{"href":"https:\/\/chicchem.com\/es\/wp-json\/wp\/v2\/product"}],"about":[{"href":"https:\/\/chicchem.com\/es\/wp-json\/wp\/v2\/types\/product"}],"wp:attachment":[{"href":"https:\/\/chicchem.com\/es\/wp-json\/wp\/v2\/media?parent=3444"}],"wp:term":[{"taxonomy":"product_brand","embeddable":true,"href":"https:\/\/chicchem.com\/es\/wp-json\/wp\/v2\/product_brand?post=3444"},{"taxonomy":"product_cat","embeddable":true,"href":"https:\/\/chicchem.com\/es\/wp-json\/wp\/v2\/product_cat?post=3444"},{"taxonomy":"product_tag","embeddable":true,"href":"https:\/\/chicchem.com\/es\/wp-json\/wp\/v2\/product_tag?post=3444"}],"curies":[{"name":"wp","href":"https:\/\/api.w.org\/{rel}","templated":true}]}}