{"id":3447,"date":"2024-06-21T05:01:55","date_gmt":"2024-06-21T05:01:55","guid":{"rendered":"https:\/\/chicchem.com\/?post_type=product&#038;p=3447"},"modified":"2024-08-07T09:17:38","modified_gmt":"2024-08-07T09:17:38","slug":"chicstab-ay165","status":"publish","type":"product","link":"https:\/\/chicchem.com\/es\/producto\/chicstab-ay165\/","title":{"rendered":"Chicstab AY165"},"content":{"rendered":"<p><span style=\"color: #28a7de;\"><strong><b>Descripci\u00f3n del Producto<\/b><\/strong><\/span><\/p>\n<p><span style=\"color: #000000;\">Chicstab AY165 es una mezcla l\u00edquida con viscosidad moderada. Este producto no contiene antioxidantes de amina y es adecuado para productos de poliuretano con altos requisitos de fotooxidaci\u00f3n t\u00e9rmica y fotooxidaci\u00f3n, como adhesivos, espumas para zapatos, espumas para sujetadores, espumas cosm\u00e9ticas, etc. Puede proporcionar una excelente estabilidad del color para las esponjas de espuma de poliuretano despu\u00e9s de altas temperaturas. -Prensado en caliente a temperatura, retrasa el amarillamiento de la espuma de poliuretano y mejora la resistencia a la intemperie del producto. Tiene buena compatibilidad con los sustratos y es resistente a la extracci\u00f3n.<\/span><\/p>\n<p><span style=\"color: #000000;\">Chicstab AY165 no contiene BHT ni nonilfenol, lo que cumple con los requisitos medioambientales.<\/span><\/p>\n<p><span style=\"color: #28a7de;\"><strong><b>Propiedades f\u00edsicas\u00a0<\/b><\/strong><\/span><\/p>\n<table>\n<tbody>\n<tr>\n<td style=\"background-color: #bce4f5;\" width=\"574\"><span style=\"color: #000000;\">Forma f\u00edsica\u00a0<\/span><\/td>\n<td width=\"680\"><span style=\"color: #000000;\">L\u00edquido incoloro a amarillo claro.<\/span><\/td>\n<\/tr>\n<tr>\n<td style=\"background-color: #bce4f5;\" width=\"574\"><span style=\"color: #000000;\">Viscosidad din\u00e1mica (25 \u2103) mPa.s<\/span><\/td>\n<td width=\"680\"><span style=\"color: #000000;\">450~850<\/span><\/td>\n<\/tr>\n<tr>\n<td style=\"background-color: #bce4f5;\" width=\"574\"><span style=\"color: #000000;\">\u00cdndice de refracci\u00f3n (25 \u2103)<\/span><\/td>\n<td width=\"680\"><span style=\"color: #000000;\">1.545~1.585<\/span><\/td>\n<\/tr>\n<\/tbody>\n<\/table>\n<p><span style=\"color: #28a7de;\"><strong><b>\u00a0<\/b><\/strong><strong><b>Caracter\u00edsticas y beneficios<\/b><\/strong><\/span><\/p>\n<p><span style=\"color: #000000;\">Este producto es un antioxidante l\u00edquido con excelente compatibilidad con sustratos, ofreciendo resistencia a la oxidaci\u00f3n a altas temperaturas, resistencia a la intemperie, facilidad de dispersi\u00f3n y bombeabilidad.<\/span><\/p>\n<p><span style=\"color: #000000;\">Cuando se utiliza en aplicaciones de espuma para sujetadores y zapatos, ofrece los siguientes resultados:<\/span><\/p>\n<ul>\n<li><span style=\"color: #000000;\">Amarillamiento por Fenol: Alcanza un grado de 4 a 4,5.<\/span><\/li>\n<li><span style=\"color: #000000;\">Resistencia al humo: puntuaciones entre 3 y 3,5.<\/span><\/li>\n<li><span style=\"color: #000000;\">Resistencia a los rayos UVA: Alcanza un grado de 3,5 a 4 en 24 horas.<\/span><\/li>\n<li><span style=\"color: #000000;\">Resistencia a los rayos UVB: var\u00eda de 3,0 a 3,5 durante 6 horas.<\/span><\/li>\n<\/ul>\n<p><span style=\"color: #28a7de;\"><strong><b>Gu\u00eda de uso<\/b><\/strong><\/span><\/p>\n<ul>\n<li><span style=\"color: #000000;\">El uso recomendado de espuma de PU es entre 0,5% y 6,0% (basado en el contenido de poli\u00e9ter). La adici\u00f3n recomendada de prepol\u00edmero de poliuretano es de 0,1% a 1,0%, que se puede ajustar seg\u00fan los requisitos de la aplicaci\u00f3n. Si no se usa completamente de una vez, s\u00e9llelo de inmediato y gu\u00e1rdelo adecuadamente.<\/span><\/li>\n<li><span style=\"color: #000000;\">Cuando se aplica a adhesivos, la dosis recomendada es 4500PPM. Se deben agregar dosis espec\u00edficas seg\u00fan los requisitos del cliente.<\/span><\/li>\n<\/ul>\n<p><span style=\"color: #28a7de;\"><strong><b>Paquete<\/b><\/strong><strong><b>\u00a0<\/b><\/strong><\/span><\/p>\n<p><span style=\"color: #000000;\">25 kg\/tambor o 190 kg\/tambor<\/span><\/p>\n<p><span style=\"color: #28a7de;\"><strong><b>S<\/b><\/strong><strong><b>vida \u00fatil<\/b><\/strong><\/span><\/p>\n<p><span style=\"color: #000000;\">12 meses a partir de la fecha de producci\u00f3n en embalaje original sin abrir.<\/span><\/p>\n<p><span style=\"color: #28a7de;\"><strong><b>Almacenamiento <\/b><\/strong><\/span><\/p>\n<p><span style=\"color: #000000;\">Almacenado en condiciones oscuras, secas y frescas, herm\u00e9ticamente cerrado. La exposici\u00f3n prolongada al aire puede provocar que el producto se eche a perder.<\/span><\/p>","protected":false},"excerpt":{"rendered":"<p>Protege los materiales del da\u00f1o oxidativo, alargando su vida \u00fatil.<\/p>","protected":false},"featured_media":0,"template":"","meta":{"site-sidebar-layout":"default","site-content-layout":"","ast-site-content-layout":"default","site-content-style":"default","site-sidebar-style":"default","ast-global-header-display":"","ast-banner-title-visibility":"","ast-main-header-display":"","ast-hfb-above-header-display":"","ast-hfb-below-header-display":"","ast-hfb-mobile-header-display":"","site-post-title":"","ast-breadcrumbs-content":"","ast-featured-img":"","footer-sml-layout":"","theme-transparent-header-meta":"default","adv-header-id-meta":"","stick-header-meta":"","header-above-stick-meta":"","header-main-stick-meta":"","header-below-stick-meta":"","astra-migrate-meta-layouts":"set","ast-page-background-enabled":"default","ast-page-background-meta":{"desktop":{"background-color":"","background-image":"","background-repeat":"repeat","background-position":"center center","background-size":"auto","background-attachment":"scroll","background-type":"","background-media":"","overlay-type":"","overlay-color":"","overlay-opacity":"","overlay-gradient":""},"tablet":{"background-color":"","background-image":"","background-repeat":"repeat","background-position":"center center","background-size":"auto","background-attachment":"scroll","background-type":"","background-media":"","overlay-type":"","overlay-color":"","overlay-opacity":"","overlay-gradient":""},"mobile":{"background-color":"","background-image":"","background-repeat":"repeat","background-position":"center center","background-size":"auto","background-attachment":"scroll","background-type":"","background-media":"","overlay-type":"","overlay-color":"","overlay-opacity":"","overlay-gradient":""}},"ast-content-background-meta":{"desktop":{"background-color":"var(--ast-global-color-5)","background-image":"","background-repeat":"repeat","background-position":"center center","background-size":"auto","background-attachment":"scroll","background-type":"","background-media":"","overlay-type":"","overlay-color":"","overlay-opacity":"","overlay-gradient":""},"tablet":{"background-color":"var(--ast-global-color-5)","background-image":"","background-repeat":"repeat","background-position":"center center","background-size":"auto","background-attachment":"scroll","background-type":"","background-media":"","overlay-type":"","overlay-color":"","overlay-opacity":"","overlay-gradient":""},"mobile":{"background-color":"var(--ast-global-color-5)","background-image":"","background-repeat":"repeat","background-position":"center center","background-size":"auto","background-attachment":"scroll","background-type":"","background-media":"","overlay-type":"","overlay-color":"","overlay-opacity":"","overlay-gradient":""}}},"product_brand":[],"product_cat":[18,19],"product_tag":[],"class_list":{"0":"post-3447","1":"product","2":"type-product","3":"status-publish","5":"product_cat-products","6":"product_cat-antioxidant-for-polyether-and-foam","7":"desktop-align-left","8":"tablet-align-left","9":"mobile-align-left","11":"first","12":"instock","13":"shipping-taxable","14":"product-type-simple"},"_links":{"self":[{"href":"https:\/\/chicchem.com\/es\/wp-json\/wp\/v2\/product\/3447","targetHints":{"allow":["GET"]}}],"collection":[{"href":"https:\/\/chicchem.com\/es\/wp-json\/wp\/v2\/product"}],"about":[{"href":"https:\/\/chicchem.com\/es\/wp-json\/wp\/v2\/types\/product"}],"wp:attachment":[{"href":"https:\/\/chicchem.com\/es\/wp-json\/wp\/v2\/media?parent=3447"}],"wp:term":[{"taxonomy":"product_brand","embeddable":true,"href":"https:\/\/chicchem.com\/es\/wp-json\/wp\/v2\/product_brand?post=3447"},{"taxonomy":"product_cat","embeddable":true,"href":"https:\/\/chicchem.com\/es\/wp-json\/wp\/v2\/product_cat?post=3447"},{"taxonomy":"product_tag","embeddable":true,"href":"https:\/\/chicchem.com\/es\/wp-json\/wp\/v2\/product_tag?post=3447"}],"curies":[{"name":"wp","href":"https:\/\/api.w.org\/{rel}","templated":true}]}}