{"id":3448,"date":"2024-06-21T05:03:20","date_gmt":"2024-06-21T05:03:20","guid":{"rendered":"https:\/\/chicchem.com\/?post_type=product&#038;p=3448"},"modified":"2024-08-07T09:18:17","modified_gmt":"2024-08-07T09:18:17","slug":"chicstab-ay156","status":"publish","type":"product","link":"https:\/\/chicchem.com\/es\/producto\/chicstab-ay156\/","title":{"rendered":"Chicstab AY156"},"content":{"rendered":"<p><span style=\"color: #28a7de;\"><strong><b>Descripci\u00f3n del Producto<\/b><\/strong><\/span><\/p>\n<p><span style=\"color: #000000;\">Chicstab AY156 es una mezcla l\u00edquida de viscosidad moderada, adecuada para su uso en productos de poliuretano que exigen alta resistencia a la oxidaci\u00f3n t\u00e9rmica y la fotooxidaci\u00f3n. Estas aplicaciones incluyen adhesivos, espuma para zapatos, espuma para lencer\u00eda y espuma para cosm\u00e9ticos, etc. Imparte una excelente solidez del color a la espuma de poliuretano despu\u00e9s del prensado en caliente a alta temperatura, lo que retrasa el amarillamiento y mejora la resistencia a la intemperie. Chicstab AY156 demuestra una buena compatibilidad con el sustrato y ofrece una fuerte resistencia a la extracci\u00f3n. Adem\u00e1s, no contiene BHT ni nonilfenol, lo que cumple con los requisitos de protecci\u00f3n medioambiental.<\/span><\/p>\n<p><span style=\"color: #28a7de;\"><strong><b>Propiedades f\u00edsicas\u00a0<\/b><\/strong><\/span><\/p>\n<table>\n<tbody>\n<tr>\n<td style=\"background-color: #bce4f5;\" width=\"574\"><span style=\"color: #000000;\">Forma f\u00edsica<\/span><\/td>\n<td width=\"680\"><span style=\"color: #000000;\">L\u00edquido incoloro a amarillo claro.<\/span><\/td>\n<\/tr>\n<tr>\n<td style=\"background-color: #bce4f5;\" width=\"574\"><span style=\"color: #000000;\">Viscosidad din\u00e1mica (25 \u2103) mPa.s<\/span><\/td>\n<td width=\"680\"><span style=\"color: #000000;\">\u2264550<\/span><\/td>\n<\/tr>\n<tr>\n<td style=\"background-color: #bce4f5;\" width=\"574\"><span style=\"color: #000000;\">\u00cdndice de refracci\u00f3n (25 \u2103)<\/span><\/td>\n<td width=\"680\"><span style=\"color: #000000;\">1.510~1.540<\/span><\/td>\n<\/tr>\n<\/tbody>\n<\/table>\n<p><span style=\"color: #28a7de;\"><strong><b>Caracter\u00edsticas y beneficios<\/b><\/strong><\/span><\/p>\n<p><span style=\"color: #000000;\">Es un antioxidante l\u00edquido, que tiene excelente compatibilidad con el sustrato, resistente a la oxidaci\u00f3n a altas temperaturas y a la intemperie, es f\u00e1cil de dispersar y bombear.<\/span><\/p>\n<p><span style=\"color: #28a7de;\"><strong><b>Pautas de uso<\/b><\/strong><\/span><\/p>\n<p><span style=\"color: #000000;\">Las dosis recomendadas var\u00edan seg\u00fan la aplicaci\u00f3n:<\/span><\/p>\n<ul>\n<li><span style=\"color: #000000;\">En espuma de PU (a base de poli\u00e9ter), el rango recomendado es de 0,5% a 5%.<\/span><\/li>\n<li><span style=\"color: #000000;\">En prepol\u00edmero de poliuretano, el rango recomendado es de 1% a 1,0%, con la opci\u00f3n de optimizaci\u00f3n basada en requisitos de aplicaci\u00f3n espec\u00edficos.<\/span><\/li>\n<li><span style=\"color: #000000;\">Para adhesivos, la dosis recomendada es 4500 PPM, con personalizaci\u00f3n disponible seg\u00fan sea necesario.<\/span><\/li>\n<\/ul>\n<p><span style=\"color: #000000;\">Para el almacenamiento, aseg\u00farese de un sellado adecuado y un almacenamiento oportuno si el producto no se puede utilizar todo a la vez.<\/span><\/p>\n<p><span style=\"color: #28a7de;\"><strong><b>Paquete<\/b><\/strong><\/span><\/p>\n<p><span style=\"color: #000000;\">25 kg\/tambor o 190 kg\/tambor<\/span><\/p>\n<p><span style=\"color: #28a7de;\"><strong><b>S<\/b><\/strong><strong><b>vida \u00fatil<\/b><\/strong><\/span><\/p>\n<p><span style=\"color: #000000;\">12 meses a partir de la fecha de producci\u00f3n en embalaje original sin abrir.<\/span><\/p>\n<p><span style=\"color: #28a7de;\"><strong><b>Almacenamiento<\/b><\/strong><\/span><\/p>\n<p><span style=\"color: #000000;\">Almacene en condiciones oscuras, secas, frescas y selladas para mantener su calidad.<\/span><\/p>\n<p><span style=\"color: #000000;\">Si el producto no se puede utilizar todo a la vez, s\u00e9llelo lo antes posible y gu\u00e1rdelo adecuadamente. La exposici\u00f3n prolongada a la luz y al aire puede provocar el deterioro del producto.<\/span><\/p>\n<p>&nbsp;<\/p>","protected":false},"excerpt":{"rendered":"<p>Protege los materiales del da\u00f1o oxidativo, alargando su vida \u00fatil.<\/p>","protected":false},"featured_media":0,"template":"","meta":{"site-sidebar-layout":"default","site-content-layout":"","ast-site-content-layout":"default","site-content-style":"default","site-sidebar-style":"default","ast-global-header-display":"","ast-banner-title-visibility":"","ast-main-header-display":"","ast-hfb-above-header-display":"","ast-hfb-below-header-display":"","ast-hfb-mobile-header-display":"","site-post-title":"","ast-breadcrumbs-content":"","ast-featured-img":"","footer-sml-layout":"","theme-transparent-header-meta":"default","adv-header-id-meta":"","stick-header-meta":"","header-above-stick-meta":"","header-main-stick-meta":"","header-below-stick-meta":"","astra-migrate-meta-layouts":"set","ast-page-background-enabled":"default","ast-page-background-meta":{"desktop":{"background-color":"","background-image":"","background-repeat":"repeat","background-position":"center center","background-size":"auto","background-attachment":"scroll","background-type":"","background-media":"","overlay-type":"","overlay-color":"","overlay-opacity":"","overlay-gradient":""},"tablet":{"background-color":"","background-image":"","background-repeat":"repeat","background-position":"center center","background-size":"auto","background-attachment":"scroll","background-type":"","background-media":"","overlay-type":"","overlay-color":"","overlay-opacity":"","overlay-gradient":""},"mobile":{"background-color":"","background-image":"","background-repeat":"repeat","background-position":"center center","background-size":"auto","background-attachment":"scroll","background-type":"","background-media":"","overlay-type":"","overlay-color":"","overlay-opacity":"","overlay-gradient":""}},"ast-content-background-meta":{"desktop":{"background-color":"var(--ast-global-color-5)","background-image":"","background-repeat":"repeat","background-position":"center center","background-size":"auto","background-attachment":"scroll","background-type":"","background-media":"","overlay-type":"","overlay-color":"","overlay-opacity":"","overlay-gradient":""},"tablet":{"background-color":"var(--ast-global-color-5)","background-image":"","background-repeat":"repeat","background-position":"center center","background-size":"auto","background-attachment":"scroll","background-type":"","background-media":"","overlay-type":"","overlay-color":"","overlay-opacity":"","overlay-gradient":""},"mobile":{"background-color":"var(--ast-global-color-5)","background-image":"","background-repeat":"repeat","background-position":"center center","background-size":"auto","background-attachment":"scroll","background-type":"","background-media":"","overlay-type":"","overlay-color":"","overlay-opacity":"","overlay-gradient":""}}},"product_brand":[],"product_cat":[18,19],"product_tag":[],"class_list":{"0":"post-3448","1":"product","2":"type-product","3":"status-publish","5":"product_cat-products","6":"product_cat-antioxidant-for-polyether-and-foam","7":"desktop-align-left","8":"tablet-align-left","9":"mobile-align-left","11":"first","12":"instock","13":"shipping-taxable","14":"product-type-simple"},"_links":{"self":[{"href":"https:\/\/chicchem.com\/es\/wp-json\/wp\/v2\/product\/3448","targetHints":{"allow":["GET"]}}],"collection":[{"href":"https:\/\/chicchem.com\/es\/wp-json\/wp\/v2\/product"}],"about":[{"href":"https:\/\/chicchem.com\/es\/wp-json\/wp\/v2\/types\/product"}],"wp:attachment":[{"href":"https:\/\/chicchem.com\/es\/wp-json\/wp\/v2\/media?parent=3448"}],"wp:term":[{"taxonomy":"product_brand","embeddable":true,"href":"https:\/\/chicchem.com\/es\/wp-json\/wp\/v2\/product_brand?post=3448"},{"taxonomy":"product_cat","embeddable":true,"href":"https:\/\/chicchem.com\/es\/wp-json\/wp\/v2\/product_cat?post=3448"},{"taxonomy":"product_tag","embeddable":true,"href":"https:\/\/chicchem.com\/es\/wp-json\/wp\/v2\/product_tag?post=3448"}],"curies":[{"name":"wp","href":"https:\/\/api.w.org\/{rel}","templated":true}]}}