{"id":3489,"date":"2024-07-08T03:00:27","date_gmt":"2024-07-08T03:00:27","guid":{"rendered":"https:\/\/chicchem.com\/?post_type=product&#038;p=3489"},"modified":"2024-07-31T06:04:43","modified_gmt":"2024-07-31T06:04:43","slug":"chicstab-1010-2","status":"publish","type":"product","link":"https:\/\/chicchem.com\/es\/producto\/chicstab-1010-2\/","title":{"rendered":"Chicstab 1010"},"content":{"rendered":"<p><span style=\"color: #28a7de;\"><strong><b>Descripci\u00f3n del Producto<\/b><\/strong><\/span><\/p>\n<p><span style=\"color: #000000;\">NO CAS.  6683-19-8<\/span><\/p>\n<p><span style=\"color: #000000;\">Chicstab 1010 es un antioxidante fen\u00f3lico impedido de alto peso molecular, adecuado para diversas aplicaciones en PE, PP, PU, poliformaldeh\u00eddo, ABS, PVA, caucho sint\u00e9tico y productos derivados del petr\u00f3leo. Cuando se combina con antioxidantes auxiliares como 168 y DLTP, exhibe un efecto sin\u00e9rgico, mejorando su rendimiento antioxidante. La dosis recomendada oscila entre 0,1% y 0,5%.<\/span><\/p>\n<p><span style=\"color: #28a7de;\"><strong><b>Propiedades f\u00edsicas\u00a0<\/b><\/strong><\/span><\/p>\n<table>\n<tbody>\n<tr>\n<td style=\"background-color: #bce4f5;\" colspan=\"2\" width=\"586\"><span style=\"color: #000000;\">Forma f\u00edsica<\/span><\/td>\n<td width=\"623\"><span style=\"color: #000000;\">Polvo de cristal blanco<\/span><\/td>\n<\/tr>\n<tr>\n<td style=\"background-color: #bce4f5;\" colspan=\"2\" width=\"586\"><span style=\"color: #000000;\">Contenido principal<\/span><\/td>\n<td width=\"623\"><span style=\"color: #000000;\">\u2265 94 \uff05<\/span><\/td>\n<\/tr>\n<tr>\n<td style=\"background-color: #bce4f5;\" colspan=\"2\" width=\"586\"><span style=\"color: #000000;\">Punto de fusion<\/span><\/td>\n<td width=\"623\"><span style=\"color: #000000;\">110~125\u2103<\/span><\/td>\n<\/tr>\n<tr>\n<td style=\"background-color: #bce4f5;\" colspan=\"2\" width=\"586\"><span style=\"color: #000000;\">Ceniza<\/span><\/td>\n<td width=\"623\"><span style=\"color: #000000;\">\u2264 0,1 \uff05<\/span><\/td>\n<\/tr>\n<tr>\n<td style=\"background-color: #bce4f5;\" colspan=\"2\" width=\"586\"><span style=\"color: #000000;\">Volatilizar<\/span><\/td>\n<td width=\"623\"><span style=\"color: #000000;\">\u2264 0,5 \uff05<\/span><\/td>\n<\/tr>\n<tr>\n<td style=\"background-color: #bce4f5;\" colspan=\"2\" width=\"586\"><span style=\"color: #000000;\">solubilidad<\/span><\/td>\n<td width=\"623\"><span style=\"color: #000000;\">Claro, transparencia<\/span><\/td>\n<\/tr>\n<tr>\n<td style=\"background-color: #bce4f5;\" rowspan=\"2\" width=\"284\"><span style=\"color: #000000;\">Transmitancia<\/span><\/td>\n<td style=\"background-color: #bce4f5;\" width=\"302\"><span style=\"color: #000000;\">425nm<\/span><\/td>\n<td width=\"623\"><span style=\"color: #000000;\">\u2265 96 \uff05<\/span><\/td>\n<\/tr>\n<tr>\n<td style=\"background-color: #bce4f5;\" width=\"302\"><span style=\"color: #000000;\">500nm<\/span><\/td>\n<td width=\"623\"><span style=\"color: #000000;\">\u2265 98 \uff05<\/span><\/td>\n<\/tr>\n<\/tbody>\n<\/table>\n<p><strong><b>\u00a0<\/b><\/strong><span style=\"color: #28a7de;\"><strong><b>Caracter\u00edsticas y beneficios<\/b><\/strong><\/span><\/p>\n<p><span style=\"color: #000000;\">Es soluble en benceno, acetona, cloroformo y disolventes similares, y ligeramente soluble en etanol. Es insoluble en agua, presenta buena resistencia a la extracci\u00f3n con agua caliente y tiene baja volatilidad.<\/span><\/p>\n<p><span style=\"color: #28a7de;\"><strong>Paquete<\/strong><strong>\u00a0<\/strong><\/span><\/p>\n<p><span style=\"color: #000000;\">Se envasa en bolsas compuestas de papel y pl\u00e1stico o en cajas de cart\u00f3n forradas con bolsas de pl\u00e1stico, cada una de las cuales contiene un peso neto de 25 kg.<\/span><\/p>\n<p><span style=\"color: #28a7de;\"><strong><b>Duraci\u00f3n<\/b><\/strong><\/span><\/p>\n<p><span style=\"color: #000000;\">24 meses desde la fecha de producci\u00f3n en embalaje original sin abrir.<\/span><\/p>\n<p><span style=\"color: #28a7de;\"><strong><b>Almacenamiento <\/b><\/strong><strong><b>y transporte<\/b><\/strong><\/span><\/p>\n<p><span style=\"color: #000000;\">Se debe almacenar en condiciones de oscuridad, seco y baja temperatura, manteniendo el envase herm\u00e9ticamente cerrado.  Despu\u00e9s de abrirlo, se recomienda mantenerlo herm\u00e9tico y utilizarlo lo antes posible. Preste atenci\u00f3n para evitar fugas durante el transporte y siga las buenas pr\u00e1cticas industriales. Manipular con cuidado para evitar la contaminaci\u00f3n ambiental.<\/span><\/p>","protected":false},"excerpt":{"rendered":"<p>Protege los materiales del da\u00f1o oxidativo, alargando su vida \u00fatil.<\/p>","protected":false},"featured_media":0,"template":"","meta":{"site-sidebar-layout":"default","site-content-layout":"","ast-site-content-layout":"default","site-content-style":"default","site-sidebar-style":"default","ast-global-header-display":"","ast-banner-title-visibility":"","ast-main-header-display":"","ast-hfb-above-header-display":"","ast-hfb-below-header-display":"","ast-hfb-mobile-header-display":"","site-post-title":"","ast-breadcrumbs-content":"","ast-featured-img":"","footer-sml-layout":"","theme-transparent-header-meta":"default","adv-header-id-meta":"","stick-header-meta":"","header-above-stick-meta":"","header-main-stick-meta":"","header-below-stick-meta":"","astra-migrate-meta-layouts":"set","ast-page-background-enabled":"default","ast-page-background-meta":{"desktop":{"background-color":"","background-image":"","background-repeat":"repeat","background-position":"center center","background-size":"auto","background-attachment":"scroll","background-type":"","background-media":"","overlay-type":"","overlay-color":"","overlay-opacity":"","overlay-gradient":""},"tablet":{"background-color":"","background-image":"","background-repeat":"repeat","background-position":"center center","background-size":"auto","background-attachment":"scroll","background-type":"","background-media":"","overlay-type":"","overlay-color":"","overlay-opacity":"","overlay-gradient":""},"mobile":{"background-color":"","background-image":"","background-repeat":"repeat","background-position":"center center","background-size":"auto","background-attachment":"scroll","background-type":"","background-media":"","overlay-type":"","overlay-color":"","overlay-opacity":"","overlay-gradient":""}},"ast-content-background-meta":{"desktop":{"background-color":"var(--ast-global-color-5)","background-image":"","background-repeat":"repeat","background-position":"center center","background-size":"auto","background-attachment":"scroll","background-type":"","background-media":"","overlay-type":"","overlay-color":"","overlay-opacity":"","overlay-gradient":""},"tablet":{"background-color":"var(--ast-global-color-5)","background-image":"","background-repeat":"repeat","background-position":"center center","background-size":"auto","background-attachment":"scroll","background-type":"","background-media":"","overlay-type":"","overlay-color":"","overlay-opacity":"","overlay-gradient":""},"mobile":{"background-color":"var(--ast-global-color-5)","background-image":"","background-repeat":"repeat","background-position":"center center","background-size":"auto","background-attachment":"scroll","background-type":"","background-media":"","overlay-type":"","overlay-color":"","overlay-opacity":"","overlay-gradient":""}}},"product_brand":[],"product_cat":[18,19],"product_tag":[],"class_list":{"0":"post-3489","1":"product","2":"type-product","3":"status-publish","5":"product_cat-products","6":"product_cat-antioxidant-for-polyether-and-foam","7":"desktop-align-left","8":"tablet-align-left","9":"mobile-align-left","11":"first","12":"instock","13":"shipping-taxable","14":"product-type-simple"},"_links":{"self":[{"href":"https:\/\/chicchem.com\/es\/wp-json\/wp\/v2\/product\/3489","targetHints":{"allow":["GET"]}}],"collection":[{"href":"https:\/\/chicchem.com\/es\/wp-json\/wp\/v2\/product"}],"about":[{"href":"https:\/\/chicchem.com\/es\/wp-json\/wp\/v2\/types\/product"}],"wp:attachment":[{"href":"https:\/\/chicchem.com\/es\/wp-json\/wp\/v2\/media?parent=3489"}],"wp:term":[{"taxonomy":"product_brand","embeddable":true,"href":"https:\/\/chicchem.com\/es\/wp-json\/wp\/v2\/product_brand?post=3489"},{"taxonomy":"product_cat","embeddable":true,"href":"https:\/\/chicchem.com\/es\/wp-json\/wp\/v2\/product_cat?post=3489"},{"taxonomy":"product_tag","embeddable":true,"href":"https:\/\/chicchem.com\/es\/wp-json\/wp\/v2\/product_tag?post=3489"}],"curies":[{"name":"wp","href":"https:\/\/api.w.org\/{rel}","templated":true}]}}