{"id":3585,"date":"2024-08-30T02:01:09","date_gmt":"2024-08-30T02:01:09","guid":{"rendered":"https:\/\/chicchem.com\/?post_type=product&#038;p=3585"},"modified":"2024-08-30T02:29:29","modified_gmt":"2024-08-30T02:29:29","slug":"chicstab-l-06","status":"publish","type":"product","link":"https:\/\/chicchem.com\/es\/producto\/chicstab-l-06\/","title":{"rendered":"Pastilla chicle L06"},"content":{"rendered":"<p><span style=\"color: #f2a516;\"><strong>Descripci\u00f3n del Producto<\/strong><\/span><\/p>\n<p>El antioxidante Chicstab L06 es una fenil-\u03b1-naftilamina octilada de alta pureza, que se caracteriza por su naturaleza libre de cenizas y su baja volatilidad. Presenta una formaci\u00f3n m\u00ednima de lodos y es altamente compatible con los aceites minerales. Debido a su baja volatilidad, Chicstab L06 proporciona una excelente resistencia a la oxidaci\u00f3n incluso a temperaturas elevadas. Es especialmente adecuado para su uso en lubricantes que funcionan en condiciones de alta temperatura, incluidos aceites para cadenas de alta temperatura, grasas sint\u00e9ticas, lubricantes de aviaci\u00f3n y grasas para cojinetes de alta temperatura.<\/p>\n<p>Tenga en cuenta: Los lubricantes que contienen Chicstab L06 pueden desarrollar un color marr\u00f3n rojizo al exponerse a la luz, pero esto no afecta su rendimiento.<\/p>\n<p>&nbsp;<\/p>\n<p><span style=\"color: #ff9900;\"><strong><b>Propiedades f\u00edsicas<\/b><\/strong><\/span><\/p>\n<table style=\"height: 30px; width: 99.0148%;\" cellspacing=\"10\">\n<tbody>\n<tr style=\"height: 5px;\">\n<td style=\"background-color: #ffecc9; height: 5px;\" colspan=\"2\" scope=\"row\" width=\"233\"><span style=\"color: #000000;\">Forma f\u00edsica<\/span><\/td>\n<td style=\"height: 5px;\" scope=\"row\" width=\"355\">polvo marr\u00f3n claro<\/td>\n<\/tr>\n<tr style=\"height: 5px;\">\n<td style=\"background-color: #ffecc9; height: 5px;\" colspan=\"2\" scope=\"row\" width=\"233\"><span style=\"color: #000000;\">Ensayo, % \u2265<\/span><\/td>\n<td style=\"height: 5px;\" scope=\"row\" width=\"355\">98.0<\/td>\n<\/tr>\n<tr style=\"height: 5px;\">\n<td style=\"background-color: #ffecc9; height: 5px;\" colspan=\"2\" scope=\"row\" width=\"233\"><span style=\"color: #000000;\">Punto de fusi\u00f3n, \u2103\u2265<\/span><\/td>\n<td style=\"height: 5px;\" scope=\"row\" width=\"355\">75<\/td>\n<\/tr>\n<tr style=\"height: 5px;\">\n<td style=\"background-color: #ffecc9; height: 5px;\" colspan=\"2\" scope=\"row\" width=\"233\"><span style=\"color: #000000;\">Punto de inflamaci\u00f3n (COC)\/\u00b0C &gt;<\/span><\/td>\n<td style=\"height: 5px;\" scope=\"row\" width=\"355\">180 p.m.<\/td>\n<\/tr>\n<tr style=\"height: 5px;\">\n<td style=\"background-color: #ffecc9; height: 5px;\" rowspan=\"3\" scope=\"row\" width=\"116\"><span style=\"color: #000000;\">\u00a0\u00a0\u00a0\u00a0\u00a0\u00a0\u00a0\u00a0\u00a0\u00a0Solubilidad<\/span><\/td>\n<td style=\"background-color: #ffecc9; height: 5px;\" scope=\"row\" width=\"116\"><span style=\"color: #000000;\">aceite mineral\/%<\/span><\/td>\n<td style=\"height: 5px;\" scope=\"row\" width=\"355\">\u22653<\/td>\n<\/tr>\n<tr style=\"height: 5px;\">\n<td style=\"background-color: #ffecc9; height: 5px;\" scope=\"row\" width=\"116\"><span style=\"color: #000000;\">\u00e9ster\/%<\/span><\/td>\n<td style=\"height: 5px;\" scope=\"row\" width=\"355\">\u22655<\/td>\n<\/tr>\n<tr style=\"height: 5px;\">\n<td style=\"background-color: #ffecc9; height: 5px;\" scope=\"row\" width=\"116\"><span style=\"color: #000000;\">agua\/%<\/span><\/td>\n<td style=\"height: 5px;\" scope=\"row\" width=\"355\">\u22640,01<\/td>\n<\/tr>\n<\/tbody>\n<\/table>\n<p><!--more--><\/p>\n<p><span style=\"color: #ff9900;\"><strong>Caracter\u00edsticas y beneficios<\/strong><\/span><\/p>\n<p>Este producto supera a la N-fenil-\u03b1-naftilamina debido a su menor volatilidad. No es t\u00f3xico, no es inflamable y no es corrosivo, y ofrece una excelente estabilidad de almacenamiento.<\/p>\n<p><span style=\"color: #ff9900;\"><strong><b>Gu\u00eda de uso <\/b><\/strong><\/span><\/p>\n<p>Dosis recomendada<\/p>\n<ul>\n<li>Lubricantes sint\u00e9ticos: 2-3%<\/li>\n<li>Lubricantes industriales: 0,2-1%<\/li>\n<li>Aceites de motor: 0,1-0,5%<\/li>\n<\/ul>\n<p><strong><b>\u00a0<\/b><\/strong><span style=\"color: #ff9900;\"><strong><b>Paquete<\/b><\/strong><\/span><\/p>\n<p>Bolsas de papel y pl\u00e1stico de 25 kg, bidones de cart\u00f3n de 25 kg forrados con bolsas de pl\u00e1stico.<\/p>\n<p><span style=\"color: #ff9900;\"><strong><b>Duraci\u00f3n<\/b><\/strong><\/span><\/p>\n<p>24 meses desde la fecha de producci\u00f3n en embalaje original sin abrir.<\/p>\n<p><strong><b>\u00a0<\/b><\/strong><span style=\"color: #ff9900;\"><strong><b>Almacenamiento<\/b><\/strong><\/span><\/p>\n<p>Almacenar en un ambiente oscuro, seco y fresco, manteniendo el recipiente herm\u00e9ticamente cerrado. Despu\u00e9s de abrir, selle el envase y utilice el producto inmediatamente.<\/p>","protected":false},"excerpt":{"rendered":"<p>Protege los materiales del da\u00f1o oxidativo, alargando su vida \u00fatil.<\/p>","protected":false},"featured_media":0,"template":"","meta":{"site-sidebar-layout":"default","site-content-layout":"","ast-site-content-layout":"default","site-content-style":"default","site-sidebar-style":"default","ast-global-header-display":"","ast-banner-title-visibility":"","ast-main-header-display":"","ast-hfb-above-header-display":"","ast-hfb-below-header-display":"","ast-hfb-mobile-header-display":"","site-post-title":"","ast-breadcrumbs-content":"","ast-featured-img":"","footer-sml-layout":"","theme-transparent-header-meta":"default","adv-header-id-meta":"","stick-header-meta":"","header-above-stick-meta":"","header-main-stick-meta":"","header-below-stick-meta":"","astra-migrate-meta-layouts":"set","ast-page-background-enabled":"default","ast-page-background-meta":{"desktop":{"background-color":"","background-image":"","background-repeat":"repeat","background-position":"center center","background-size":"auto","background-attachment":"scroll","background-type":"","background-media":"","overlay-type":"","overlay-color":"","overlay-opacity":"","overlay-gradient":""},"tablet":{"background-color":"","background-image":"","background-repeat":"repeat","background-position":"center center","background-size":"auto","background-attachment":"scroll","background-type":"","background-media":"","overlay-type":"","overlay-color":"","overlay-opacity":"","overlay-gradient":""},"mobile":{"background-color":"","background-image":"","background-repeat":"repeat","background-position":"center center","background-size":"auto","background-attachment":"scroll","background-type":"","background-media":"","overlay-type":"","overlay-color":"","overlay-opacity":"","overlay-gradient":""}},"ast-content-background-meta":{"desktop":{"background-color":"var(--ast-global-color-5)","background-image":"","background-repeat":"repeat","background-position":"center center","background-size":"auto","background-attachment":"scroll","background-type":"","background-media":"","overlay-type":"","overlay-color":"","overlay-opacity":"","overlay-gradient":""},"tablet":{"background-color":"var(--ast-global-color-5)","background-image":"","background-repeat":"repeat","background-position":"center center","background-size":"auto","background-attachment":"scroll","background-type":"","background-media":"","overlay-type":"","overlay-color":"","overlay-opacity":"","overlay-gradient":""},"mobile":{"background-color":"var(--ast-global-color-5)","background-image":"","background-repeat":"repeat","background-position":"center center","background-size":"auto","background-attachment":"scroll","background-type":"","background-media":"","overlay-type":"","overlay-color":"","overlay-opacity":"","overlay-gradient":""}}},"product_brand":[],"product_cat":[20],"product_tag":[],"class_list":{"0":"post-3585","1":"product","2":"type-product","3":"status-publish","5":"product_cat-antioxidant-for-lubricant","6":"desktop-align-left","7":"tablet-align-left","8":"mobile-align-left","10":"first","11":"instock","12":"shipping-taxable","13":"product-type-simple"},"_links":{"self":[{"href":"https:\/\/chicchem.com\/es\/wp-json\/wp\/v2\/product\/3585","targetHints":{"allow":["GET"]}}],"collection":[{"href":"https:\/\/chicchem.com\/es\/wp-json\/wp\/v2\/product"}],"about":[{"href":"https:\/\/chicchem.com\/es\/wp-json\/wp\/v2\/types\/product"}],"wp:attachment":[{"href":"https:\/\/chicchem.com\/es\/wp-json\/wp\/v2\/media?parent=3585"}],"wp:term":[{"taxonomy":"product_brand","embeddable":true,"href":"https:\/\/chicchem.com\/es\/wp-json\/wp\/v2\/product_brand?post=3585"},{"taxonomy":"product_cat","embeddable":true,"href":"https:\/\/chicchem.com\/es\/wp-json\/wp\/v2\/product_cat?post=3585"},{"taxonomy":"product_tag","embeddable":true,"href":"https:\/\/chicchem.com\/es\/wp-json\/wp\/v2\/product_tag?post=3585"}],"curies":[{"name":"wp","href":"https:\/\/api.w.org\/{rel}","templated":true}]}}