{"id":3675,"date":"2025-01-02T05:09:55","date_gmt":"2025-01-02T05:09:55","guid":{"rendered":"https:\/\/chicchem.com\/?post_type=product&#038;p=3675"},"modified":"2025-01-02T09:16:01","modified_gmt":"2025-01-02T09:16:01","slug":"chicstab-bht","status":"publish","type":"product","link":"https:\/\/chicchem.com\/es\/producto\/chicstab-bht\/","title":{"rendered":"CHICSTAB BHT"},"content":{"rendered":"<p><span style=\"color: #ffcc00;\"><strong><b>Descripci\u00f3n del Producto<\/b><\/strong><\/span><\/p>\n<p>Chicstab BHT es un antioxidante fen\u00f3lico tradicional conocido por su excelente resistencia al calor, estabilidad y falta de olor espec\u00edfico. A diferencia de otros antioxidantes, no reacciona con iones met\u00e1licos, evitando cambios de color indeseables. Este aditivo vers\u00e1til se utiliza ampliamente en aceites industriales por sus propiedades antioxidantes y antiadherentes.<\/p>\n<p>Previene eficazmente el aumento del valor \u00e1cido o la viscosidad en aceites lubricantes y combustibles, lo que lo convierte en una opci\u00f3n excepcional para diversos productos derivados del petr\u00f3leo. Chicstab BHT funciona de manera \u00f3ptima a una temperatura de trabajo de 100 \u2103. Cuando se combina con ZDDP y TCP alcalinos de cadena larga, mejora la desactivaci\u00f3n de metales y la prevenci\u00f3n de la oxidaci\u00f3n, lo que lo hace ideal para formular aceites hidr\u00e1ulicos antidesgaste y otros productos relacionados.<\/p>\n<p>&nbsp;<\/p>\n<p><span style=\"color: #ffcc00;\"><strong><b>F\u00edsico <\/b><\/strong><strong><b>pag<\/b><\/strong><strong><b>robert<\/b><\/strong><strong><b>es<\/b><\/strong><\/span><\/p>\n<table>\n<tbody>\n<tr style=\"height: 10px;\">\n<td style=\"background-color: #ffecc9;\" width=\"278\"><strong>Forma f\u00edsica<\/strong><\/td>\n<td width=\"326\">S\u00f3lidos o polvos cristalinos blancos<\/td>\n<\/tr>\n<tr style=\"height: 10px;\">\n<td style=\"background-color: #ffecc9;\" width=\"278\"><strong>Pureza, %, \u2265<\/strong><\/td>\n<td width=\"326\">99<\/td>\n<\/tr>\n<tr style=\"height: 10px;\">\n<td style=\"background-color: #ffecc9;\" width=\"278\"><strong>Punto de fusi\u00f3n inicial, \uff08\u2103\uff09<\/strong><\/td>\n<td width=\"326\">\u00a069.0-70.0<\/td>\n<\/tr>\n<tr style=\"height: 10px;\">\n<td style=\"background-color: #ffecc9;\" width=\"278\"><strong>Contenido de cresol libre (%), \u2264<\/strong><\/td>\n<td width=\"326\">0.015<\/td>\n<\/tr>\n<tr style=\"height: 10px;\">\n<td style=\"background-color: #ffecc9;\" width=\"278\"><strong>Contenido de cenizas (%), \u2264<\/strong><\/td>\n<td width=\"326\">0.01<\/td>\n<\/tr>\n<tr style=\"height: 10px;\">\n<td style=\"background-color: #ffecc9;\" width=\"278\"><strong>Punto de inflamaci\u00f3n (vaso cerrado, \u00b0C)<\/strong><\/td>\n<td width=\"326\">127<\/td>\n<\/tr>\n<\/tbody>\n<\/table>\n<p><strong><b>\u00a0<\/b><\/strong><\/p>\n<p><span style=\"color: #ffcc00;\"><strong><b>Caracter\u00edsticas y beneficios<\/b><\/strong><\/span><\/p>\n<p>Este producto no es corrosivo, presenta una excelente solubilidad en aceite y no provoca decoloraci\u00f3n. Puede agregarse directamente o introducirse como concentrado (licor madre) en las formulaciones. Con una excelente resistencia al calor y estabilidad, no tiene ning\u00fan olor espec\u00edfico y no produce reacciones de color con iones met\u00e1licos.<\/p>\n<p>&nbsp;<\/p>\n<p><span style=\"color: #ffcc00;\"><strong><b>Paquete<\/b><\/strong><\/span><\/p>\n<p>25 kg\/bolsa o 25 kg\/tambor<\/p>\n<p>&nbsp;<\/p>\n<p><span style=\"color: #ffcc00;\"><strong><b>Duraci\u00f3n<\/b><\/strong><\/span><\/p>\n<p>24 meses desde la fecha de producci\u00f3n en embalaje original sin abrir.<\/p>\n<p>&nbsp;<\/p>\n<p><span style=\"color: #ffcc00;\"><strong><b>Almacenamiento y transporte<\/b><\/strong><\/span><\/p>\n<p>Conservar en un lugar fresco y bien ventilado. Mantener el envase herm\u00e9tico y utilizar el producto inmediatamente despu\u00e9s de abrirlo. Asegurarse de que no haya fugas durante el transporte. Seguir las pr\u00e1cticas de manipulaci\u00f3n industrial adecuadas, manipular con cuidado y evitar la contaminaci\u00f3n ambiental.<\/p>","protected":false},"excerpt":{"rendered":"<p>Protege los materiales del da\u00f1o oxidativo, alargando su vida \u00fatil.<\/p>","protected":false},"featured_media":0,"template":"","meta":{"site-sidebar-layout":"default","site-content-layout":"","ast-site-content-layout":"default","site-content-style":"default","site-sidebar-style":"default","ast-global-header-display":"","ast-banner-title-visibility":"","ast-main-header-display":"","ast-hfb-above-header-display":"","ast-hfb-below-header-display":"","ast-hfb-mobile-header-display":"","site-post-title":"","ast-breadcrumbs-content":"","ast-featured-img":"","footer-sml-layout":"","theme-transparent-header-meta":"default","adv-header-id-meta":"","stick-header-meta":"","header-above-stick-meta":"","header-main-stick-meta":"","header-below-stick-meta":"","astra-migrate-meta-layouts":"set","ast-page-background-enabled":"default","ast-page-background-meta":{"desktop":{"background-color":"","background-image":"","background-repeat":"repeat","background-position":"center center","background-size":"auto","background-attachment":"scroll","background-type":"","background-media":"","overlay-type":"","overlay-color":"","overlay-opacity":"","overlay-gradient":""},"tablet":{"background-color":"","background-image":"","background-repeat":"repeat","background-position":"center center","background-size":"auto","background-attachment":"scroll","background-type":"","background-media":"","overlay-type":"","overlay-color":"","overlay-opacity":"","overlay-gradient":""},"mobile":{"background-color":"","background-image":"","background-repeat":"repeat","background-position":"center center","background-size":"auto","background-attachment":"scroll","background-type":"","background-media":"","overlay-type":"","overlay-color":"","overlay-opacity":"","overlay-gradient":""}},"ast-content-background-meta":{"desktop":{"background-color":"var(--ast-global-color-5)","background-image":"","background-repeat":"repeat","background-position":"center center","background-size":"auto","background-attachment":"scroll","background-type":"","background-media":"","overlay-type":"","overlay-color":"","overlay-opacity":"","overlay-gradient":""},"tablet":{"background-color":"var(--ast-global-color-5)","background-image":"","background-repeat":"repeat","background-position":"center center","background-size":"auto","background-attachment":"scroll","background-type":"","background-media":"","overlay-type":"","overlay-color":"","overlay-opacity":"","overlay-gradient":""},"mobile":{"background-color":"var(--ast-global-color-5)","background-image":"","background-repeat":"repeat","background-position":"center center","background-size":"auto","background-attachment":"scroll","background-type":"","background-media":"","overlay-type":"","overlay-color":"","overlay-opacity":"","overlay-gradient":""}}},"product_brand":[],"product_cat":[18,20],"product_tag":[],"class_list":{"0":"post-3675","1":"product","2":"type-product","3":"status-publish","5":"product_cat-products","6":"product_cat-antioxidant-for-lubricant","7":"desktop-align-left","8":"tablet-align-left","9":"mobile-align-left","11":"first","12":"instock","13":"shipping-taxable","14":"product-type-simple"},"_links":{"self":[{"href":"https:\/\/chicchem.com\/es\/wp-json\/wp\/v2\/product\/3675","targetHints":{"allow":["GET"]}}],"collection":[{"href":"https:\/\/chicchem.com\/es\/wp-json\/wp\/v2\/product"}],"about":[{"href":"https:\/\/chicchem.com\/es\/wp-json\/wp\/v2\/types\/product"}],"wp:attachment":[{"href":"https:\/\/chicchem.com\/es\/wp-json\/wp\/v2\/media?parent=3675"}],"wp:term":[{"taxonomy":"product_brand","embeddable":true,"href":"https:\/\/chicchem.com\/es\/wp-json\/wp\/v2\/product_brand?post=3675"},{"taxonomy":"product_cat","embeddable":true,"href":"https:\/\/chicchem.com\/es\/wp-json\/wp\/v2\/product_cat?post=3675"},{"taxonomy":"product_tag","embeddable":true,"href":"https:\/\/chicchem.com\/es\/wp-json\/wp\/v2\/product_tag?post=3675"}],"curies":[{"name":"wp","href":"https:\/\/api.w.org\/{rel}","templated":true}]}}